{"id":3342,"date":"2015-11-26T09:09:22","date_gmt":"2015-11-26T08:09:22","guid":{"rendered":"http:\/\/tsvschott.de\/american-football\/?page_id=3342"},"modified":"2023-01-06T09:59:06","modified_gmt":"2023-01-06T08:59:06","slug":"eagles","status":"publish","type":"page","link":"https:\/\/tsvschott.de\/american-football\/infos\/eagles\/","title":{"rendered":"Die Golden Eagles stellen sich vor"},"content":{"rendered":"<div class=\"wpb-content-wrapper\"><p>[vc_row][vc_column][vc_empty_space][vc_column_text]Die Mainz Golden Eagles sind eine Abteilung des <a href=\"http:\/\/www.tsvschott.de\/\" target=\"_blank\" rel=\"noopener noreferrer\">TSV Schott Mainz e.V.<\/a> Seit 1982 bieten wir Football in der Rheinland-pf\u00e4lzischen Landeshauptstadt an. Die bisherige Geschichte der Eagles ist von einigen H\u00f6hen und Tiefen gezeichnet.\u00a0Neben den beiden Erwachsenen-Teams (Herren und Damen), legen wir vor allem Wert auf die\u00a0Jugendarbeit. Daher bieten wir zudem auch im Flag-Bereich ein u13 Team an, sowie im Tackle-Football ein u16 und u19 Team. Unsere Teams konnten schon mehrere Meisterschaften erringen und sollen langfristig den Sport in Rheinhessen weiter etablieren, sowie hervorragend ausgebildete Spieler f\u00fcr Damen und Herren stellen.<\/p>\n<p>\u00dcbergeordnetes Ziel ist dem Footballsport, der seit \u00fcber 30 Jahren in Mainz beheimatet ist, auch in Zukunft zu erhalten und sukzessive die Rahmenbedingungen zu professionalisieren.[\/vc_column_text][vc_column_text][\/vc_column_text][\/vc_column][\/vc_row][vc_row][vc_column width=&#8220;2\/3&#8243;][vc_column_text]<\/p>\n<h2>Kurzinfos<\/h2>\n<p>\n<table id=\"tablepress-SidelineVorstellung\" class=\"tablepress tablepress-id-SidelineVorstellung\">\n<tbody class=\"row-striping row-hover\">\n<tr class=\"row-1\">\n\t<td class=\"column-1\">Name<\/td><td class=\"column-2\">TSV SCHOTT Mainz Golden Eagles<\/td>\n<\/tr>\n<tr class=\"row-2\">\n\t<td class=\"column-1\">Sportart<\/td><td class=\"column-2\">American Football<\/td>\n<\/tr>\n<tr class=\"row-3\">\n\t<td class=\"column-1\">Gr\u00fcndung<\/td><td class=\"column-2\">1982<\/td>\n<\/tr>\n<tr class=\"row-4\">\n\t<td class=\"column-1\">Gr\u00f6\u00dfte Erfolge<\/td><td class=\"column-2\">- GFL-Playoffs 1987 (Seniors)<br \/>\n- Deutscher Vizemeister 2016, 2017 (Damen)<br \/>\n- GFL-J 2017 Playoffs\/Viertelfinale (U19)<br \/>\n- Vizemeister Jugendoberliga 2017 (U16)<br \/>\n- Perfect Season U13 Flag Liga Winter<\/td>\n<\/tr>\n<tr class=\"row-5\">\n\t<td class=\"column-1\">Mitglieder<\/td><td class=\"column-2\">157 (nur Abteilung Football)<\/td>\n<\/tr>\n<tr class=\"row-6\">\n\t<td class=\"column-1\">Anschrift<\/td><td class=\"column-2\">Karlsbader Stra\u00dfe 23<br \/>\n55122 Mainz<\/td>\n<\/tr>\n<tr class=\"row-7\">\n\t<td class=\"column-1\">Stadion<\/td><td class=\"column-2\"><a href=\"http:\/\/tsvschott.de\/american-football\/infos\/field\/\">BSA Mombach<\/a><\/td>\n<\/tr>\n<\/tbody>\n<\/table>\n<!-- #tablepress-SidelineVorstellung from cache -->[\/vc_column_text][vc_column_text]<\/p>\n<h2>Geschichte<\/h2>\n<p>\n<table id=\"tablepress-SidelineHistory\" class=\"tablepress tablepress-id-SidelineHistory\">\n<thead>\n<tr class=\"row-1\">\n\t<th class=\"column-1\">Jahr<\/th><th class=\"column-2\">Ereignis<\/th>\n<\/tr>\n<\/thead>\n<tbody class=\"row-striping row-hover\">\n<tr class=\"row-2\">\n\t<td class=\"column-1\">1982<\/td><td class=\"column-2\">Gr\u00fcndung der Mainz Golden Eagles<br \/>\nEingliederung in den USC Mainz<\/td>\n<\/tr>\n<tr class=\"row-3\">\n\t<td class=\"column-1\">1983<\/td><td class=\"column-2\">erste Ligateilnahme<br \/>\nStart in der 2. Bundesliga Mitte<\/td>\n<\/tr>\n<tr class=\"row-4\">\n\t<td class=\"column-1\">1984<\/td><td class=\"column-2\">Aufstieg in die erste Liga<br \/>\nund h\u00f6chster Sieg der Vereinsgeschichte: 117:0 gegen Dieburg auch dank 7 TD von Sam Tonga<\/td>\n<\/tr>\n<tr class=\"row-5\">\n\t<td class=\"column-1\">1986<\/td><td class=\"column-2\">Bildung der Jugendmannschaft<br \/>\nmit sp\u00e4teren Leistungstr\u00e4ger der Seniors wie Markus Kieber, Bernd G\u00fcnther und Thomas Neger<\/td>\n<\/tr>\n<tr class=\"row-6\">\n\t<td class=\"column-1\">1987<\/td><td class=\"column-2\"><strong>5 Jahre MGE<\/strong><br \/>\nbis dato gr\u00f6\u00dfter Vereinserfolg<br \/>\ndie Eagles erreichen die Play-offs um die Deutsche Meisterschaft, scheitern dann aber mit 6:28 an den Ansbach Grizzlies in der Wildcard-Runde<\/td>\n<\/tr>\n<tr class=\"row-7\">\n\t<td class=\"column-1\">1990<\/td><td class=\"column-2\">Abstieg aus der 1. Liga<\/td>\n<\/tr>\n<tr class=\"row-8\">\n\t<td class=\"column-1\">1991<\/td><td class=\"column-2\">Neubeginn in der 4. Liga<\/td>\n<\/tr>\n<tr class=\"row-9\">\n\t<td class=\"column-1\">1992<\/td><td class=\"column-2\"><strong>10 Jahre MGE<\/strong><\/td>\n<\/tr>\n<tr class=\"row-10\">\n\t<td class=\"column-1\">2001<\/td><td class=\"column-2\">Aufstieg in die 2. Liga, Eingliederung in den TSV Schott Mainz<\/td>\n<\/tr>\n<tr class=\"row-11\">\n\t<td class=\"column-1\">2002<\/td><td class=\"column-2\"><strong>15 Jahre MGE<\/strong><\/td>\n<\/tr>\n<tr class=\"row-12\">\n\t<td class=\"column-1\">2004<\/td><td class=\"column-2\">Nach den Absteig aus der 2. Liga entscheidet man sich f\u00fcr einen Neuanfang. Es folgt ein Jahr ohne Spielteilnahme.<\/td>\n<\/tr>\n<tr class=\"row-13\">\n\t<td class=\"column-1\">2007<\/td><td class=\"column-2\"><strong>25 Jahre MGE<\/strong>, die Festlichkeiten werden durch den Aufstieg der Seniors in die Regionalliga verst\u00e4rkt<\/td>\n<\/tr>\n<tr class=\"row-14\">\n\t<td class=\"column-1\">2009<\/td><td class=\"column-2\">- Ladies starten in ihre erste Saison und werden Meister 2. DBL<\/td>\n<\/tr>\n<tr class=\"row-15\">\n\t<td class=\"column-1\">2010<\/td><td class=\"column-2\">- Jugend steigt in die erste Liga auf<br \/>\n- trotz sportlichem Klassenerhalt entscheidet man sich 2013 zum R\u00fcckzug in die Jugendregionalliga<br \/>\n- Ladies werden Vizemeister der 2. DBL<\/td>\n<\/tr>\n<tr class=\"row-16\">\n\t<td class=\"column-1\">2011<\/td><td class=\"column-2\">Damen werden Meister der 2. DBL und steigen in 1. DBL auf<\/td>\n<\/tr>\n<tr class=\"row-17\">\n\t<td class=\"column-1\">2012<\/td><td class=\"column-2\"><strong>30 Jahre MGE<\/strong><\/td>\n<\/tr>\n<tr class=\"row-18\">\n\t<td class=\"column-1\">2013<\/td><td class=\"column-2\">Ladies steigen in 2. DBL ab<\/td>\n<\/tr>\n<tr class=\"row-19\">\n\t<td class=\"column-1\">2015<\/td><td class=\"column-2\">Starke Saison der Eagles: <br \/>\n- Seniors, Ladies und U19 steigen auf, <br \/>\n- U17 ebenso wie Seniors und Ladies mit Perfect Season, <br \/>\n- Flag U15 wird Hessenmeister<br \/>\n- Seniors und Ladies werden als Teams des Jahres 2015 der TSV Schott ausgezeichnet<br \/>\n- Sieben Eagles Ladies gewinnen mit der deutschen Football Nationalmannschaft in Spanien bei der EM Bronze<br \/>\n- zwei Eagles Ladies gewinnen mit der deutschen Flagfootball Nationalmannschaft in Spanien bei der EM Bronze<\/td>\n<\/tr>\n<tr class=\"row-20\">\n\t<td class=\"column-1\">2016<\/td><td class=\"column-2\">- Ladies starten in der 1. DBL und werden Deutscher Vizemeister (28:36 gegen die Berlin Kobras im Finale), <br \/>\n- U17 startet das letzte Mal und wird erneut Meister, <br \/>\n- U19 startet in der GFL-J<br \/>\n- Seniors starten in der Regionalliga<\/td>\n<\/tr>\n<tr class=\"row-21\">\n\t<td class=\"column-1\">2017<\/td><td class=\"column-2\"><strong>35 Jahre MGE<\/strong><br \/>\n- U16 startet in die Jugendoberliga und wird Vizemeister,<br \/>\n- U19 wird Gruppenzweiter der GFL Junior Mitte und verliert knapp (35:31) im Viertelfinale gegen die Schw\u00e4bisch Hall Unicorns,<br \/>\n- der Ladiesbowl wird erstmals in Mainz ausgetragen,<br \/>\n- Ladies verlieren das Finale knapp (26:32) gegen die Berlin Kobra Ladies (beide Teams gingen als Gruppenzweite in das Halbfinale) und verteidigen den deutschen Vizemeister-Titel,<br \/>\n- Seniors werden mit einem Verh\u00e4ltnis von 12:8 Gruppendritte in der Regionalliga Mitte<br \/>\n- zwei Eagles Ladies gewinnen mit der deutschen Flagfootball Nationalmannschaft in Spanien bei der EM Silber<br \/>\n- zwei Eagles U19 Spieler bestreiten mit der RLP\/Saar Auswahl \"Maddogs\" in Solingen das Jugendl\u00e4nder-Turnier (A-Turnier)<\/td>\n<\/tr>\n<tr class=\"row-22\">\n\t<td class=\"column-1\">2018<\/td><td class=\"column-2\">- U13-Flag startet Anfang des Jahres in die Flagliga Mitte Winter und beendet die Saison mit einer Perfect Season<br \/>\n- Seniors starten in der Regionalliga Mitte und werden Vizemeister<br \/>\n- Ladies starten in der 1. Damenbundesliga S\u00fcd und m\u00fcssen sich aus dem Ligabetrieb zur\u00fcckziehen<br \/>\n- U19 startet in der GFL-J Mitte<br \/>\n- U16 startet in der Jugendoberliga<br \/>\n- U17 startet im Herbst an drei Rheinland-Pfalz internen Turnier-Tagen<\/td>\n<\/tr>\n<\/tbody>\n<\/table>\n<!-- #tablepress-SidelineHistory from cache -->[\/vc_column_text][\/vc_column][vc_column width=&#8220;1\/3&#8243;][vc_single_image image=&#8220;3517&#8243; img_size=&#8220;medium&#8220; add_caption=&#8220;yes&#8220; title=&#8220;MGE Logo seit 2015&#8243;][vc_single_image image=&#8220;3355&#8243; img_size=&#8220;full&#8220; add_caption=&#8220;yes&#8220; title=&#8220;Seniors 1982&#8243;][vc_single_image image=&#8220;3356&#8243; img_size=&#8220;full&#8220; add_caption=&#8220;yes&#8220; title=&#8220;Juniors 1986&#8243;][vc_single_image image=&#8220;4955&#8243; img_size=&#8220;full&#8220; add_caption=&#8220;yes&#8220; title=&#8220;Ladies 2009&#8243;][\/vc_column][\/vc_row]<\/p>\n<\/div>","protected":false},"excerpt":{"rendered":"<p>[vc_row][vc_column][vc_empty_space][vc_column_text]Die Mainz Golden Eagles sind eine Abteilung des TSV Schott Mainz e.V. Seit 1982 bieten wir Football in der Rheinland-pf\u00e4lzischen Landeshauptstadt an. Die bisherige Geschichte der Eagles ist von einigen H\u00f6hen und Tiefen gezeichnet.\u00a0Neben den beiden Erwachsenen-Teams (Herren und Damen), legen wir vor allem Wert auf die\u00a0Jugendarbeit. Daher bieten wir zudem auch im Flag-Bereich ein [&hellip;]<\/p>\n","protected":false},"author":14,"featured_media":0,"parent":2178,"menu_order":4,"comment_status":"closed","ping_status":"closed","template":"","meta":{"footnotes":""},"class_list":["post-3342","page","type-page","status-publish","hentry"],"_links":{"self":[{"href":"https:\/\/tsvschott.de\/american-football\/wp-json\/wp\/v2\/pages\/3342","targetHints":{"allow":["GET"]}}],"collection":[{"href":"https:\/\/tsvschott.de\/american-football\/wp-json\/wp\/v2\/pages"}],"about":[{"href":"https:\/\/tsvschott.de\/american-football\/wp-json\/wp\/v2\/types\/page"}],"author":[{"embeddable":true,"href":"https:\/\/tsvschott.de\/american-football\/wp-json\/wp\/v2\/users\/14"}],"replies":[{"embeddable":true,"href":"https:\/\/tsvschott.de\/american-football\/wp-json\/wp\/v2\/comments?post=3342"}],"version-history":[{"count":11,"href":"https:\/\/tsvschott.de\/american-football\/wp-json\/wp\/v2\/pages\/3342\/revisions"}],"predecessor-version":[{"id":7324,"href":"https:\/\/tsvschott.de\/american-football\/wp-json\/wp\/v2\/pages\/3342\/revisions\/7324"}],"up":[{"embeddable":true,"href":"https:\/\/tsvschott.de\/american-football\/wp-json\/wp\/v2\/pages\/2178"}],"wp:attachment":[{"href":"https:\/\/tsvschott.de\/american-football\/wp-json\/wp\/v2\/media?parent=3342"}],"curies":[{"name":"wp","href":"https:\/\/api.w.org\/{rel}","templated":true}]}}