{"id":3507,"date":"2015-12-08T11:12:36","date_gmt":"2015-12-08T10:12:36","guid":{"rendered":"http:\/\/tsvschott.de\/american-football\/?page_id=3507"},"modified":"2023-01-26T20:58:07","modified_gmt":"2023-01-26T19:58:07","slug":"sponsoren","status":"publish","type":"page","link":"https:\/\/tsvschott.de\/american-football\/sponsoren\/","title":{"rendered":"Sponsoren"},"content":{"rendered":"<div class=\"wpb-content-wrapper\"><p>[vc_row][vc_column width=&#8220;2\/3&#8243;][vc_column_text]<\/p>\n<h3>American Football ist nicht nur zeit- sondern auch sehr materialintensiv. Um so mehr sind wir f\u00fcr jeden Betrag dankbar, der uns den Betrieb unseres geliebten Sportes realisieren l\u00e4sst. Daher m\u00f6chten wir folgenden Sponsoren und Unterst\u00fctzern ganz besonders herzlich danken:<\/h3>\n<p>[\/vc_column_text][vc_tta_accordion active_section=&#8220;1&#8243;][vc_tta_section title=&#8220;Hauptsponsor&#8220; tab_id=&#8220;1449569014969-ed11a106-15cc&#8220;][vc_single_image image=&#8220;3508&#8243; img_size=&#8220;full&#8220;][vc_column_text]Unser Hauptsponsor ist als &#8222;Werksverein&#8220; nat\u00fcrlich die namensgebende Schott AG, die auch alleiniger Trikotsponsor ist.[\/vc_column_text][\/vc_tta_section][vc_tta_section title=&#8220;Kooperationen&#8220; tab_id=&#8220;1601358712872-690d632f-130b&#8220;][vc_column_text]<\/p>\n<h2>Aktiv und Gesund<\/h2>\n<p><img loading=\"lazy\" decoding=\"async\" class=\"alignleft size-medium wp-image-7571\" src=\"https:\/\/tsvschott.de\/american-football\/wp-content\/uploads\/sites\/11\/2020\/09\/ag_bild-382x255.jpg\" alt=\"\" width=\"382\" height=\"255\" srcset=\"https:\/\/tsvschott.de\/american-football\/wp-content\/uploads\/sites\/11\/2020\/09\/ag_bild-382x255.jpg 382w, https:\/\/tsvschott.de\/american-football\/wp-content\/uploads\/sites\/11\/2020\/09\/ag_bild-798x532.jpg 798w, https:\/\/tsvschott.de\/american-football\/wp-content\/uploads\/sites\/11\/2020\/09\/ag_bild-768x512.jpg 768w, https:\/\/tsvschott.de\/american-football\/wp-content\/uploads\/sites\/11\/2020\/09\/ag_bild-1536x1024.jpg 1536w, https:\/\/tsvschott.de\/american-football\/wp-content\/uploads\/sites\/11\/2020\/09\/ag_bild.jpg 2048w\" sizes=\"auto, (max-width: 382px) 100vw, 382px\" \/> Unsere Partner Fitnessstudios Aktiv&amp;Gesund in Mainz, Budenheim , Ingelheim , Hochheim \u00a0 und Riedstadt .<\/p>\n<p><a href=\"https:\/\/fitness-bei-freunden.de\/\">https:\/\/fitness-bei-freunden.de<\/a><\/p>\n<p>Unsere Partner f\u00fcr medizinische Nachversorgung Aktiv&amp;Gesund Healthcare in Mainz, Budenheim , Ingelheim , Hochheim und Riedstadt<\/p>\n<p><a href=\"https:\/\/aktiv-gesund-healthcare.de\/\">https:\/\/aktiv-gesund-healthcare.de<\/a>[\/vc_column_text][\/vc_tta_section][vc_tta_section title=&#8220;Sponsorenpool&#8220; tab_id=&#8220;1449569526018-27f94fa5-61e5&#8243;][vc_column_text]<\/p>\n<h3 class=\"small_title\"><strong>Foto Seidl<\/strong><\/h3>\n<div class=\"small_title\"><strong><a href=\"http:\/\/www.foto-seidl.de\/\"><img loading=\"lazy\" decoding=\"async\" class=\"alignleft wp-image-4176 size-medium\" src=\"https:\/\/tsvschott.de\/american-football\/wp-content\/uploads\/sites\/11\/2015\/12\/Seidl-264x382.jpg\" alt=\"Seidl\" width=\"264\" height=\"382\" srcset=\"https:\/\/tsvschott.de\/american-football\/wp-content\/uploads\/sites\/11\/2015\/12\/Seidl-264x382.jpg 264w, https:\/\/tsvschott.de\/american-football\/wp-content\/uploads\/sites\/11\/2015\/12\/Seidl-768x1109.jpg 768w, https:\/\/tsvschott.de\/american-football\/wp-content\/uploads\/sites\/11\/2015\/12\/Seidl-552x798.jpg 552w, https:\/\/tsvschott.de\/american-football\/wp-content\/uploads\/sites\/11\/2015\/12\/Seidl.jpg 1800w\" sizes=\"auto, (max-width: 264px) 100vw, 264px\" \/><\/a><\/strong>Bei Fast jedem Spiel findet ihr das Team von Foto-Seidl an unserer Sideline.<\/div>\n<div class=\"small_title\"><\/div>\n<div class=\"small_title\">\n<p>Wir sind spezialisiert auf Portraitaufnahmen jeglicher Art, ob im Studio oder draussen.<\/p>\n<p>Wir haben eine 12 j\u00e4hrige Erfahrung im Portraitbereich und nehmen uns f\u00fcr einzelnen Kunden, ob gross oder klein, die Zeit, welche ben\u00f6tigt wird, um das sch\u00f6nste Foto anzufertigen .<br \/>\nAuch Tiere sind bei uns herzlich willkommen.<\/p>\n<p>Deweiteren haben wir immer eine grosse Auswahl an Rahmen, fertigen Ihnen Passbilder jeglicher Art an und haben einen grossen Bereich an speziellen Produkten f\u00fcr die analoge und digitale Fotografie. Am besten Sie schauen mal unter &#8222;Unser Service&#8220; in der linken Buttonreihe nach, Sie finden bestimmt das Richtige f\u00fcr Ihre W\u00fcnsche, ansonsten d\u00fcrfen Sie uns auch gerne Kontaktieren oder einfach einmal reinschauen.<\/p>\n<p>&nbsp;<\/p>\n<\/div>\n<div class=\"small_title\">Internt:\u00a0<a href=\"http:\/\/www.foto-seidl.de\">http:\/\/www.foto-seidl.de<\/a>\/<\/div>\n<p>[\/vc_column_text][\/vc_tta_section][\/vc_tta_accordion][\/vc_column][vc_column width=&#8220;1\/3&#8243;][vc_message]<\/p>\n<div class=\"wpb_text_column wpb_content_element \">\n<div class=\"wpb_wrapper\">\n<h2>Sie haben Fragen zum Sponsoring?<\/h2>\n<\/div>\n<\/div>\n<div class=\"wpb_text_column wpb_content_element \">\n<div class=\"wpb_wrapper\">\n<p>Dann schreiben Sie uns doch einfach <a href=\"mailto:abteilung@mainz-golden-eagles.de\">per Mail<\/a>. Unserer Abteilungsleiter Peter Unold wird sich zeitnah mit Ihnen in Verbindung setzen.<\/p>\n<\/div>\n<\/div>\n<div class=\"wpb_single_image wpb_content_element vc_align_left\">\n<div class=\"wpb_wrapper\">\n<div class=\"vc_single_image-wrapper vc_box_border_grey\"><\/div>\n<\/div>\n<\/div>\n<p>[\/vc_message][\/vc_column][\/vc_row]<\/p>\n<\/div>","protected":false},"excerpt":{"rendered":"<p>[vc_row][vc_column width=&#8220;2\/3&#8243;][vc_column_text] American Football ist nicht nur zeit- sondern auch sehr materialintensiv. Um so mehr sind wir f\u00fcr jeden Betrag dankbar, der uns den Betrieb unseres geliebten Sportes realisieren l\u00e4sst. Daher m\u00f6chten wir folgenden Sponsoren und Unterst\u00fctzern ganz besonders herzlich danken: [\/vc_column_text][vc_tta_accordion active_section=&#8220;1&#8243;][vc_tta_section title=&#8220;Hauptsponsor&#8220; tab_id=&#8220;1449569014969-ed11a106-15cc&#8220;][vc_single_image image=&#8220;3508&#8243; img_size=&#8220;full&#8220;][vc_column_text]Unser Hauptsponsor ist als &#8222;Werksverein&#8220; nat\u00fcrlich die namensgebende Schott [&hellip;]<\/p>\n","protected":false},"author":14,"featured_media":0,"parent":0,"menu_order":14,"comment_status":"closed","ping_status":"closed","template":"","meta":{"footnotes":""},"class_list":["post-3507","page","type-page","status-publish","hentry"],"_links":{"self":[{"href":"https:\/\/tsvschott.de\/american-football\/wp-json\/wp\/v2\/pages\/3507","targetHints":{"allow":["GET"]}}],"collection":[{"href":"https:\/\/tsvschott.de\/american-football\/wp-json\/wp\/v2\/pages"}],"about":[{"href":"https:\/\/tsvschott.de\/american-football\/wp-json\/wp\/v2\/types\/page"}],"author":[{"embeddable":true,"href":"https:\/\/tsvschott.de\/american-football\/wp-json\/wp\/v2\/users\/14"}],"replies":[{"embeddable":true,"href":"https:\/\/tsvschott.de\/american-football\/wp-json\/wp\/v2\/comments?post=3507"}],"version-history":[{"count":17,"href":"https:\/\/tsvschott.de\/american-football\/wp-json\/wp\/v2\/pages\/3507\/revisions"}],"predecessor-version":[{"id":8491,"href":"https:\/\/tsvschott.de\/american-football\/wp-json\/wp\/v2\/pages\/3507\/revisions\/8491"}],"wp:attachment":[{"href":"https:\/\/tsvschott.de\/american-football\/wp-json\/wp\/v2\/media?parent=3507"}],"curies":[{"name":"wp","href":"https:\/\/api.w.org\/{rel}","templated":true}]}}