{"id":3837,"date":"2016-03-02T10:43:44","date_gmt":"2016-03-02T09:43:44","guid":{"rendered":"http:\/\/tsvschott.de\/american-football\/?page_id=3837"},"modified":"2025-04-03T16:39:39","modified_gmt":"2025-04-03T14:39:39","slug":"mitglied-werden","status":"publish","type":"page","link":"https:\/\/tsvschott.de\/american-football\/infos\/mitglied-werden\/","title":{"rendered":"Mitglied werden"},"content":{"rendered":"<div class=\"wpb-content-wrapper\"><p>[vc_row][vc_column][vc_empty_space][vc_column_text]Jeder kann Mitglied der Eagles werden. Die einzelnen Voraussetzungen\u00a0daf\u00fcr findet ihr nachfolgend:[\/vc_column_text][\/vc_column][\/vc_row][vc_row][vc_column width=&#8220;1\/2&#8243;][vc_column_text]<\/p>\n<h2>Spieler<\/h2>\n<p>[\/vc_column_text][vc_column_text css=&#8220;&#8220;]Voraussetzung ist, dass ihr mindestens einmal im jeweiligen Training der Teams vorbeigeschaut habt. Wenn euch der Sport gef\u00e4llt und ihr damit aktiv Teil der Mannschaft werden m\u00f6chtet, m\u00fcsst ihr folgenden Antrag ausf\u00fcllen. Dies ist Voraussetzung, um spielen zu d\u00fcrfen.<\/p>\n<p>Den Mitgliedsantrag findet ihr <a href=\"https:\/\/tsvschott.de\/mitgliedwerden\/\" target=\"_blank\" rel=\"noopener noreferrer\">hier<\/a>.<\/p>\n<p>Eine Teilnahme am Ligabetrieb findet vorbehaltlich der k\u00f6rperlichen und sportlichen Eignung statt.\u00a0<strong>F\u00fcr Minderj\u00e4hrige ist eine Einverst\u00e4ndniserkl\u00e4rung der Eltern erforderlich.<\/strong>[\/vc_column_text][\/vc_column][\/vc_row]<\/p>\n<\/div>","protected":false},"excerpt":{"rendered":"<p>[vc_row][vc_column][vc_empty_space][vc_column_text]Jeder kann Mitglied der Eagles werden. Die einzelnen Voraussetzungen\u00a0daf\u00fcr findet ihr nachfolgend:[\/vc_column_text][\/vc_column][\/vc_row][vc_row][vc_column width=&#8220;1\/2&#8243;][vc_column_text] Spieler [\/vc_column_text][vc_column_text css=&#8220;&#8220;]Voraussetzung ist, dass ihr mindestens einmal im jeweiligen Training der Teams vorbeigeschaut habt. Wenn euch der Sport gef\u00e4llt und ihr damit aktiv Teil der Mannschaft werden m\u00f6chtet, m\u00fcsst ihr folgenden Antrag ausf\u00fcllen. Dies ist Voraussetzung, um spielen zu d\u00fcrfen. Den [&hellip;]<\/p>\n","protected":false},"author":14,"featured_media":0,"parent":2178,"menu_order":3,"comment_status":"closed","ping_status":"closed","template":"","meta":{"footnotes":""},"class_list":["post-3837","page","type-page","status-publish","hentry"],"_links":{"self":[{"href":"https:\/\/tsvschott.de\/american-football\/wp-json\/wp\/v2\/pages\/3837","targetHints":{"allow":["GET"]}}],"collection":[{"href":"https:\/\/tsvschott.de\/american-football\/wp-json\/wp\/v2\/pages"}],"about":[{"href":"https:\/\/tsvschott.de\/american-football\/wp-json\/wp\/v2\/types\/page"}],"author":[{"embeddable":true,"href":"https:\/\/tsvschott.de\/american-football\/wp-json\/wp\/v2\/users\/14"}],"replies":[{"embeddable":true,"href":"https:\/\/tsvschott.de\/american-football\/wp-json\/wp\/v2\/comments?post=3837"}],"version-history":[{"count":19,"href":"https:\/\/tsvschott.de\/american-football\/wp-json\/wp\/v2\/pages\/3837\/revisions"}],"predecessor-version":[{"id":9093,"href":"https:\/\/tsvschott.de\/american-football\/wp-json\/wp\/v2\/pages\/3837\/revisions\/9093"}],"up":[{"embeddable":true,"href":"https:\/\/tsvschott.de\/american-football\/wp-json\/wp\/v2\/pages\/2178"}],"wp:attachment":[{"href":"https:\/\/tsvschott.de\/american-football\/wp-json\/wp\/v2\/media?parent=3837"}],"curies":[{"name":"wp","href":"https:\/\/api.w.org\/{rel}","templated":true}]}}