{"id":44,"date":"2015-06-23T15:11:29","date_gmt":"2015-06-23T13:11:29","guid":{"rendered":"http:\/\/tsvschott.de\/fussball\/?page_id=12"},"modified":"2025-10-21T19:32:30","modified_gmt":"2025-10-21T17:32:30","slug":"kontakt","status":"publish","type":"page","link":"https:\/\/tsvschott.de\/american-football\/infos\/kontakt\/","title":{"rendered":"Kontakt"},"content":{"rendered":"<div class=\"wpb-content-wrapper\"><p>[vc_row][vc_column][vc_empty_space][vc_tta_tabs active_section=&#8220;1&#8243;][vc_tta_section title=&#8220;Abteilungsleitung&#8220; tab_id=&#8220;1448349828245-0b6339ff-a8b4&#8243;][vc_column_text]<strong><img loading=\"lazy\" decoding=\"async\" class=\"wp-image-5243 size-full alignright\" src=\"https:\/\/tsvschott.de\/american-football\/wp-content\/uploads\/sites\/11\/2015\/06\/unold.png\" alt=\"\" width=\"250\" height=\"300\" \/>Peter Unold<br \/>\n<\/strong><\/p>\n<p><a href=\"mailto:MGE-Abteilungsleitung@tsvschott.de\">MGE-Abteilungsleitung@tsvschott.de<\/a><\/p>\n<p>Bei Anfragen zu:<\/p>\n<ul>\n<li>Allgemeine Organisation und Administration<\/li>\n<li>Verbandsarbeit<\/li>\n<li>Passwesen<\/li>\n<li>Sponsoring<\/li>\n<\/ul>\n<p>[\/vc_column_text][\/vc_tta_section][vc_tta_section title=&#8220;Kassierer&#8220; tab_id=&#8220;1448350897172-de2740f0-c43e&#8220;][vc_column_text]<strong><img loading=\"lazy\" decoding=\"async\" class=\"alignright wp-image-3183 size-medium\" src=\"https:\/\/tsvschott.de\/american-football\/wp-content\/uploads\/sites\/11\/2015\/06\/kobilke-1-382x359.jpg\" alt=\"kobilke_AL\" width=\"382\" height=\"359\" srcset=\"https:\/\/tsvschott.de\/american-football\/wp-content\/uploads\/sites\/11\/2015\/06\/kobilke-1-382x359.jpg 382w, https:\/\/tsvschott.de\/american-football\/wp-content\/uploads\/sites\/11\/2015\/06\/kobilke-1.jpg 409w\" sizes=\"auto, (max-width: 382px) 100vw, 382px\" \/>Yves Kobilke<\/strong><\/p>\n<p><a href=\"mailto:MGE-Finanzen@tsvschott.de\">MGE-Finanzen@tsvschott.de<\/a><\/p>\n<p>Bei Anfragen zu:<\/p>\n<ul>\n<li>Finanzen<\/li>\n<li>Mitglieder<\/li>\n<\/ul>\n<p>[\/vc_column_text][\/vc_tta_section][vc_tta_section title=&#8220;Fanware&#8220; tab_id=&#8220;1448350669118-f9f5aaf7-44e6&#8243;][vc_column_text css=&#8220;&#8220;]<strong>David Knobloch<br \/>\n<\/strong><\/p>\n<p><a href=\"mge-merchandise@tsvschott.de\">MGE-Merchandise@tsvschott.de<\/a><\/p>\n<p>Bei Anfragen zu:<\/p>\n<ul>\n<li>Fanware<\/li>\n<\/ul>\n<p>[\/vc_column_text][\/vc_tta_section][vc_tta_section title=&#8220;Ansprechpartner&#8220; tab_id=&#8220;1706682979710-4878d0c3-79ea&#8220;][vc_column_text]<strong>Ansprechpartner f\u00fcr sexualisierte Gewalt<\/strong><\/p>\n<p><strong>Daniela Fuhr<br \/>\n<\/strong><a href=\"mailto:Daniela.Fuhr@tsvschott.de\">Daniela.Fuhr@tsvschott.de<\/a><\/p>\n<p><strong>S\u00f6ren L\u00fcckert<\/strong><br \/>\n<a href=\"mailto:Soeren.Lueckert@tsvschott.de\">Soeren.Lueckert@tsvschott.de<\/a><\/p>\n<p>[\/vc_column_text][\/vc_tta_section][\/vc_tta_tabs][\/vc_column][vc_column][\/vc_column][\/vc_row]<\/p>\n<\/div>","protected":false},"excerpt":{"rendered":"<p>[vc_row][vc_column][vc_empty_space][vc_tta_tabs active_section=&#8220;1&#8243;][vc_tta_section title=&#8220;Abteilungsleitung&#8220; tab_id=&#8220;1448349828245-0b6339ff-a8b4&#8243;][vc_column_text]Peter Unold MGE-Abteilungsleitung@tsvschott.de Bei Anfragen zu: Allgemeine Organisation und Administration Verbandsarbeit Passwesen Sponsoring [\/vc_column_text][\/vc_tta_section][vc_tta_section title=&#8220;Kassierer&#8220; tab_id=&#8220;1448350897172-de2740f0-c43e&#8220;][vc_column_text]Yves Kobilke MGE-Finanzen@tsvschott.de Bei Anfragen zu: Finanzen Mitglieder [\/vc_column_text][\/vc_tta_section][vc_tta_section title=&#8220;Fanware&#8220; tab_id=&#8220;1448350669118-f9f5aaf7-44e6&#8243;][vc_column_text css=&#8220;&#8220;]David Knobloch MGE-Merchandise@tsvschott.de Bei Anfragen zu: Fanware [\/vc_column_text][\/vc_tta_section][vc_tta_section title=&#8220;Ansprechpartner&#8220; tab_id=&#8220;1706682979710-4878d0c3-79ea&#8220;][vc_column_text]Ansprechpartner f\u00fcr sexualisierte Gewalt Daniela Fuhr Daniela.Fuhr@tsvschott.de S\u00f6ren L\u00fcckert Soeren.Lueckert@tsvschott.de [\/vc_column_text][\/vc_tta_section][\/vc_tta_tabs][\/vc_column][vc_column][\/vc_column][\/vc_row]<\/p>\n","protected":false},"author":14,"featured_media":0,"parent":2178,"menu_order":10,"comment_status":"closed","ping_status":"closed","template":"","meta":{"footnotes":""},"class_list":["post-44","page","type-page","status-publish","hentry"],"_links":{"self":[{"href":"https:\/\/tsvschott.de\/american-football\/wp-json\/wp\/v2\/pages\/44","targetHints":{"allow":["GET"]}}],"collection":[{"href":"https:\/\/tsvschott.de\/american-football\/wp-json\/wp\/v2\/pages"}],"about":[{"href":"https:\/\/tsvschott.de\/american-football\/wp-json\/wp\/v2\/types\/page"}],"author":[{"embeddable":true,"href":"https:\/\/tsvschott.de\/american-football\/wp-json\/wp\/v2\/users\/14"}],"replies":[{"embeddable":true,"href":"https:\/\/tsvschott.de\/american-football\/wp-json\/wp\/v2\/comments?post=44"}],"version-history":[{"count":57,"href":"https:\/\/tsvschott.de\/american-football\/wp-json\/wp\/v2\/pages\/44\/revisions"}],"predecessor-version":[{"id":9388,"href":"https:\/\/tsvschott.de\/american-football\/wp-json\/wp\/v2\/pages\/44\/revisions\/9388"}],"up":[{"embeddable":true,"href":"https:\/\/tsvschott.de\/american-football\/wp-json\/wp\/v2\/pages\/2178"}],"wp:attachment":[{"href":"https:\/\/tsvschott.de\/american-football\/wp-json\/wp\/v2\/media?parent=44"}],"curies":[{"name":"wp","href":"https:\/\/api.w.org\/{rel}","templated":true}]}}