{"id":9281,"date":"2025-08-20T15:23:43","date_gmt":"2025-08-20T13:23:43","guid":{"rendered":"https:\/\/tsvschott.de\/american-football\/?page_id=9281"},"modified":"2026-01-13T09:39:46","modified_gmt":"2026-01-13T08:39:46","slug":"camp","status":"publish","type":"page","link":"https:\/\/tsvschott.de\/american-football\/camp\/","title":{"rendered":"Feriencamp Football"},"content":{"rendered":"<div class=\"wpb-content-wrapper\"><p>[vc_row][vc_column][vc_empty_space][vc_column_text css=&#8220;&#8220;]<\/p>\n<h1 style=\"text-align: center;\"><strong>Feriencamps Football<\/strong><\/h1>\n<p>[\/vc_column_text][\/vc_column][\/vc_row][vc_row][vc_column width=&#8220;1\/2&#8243;][vc_raw_html css=&#8220;&#8220;]JTNDaWZyYW1lJTIwaWQlM0QlMjI1ZWJhNmQzMTMzNjUwMDZkOWE1MjAwOTUlMjIlMjB3aWR0aCUzRCUyMjEwMCUyNSUyMiUyMGhlaWdodCUzRCUyMjE1MCUyMiUyMGNsYXNzJTNEJTIyeW9sYXdvLXdpZGdldCUyMiUyMHNyYyUzRCUyMmh0dHBzJTNBJTJGJTJGd2lkZ2V0cy55b2xhd28uZGUlMkZ3JTJGNjg5MDc5NWRkODk1OGNhMDZkMWRmNzNkJTIyJTIwZnJhbWVib3JkZXIlM0QlMjIwJTIyJTIwZGF0YS1vZmZzZXQteCUzRCUyMjUwJTIyJTIwc2Nyb2xsaW5nJTNEJTIybm8lMjIlM0UlM0MlMkZpZnJhbWUlM0UlM0NzY3JpcHQlMjB0eXBlJTNEJTIydGV4dCUyRmphdmFzY3JpcHQlMjIlMjBzcmMlM0QlMjJodHRwcyUzQSUyRiUyRndpZGdldHMueW9sYXdvLmRlJTJGYXNzZXRzJTJGc2NyaXB0LmpzJTIyJTNFJTNDJTJGc2NyaXB0JTNF[\/vc_raw_html][\/vc_column][vc_column width=&#8220;1\/2&#8243; css=&#8220;.vc_custom_1497369547578{border-top-width: 1px !important;border-right-width: 1px !important;border-bottom-width: 1px !important;border-left-width: 1px !important;background-color: #ffffff !important;border-left-color: rgba(0,102,164,0.5) !important;border-left-style: solid !important;border-right-color: rgba(0,102,164,0.5) !important;border-right-style: solid !important;border-top-color: rgba(0,102,164,0.5) !important;border-top-style: solid !important;border-bottom-color: rgba(0,102,164,0.5) !important;border-bottom-style: solid !important;border-radius: 1px !important;}&#8220;][vc_column_text css=&#8220;&#8220;]<b><span data-contrast=\"auto\">Teilnehmer:<\/span><\/b><span data-ccp-props=\"{&quot;201341983&quot;:0,&quot;335559739&quot;:160,&quot;335559740&quot;:259}\">\u00a0<\/span><\/p>\n<p><span data-contrast=\"auto\">Jungen und M\u00e4dchen im Alter von 8-13 Jahren<\/span><span data-contrast=\"auto\"> (Flag-Football).<\/span><\/p>\n<p><span data-contrast=\"auto\">Jungen und M\u00e4dchen im Alter von 14-18 Jahren<\/span><span data-contrast=\"auto\"> (Tackle).<\/span><\/p>\n<p><b><span data-contrast=\"auto\">Zeit:<\/span><\/b><span data-ccp-props=\"{&quot;201341983&quot;:0,&quot;335559739&quot;:160,&quot;335559740&quot;:259}\">\u00a0<\/span><\/p>\n<p><span data-contrast=\"auto\">Die Camps finden montags bis freitags t\u00e4glich von 10:00 \u2013 16:00 Uhr statt.\u00a0<\/span><\/p>\n<p><b><span data-contrast=\"auto\">Teilnehmerpreis:<\/span><\/b><span data-ccp-props=\"{&quot;201341983&quot;:0,&quot;335559739&quot;:160,&quot;335559740&quot;:259}\">\u00a0<\/span><\/p>\n<p><span data-contrast=\"auto\">199,00 \u20ac f\u00fcr Nicht-Mitglieder.<\/span><\/p>\n<p><span data-contrast=\"auto\">189,00 \u20ac f\u00fcr TSV Mitglieder<span class=\"TextRun BCX2 SCXW91206123\" lang=\"DE-DE\" xml:lang=\"DE-DE\" data-contrast=\"auto\"><span class=\"NormalTextRun BCX2 SCXW91206123\">,<\/span><\/span> Mitarbeiterkinder der Schott AG und Familien mit mindestens zwei Teilnehmern.<\/span><\/p>\n<p><span data-contrast=\"auto\">Im Teilnehmerpreis sind Mittagessen, Obst, Getr\u00e4nke und ein Camp-Shirt enthalten.<\/span><span data-ccp-props=\"{&quot;201341983&quot;:0,&quot;335559739&quot;:160,&quot;335559740&quot;:259}\">\u00a0<\/span><\/p>\n<p><b><span data-contrast=\"auto\">Kontakt<\/span><\/b><span data-ccp-props=\"{&quot;201341983&quot;:0,&quot;335559739&quot;:160,&quot;335559740&quot;:259}\">\u00a0<\/span><\/p>\n<p>Markus Kr\u00fcger (Flag-Football)<\/p>\n<p><span data-contrast=\"auto\">E-Mail: <a class=\"ms-outlook-linkify\" href=\"mailto:flagcamp@tsvschott.de\">flagcamp@tsvschott.de<\/a><\/span><\/p>\n<p>Kevin Sacher (Tackle)[\/vc_column_text][vc_separator][vc_column_text css=&#8220;&#8220;]<\/p>\n<h4><strong>Achtung Camp-Zuschuss nur f\u00fcr Flag-Football<\/strong><\/h4>\n<p><span data-contrast=\"auto\">Da wir in unseren Ganztages-Camps zertifizierte Pr\u00e4ventionskurse zur Schulung koordinativer und sportmotorischer F\u00e4higkeiten integrieren, bezuschussen die gesetzlichen Krankenkassen in der Regel 70 bis 90 Prozent der reinen Campgeb\u00fchren. Die Campgeb\u00fchr teilt sich auf in 140,00 \u20ac (bzw. 120,00 \u20ac beim 4-Tages-Camp an Pfingsten) f\u00fcr das Camp selber und den Rest f\u00fcr sonstige Kosten, wie z. B. Essen, Material und Sonstiges. Um einen Zuschuss zu erhalten, muss Ihr Kind mindestens 80 % am Camp teilgenommen haben. Am Ende des Camps gibt es eine entsprechende Bescheinigung \u00fcber 140,00 \u20ac zum Einreichen bei der Krankenkasse.<\/span><span data-ccp-props=\"{&quot;134233117&quot;:true,&quot;134233118&quot;:true,&quot;201341983&quot;:0,&quot;335559740&quot;:240}\">\u00a0<\/span><\/p>\n<p><span data-contrast=\"auto\">Wenn Sie bei Ihrer Krankenkasse nachfragen wollen, hier die genaue Bezeichnung:<\/span><span data-ccp-props=\"{&quot;134233117&quot;:true,&quot;134233118&quot;:true,&quot;201341983&quot;:0,&quot;335559740&quot;:240}\">\u00a0<\/span><\/p>\n<p><span data-contrast=\"auto\">Spielend Koordination f\u00fcr das Spielen lernen (unsere Kurs-ID lautet: KU-BE-DG9P7K).<\/span><span data-ccp-props=\"{&quot;134233117&quot;:true,&quot;134233118&quot;:true,&quot;201341983&quot;:0,&quot;335559740&quot;:240}\">\u00a0<\/span>[\/vc_column_text][\/vc_column][\/vc_row][vc_row][vc_column][\/vc_column][\/vc_row]<\/p>\n<\/div>","protected":false},"excerpt":{"rendered":"<p>[vc_row][vc_column][vc_empty_space][vc_column_text css=&#8220;&#8220;] Feriencamps Football [\/vc_column_text][\/vc_column][\/vc_row][vc_row][vc_column width=&#8220;1\/2&#8243;][vc_raw_html css=&#8220;&#8220;]JTNDaWZyYW1lJTIwaWQlM0QlMjI1ZWJhNmQzMTMzNjUwMDZkOWE1MjAwOTUlMjIlMjB3aWR0aCUzRCUyMjEwMCUyNSUyMiUyMGhlaWdodCUzRCUyMjE1MCUyMiUyMGNsYXNzJTNEJTIyeW9sYXdvLXdpZGdldCUyMiUyMHNyYyUzRCUyMmh0dHBzJTNBJTJGJTJGd2lkZ2V0cy55b2xhd28uZGUlMkZ3JTJGNjg5MDc5NWRkODk1OGNhMDZkMWRmNzNkJTIyJTIwZnJhbWVib3JkZXIlM0QlMjIwJTIyJTIwZGF0YS1vZmZzZXQteCUzRCUyMjUwJTIyJTIwc2Nyb2xsaW5nJTNEJTIybm8lMjIlM0UlM0MlMkZpZnJhbWUlM0UlM0NzY3JpcHQlMjB0eXBlJTNEJTIydGV4dCUyRmphdmFzY3JpcHQlMjIlMjBzcmMlM0QlMjJodHRwcyUzQSUyRiUyRndpZGdldHMueW9sYXdvLmRlJTJGYXNzZXRzJTJGc2NyaXB0LmpzJTIyJTNFJTNDJTJGc2NyaXB0JTNF[\/vc_raw_html][\/vc_column][vc_column width=&#8220;1\/2&#8243; css=&#8220;.vc_custom_1497369547578{border-top-width: 1px !important;border-right-width: 1px !important;border-bottom-width: 1px !important;border-left-width: 1px !important;background-color: #ffffff !important;border-left-color: rgba(0,102,164,0.5) !important;border-left-style: solid !important;border-right-color: rgba(0,102,164,0.5) !important;border-right-style: solid !important;border-top-color: rgba(0,102,164,0.5) !important;border-top-style: solid !important;border-bottom-color: rgba(0,102,164,0.5) !important;border-bottom-style: solid !important;border-radius: 1px !important;}&#8220;][vc_column_text css=&#8220;&#8220;]Teilnehmer:\u00a0 Jungen und M\u00e4dchen im Alter von 8-13 Jahren (Flag-Football). Jungen und M\u00e4dchen im Alter von 14-18 Jahren [&hellip;]<\/p>\n","protected":false},"author":18,"featured_media":0,"parent":0,"menu_order":2,"comment_status":"closed","ping_status":"closed","template":"template-blank-page.php","meta":{"footnotes":""},"class_list":["post-9281","page","type-page","status-publish","hentry"],"_links":{"self":[{"href":"https:\/\/tsvschott.de\/american-football\/wp-json\/wp\/v2\/pages\/9281","targetHints":{"allow":["GET"]}}],"collection":[{"href":"https:\/\/tsvschott.de\/american-football\/wp-json\/wp\/v2\/pages"}],"about":[{"href":"https:\/\/tsvschott.de\/american-football\/wp-json\/wp\/v2\/types\/page"}],"author":[{"embeddable":true,"href":"https:\/\/tsvschott.de\/american-football\/wp-json\/wp\/v2\/users\/18"}],"replies":[{"embeddable":true,"href":"https:\/\/tsvschott.de\/american-football\/wp-json\/wp\/v2\/comments?post=9281"}],"version-history":[{"count":7,"href":"https:\/\/tsvschott.de\/american-football\/wp-json\/wp\/v2\/pages\/9281\/revisions"}],"predecessor-version":[{"id":9495,"href":"https:\/\/tsvschott.de\/american-football\/wp-json\/wp\/v2\/pages\/9281\/revisions\/9495"}],"wp:attachment":[{"href":"https:\/\/tsvschott.de\/american-football\/wp-json\/wp\/v2\/media?parent=9281"}],"curies":[{"name":"wp","href":"https:\/\/api.w.org\/{rel}","templated":true}]}}