{"id":2899,"date":"2015-08-17T15:11:02","date_gmt":"2015-08-17T13:11:02","guid":{"rendered":"http:\/\/tsvschott.de\/fussball\/?page_id=2899"},"modified":"2024-04-15T14:10:02","modified_gmt":"2024-04-15T12:10:02","slug":"start-statisch","status":"publish","type":"page","link":"https:\/\/tsvschott.de\/cheerleading\/","title":{"rendered":"Cheerleading TSV SCHOTT Mainz"},"content":{"rendered":"<div class=\"wpb-content-wrapper\"><p>[vc_row][vc_column width=&#8220;2\/3&#8243;][vc_column_text]<\/p>\n<h2>Was ist Cheerleading?<\/h2>\n<p>Seit der Gr\u00fcndung 1998 stehen die Cheerleader jedes Jahr von April bis Juli\/August bei den Spielen der Football-Mannschaft \u201eMainz Golden Eagles\u201c des TSV SCHOTT Mainz e.V. an der Sideline und unterst\u00fctzen sie tatkr\u00e4ftig. Bis heute ist die Abteilung kontinuierlich gewachsen und konnte nicht nur viele neue Mitglieder f\u00fcr diesen Sport begeistern, sondern dadurch auch mehrere verschiedene Teams aufbauen.<\/p>\n<p>So entstanden nach der Neugr\u00fcndung von \u201eGold Rush\u201c im Jahre 2000 zwei Jahre sp\u00e4ter das Jugendteam \u201eGolden Glitters\u201c und 2004 das Kinderteam \u201eGolden Pixies\u201c und das Senior-Danceteam \u201eGolden Delicious\u201c.<\/p>\n<p>Neben dem sogenannten &#8222;Cheeren&#8220; am Spielfeldrand zeigen sie sich auch au\u00dferhalb der Saison gerne in der \u00d6ffentlichkeit. Daher wird jede Woche flei\u00dfig trainiert, um bei den zahlreichen Auftritten zu gl\u00e4nzen.<\/p>\n<p>Das Highlight eines jeden Jahres sind jedoch die \u201eCheerleading Landesmeisterschaften\u201c. Dieses gro\u00dfe Ereignis der Cheerleaderwelt wird allj\u00e4hrlich mit Spannung erwartet. Hier wird vor einer kompetenten Jury gezeigt, was man kann und wie in jedem Wettbewerb wird auch hier hart um den Titel gek\u00e4mpft.<\/p>\n<p>Aber was ist Cheerleading denn eigentlich?<\/p>\n<p>Entgegen jeden Klischees von \u201eherumspringenden, kreischenden M\u00e4dels\u201c, die mit den Pompons \u201eherumwedeln\u201c, ist Cheerleading mehr als nur das: Stunten, Tossen, Jumps, Liberty, Pyramiden, FlickFlack, Salto,\u2026 das alles sind nur ein paar Begriffe aus der Cheerleadersprache. Dahinter versteckt sich beim TSV SCHOTT ein echter Leistungssport, dem die Teams trotz gelegentlicher blauer Flecken und Muskelkater voller Begeisterung nachgehen. Das Team, das Wir-Gef\u00fchl, die gemeinsamen Erfolge und der Wow-Effekt, der beim Publikum entsteht, wenn die M\u00e4dels zeigen was sie k\u00f6nnen, das ist es, was Cheerleading ausmacht.[\/vc_column_text][\/vc_column][vc_column width=&#8220;1\/3&#8243;][vc_wp_text]<\/p>\n<h3>Kontakt<\/h3>\n<p>F\u00fcr Anmeldungen zum Probetraining und sonstige Anfragen kontaktieren Sie bitte die folgende E-Mail-Adresse:<\/p>\n<p><a href=\"mailto:cheerleading@tsvschott.de\">cheerleading@tsvschott.de<\/a>[\/vc_wp_text][vc_wp_text]<\/p>\n<h3>Abteilungsleitung<\/h3>\n<hr \/>\n<p><strong>1. Vorsitzende:<\/strong>\u00a0Sabrina Palermo-U\u00dfner<\/p>\n<p><strong>2. stellv. Vorsitzende:<\/strong>\u00a0Melanie Lutz<\/p>\n<p><strong>Kassenwart:<\/strong> Natja Meuschke<\/p>\n<p><strong>Medien:<\/strong>\u00a0<a href=\"mailto:cheerleading@tsvschott.de\">cheerleading@tsvschott.de<\/a>[\/vc_wp_text][vc_wp_text]<\/p>\n<h3>Trainingszeiten<\/h3>\n<hr \/>\n<p>[\/vc_wp_text][vc_toggle title=&#8220;Gold Rush&#8220;]<\/p>\n<ul>\n<li><strong>Dienstags, 19:00 bis 21:00 Uhr<\/strong><\/li>\n<li><strong>Donnerstags, 19:00 bis 21:00 Uhr<\/strong><\/li>\n<li><strong>Sonntags, 12:00 bis 15:00 Uhr<\/strong><\/li>\n<\/ul>\n<p>Trainingsorte per Anfrage unter der E-Mail Adresse: cheerleading@tsvschott.de[\/vc_toggle][vc_toggle title=&#8220;Golden Glitters&#8220;]<\/p>\n<ul>\n<li><b>Montags,\u00a0<\/b><\/li>\n<li><strong>Mittwochs, 18:30 bis 20:30 Uhr<\/strong>, Otto-Schott-Halle (TSV SCHOTT Gel\u00e4nde)<\/li>\n<\/ul>\n<p>[\/vc_toggle][vc_toggle title=&#8220;Golden Pixies&#8220;]<\/p>\n<ul>\n<li><strong>Dienstags, 17:00 bis 18:30 Uhr<\/strong>, Gymnastikraum 1 TSV SCHOTT Mainz<\/li>\n<li><strong>Donnerstags, 17:00 bis 18:30 Uhr<\/strong>, Grundschule am Gleisberg (Gleisberg 50, 55122 Mainz)<\/li>\n<\/ul>\n<p>[\/vc_toggle][\/vc_column][\/vc_row]<\/p>\n<\/div>","protected":false},"excerpt":{"rendered":"<p>[vc_row][vc_column width=&#8220;2\/3&#8243;][vc_column_text] Was ist Cheerleading? Seit der Gr\u00fcndung 1998 stehen die Cheerleader jedes Jahr von April bis Juli\/August bei den Spielen der Football-Mannschaft \u201eMainz Golden Eagles\u201c des TSV SCHOTT Mainz e.V. an der Sideline und unterst\u00fctzen sie tatkr\u00e4ftig. Bis heute ist die Abteilung kontinuierlich gewachsen und konnte nicht nur viele neue Mitglieder f\u00fcr diesen Sport [&hellip;]<\/p>\n","protected":false},"author":16,"featured_media":0,"parent":0,"menu_order":0,"comment_status":"closed","ping_status":"closed","template":"","meta":{"footnotes":""},"class_list":["post-2899","page","type-page","status-publish","hentry"],"_links":{"self":[{"href":"https:\/\/tsvschott.de\/cheerleading\/wp-json\/wp\/v2\/pages\/2899","targetHints":{"allow":["GET"]}}],"collection":[{"href":"https:\/\/tsvschott.de\/cheerleading\/wp-json\/wp\/v2\/pages"}],"about":[{"href":"https:\/\/tsvschott.de\/cheerleading\/wp-json\/wp\/v2\/types\/page"}],"author":[{"embeddable":true,"href":"https:\/\/tsvschott.de\/cheerleading\/wp-json\/wp\/v2\/users\/16"}],"replies":[{"embeddable":true,"href":"https:\/\/tsvschott.de\/cheerleading\/wp-json\/wp\/v2\/comments?post=2899"}],"version-history":[{"count":19,"href":"https:\/\/tsvschott.de\/cheerleading\/wp-json\/wp\/v2\/pages\/2899\/revisions"}],"predecessor-version":[{"id":3103,"href":"https:\/\/tsvschott.de\/cheerleading\/wp-json\/wp\/v2\/pages\/2899\/revisions\/3103"}],"wp:attachment":[{"href":"https:\/\/tsvschott.de\/cheerleading\/wp-json\/wp\/v2\/media?parent=2899"}],"curies":[{"name":"wp","href":"https:\/\/api.w.org\/{rel}","templated":true}]}}