{"id":2989,"date":"2015-10-13T10:02:48","date_gmt":"2015-10-13T08:02:48","guid":{"rendered":"http:\/\/tsvschott.de\/fitness\/?page_id=2989"},"modified":"2026-03-18T08:49:35","modified_gmt":"2026-03-18T07:49:35","slug":"rehabilitationssport","status":"publish","type":"page","link":"https:\/\/tsvschott.de\/fitness\/rehabilitationssport\/","title":{"rendered":"Rehabilitationssport"},"content":{"rendered":"<div class=\"wpb-content-wrapper\"><p>[vc_row][vc_column][vc_column_text]<\/p>\n<h4>Was ist Rehabilitationssport?<\/h4>\n<p>Rehabilitationssport wird als eine erg\u00e4nzende Therapiema\u00dfnahme definiert, die vom Arzt indikationsabh\u00e4ngig (krankheitsspezifisch) verordnet werden kann und zeitlich befristet von den Kostentr\u00e4gern finanziert wird.<\/p>\n<p>Gemeinsam mit anderen k\u00f6nnen Sie durch Bewegung, Spiel und Sport Ihre Bewegungsf\u00e4higkeit verbessern, den Verlauf von Krankheiten positiv beeinflussen und damit wieder am gesellschaftlichen Leben teilnehmen.[\/vc_column_text][\/vc_column][\/vc_row][vc_row el_class=&#8220;text&#8220;][vc_column width=&#8220;1\/2&#8243;][vc_wp_text]<\/p>\n<h4>Teilnahme am Rehasport<strong><br \/>\n<\/strong><\/h4>\n<p>Zur Teilnahme kann eine Rehabilitationssportverordnung bei jedem Fach- oder Hausarzt beantragt werden. Zur \u00dcbernahme der anfallenden Kosten, wird die Verordnung bei dem entsprechenden Kostentr\u00e4ger (in der Regel der gesetzlichen Krankenkasse) vorgelegt.<\/p>\n<p>Privat versicherte Teilnehmer, die <strong>Mitglied unseres Vereins<\/strong> sind, k\u00f6nnen ebenfalls am Rehasport teilnehmen.<\/p>\n<p>Kosten f\u00fcr private Teilnahmen: Vereinsmitgliedschaft + 20,00 \u20ac\/Monat<\/p>\n<p>Kosten f\u00fcr Post-\/Long Covid: 12,00 \u20ac\/Einheit[\/vc_wp_text][vc_column_text][\/vc_column_text][vc_column_text css=&#8220;&#8220;]<em><strong>Folgende Kurse bieten wir an:<\/strong><\/em><\/p>\n<p>Montags, 09:00 Uhr<\/p>\n<p>Montags, 16:30 Uhr Rehasport f\u00fcr Kinder <span style=\"color: #ff0000\">Kein Kurs in den Ferien<\/span><\/p>\n<p>Dienstags, 19:00 Uhr TRX-Reha<span style=\"color: #ff0000\"><br \/>\n<\/span><\/p>\n<p>Mittwochs, 09:45 Uhr<\/p>\n<p>Donnerstags, 11:15 Uhr<\/p>\n<p>Donnerstags, 17:00 Uhr <span style=\"color: #ff0000\">Kein Kurs am 19.03.2026<\/span><\/p>\n<p>Freitags, 09:00 Uhr[\/vc_column_text][vc_column_text]<strong>Kontakt:<\/strong><\/p>\n<p><strong>Annett Boller<\/strong><\/p>\n<p>Sportwissenschaftlerin M.A.<\/p>\n<p>Tel.: 06131-2770022<\/p>\n<p>e-mail:\u00a0<a href=\"mailto:annett.boller@tsvschott.de\">annett.boller@tsvschott.de<\/a>[\/vc_column_text][\/vc_column][vc_column width=&#8220;1\/2&#8243;][vc_column_text]<\/p>\n<h4 style=\"text-align: left\">Ziele des Rehasports<\/h4>\n<p style=\"text-align: left\">Das wesentliche Ziel des Rahabilitaionssports ist es, die eigene Gesundheit zu f\u00f6rdern und zu st\u00e4rken. Dies erfolgt unter professioneller Anleitung durch Ausbilden der koordinativen, sowie konditionellen F\u00e4higkeiten (Kraft, Ausdauer, Beweglichkeit etc.). Hinzu kommen nat\u00fcrlich auch das langfristige Steigern des Wohlbefindens, der Sozialkompetenz und der Lebensqualit\u00e4t im Allgemeinen.<\/p>\n<p><span style=\"color: #ff0000\"><strong><img loading=\"lazy\" decoding=\"async\" class=\"alignnone wp-image-3994 size-medium\" src=\"https:\/\/tsvschott.de\/fitness\/wp-content\/uploads\/sites\/8\/2020\/09\/OZI2568B-255x382.jpg\" alt=\"\" width=\"255\" height=\"382\" srcset=\"https:\/\/tsvschott.de\/fitness\/wp-content\/uploads\/sites\/8\/2020\/09\/OZI2568B-255x382.jpg 255w, https:\/\/tsvschott.de\/fitness\/wp-content\/uploads\/sites\/8\/2020\/09\/OZI2568B-532x798.jpg 532w, https:\/\/tsvschott.de\/fitness\/wp-content\/uploads\/sites\/8\/2020\/09\/OZI2568B-768x1152.jpg 768w, https:\/\/tsvschott.de\/fitness\/wp-content\/uploads\/sites\/8\/2020\/09\/OZI2568B-1024x1536.jpg 1024w, https:\/\/tsvschott.de\/fitness\/wp-content\/uploads\/sites\/8\/2020\/09\/OZI2568B-500x750.jpg 500w, https:\/\/tsvschott.de\/fitness\/wp-content\/uploads\/sites\/8\/2020\/09\/OZI2568B.jpg 1200w\" sizes=\"auto, (max-width: 255px) 100vw, 255px\" \/>\u00a0<\/strong><\/span>[\/vc_column_text][vc_column_text][\/vc_column_text][vc_column_text][\/vc_column_text][\/vc_column][\/vc_row]<\/p>\n<\/div>","protected":false},"excerpt":{"rendered":"<p>[vc_row][vc_column][vc_column_text] Was ist Rehabilitationssport? Rehabilitationssport wird als eine erg\u00e4nzende Therapiema\u00dfnahme definiert, die vom Arzt indikationsabh\u00e4ngig (krankheitsspezifisch) verordnet werden kann und zeitlich befristet von den Kostentr\u00e4gern finanziert wird. Gemeinsam mit anderen k\u00f6nnen Sie durch Bewegung, Spiel und Sport Ihre Bewegungsf\u00e4higkeit verbessern, den Verlauf von Krankheiten positiv beeinflussen und damit wieder am gesellschaftlichen Leben teilnehmen.[\/vc_column_text][\/vc_column][\/vc_row][vc_row el_class=&#8220;text&#8220;][vc_column width=&#8220;1\/2&#8243;][vc_wp_text] [&hellip;]<\/p>\n","protected":false},"author":11,"featured_media":0,"parent":0,"menu_order":6,"comment_status":"closed","ping_status":"closed","template":"","meta":{"footnotes":""},"class_list":["post-2989","page","type-page","status-publish","hentry"],"_links":{"self":[{"href":"https:\/\/tsvschott.de\/fitness\/wp-json\/wp\/v2\/pages\/2989","targetHints":{"allow":["GET"]}}],"collection":[{"href":"https:\/\/tsvschott.de\/fitness\/wp-json\/wp\/v2\/pages"}],"about":[{"href":"https:\/\/tsvschott.de\/fitness\/wp-json\/wp\/v2\/types\/page"}],"author":[{"embeddable":true,"href":"https:\/\/tsvschott.de\/fitness\/wp-json\/wp\/v2\/users\/11"}],"replies":[{"embeddable":true,"href":"https:\/\/tsvschott.de\/fitness\/wp-json\/wp\/v2\/comments?post=2989"}],"version-history":[{"count":146,"href":"https:\/\/tsvschott.de\/fitness\/wp-json\/wp\/v2\/pages\/2989\/revisions"}],"predecessor-version":[{"id":5553,"href":"https:\/\/tsvschott.de\/fitness\/wp-json\/wp\/v2\/pages\/2989\/revisions\/5553"}],"wp:attachment":[{"href":"https:\/\/tsvschott.de\/fitness\/wp-json\/wp\/v2\/media?parent=2989"}],"curies":[{"name":"wp","href":"https:\/\/api.w.org\/{rel}","templated":true}]}}