{"id":3094,"date":"2016-01-12T11:43:11","date_gmt":"2016-01-12T10:43:11","guid":{"rendered":"http:\/\/tsvschott.de\/fitness\/?page_id=3094"},"modified":"2024-03-19T11:50:10","modified_gmt":"2024-03-19T10:50:10","slug":"betriebliches-gesundheitsmanagement","status":"publish","type":"page","link":"https:\/\/tsvschott.de\/fitness\/betriebliches-gesundheitsmanagement\/","title":{"rendered":"Betriebliches Gesundheitsmanagement"},"content":{"rendered":"<div class=\"wpb-content-wrapper\"><p>[vc_row][vc_column width=&#8220;2\/3&#8243;][vc_column_text]<\/p>\n<h3>Betriebliches Gesundheitsmanagement<\/h3>\n<p>Gesunde Mitarbeiter geh\u00f6ren zu den zentralen Erfolgsfaktoren eines Unternehmens. Denn nur gesunde Mitarbeiter sind motiviert und leistungsf\u00e4hig.<\/p>\n<p>Der TSV SCHOTT Mainz unterst\u00fctzt die Gesundheit ihres Teams aktiv und dauerhaft mit individuell abgestimmten Angeboten zur Gesundheitsf\u00f6rderung und betrieblicher Pr\u00e4vention.<\/p>\n<p>Viele Krankheiten, sowohl physischer als auch psychischer Art, entstehen am Arbeitsplatz. Durch eint\u00f6nige Bewegungsabl\u00e4ufe, stundenlanges Stehen oder Sitzen und schweres Heben k\u00f6nnen chronische Schmerzen und Krankheiten entstehen. Zudem k\u00f6nnen Mobbing, hohe Arbeitsbelastung sowie Termin- und Leistungsdruck zu Herzproblemen, Schlafst\u00f6rungen bis hin zum Burnout f\u00fchren.[\/vc_column_text][vc_tabs interval=&#8220;0&#8243;][vc_tab title=&#8220;Konzept&#8220; tab_id=&#8220;1439899125423-6-9&#8243;][vc_column_text]Mit einem erfolgreichen betrieblichen Gesundheitsmanagement entwickeln Sie ein gesundes Unternehmen mit motivierten, leistungsf\u00e4higen und zufriedenen Mitarbeitern. Es hilft Ihnen, Erkrankungen vorzubeugen und den Krankenstand zu senken, Gesundheitspotenziale zu st\u00e4rken und das Wohlbefinden am Arbeitsplatz zu verbessern. Sie f\u00f6rdern Engagement sowie Kreativit\u00e4t Ihrer Mitarbeiter und verbessern das Arbeitsklima bzw. Ihre Arbeitgeberattraktivit\u00e4t.[\/vc_column_text][\/vc_tab][vc_tab title=&#8220;Leistungen&#8220; tab_id=&#8220;1439897104089-5-2&#8243;][vc_column_text]<\/p>\n<div class=\"csc-header csc-header-n2\">\n<h5>Aktive Bewegungspausen &#8211; Kommen Sie in Bewegung<\/h5>\n<p>Mitarbeitern mit \u00fcberwiegend sitzender T\u00e4tigkeit \u2013 aber auch gewerbliche Mitarbeiter \u2013 profitieren von aktiven Pausen am Arbeitsplatz. B\u00fcromitarbeiter verbessern bereits durch Bewegungspausen mit \u00dcbungen f\u00fcr den Bewegungsapparat oder Entspannungs\u00fcbungen ihre Konzentrationsf\u00e4higkeit. Bei gewerblichen Mitarbeitern mit k\u00f6rperlich anstrengenden oder einseitigen T\u00e4tigkeiten wirken sich Ausgleichs\u00fcbungen positiv auf die Leistungsf\u00e4higkeit aus und beugen dem Auftreten von Beschwerden am Bewegungsapparat vor.<\/p>\n<\/div>\n<p>Individuelle Kurse vor Ort (z.B. Yoga oder R\u00fcckentraining) unterst\u00fctzen durch aktive Bewegungspausen zus\u00e4tzlich eine ausgewogene Work-Life-Balance.<\/p>\n<p>&nbsp;<\/p>\n<h5>Seminare und Workshops<\/h5>\n<p>Wie komme ich endlich besser mit Stress zurecht? Was kann meine Leistungsf\u00e4higkeit im Job positiv beeinflussen? Oder wie genau funktioniert eigentlich Mentaltraining? Der TSV SCHOTT Mainz e.V. bietet individuelle Angebote zur Erhaltung Ihrer Gesundheit und Work-Life-Balance.<\/p>\n<p>In zahlreichen Seminaren und Workshops mit den Schwerpunkten Stressmanagement, Ern\u00e4hrung und Sport erstellen wir ein pers\u00f6nliches Gesundheitspaket f\u00fcr Ihr Unternehmen.<\/p>\n<p>Kontaktieren Sie uns direkt oder besprechen Sie Ihren Seminarwunsch innerhalb Ihres Teams!<\/p>\n<p>M\u00f6gliche Inhalte eines FIT FOR WORK Seminars:<\/p>\n<p>(Halbtagesseminar 1 Vortrag + Sportangebot, Ganztagesseminar 1-2 Vortr\u00e4ge\/Workshops + 1-2 Sportangebote)<\/p>\n<ul>\n<li>Leistungsf\u00e4higkeit in Alltag und Beruf<\/li>\n<li>Stressbew\u00e4ltigung und Resilienz f\u00fcr F\u00fchrungskr\u00e4fte, Teams und Mitarbeiter<\/li>\n<li>Gesunde F\u00fchrung<\/li>\n<li>Mentaltraining: Erfolg entsteht im Kopf<\/li>\n<li>Starker R\u00fccken \u2013 raus aus dem Schmerz<\/li>\n<li>Gesundheitsf\u00f6rderung durch Achtsamkeit und St\u00e4rke im Berufsalltag<\/li>\n<li>Selbstmanagement nach dem Z\u00fcrcher Ressourcenmodell ZRM\u00ae<\/li>\n<li>Focusing: Blockaden \u00fcberwinden \u2013 inneres Wachstum f\u00f6rdern<\/li>\n<li>Die gesunde Turbo-K\u00fcche<\/li>\n<li>Entspannt und gesund mit Ayurveda<\/li>\n<\/ul>\n<p>kombiniert mit unseren Sportangeboten:<\/p>\n<ul>\n<li>Vinyasa Flow Yoga oder Yin Yoga<\/li>\n<li>R\u00fccken Fit<\/li>\n<li>Faszientraining<\/li>\n<li>TRX Suspension<\/li>\n<li>SYNRGY360 Cross Workout<\/li>\n<\/ul>\n<p>&nbsp;<\/p>\n<div class=\"csc-header csc-header-n2\">\n<h5>Individuelle Leistungsdiagnostik<\/h5>\n<p>Unser Kooperationspartner, die Abteilung Sportmedizin, Pr\u00e4vention und Rehabilitation am Institut f\u00fcr Sportwissenschaft der Universit\u00e4t Mainz, erstellt Ihnen eine ausf\u00fchrlich dokumentierte Leistungsdiagnostik und Trainingspl\u00e4ne, nach denen Sie gesundheitsbewusst und effizient trainieren k\u00f6nnen.<\/p>\n<\/div>\n<p>Ziel einer Leistungsdiagnostik ist prim\u00e4r die Beurteilung des Ist-Zustandes eines jeden Sportlers, egal ob Hobby- oder Leistungssportler. Nach durchgef\u00fchrtem Leistungstest wird aus den Ergebnissen der Leistungszustand beurteilt und das Training der jeweiligen Sportart individuell und zielgerichtet geplant. Ungeplantes Training kann den K\u00f6rper \u00fcberfordern und diesen letztlich auch sch\u00e4digen.[\/vc_column_text][\/vc_tab][vc_tab title=&#8220;Kooperationspartner&#8220; tab_id=&#8220;1439899130636-8-3&#8243;][vc_column_text]<\/p>\n<h5>Unsere Kooperationspartner<\/h5>\n<ul>\n<li>Abteilung Medizin und Pr\u00e4vention der SCHOTT AG<\/li>\n<li><span class=\"textboxaktuell\">Abteilung\u00a0Sportmedizin, Pr\u00e4vention und\u00a0Rehabilitation<\/span> der Johannes-Gutenberg-Universit\u00e4t Mainz<\/li>\n<li>verschiedene externe Referenten (Dipl. Psychologen, Coaches, Stress- und Resilienztrainer)<\/li>\n<\/ul>\n<p>[\/vc_column_text][vc_column_text][\/vc_column_text][\/vc_tab][vc_tab title=&#8220;Aktuelle Seminarangebote&#8220; tab_id=&#8220;1574674310022-3-9&#8243;][vc_column_text][\/vc_column_text][\/vc_tab][\/vc_tabs][\/vc_column][vc_column width=&#8220;1\/3&#8243;][vc_column_text]<\/p>\n<h3>Kontakt<\/h3>\n<hr \/>\n<p><strong>Annett Boller<br \/>\n<\/strong><\/p>\n<p>Tel.: <a href=\"tel:+4961312770024\">06131-277000<br \/>\n<\/a>E-mail: <a href=\"mailto:annett.boller@tsvschott.de\">annett.boller@tsvschott.de<\/a><\/p>\n<hr \/>\n<p><strong>Till Pleuger<\/strong><\/p>\n<p>Gesch\u00e4ftsf\u00fchrer<\/p>\n<p>Tel.: <a href=\"http:\/\/061312770024\">06131-277000<\/a><br \/>\nE-mail: <a href=\"mailto:till.pleuger@tsvschott.de\">till.pleuger@tsvschott.de<\/a>[\/vc_column_text][\/vc_column][\/vc_row][vc_row][vc_column][vc_column_text]<\/p>\n<h4>Kooperationspartner im betrieblichen Gesundheitsmanagement<\/h4>\n<hr \/>\n<p>[\/vc_column_text][\/vc_column][\/vc_row]<\/p>\n<\/div>","protected":false},"excerpt":{"rendered":"<p>[vc_row][vc_column width=&#8220;2\/3&#8243;][vc_column_text] Betriebliches Gesundheitsmanagement Gesunde Mitarbeiter geh\u00f6ren zu den zentralen Erfolgsfaktoren eines Unternehmens. Denn nur gesunde Mitarbeiter sind motiviert und leistungsf\u00e4hig. Der TSV SCHOTT Mainz unterst\u00fctzt die Gesundheit ihres Teams aktiv und dauerhaft mit individuell abgestimmten Angeboten zur Gesundheitsf\u00f6rderung und betrieblicher Pr\u00e4vention. Viele Krankheiten, sowohl physischer als auch psychischer Art, entstehen am Arbeitsplatz. Durch eint\u00f6nige [&hellip;]<\/p>\n","protected":false},"author":11,"featured_media":0,"parent":0,"menu_order":3,"comment_status":"closed","ping_status":"closed","template":"","meta":{"footnotes":""},"class_list":["post-3094","page","type-page","status-publish","hentry"],"_links":{"self":[{"href":"https:\/\/tsvschott.de\/fitness\/wp-json\/wp\/v2\/pages\/3094","targetHints":{"allow":["GET"]}}],"collection":[{"href":"https:\/\/tsvschott.de\/fitness\/wp-json\/wp\/v2\/pages"}],"about":[{"href":"https:\/\/tsvschott.de\/fitness\/wp-json\/wp\/v2\/types\/page"}],"author":[{"embeddable":true,"href":"https:\/\/tsvschott.de\/fitness\/wp-json\/wp\/v2\/users\/11"}],"replies":[{"embeddable":true,"href":"https:\/\/tsvschott.de\/fitness\/wp-json\/wp\/v2\/comments?post=3094"}],"version-history":[{"count":50,"href":"https:\/\/tsvschott.de\/fitness\/wp-json\/wp\/v2\/pages\/3094\/revisions"}],"predecessor-version":[{"id":5491,"href":"https:\/\/tsvschott.de\/fitness\/wp-json\/wp\/v2\/pages\/3094\/revisions\/5491"}],"wp:attachment":[{"href":"https:\/\/tsvschott.de\/fitness\/wp-json\/wp\/v2\/media?parent=3094"}],"curies":[{"name":"wp","href":"https:\/\/api.w.org\/{rel}","templated":true}]}}