{"id":11007,"date":"2019-11-27T09:49:36","date_gmt":"2019-11-27T08:49:36","guid":{"rendered":"https:\/\/tsvschott.de\/fussball\/?page_id=11007"},"modified":"2024-10-31T12:56:22","modified_gmt":"2024-10-31T11:56:22","slug":"fussballcamp","status":"publish","type":"page","link":"https:\/\/tsvschott.de\/fussball\/fussballcamp\/","title":{"rendered":"Fu\u00dfballcamp"},"content":{"rendered":"<div class=\"wpb-content-wrapper\"><p>[vc_row][vc_column][vc_message]Die Anmeldungen sind ausschlie\u00dflich online \u00fcber diese Seite m\u00f6glich. Vormerkungen oder Reservierungen machen wir nicht.<\/p>\n<p>Wenn Sie in unseren eMail-Verteiler f\u00fcr die Fu\u00dfballcamps aufgenommen werden m\u00f6chten, schreiben Sie eine eMail an: <span style=\"color: #000000;\">fussballcamp@tsvschott.de<\/span><\/p>\n<p>Wir informieren Sie per eMail, wenn die Anmeldungen f\u00fcr die Fu\u00dfballcamps freigeschaltet werden.[\/vc_message][vc_column_text]<\/p>\n<h2>Anmeldung zu den Fu\u00dfballcamps beim TSV SCHOTT Mainz &amp; SpVgg Ingelheim:<\/h2>\n<h3>Einfach das gew\u00fcnschte Fu\u00dfballcamp anklicken, dann kommen Sie zur Anmeldemaske.<\/h3>\n<p>[\/vc_column_text][\/vc_column][\/vc_row][vc_row][vc_column width=&#8220;1\/2&#8243;][vc_raw_html]JTNDaWZyYW1lJTIwaWQlM0QlMjI1ZWJhNmQzMTMzNjUwMDZkOWE1MjAwOTUlMjIlMjB3aWR0aCUzRCUyMjEwMCUyNSUyMiUyMGhlaWdodCUzRCUyMjE1MCUyMiUyMGNsYXNzJTNEJTIyeW9sYXdvLXdpZGdldCUyMiUyMHNyYyUzRCUyMmh0dHBzJTNBJTJGJTJGd2lkZ2V0cy55b2xhd28uZGUlMkZ3JTJGNjM2MjUzYjc3OGQ4YTMyOTU3NDNkOTUzJTIyJTIwZnJhbWVib3JkZXIlM0QlMjIwJTIyJTIwZGF0YS1vZmZzZXQteCUzRCUyMjUwJTIyJTIwc2Nyb2xsaW5nJTNEJTIybm8lMjIlM0UlM0MlMkZpZnJhbWUlM0UlM0NzY3JpcHQlMjB0eXBlJTNEJTIydGV4dCUyRmphdmFzY3JpcHQlMjIlMjBzcmMlM0QlMjJodHRwcyUzQSUyRiUyRndpZGdldHMueW9sYXdvLmRlJTJGYXNzZXRzJTJGc2NyaXB0LmpzJTIyJTNFJTNDJTJGc2NyaXB0JTNF[\/vc_raw_html][vc_empty_space][\/vc_column][vc_column width=&#8220;1\/2&#8243;][vc_column_text css=&#8220;&#8220;]<b><span data-contrast=\"auto\">Teilnehmer:<\/span><\/b><span data-ccp-props=\"{&quot;201341983&quot;:0,&quot;335559739&quot;:160,&quot;335559740&quot;:259}\">\u00a0<\/span><\/p>\n<p><span data-contrast=\"auto\">Jungen und M\u00e4dchen im Alter von 6-12 Jahren.\u00a0<\/span><span data-ccp-props=\"{&quot;201341983&quot;:0,&quot;335559739&quot;:160,&quot;335559740&quot;:259}\">\u00a0<\/span><\/p>\n<p><b><span data-contrast=\"auto\">Zeit:<\/span><\/b><span data-ccp-props=\"{&quot;201341983&quot;:0,&quot;335559739&quot;:160,&quot;335559740&quot;:259}\">\u00a0<\/span><\/p>\n<p><span data-contrast=\"auto\">Die Camps finden montags bis freitags t\u00e4glich von 10:00 \u2013 16:00 Uhr statt.<\/span><span data-ccp-props=\"{&quot;201341983&quot;:0,&quot;335551550&quot;:1,&quot;335551620&quot;:1,&quot;335559739&quot;:160,&quot;335559740&quot;:259}\">\u00a0<\/span><\/p>\n<p><span data-contrast=\"auto\">Zus\u00e4tzlich bieten wir t\u00e4glich eine Fr\u00fchbetreuung von 8:00 bis 10:00 Uhr f\u00fcr zus\u00e4tzlich nur 30,00 \u20ac (4 Tage an Ostern 25\u20ac) an.<\/span><span data-ccp-props=\"{&quot;201341983&quot;:0,&quot;335551550&quot;:1,&quot;335551620&quot;:1,&quot;335559739&quot;:160,&quot;335559740&quot;:259}\">\u00a0<\/span><\/p>\n<p><b><span data-contrast=\"auto\">Teilnehmerpreis:<\/span><\/b><span data-ccp-props=\"{&quot;201341983&quot;:0,&quot;335559739&quot;:160,&quot;335559740&quot;:259}\">\u00a0<\/span><\/p>\n<p><span data-contrast=\"auto\">199,00 \u20ac f\u00fcr Nicht-Mitglieder<\/span><span data-ccp-props=\"{&quot;201341983&quot;:0,&quot;335559739&quot;:160,&quot;335559740&quot;:259}\"> (4 Tage an Ostern 179\u20ac)<\/span><\/p>\n<p><span data-contrast=\"auto\">189,00 \u20ac f\u00fcr TSV Mitglieder, <span class=\"TextRun BCX2 SCXW91206123\" lang=\"DE-DE\" xml:lang=\"DE-DE\" data-contrast=\"auto\"><span class=\"NormalTextRun BCX2 SCXW91206123\">Kinder der Fu\u00dfballschule, Mitglieder der SpVgg Ingelheim,<\/span><\/span> Mitarbeiterkinder der Schott AG und Familien mit mindestens zwei Teilnehmern (4 Tage an Ostern 169\u20ac).<\/span><\/p>\n<p><span data-contrast=\"auto\">Im Teilnehmerpreis sind Mittagessen, Obst, Getr\u00e4nke und ein Camp-Shirt enthalten.<\/span><span data-ccp-props=\"{&quot;201341983&quot;:0,&quot;335559739&quot;:160,&quot;335559740&quot;:259}\">\u00a0<\/span><\/p>\n<p><b><span data-contrast=\"auto\">Kontakt<\/span><\/b><span data-ccp-props=\"{&quot;201341983&quot;:0,&quot;335559739&quot;:160,&quot;335559740&quot;:259}\">\u00a0<\/span><\/p>\n<p><span data-contrast=\"auto\">Sabine Manthe<\/span><span data-ccp-props=\"{&quot;201341983&quot;:0,&quot;335559739&quot;:160,&quot;335559740&quot;:259}\">\u00a0<\/span><\/p>\n<p><span data-contrast=\"auto\">E-Mail: <\/span><a href=\"mailto:fussballcamp@tsvschott.de\"><span data-contrast=\"none\">fussballcamp@tsvschott.de<\/span><\/a><span data-contrast=\"auto\">\u00a0<\/span><span data-ccp-props=\"{&quot;201341983&quot;:0,&quot;335559739&quot;:160,&quot;335559740&quot;:259}\">\u00a0<\/span><\/p>\n<p><span data-contrast=\"auto\">0179-4654548<\/span><span data-ccp-props=\"{&quot;201341983&quot;:0,&quot;335559739&quot;:160,&quot;335559740&quot;:259}\">\u00a0<\/span>[\/vc_column_text][vc_column_text css=&#8220;&#8220;]<\/p>\n<h4><strong>Achtung Camp-Zuschuss\u00a0<\/strong><\/h4>\n<p><span data-contrast=\"auto\">Da wir in unseren Ganztages-Camps zertifizierte Pr\u00e4ventionskurse zur Schulung koordinativer und sportmotorischer F\u00e4higkeiten integrieren, bezuschussen die gesetzlichen Krankenkassen in der Regel 70 bis 90 Prozent der reinen Campgeb\u00fchren. Die Campgeb\u00fchr teilt sich auf in 140,00 \u20ac (bzw. 120,00 \u20ac beim 4-Tages-Camp an Pfingsten) f\u00fcr das Camp selber und den Rest f\u00fcr sonstige Kosten, wie z. B. Essen, Material und Sonstiges. Um einen Zuschuss zu erhalten, muss Ihr Kind mindestens 80 % am Camp teilgenommen haben. Am Ende des Camps gibt es eine entsprechende Bescheinigung \u00fcber 140,00 \u20ac (120,00 \u20ac) zum Einreichen bei der Krankenkasse.<\/span><span data-ccp-props=\"{&quot;134233117&quot;:true,&quot;134233118&quot;:true,&quot;201341983&quot;:0,&quot;335559740&quot;:240}\">\u00a0<\/span><\/p>\n<p><span data-contrast=\"auto\">Wenn Sie bei Ihrer Krankenkasse nachfragen wollen, hier die genaue Bezeichnung:<\/span><span data-ccp-props=\"{&quot;134233117&quot;:true,&quot;134233118&quot;:true,&quot;201341983&quot;:0,&quot;335559740&quot;:240}\">\u00a0<\/span><\/p>\n<p><span data-contrast=\"auto\">Spielend Koordination f\u00fcr das Spielen lernen (unsere Kurs-ID lautet: KU-BE-DG9P7K).<\/span><span data-ccp-props=\"{&quot;134233117&quot;:true,&quot;134233118&quot;:true,&quot;201341983&quot;:0,&quot;335559740&quot;:240}\">\u00a0<\/span>[\/vc_column_text][\/vc_column][\/vc_row]<\/p>\n<\/div>","protected":false},"excerpt":{"rendered":"<p>[vc_row][vc_column][vc_message]Die Anmeldungen sind ausschlie\u00dflich online \u00fcber diese Seite m\u00f6glich. Vormerkungen oder Reservierungen machen wir nicht. Wenn Sie in unseren eMail-Verteiler f\u00fcr die Fu\u00dfballcamps aufgenommen werden m\u00f6chten, schreiben Sie eine eMail an: fussballcamp@tsvschott.de Wir informieren Sie per eMail, wenn die Anmeldungen f\u00fcr die Fu\u00dfballcamps freigeschaltet werden.[\/vc_message][vc_column_text] Anmeldung zu den Fu\u00dfballcamps beim TSV SCHOTT Mainz &amp; SpVgg [&hellip;]<\/p>\n","protected":false},"author":18,"featured_media":0,"parent":0,"menu_order":19,"comment_status":"closed","ping_status":"closed","template":"","meta":{"footnotes":""},"class_list":["post-11007","page","type-page","status-publish","hentry"],"_links":{"self":[{"href":"https:\/\/tsvschott.de\/fussball\/wp-json\/wp\/v2\/pages\/11007","targetHints":{"allow":["GET"]}}],"collection":[{"href":"https:\/\/tsvschott.de\/fussball\/wp-json\/wp\/v2\/pages"}],"about":[{"href":"https:\/\/tsvschott.de\/fussball\/wp-json\/wp\/v2\/types\/page"}],"author":[{"embeddable":true,"href":"https:\/\/tsvschott.de\/fussball\/wp-json\/wp\/v2\/users\/18"}],"replies":[{"embeddable":true,"href":"https:\/\/tsvschott.de\/fussball\/wp-json\/wp\/v2\/comments?post=11007"}],"version-history":[{"count":209,"href":"https:\/\/tsvschott.de\/fussball\/wp-json\/wp\/v2\/pages\/11007\/revisions"}],"predecessor-version":[{"id":13212,"href":"https:\/\/tsvschott.de\/fussball\/wp-json\/wp\/v2\/pages\/11007\/revisions\/13212"}],"wp:attachment":[{"href":"https:\/\/tsvschott.de\/fussball\/wp-json\/wp\/v2\/media?parent=11007"}],"curies":[{"name":"wp","href":"https:\/\/api.w.org\/{rel}","templated":true}]}}