{"id":11497,"date":"2020-03-20T09:14:43","date_gmt":"2020-03-20T08:14:43","guid":{"rendered":"https:\/\/tsvschott.de\/fussball\/?page_id=11497"},"modified":"2025-09-25T16:28:09","modified_gmt":"2025-09-25T14:28:09","slug":"torwartschule","status":"publish","type":"page","link":"https:\/\/tsvschott.de\/fussball\/torwartschule\/","title":{"rendered":"Torwartschule"},"content":{"rendered":"<div class=\"wpb-content-wrapper\"><p>[vc_row][vc_column][vc_empty_space][vc_single_image image=&#8220;11651&#8243; img_size=&#8220;full&#8220;][\/vc_column][vc_column width=&#8220;1\/2&#8243;][vc_empty_space][vc_tta_accordion style=&#8220;flat&#8220; shape=&#8220;square&#8220; color=&#8220;sky&#8220; active_section=&#8220;1&#8243;][vc_tta_section title=&#8220;Konzept&#8220; tab_id=&#8220;1552567601173-d68e27c9-ad50&#8243;][vc_column_text]Der Torwart (Torspieler) nimmt in der Mannschaft eine besondere Stellung ein. Allein schon durch das Sonderrecht, den Ball im eigenen Strafraum mit der Hand spielen zu d\u00fcrfen, ergeben sich f\u00fcr ihn im Wettkampf besondere Anforderungen und Aufgaben.<\/p>\n<p>Im Trainings- und Wettkampfalltag wird darauf jedoch leider keine oder nur wenig R\u00fccksicht genommen. Das komplexe Anforderungsprofil f\u00fcr den Torh\u00fcter\/ Torspieler ergibt sich durch die Sonderregel, den Ball mit der Hand sowie durch Einf\u00fchrung der R\u00fcckpassregel mit dem Fu\u00df zu spielen. Der Torh\u00fcter\/Torspieler im heutigen Fu\u00dfball vereinigt somit die klassischen Aufgaben mit denen eines Feldspielers.<\/p>\n<p>Dieses komplexe Anforderungsprofil erfordert ein spezielles Torh\u00fcter\/Torspieler-Training und zwar schon in jungen Jahren. Wenn man sich die Situation des Torh\u00fcters\/Torspielers \u2013 Trainings in den meisten Vereinen anschaut, stellt man fest, dass es selten eine torwartgerechte Ausbildung gibt.<\/p>\n<p>Daher bietet der TSV SCHOTT mit seiner Torwartschule den Torh\u00fcter\/innen ein w\u00f6chentliches qualitatives Torwarttraining an. Die Torwartschule ist gedacht als Erg\u00e4nzung zum Mannschaftstraining und f\u00fcr Torh\u00fcter, die in ihren Vereinen kein oder wenig spezielles Torh\u00fctertraining bekommen.[\/vc_column_text][\/vc_tta_section][vc_tta_section title=&#8220;Schnuppertraining&#8220; tab_id=&#8220;1678703474788-d24bde63-bf3e&#8220;][vc_raw_html]JTNDaWZyYW1lJTIwaWQlM0QlMjI1ZWJhNmQzMTMzNjUwMDZkOWE1MjAwOTUlMjIlMjB3aWR0aCUzRCUyMjEwMCUyNSUyMiUyMGhlaWdodCUzRCUyMjE1MCUyMiUyMGNsYXNzJTNEJTIyeW9sYXdvLXdpZGdldCUyMiUyMHNyYyUzRCUyMmh0dHBzJTNBJTJGJTJGd2lkZ2V0cy55b2xhd28uZGUlMkZ3JTJGNjMwNzU5ZGQ0YzYwZjU2YWY2MDdiYzZhJTIyJTIwZnJhbWVib3JkZXIlM0QlMjIwJTIyJTIwZGF0YS1vZmZzZXQteCUzRCUyMjUwJTIyJTIwc2Nyb2xsaW5nJTNEJTIybm8lMjIlM0UlM0MlMkZpZnJhbWUlM0UlM0NzY3JpcHQlMjB0eXBlJTNEJTIydGV4dCUyRmphdmFzY3JpcHQlMjIlMjBzcmMlM0QlMjJodHRwcyUzQSUyRiUyRndpZGdldHMueW9sYXdvLmRlJTJGYXNzZXRzJTJGc2NyaXB0LmpzJTIyJTNFJTNDJTJGc2NyaXB0JTNF[\/vc_raw_html][\/vc_tta_section][vc_tta_section title=&#8220;Trainingsschwerpunkte&#8220; tab_id=&#8220;1553071404474-9d727b79-76a7&#8243;][vc_column_text]Innerhalb des w\u00f6chentlichen Trainings werden mit jedem Torh\u00fcter\/innen f\u00fcnf wesentliche torspielerspezifische Schwerpunkte trainiert:<\/p>\n<ul>\n<li>Spiel\u00f6ffnung (Passspiel\/Ballannahme, Flugball, Abschlag, Abwurf)<\/li>\n<li>Grundtechniken (Fangen\/Korb\/Fallen, Schritte, Ablenken)<\/li>\n<li>Abdruck (Flach, Hoch\/\u00dcbergreifen)<\/li>\n<li>Eins gegen Eins\/Nahdistanz (Tauchen, Reaktion Hand\/Fu\u00df, Block, Ballangriff)<\/li>\n<li>Flanken und Mitspielen (Bewegungsablauf\/Timing, Fausten, Mitspielen)<\/li>\n<\/ul>\n<p>[\/vc_column_text][\/vc_tta_section][vc_tta_section title=&#8220;Zielgruppe&#8220; tab_id=&#8220;1552567601179-35864b99-0538&#8243;][vc_column_text]Die Torwartschule steht f\u00fcr alle Vereinsspieler (extern und intern), die ihre torwartspezifischen Fertigkeiten gezielt ausbauen und verbessern m\u00f6chten:<\/p>\n<ul>\n<li>Jungen und M\u00e4dchen im Alter von 8 \u2013 12 Jahren<\/li>\n<li>Eine Mitgliedschaft beim TSV SCHOTT ist <u>keine<\/u> Voraussetzung<\/li>\n<\/ul>\n<p>[\/vc_column_text][\/vc_tta_section][vc_tta_section title=&#8220;Beitrag&#8220; tab_id=&#8220;1553764973185-da071a12-d7bc&#8220;][vc_column_text]59\u20ac im Monat (ohne TSV-Vereinsmitgliedschaft)<\/p>\n<p>54\u20ac im Monat (mit TSV-Vereinsmitgliedschaft)<\/p>\n<p>Der quartalsweise Einzug erfolgt am 08.01., 08.04., 08.10. und 08.10. Sollte der 08. des jeweiligen Monats aus einen Samstag, Sonntag oder Feiertag fallen, so wird der Betrag am darauffolgenden Werktag eingezogen. Im Monat Juli werden keine Beitr\u00e4ge eingezogen.[\/vc_column_text][\/vc_tta_section][vc_tta_section title=&#8220;Ort&#8220; tab_id=&#8220;1552568172994-e6952f36-058d&#8220;][vc_column_text]Alle Trainingseinheiten finden auf dem Sportgel\u00e4nde des TSV SCHOTT Mainz statt:<\/p>\n<p>Karlsbader Stra\u00dfe 23<\/p>\n<p>55122 Mainz-Gonsenheim[\/vc_column_text][\/vc_tta_section][\/vc_tta_accordion][\/vc_column][vc_column width=&#8220;1\/2&#8243;][vc_empty_space][vc_text_separator title=&#8220;Kontakt&#8220; color=&#8220;sky&#8220;][vc_column_text css=&#8220;&#8220;]Leiter Torwartschule<\/p>\n<p>Samuel Horozovic (A-Lizenz)<\/p>\n<p>E-Mail: <a href=\"mailto:fussball-akademie@tsvschott.de\">fussball-akademie@tsvschott.de<\/a>[\/vc_column_text][vc_text_separator title=&#8220;Trainingszeiten&#8220;][vc_column_text css=&#8220;&#8220;]<strong>Altersstufe 8 bis 12<\/strong><\/p>\n<p>Donnerstag von 16:45 Uhr bis 18:00 Uhr<\/p>\n<p>Ort: Kunstrasenplatz 1\/ Rasenplatz<\/p>\n<p>Trainer: Luis Hahner &amp; Julian Schmitt[\/vc_column_text][vc_column_text]Die Trainingseinheiten finden au\u00dferhalb der gesetzlichen Ferien und Feiertage in Rheinland-Pfalz statt.[\/vc_column_text][\/vc_column][\/vc_row]<\/p>\n<\/div>","protected":false},"excerpt":{"rendered":"<p>[vc_row][vc_column][vc_empty_space][vc_single_image image=&#8220;11651&#8243; img_size=&#8220;full&#8220;][\/vc_column][vc_column width=&#8220;1\/2&#8243;][vc_empty_space][vc_tta_accordion style=&#8220;flat&#8220; shape=&#8220;square&#8220; color=&#8220;sky&#8220; active_section=&#8220;1&#8243;][vc_tta_section title=&#8220;Konzept&#8220; tab_id=&#8220;1552567601173-d68e27c9-ad50&#8243;][vc_column_text]Der Torwart (Torspieler) nimmt in der Mannschaft eine besondere Stellung ein. Allein schon durch das Sonderrecht, den Ball im eigenen Strafraum mit der Hand spielen zu d\u00fcrfen, ergeben sich f\u00fcr ihn im Wettkampf besondere Anforderungen und Aufgaben. Im Trainings- und Wettkampfalltag wird darauf jedoch leider keine [&hellip;]<\/p>\n","protected":false},"author":18,"featured_media":0,"parent":0,"menu_order":2,"comment_status":"closed","ping_status":"closed","template":"","meta":{"footnotes":""},"class_list":["post-11497","page","type-page","status-publish","hentry"],"_links":{"self":[{"href":"https:\/\/tsvschott.de\/fussball\/wp-json\/wp\/v2\/pages\/11497","targetHints":{"allow":["GET"]}}],"collection":[{"href":"https:\/\/tsvschott.de\/fussball\/wp-json\/wp\/v2\/pages"}],"about":[{"href":"https:\/\/tsvschott.de\/fussball\/wp-json\/wp\/v2\/types\/page"}],"author":[{"embeddable":true,"href":"https:\/\/tsvschott.de\/fussball\/wp-json\/wp\/v2\/users\/18"}],"replies":[{"embeddable":true,"href":"https:\/\/tsvschott.de\/fussball\/wp-json\/wp\/v2\/comments?post=11497"}],"version-history":[{"count":32,"href":"https:\/\/tsvschott.de\/fussball\/wp-json\/wp\/v2\/pages\/11497\/revisions"}],"predecessor-version":[{"id":13241,"href":"https:\/\/tsvschott.de\/fussball\/wp-json\/wp\/v2\/pages\/11497\/revisions\/13241"}],"wp:attachment":[{"href":"https:\/\/tsvschott.de\/fussball\/wp-json\/wp\/v2\/media?parent=11497"}],"curies":[{"name":"wp","href":"https:\/\/api.w.org\/{rel}","templated":true}]}}