{"id":11942,"date":"2020-09-03T10:28:42","date_gmt":"2020-09-03T08:28:42","guid":{"rendered":"https:\/\/tsvschott.de\/fussball\/?page_id=11942"},"modified":"2024-09-03T11:00:01","modified_gmt":"2024-09-03T09:00:01","slug":"fussball-akademie","status":"publish","type":"page","link":"https:\/\/tsvschott.de\/fussball\/fussball-akademie\/","title":{"rendered":"Fu\u00dfball-Akademie"},"content":{"rendered":"<div class=\"wpb-content-wrapper\"><p>[vc_row][vc_column][vc_empty_space][vc_single_image image=&#8220;11949&#8243; img_size=&#8220;large&#8220; alignment=&#8220;center&#8220;][vc_empty_space css=&#8220;.vc_custom_1599115055064{background-color: #ffffff !important;}&#8220;][\/vc_column][\/vc_row][vc_row][vc_column][vc_separator color=&#8220;custom&#8220; accent_color=&#8220;#6899d1&#8243;][\/vc_column][\/vc_row][vc_row][vc_column width=&#8220;1\/3&#8243;][vc_empty_space height=&#8220;70px&#8220;][vc_single_image image=&#8220;11970&#8243; img_size=&#8220;medium&#8220; alignment=&#8220;center&#8220; onclick=&#8220;custom_link&#8220; img_link_target=&#8220;_blank&#8220; link=&#8220;https:\/\/tsvschott.de\/fussballschule\/&#8220;][vc_empty_space height=&#8220;8px&#8220;][vc_column_text css=&#8220;&#8220;]<\/p>\n<ul>\n<li>F\u00fcr Jungen und M\u00e4dchen von 3 bis 10 Jahre<\/li>\n<li>Altershomogene Kleingruppen<\/li>\n<li>Lizenzierte Trainer sowie Spieler der 1. Mannschaft bzw. U19<\/li>\n<li>Trainingsschwerpunkte:\n<ul>\n<li>Spa\u00df und Freude am Fu\u00dfball<\/li>\n<li>Spielerisches und taktisches Verst\u00e4ndnis<\/li>\n<li>Fu\u00dfballspezifische Techniken<\/li>\n<li>Konditionelle F\u00e4higkeiten<\/li>\n<li>Vermittlung Werte des TSV SCHOTT<\/li>\n<\/ul>\n<\/li>\n<\/ul>\n<p>[\/vc_column_text][\/vc_column][vc_column width=&#8220;1\/3&#8243;][vc_single_image image=&#8220;11971&#8243; img_size=&#8220;full&#8220; alignment=&#8220;center&#8220; onclick=&#8220;custom_link&#8220; link=&#8220;https:\/\/tsvschott.de\/fussball\/torwartschule\/&#8220;][vc_empty_space height=&#8220;16px&#8220;][vc_column_text]<\/p>\n<ul>\n<li>F\u00fcr Jungen und M\u00e4dchen von 8 bis 12 Jahre<\/li>\n<li>F\u00fcr alle Vereinstorh\u00fcter (intern und extern)<\/li>\n<li>Lizenzierte Trainer<\/li>\n<li>Trainingsschwerpunkte:\n<ul>\n<li>Grundtechniken<\/li>\n<li>Abdruck<\/li>\n<li>Eins gegen Eins\/ Nahdistanz<\/li>\n<li>Flanken und Mitspielen<\/li>\n<\/ul>\n<\/li>\n<\/ul>\n<p>[\/vc_column_text][\/vc_column][vc_column width=&#8220;1\/3&#8243;][vc_single_image image=&#8220;11929&#8243; img_size=&#8220;full&#8220; alignment=&#8220;center&#8220; onclick=&#8220;custom_link&#8220; link=&#8220;https:\/\/tsvschott.de\/fussball\/kreative-koepfe\/&#8220;][vc_column_text]<\/p>\n<ul>\n<li>F\u00fcr Jungen und M\u00e4dchen von 11 bis 13 Jahre<\/li>\n<li>Altershomogene Kleingruppen<\/li>\n<li>Lizenzierte Trainer<\/li>\n<li>Trainingsschwerpunkte:\n<ul>\n<li>Spielintelligenz<\/li>\n<li>Kreativit\u00e4t<\/li>\n<li>Kognitive F\u00e4higkeiten<\/li>\n<li>Fu\u00dfballspezifische Techniken<\/li>\n<li>Koordination<\/li>\n<li>Handlungsschnelligkeit<\/li>\n<\/ul>\n<\/li>\n<\/ul>\n<p>[\/vc_column_text][\/vc_column][\/vc_row][vc_row][vc_column width=&#8220;1\/3&#8243;][vc_btn title=&#8220;Weitere Infos zur Fu\u00dfballschule&#8220; color=&#8220;primary&#8220; size=&#8220;lg&#8220; align=&#8220;center&#8220; button_block=&#8220;true&#8220; link=&#8220;url:https%3A%2F%2Ftsvschott.de%2Ffussballschule%2F|||&#8220;][vc_empty_space][\/vc_column][vc_column width=&#8220;1\/3&#8243;][vc_btn title=&#8220;Weitere Infos zur Torwartschule&#8220; color=&#8220;primary&#8220; size=&#8220;lg&#8220; align=&#8220;center&#8220; button_block=&#8220;true&#8220; link=&#8220;url:https%3A%2F%2Ftsvschott.de%2Ffussball%2Ftorwartschule%2F|||&#8220;][vc_empty_space][\/vc_column][vc_column width=&#8220;1\/3&#8243;][vc_btn title=&#8220;Weitere Infos zu den Kreativen K\u00f6pfen&#8220; color=&#8220;primary&#8220; size=&#8220;lg&#8220; align=&#8220;center&#8220; button_block=&#8220;true&#8220; link=&#8220;url:https%3A%2F%2Ftsvschott.de%2Ffussball%2Fkreative-koepfe%2F|||&#8220;][vc_empty_space][\/vc_column][\/vc_row]<\/p>\n<\/div>","protected":false},"excerpt":{"rendered":"<p>[vc_row][vc_column][vc_empty_space][vc_single_image image=&#8220;11949&#8243; img_size=&#8220;large&#8220; alignment=&#8220;center&#8220;][vc_empty_space css=&#8220;.vc_custom_1599115055064{background-color: #ffffff !important;}&#8220;][\/vc_column][\/vc_row][vc_row][vc_column][vc_separator color=&#8220;custom&#8220; accent_color=&#8220;#6899d1&#8243;][\/vc_column][\/vc_row][vc_row][vc_column width=&#8220;1\/3&#8243;][vc_empty_space height=&#8220;70px&#8220;][vc_single_image image=&#8220;11970&#8243; img_size=&#8220;medium&#8220; alignment=&#8220;center&#8220; onclick=&#8220;custom_link&#8220; img_link_target=&#8220;_blank&#8220; link=&#8220;https:\/\/tsvschott.de\/fussballschule\/&#8220;][vc_empty_space height=&#8220;8px&#8220;][vc_column_text css=&#8220;&#8220;] F\u00fcr Jungen und M\u00e4dchen von 3 bis 10 Jahre Altershomogene Kleingruppen Lizenzierte Trainer sowie Spieler der 1. Mannschaft bzw. U19 Trainingsschwerpunkte: Spa\u00df und Freude am Fu\u00dfball Spielerisches und taktisches Verst\u00e4ndnis Fu\u00dfballspezifische Techniken Konditionelle F\u00e4higkeiten Vermittlung Werte [&hellip;]<\/p>\n","protected":false},"author":18,"featured_media":0,"parent":0,"menu_order":0,"comment_status":"closed","ping_status":"closed","template":"","meta":{"footnotes":""},"class_list":["post-11942","page","type-page","status-publish","hentry"],"_links":{"self":[{"href":"https:\/\/tsvschott.de\/fussball\/wp-json\/wp\/v2\/pages\/11942","targetHints":{"allow":["GET"]}}],"collection":[{"href":"https:\/\/tsvschott.de\/fussball\/wp-json\/wp\/v2\/pages"}],"about":[{"href":"https:\/\/tsvschott.de\/fussball\/wp-json\/wp\/v2\/types\/page"}],"author":[{"embeddable":true,"href":"https:\/\/tsvschott.de\/fussball\/wp-json\/wp\/v2\/users\/18"}],"replies":[{"embeddable":true,"href":"https:\/\/tsvschott.de\/fussball\/wp-json\/wp\/v2\/comments?post=11942"}],"version-history":[{"count":78,"href":"https:\/\/tsvschott.de\/fussball\/wp-json\/wp\/v2\/pages\/11942\/revisions"}],"predecessor-version":[{"id":13199,"href":"https:\/\/tsvschott.de\/fussball\/wp-json\/wp\/v2\/pages\/11942\/revisions\/13199"}],"wp:attachment":[{"href":"https:\/\/tsvschott.de\/fussball\/wp-json\/wp\/v2\/media?parent=11942"}],"curies":[{"name":"wp","href":"https:\/\/api.w.org\/{rel}","templated":true}]}}