{"id":12489,"date":"2022-03-16T11:50:03","date_gmt":"2022-03-16T10:50:03","guid":{"rendered":"https:\/\/tsvschott.de\/fussball\/?page_id=12489"},"modified":"2022-03-31T22:51:15","modified_gmt":"2022-03-31T20:51:15","slug":"ausbildungszentrum-1-fsv-mainz-05","status":"publish","type":"page","link":"https:\/\/tsvschott.de\/fussball\/start\/ausbildungszentrum-1-fsv-mainz-05\/","title":{"rendered":"Ausbildungszentrum 1. FSV Mainz 05"},"content":{"rendered":"<div class=\"wpb-content-wrapper\"><p>[vc_row][vc_column][vc_empty_space][vc_single_image image=&#8220;12469&#8243; img_size=&#8220;full&#8220;][vc_separator][\/vc_column][\/vc_row][vc_row][vc_column width=&#8220;1\/2&#8243;][vc_column_text]<strong>Inhalte<\/strong><\/p>\n<ul>\n<li>Adaption der Ausbildungsinhalte pro Jahrgang<\/li>\n<li>Zusammenarbeit anhand des Ausbildungsplans von Mainz 05<\/li>\n<li>Aus- und Weiterbildung von Trainerinnen und Trainern<\/li>\n<li>Spielerentwicklung<\/li>\n<li>Gemeinsame Trainingseinheiten<\/li>\n<li>Sichtungscamps<\/li>\n<li>F\u00f6rdertrainings<\/li>\n<li>Trainings- und Spielbesuche der Profimannschaft<\/li>\n<li>Stadionerlebnisse<\/li>\n<\/ul>\n<p>[\/vc_column_text][vc_single_image image=&#8220;12497&#8243; img_size=&#8220;full&#8220;][\/vc_column][vc_column width=&#8220;1\/2&#8243;][vc_single_image image=&#8220;12496&#8243; img_size=&#8220;full&#8220;][vc_column_text]<strong>Ziele<\/strong><\/p>\n<ul>\n<li>Optimale F\u00f6rderung und Ausbildung regionaler Spieler- und Trainertalente<\/li>\n<li>Weitergabe des Wissens \u00fcber die Nachwuchsausbildung im Fu\u00dfball auf einer breiteren Ebene f\u00fcr Trainer und Spieler aus der Region<\/li>\n<li>Entwicklung eines auf den Nachwuchsbereich des TSV SCHOTT Mainz abgestimmten Plans mit klar definierten Zielen<\/li>\n<\/ul>\n<p>[\/vc_column_text][\/vc_column][\/vc_row][vc_row][vc_column][vc_separator][\/vc_column][\/vc_row][vc_row][vc_column][vc_column_text]<strong>TSV SCHOTT und Mainz 05 starten innovative Ausbildungspartnerschaft<\/strong><\/p>\n<p>Coaching, Ausbildung und gemeinsame Philosophie \u2013 Der TSV SCHOTT wird erstes Ausbildungszentrum des 1. FSV Mainz 05<\/p>\n<p>Der TSV SCHOTT Mainz ist ab sofort offizielles Ausbildungszentrum des Nachwuchsleistungszentrums von Mainz 05. Der TSV und die 05ER schlossen eine entsprechende Partnerschaft ab. Mit der intensiven Zusammenarbeit soll die bereits gute Ausbildung unserer Fu\u00dfballerinnen, Fu\u00dfballer, Trainerinnen und Trainer auf ein noch h\u00f6heres Niveau gebracht werden. Das Ausbildungszentrum ist Teil eines Gesamtkonzepts, mit dem der FSV Mainz 05 die Zusammenarbeit mit Vereinen aus der Region weiter intensivieren m\u00f6chte.<\/p>\n<p>Der FSV teilt dabei seine Erfahrungen, das Wissen und organisatorische Strukturen eines Top-Ausbildungsvereins und Nachwuchsleistungszentrums der Fu\u00dfball-Bundesliga, um auch im regionalen Fu\u00dfball eine professionelle Spieler- und Trainerausbildung zu unterst\u00fctzen. Der Grundgedanke des Ausbildungszentrums liegt dabei in der Partizipation. Mit einem auf den Nachwuchsbereich des TSV SCHOTT abgestimmten Plan und klar definierten Zielen soll die Ausbildung auf ein noch h\u00f6heres Level gehoben werden. \u201eInnovativ zu sein und andere Wege zu gehen ist eine der St\u00e4rken von Mainz 05. Deshalb haben wir das Konzept der Kooperationsvereine weiterentwickelt und ausgebaut. Unser Wissen \u00fcber die Nachwuchsausbildung im Fu\u00dfball wollen wir auf einer breiteren Ebene f\u00fcr Trainer und Spieler aus der Region weitergeben. Wir freuen uns deshalb sehr, den TSV SCHOTT Mainz als Partner und offizielles Ausbildungszentrum begr\u00fc\u00dfen zu k\u00f6nnen\u201c, sagt Volker Kersting, Leiter des Nachwuchsleistungszentrums auf dem WOLFGANG FRANK CAMPUS am Bruchweg.<\/p>\n<p>\u201eF\u00fcr uns steht im Fu\u00dfball die Ausbildung talentierter Nachwuchsspieler aus der Region im Vordergrund. Die Kooperation mit Mainz 05 bietet ideale Voraussetzungen und interessante Perspektiven, um unsere Ausbildungsinhalte auf h\u00f6chstm\u00f6glichem Niveau weiterentwickeln zu k\u00f6nnen, sagt Till Pleuger, Manager und Vorstandsmitglied des TSV. Die 05ER bieten ein volles Paket der Unterst\u00fctzung: Ausbildungspl\u00e4ne f\u00fcr die einzelnen Jahrg\u00e4nge, Trainingseinheiten mit Coaches aus dem NLZ, Entwicklung von Trainerinnen und Trainern, Hospitationen und Unterst\u00fctzung bei der Umsetzung des gemeinsamen \u201eroten Fadens\u201c sind wichtige Elemente der Partnerschaft. \u201eMainz 05 steht seit Jahren f\u00fcr inhaltliche und pers\u00f6nliche Weiterentwicklung der Spieler und Trainer. Dies spiegelt sich in hohem Ma\u00dfe in der Durchl\u00e4ssigkeit innerhalb der Jahrg\u00e4nge vom Grundlagenbereich bis hin zum \u00dcbergang und der Etablierung von Jungprofis wider. Die Entwicklung des Konzeptes ist der logische und konsequente n\u00e4chste Schritt zu den bereits bestehenden Vereins-Partnerschaften. Hier sehen wir den TSV SCHOTT \u2013 mit den vorhandenen Strukturen und der geografischen N\u00e4he \u2013 als optimalen Partner\u201c, sagt Marco Usai, sportlicher Leiter des Grundlagenbereichs im NLZ der 05ER.<\/p>\n<p>TSV-Jugendleiter Samuel Horozovic sieht die Partnerschaft auch als Auszeichnung f\u00fcr die erfolgreiche Nachwuchsarbeit: \u201eDass wir Ausbildungszentrum von Mainz 05 werden, spricht f\u00fcr unsere gute Arbeit in den letzten Jahren.\u00a0Wenn sich bei uns besonders talentierte Nachwuchskicker entwickeln, stehen sie automatisch im Fokus der Nachwuchsleistungszentren. Wir freuen uns sehr, dass wir zuk\u00fcnftig in engem Austausch mit Mainz 05 stehen werden, um genau diese Spieler in der Region zu halten. Davon profitieren beide Vereine und ganz besonders auch die Spieler, die in ihrem famili\u00e4ren Umfeld einen solchen Entwicklungsschritt gehen k\u00f6nnen.\u201c[\/vc_column_text][\/vc_column][\/vc_row]<\/p>\n<\/div>","protected":false},"excerpt":{"rendered":"<p>[vc_row][vc_column][vc_empty_space][vc_single_image image=&#8220;12469&#8243; img_size=&#8220;full&#8220;][vc_separator][\/vc_column][\/vc_row][vc_row][vc_column width=&#8220;1\/2&#8243;][vc_column_text]Inhalte Adaption der Ausbildungsinhalte pro Jahrgang Zusammenarbeit anhand des Ausbildungsplans von Mainz 05 Aus- und Weiterbildung von Trainerinnen und Trainern Spielerentwicklung Gemeinsame Trainingseinheiten Sichtungscamps F\u00f6rdertrainings Trainings- und Spielbesuche der Profimannschaft Stadionerlebnisse [\/vc_column_text][vc_single_image image=&#8220;12497&#8243; img_size=&#8220;full&#8220;][\/vc_column][vc_column width=&#8220;1\/2&#8243;][vc_single_image image=&#8220;12496&#8243; img_size=&#8220;full&#8220;][vc_column_text]Ziele Optimale F\u00f6rderung und Ausbildung regionaler Spieler- und Trainertalente Weitergabe des Wissens \u00fcber die Nachwuchsausbildung im [&hellip;]<\/p>\n","protected":false},"author":18,"featured_media":0,"parent":2282,"menu_order":1,"comment_status":"closed","ping_status":"closed","template":"single\/single-extra.php","meta":{"footnotes":""},"class_list":["post-12489","page","type-page","status-publish","hentry"],"_links":{"self":[{"href":"https:\/\/tsvschott.de\/fussball\/wp-json\/wp\/v2\/pages\/12489","targetHints":{"allow":["GET"]}}],"collection":[{"href":"https:\/\/tsvschott.de\/fussball\/wp-json\/wp\/v2\/pages"}],"about":[{"href":"https:\/\/tsvschott.de\/fussball\/wp-json\/wp\/v2\/types\/page"}],"author":[{"embeddable":true,"href":"https:\/\/tsvschott.de\/fussball\/wp-json\/wp\/v2\/users\/18"}],"replies":[{"embeddable":true,"href":"https:\/\/tsvschott.de\/fussball\/wp-json\/wp\/v2\/comments?post=12489"}],"version-history":[{"count":6,"href":"https:\/\/tsvschott.de\/fussball\/wp-json\/wp\/v2\/pages\/12489\/revisions"}],"predecessor-version":[{"id":12567,"href":"https:\/\/tsvschott.de\/fussball\/wp-json\/wp\/v2\/pages\/12489\/revisions\/12567"}],"up":[{"embeddable":true,"href":"https:\/\/tsvschott.de\/fussball\/wp-json\/wp\/v2\/pages\/2282"}],"wp:attachment":[{"href":"https:\/\/tsvschott.de\/fussball\/wp-json\/wp\/v2\/media?parent=12489"}],"curies":[{"name":"wp","href":"https:\/\/api.w.org\/{rel}","templated":true}]}}