{"id":2265,"date":"2015-06-25T16:45:32","date_gmt":"2015-06-25T14:45:32","guid":{"rendered":"http:\/\/tsvschott.de\/fussball\/?page_id=2265"},"modified":"2022-11-14T14:50:45","modified_gmt":"2022-11-14T13:50:45","slug":"teilnahmebedingungen","status":"publish","type":"page","link":"https:\/\/tsvschott.de\/fussball\/teilnahmebedingungen\/","title":{"rendered":"Teilnahmebedingungen"},"content":{"rendered":"<div class=\"wpb-content-wrapper\"><p>[vc_row][vc_column width=&#8220;1\/2&#8243; el_class=&#8220;text&#8220;][vc_column_text]<\/p>\n<h3>Teilnahmegeb\u00fchr:<\/h3>\n<p>Die entsprechende Teilnahmegeb\u00fchr wird nach Erhalt der Teilnahmebest\u00e4tigung \u00fcberwiesen.<\/p>\n<h3>Versicherung:<\/h3>\n<p>Eventuelle Verletzungen\/Erkrankungen beim Training und rund um das Fussballcamp werden durch eine Familienversicherung der Eltern abgedeckt.<\/p>\n<h3>Erkl\u00e4rung:<\/h3>\n<p>Es ist den Anordnungen der verantwortlichen Trainer Folge zu leisten. Sollte es zu &#8222;groben&#8220; Verst\u00f6\u00dfen kommen &#8211; z. B. gegen die Hausordnung &#8211; wird es eine Meldung an die Erziehungsberechtigten geben. In einem Wiederholungsfall behalten wir uns vor, den Teilnehmer von der Veranstaltung auszuschlie\u00dfen. Die Teilnahmegeb\u00fchr wird in diesem Fall nicht zur\u00fcckerstattet.<\/p>\n<h3>Gesundheitliche Einschr\u00e4nkungen\/Medizinische Betreuung:<\/h3>\n<p>Sollte sich Ihr Kind derzeit in \u00e4rztlicher Behandlung befinden, nehmen Sie bitte unbedingt R\u00fccksprache mit dem behandelnden Arzt und lassen sich best\u00e4tigen, dass die Teilnahme am Fu\u00dfballcamp ohne gesundheitliche Risiken f\u00fcr Ihr Kind m\u00f6glich ist. Der TSV SCHOTT \u00fcbernimmt keinerlei Haftung, wenn gegen \u00e4rztliche Anordnungen versto\u00dfen wird. Falls die Einnahme von Medikamenten w\u00e4hrend des Trainings erforderlich ist, teilen Sie uns bitte per E-Mail die Einnahmeverordnungen an <a href=\"mailto:fussballcamp@tsvschott.de\">fussballcamp@tsvschott.de<\/a> mit. Bitte teilen Sie uns auch mit, falls Ihr Kind unter m\u00f6glichen Allergien leidet.<br \/>\n[\/vc_column_text][\/vc_column][vc_column width=&#8220;1\/2&#8243;][vc_column_text el_class=&#8220;text&#8220;]<\/p>\n<h3>Ern\u00e4hrung:<\/h3>\n<p>Wenn Ihr Kind eine spezielle Ern\u00e4hrung ben\u00f6tigt (bedingt durch medizinische Verordnungen oder aus religi\u00f6sem Anlass) teilen Sie uns dies bitte per E-Mail an <a href=\"mailto:fussballcamp@tsvschott.de\">fussballcamp@tsvschott.de<\/a> mit.<\/p>\n<h3>R\u00fccktritt:<\/h3>\n<p>Wenn Sie Ihr Kind von unserem Fu\u00dfballcamp abmelden m\u00f6chten, setzen Sie sich bitte schnellstm\u00f6glich per Mail mit uns in Verbindung.<\/p>\n<p>Stornierungsregelung:<\/p>\n<p>90% R\u00fcckerstattung bei R\u00fccktritt bis 22 Tage vor Campbeginn<\/p>\n<p><span data-contrast=\"auto\">75% R\u00fcckerstattung bei R\u00fccktritt bis 5 Tage vor Campbeginn<\/span><\/p>\n<p class=\"elementToProof\">50% R\u00fcckerstattung bei R\u00fccktritt bis 1 Tag vor Campbeginn<\/p>\n<p class=\"elementToProof\">Bei R\u00fccktritt am Tag des Campbeginns k\u00f6nnen wir leider keinen Teilnehmerbeitrag zur\u00fcckerstatten.<\/p>\n<p>Die R\u00fcck\u00fcberweisung bei schon geleisteter Zahlung kann ausschlie\u00dflich auf dasselbe Konto erfolgen.<\/p>\n<h3>Daten:<\/h3>\n<p>Die im Anmeldeformular anzugebenden, personenbezogenen Daten werden ausschlie\u00dflich in Zusammenhang mit der Vor- und Nachbereitung des Camps erfasst und verarbeitet. Hierbei werden die Anforderungen des BDSG eingehalten. Nach Abwicklung des Camps werden die Daten gel\u00f6scht. Wir behalten uns jedoch vor, Ihre Emailadresse zu speichern, um Sie \u00fcber zuk\u00fcnftige Camps zu informieren.<\/p>\n<p>Der\/die Erziehungsberechtigte(n) erkl\u00e4ren ihr Einverst\u00e4ndnis mit der Nutzung von im Rahmen der Fussballcamps erstelltem Bildmaterial durch den Veranstalter, insbesondere zu Werbezwecken.[\/vc_column_text][\/vc_column][\/vc_row][vc_row][vc_column][\/vc_column][\/vc_row]<\/p>\n<\/div>","protected":false},"excerpt":{"rendered":"<p>[vc_row][vc_column width=&#8220;1\/2&#8243; el_class=&#8220;text&#8220;][vc_column_text] Teilnahmegeb\u00fchr: Die entsprechende Teilnahmegeb\u00fchr wird nach Erhalt der Teilnahmebest\u00e4tigung \u00fcberwiesen. Versicherung: Eventuelle Verletzungen\/Erkrankungen beim Training und rund um das Fussballcamp werden durch eine Familienversicherung der Eltern abgedeckt. Erkl\u00e4rung: Es ist den Anordnungen der verantwortlichen Trainer Folge zu leisten. Sollte es zu &#8222;groben&#8220; Verst\u00f6\u00dfen kommen &#8211; z. B. gegen die Hausordnung &#8211; wird [&hellip;]<\/p>\n","protected":false},"author":9,"featured_media":0,"parent":0,"menu_order":9,"comment_status":"closed","ping_status":"closed","template":"","meta":{"footnotes":""},"class_list":["post-2265","page","type-page","status-publish","hentry"],"_links":{"self":[{"href":"https:\/\/tsvschott.de\/fussball\/wp-json\/wp\/v2\/pages\/2265","targetHints":{"allow":["GET"]}}],"collection":[{"href":"https:\/\/tsvschott.de\/fussball\/wp-json\/wp\/v2\/pages"}],"about":[{"href":"https:\/\/tsvschott.de\/fussball\/wp-json\/wp\/v2\/types\/page"}],"author":[{"embeddable":true,"href":"https:\/\/tsvschott.de\/fussball\/wp-json\/wp\/v2\/users\/9"}],"replies":[{"embeddable":true,"href":"https:\/\/tsvschott.de\/fussball\/wp-json\/wp\/v2\/comments?post=2265"}],"version-history":[{"count":12,"href":"https:\/\/tsvschott.de\/fussball\/wp-json\/wp\/v2\/pages\/2265\/revisions"}],"predecessor-version":[{"id":12910,"href":"https:\/\/tsvschott.de\/fussball\/wp-json\/wp\/v2\/pages\/2265\/revisions\/12910"}],"wp:attachment":[{"href":"https:\/\/tsvschott.de\/fussball\/wp-json\/wp\/v2\/media?parent=2265"}],"curies":[{"name":"wp","href":"https:\/\/api.w.org\/{rel}","templated":true}]}}