{"id":38,"date":"2015-06-23T15:48:22","date_gmt":"2015-06-23T13:48:22","guid":{"rendered":"http:\/\/tsvschott.de\/fussball\/?page_id=38"},"modified":"2019-11-27T14:51:08","modified_gmt":"2019-11-27T13:51:08","slug":"junioren","status":"publish","type":"page","link":"https:\/\/tsvschott.de\/fussball\/junioren\/","title":{"rendered":"Junioren"},"content":{"rendered":"<div class=\"wpb-content-wrapper\"><p>[vc_row][vc_column][vc_wp_text]Vierzehn m\u00e4nnliche Jugendmannschaften vertreten in der Saison 2017\/18 die Abteilung Fu\u00dfball des TSV SCHOTT Mainz. Damit bei der Vielzahl der Teams ein m\u00f6glichst reibungsloser Ablauf in der Spiel- und Trainingsorganisation garantiert ist, legen sich die Verantwortlichen f\u00fcr den Jugendfu\u00dfball m\u00e4chtig ins Zeug. F\u00fcr die sportliche Weiterentwicklung unserer Junioren zeigen sich neben den zahlreichen Trainern und Betreuern der einzelnen Mannschaften auch unsere Jugendkoordinatoren verantwortlich. Sie haben dar\u00fcber hinaus stets ein offenes Ohr und helfen Ihnen bei allen Fragen rund um unsere Junioren weiter.[\/vc_wp_text][vc_column_text css=&#8220;.vc_custom_1452186414775{margin-bottom: 0px !important;border-bottom-width: 0px !important;padding-bottom: 0px !important;}&#8220;]<\/p>\n<h2>Unsere Ansprechpartner:<\/h2>\n<p>[\/vc_column_text][vc_tabs][vc_tab title=&#8220;Jugendleiter&#8220; tab_id=&#8220;1435157829530-0-91d60-ed65&#8243;][vc_column_text]<strong>Samuel Horozovic<\/strong><\/p>\n<p><strong>Kontakt:<\/strong>\u00a0<a href=\"mailto:samuel.horozovic@tsvschott.de\">samuel.horozovic@tsvschott.de<\/a><\/p>\n<p><img loading=\"lazy\" decoding=\"async\" class=\"alignleft size-medium wp-image-7610\" src=\"https:\/\/tsvschott.de\/fussball\/wp-content\/uploads\/sites\/5\/2015\/06\/samuel-281x382.jpg\" alt=\"samuel\" width=\"281\" height=\"382\" srcset=\"https:\/\/tsvschott.de\/fussball\/wp-content\/uploads\/sites\/5\/2015\/06\/samuel-281x382.jpg 281w, https:\/\/tsvschott.de\/fussball\/wp-content\/uploads\/sites\/5\/2015\/06\/samuel-768x1045.jpg 768w, https:\/\/tsvschott.de\/fussball\/wp-content\/uploads\/sites\/5\/2015\/06\/samuel-587x798.jpg 587w\" sizes=\"auto, (max-width: 281px) 100vw, 281px\" \/>[\/vc_column_text][\/vc_tab][vc_tab title=&#8220;Jugendkoordinatoren&#8220; tab_id=&#8220;1435157830188-0-91d60-ed65&#8243;][vc_column_text]<strong>Andreas Lemb,<\/strong>\u00a0Jugendkoordinator\u00a0der A- bis D-Junioren<\/p>\n<p><b>Kontakt:<\/b>\u00a0<a href=\"mailto:andreas.lemb@tsvschott.de\" target=\"_blank\" rel=\"noopener noreferrer\">andreas.lemb@tsvschott.de<\/a><\/p>\n<hr \/>\n<p><strong>Samuel Horozovic,<\/strong> Jugendkoordinator der E- bis G-Junioren<\/p>\n<p><strong>Kontakt:<\/strong>\u00a0<a href=\"mailto:samuel.horozovic@tsvschott.de\">samuel.horozovic@tsvschott.de<\/a>[\/vc_column_text][\/vc_tab][vc_tab title=&#8220;Turnierkoordinator&#8220; tab_id=&#8220;1454598274589-2-3&#8243;][vc_column_text]Wenn es um Turnierangelegenheiten geht, ist er\u00a0der richtige Adressat. Egal, ob Ihr an einer unserer Veranstaltungen teilnehmen oder ob Ihr uns zu Eurem Turnier einladen m\u00f6chtet. Bitte wendet Euch an:<\/p>\n<p><strong>Andreas Lemb,<\/strong> Turnierkoordinator des TSV SCHOTT Mainz<\/p>\n<p><b>Kontakt:<\/b>\u00a0fussballturniere@tsvschott.de[\/vc_column_text][\/vc_tab][\/vc_tabs][\/vc_column][\/vc_row][vc_row][vc_column][vc_masonry_grid post_type=&#8220;post&#8220; max_items=&#8220;100&#8243; style=&#8220;lazy&#8220; element_width=&#8220;6&#8243; item=&#8220;2301&#8243; grid_id=&#8220;vc_gid:1524573977597-6add5443-250d-0&#8243; taxonomies=&#8220;11, 12, 13&#8243;][\/vc_column][\/vc_row]<\/p>\n<\/div>","protected":false},"excerpt":{"rendered":"<p>[vc_row][vc_column][vc_wp_text]Vierzehn m\u00e4nnliche Jugendmannschaften vertreten in der Saison 2017\/18 die Abteilung Fu\u00dfball des TSV SCHOTT Mainz. Damit bei der Vielzahl der Teams ein m\u00f6glichst reibungsloser Ablauf in der Spiel- und Trainingsorganisation garantiert ist, legen sich die Verantwortlichen f\u00fcr den Jugendfu\u00dfball m\u00e4chtig ins Zeug. F\u00fcr die sportliche Weiterentwicklung unserer Junioren zeigen sich neben den zahlreichen Trainern und [&hellip;]<\/p>\n","protected":false},"author":9,"featured_media":0,"parent":0,"menu_order":12,"comment_status":"closed","ping_status":"closed","template":"","meta":{"footnotes":""},"class_list":["post-38","page","type-page","status-publish","hentry"],"_links":{"self":[{"href":"https:\/\/tsvschott.de\/fussball\/wp-json\/wp\/v2\/pages\/38","targetHints":{"allow":["GET"]}}],"collection":[{"href":"https:\/\/tsvschott.de\/fussball\/wp-json\/wp\/v2\/pages"}],"about":[{"href":"https:\/\/tsvschott.de\/fussball\/wp-json\/wp\/v2\/types\/page"}],"author":[{"embeddable":true,"href":"https:\/\/tsvschott.de\/fussball\/wp-json\/wp\/v2\/users\/9"}],"replies":[{"embeddable":true,"href":"https:\/\/tsvschott.de\/fussball\/wp-json\/wp\/v2\/comments?post=38"}],"version-history":[{"count":21,"href":"https:\/\/tsvschott.de\/fussball\/wp-json\/wp\/v2\/pages\/38\/revisions"}],"predecessor-version":[{"id":11143,"href":"https:\/\/tsvschott.de\/fussball\/wp-json\/wp\/v2\/pages\/38\/revisions\/11143"}],"wp:attachment":[{"href":"https:\/\/tsvschott.de\/fussball\/wp-json\/wp\/v2\/media?parent=38"}],"curies":[{"name":"wp","href":"https:\/\/api.w.org\/{rel}","templated":true}]}}