{"id":8336,"date":"2017-11-15T23:17:20","date_gmt":"2017-11-15T22:17:20","guid":{"rendered":"http:\/\/tsvschott.de\/fussball\/?page_id=8336"},"modified":"2019-05-13T10:50:20","modified_gmt":"2019-05-13T08:50:20","slug":"uebernehme-verantwortung-werde-schiedsrichter","status":"publish","type":"page","link":"https:\/\/tsvschott.de\/fussball\/schiedsrichter\/uebernehme-verantwortung-werde-schiedsrichter\/","title":{"rendered":"\u00dcbernehme Verantwortung &#8211; werde Schiedsrichter"},"content":{"rendered":"<h4>Die Aufgabe<\/h4>\n<p>Jedes Fu\u00dfballspiel will an- und abgepfiffen werden, in jedem Spiel muss\u00a0den g\u00fcltigen Fu\u00dfballregeln zur Geltung verholfen werden. Dies ist die Aufgabe der Schiedsrichter. Als Teil des Fu\u00dfballsports geben sie allen aktiven Spielern die M\u00f6glichkeit, im organisierten Ligenbetrieb Fu\u00dfball zu spielen. Und nur wenn Spieler, Trainer, Zuschauer und Schiedsrichter gemeinsam agieren,\u00a0sich achten und respektieren, bleibt der Fu\u00dfballsport weiterhin\u00a0die sch\u00f6nste Nebensache der Welt. Das ist unser Anspruch.<\/p>\n<p>Wer schon selbst mal die Pfeife in die Mund genommen hat und Verantwortung f\u00fcr die Spielleitung in der Freizeit, im Training oder Spielbetrieb \u00fcbernommen hat, erkennt schnell: die Aufgabe gestaltet sich weitaus schwieriger und komplexer als zuvor gedacht. So gilt es, Situationen blitzschnell zu erkennen und zu bewerten und anschlie\u00dfend in Bruchteilen von Sekunden eine eindeutige Entscheidung zu treffen. Also alles nicht einfach.<\/p>\n<hr \/>\n<h4>Du interessierst Dich f\u00fcr die Ausbildung als Schiedsrichter?<\/h4>\n<p>Wenn Du Dich als Schiedsrichter engagieren m\u00f6chtest, ist der TSV SCHOTT Mainz genau die richtige Anlaufstelle. Der Verein bietet Dir daf\u00fcr eine tolle Plattform:\u00a0neben der kostenlosen Ausbildung, die in Edenkoben stattfindet, erh\u00e4ltst Du als Schiedsrichter des TSV SCHOTT\u00a0Mainz eine kostenfreie Erstausr\u00fcstung sowie in abgesprochenen Abst\u00e4nden eine neue Ausr\u00fcstung. Ebenso wirst Du selbstverst\u00e4ndlich als Mitglied des TSV SCHOTT Mainz beitragsfrei gestellt.<\/p>\n<p>Als Schiedsrichter erh\u00e4lst Du die Fahrkosten zu den Spielen ersetzt. Zudem gibt es pro Spiel eine festgesetzte Aufwandsentsch\u00e4digung, abh\u00e4ngig von der jeweiligen Spielklasse.<\/p>\n<p>Die T\u00e4tigkeit als Schiedsrichter bringt dar\u00fcber hinaus viele weitere Vorteile, beispielsweise:<\/p>\n<ul>\n<li>man kann sich schnell pers\u00f6nlich und sportlich schnell weiterentwickeln,<\/li>\n<li>die Menschenkenntnis wird gest\u00e4rkt,<\/li>\n<li>man ist Teil der Fu\u00dfballgemeinde,<\/li>\n<li>man\u00a0lernt\u00a0viele interessante Menschen und ihre unterschiedliche Charakteren kennen,<\/li>\n<li>gesunde sportliche Bet\u00e4tigung an frischer Luft, die eigene k\u00f6rperliche und geistige Frische wird gest\u00e4rkt.<\/li>\n<\/ul>\n<hr \/>\n<h4>Dein Ansprechpartner:<\/h4>\n<p>Du hast weitere Fragen\u00a0und ben\u00f6tigst noch n\u00e4here Informationen? Dann melde Dich doch einfach unter der\u00a0folgenden Mailadresse: dogan.h@gmx.de<\/p>\n","protected":false},"excerpt":{"rendered":"<p>Die Aufgabe Jedes Fu\u00dfballspiel will an- und abgepfiffen werden, in jedem Spiel muss\u00a0den g\u00fcltigen Fu\u00dfballregeln zur Geltung verholfen werden. Dies ist die Aufgabe der Schiedsrichter. Als Teil des Fu\u00dfballsports geben sie allen aktiven Spielern die M\u00f6glichkeit, im organisierten Ligenbetrieb Fu\u00dfball zu spielen. Und nur wenn Spieler, Trainer, Zuschauer und Schiedsrichter gemeinsam agieren,\u00a0sich achten und respektieren, [&hellip;]<\/p>\n","protected":false},"author":9,"featured_media":0,"parent":8324,"menu_order":1,"comment_status":"closed","ping_status":"closed","template":"","meta":{"footnotes":""},"class_list":["post-8336","page","type-page","status-publish","hentry"],"_links":{"self":[{"href":"https:\/\/tsvschott.de\/fussball\/wp-json\/wp\/v2\/pages\/8336","targetHints":{"allow":["GET"]}}],"collection":[{"href":"https:\/\/tsvschott.de\/fussball\/wp-json\/wp\/v2\/pages"}],"about":[{"href":"https:\/\/tsvschott.de\/fussball\/wp-json\/wp\/v2\/types\/page"}],"author":[{"embeddable":true,"href":"https:\/\/tsvschott.de\/fussball\/wp-json\/wp\/v2\/users\/9"}],"replies":[{"embeddable":true,"href":"https:\/\/tsvschott.de\/fussball\/wp-json\/wp\/v2\/comments?post=8336"}],"version-history":[{"count":9,"href":"https:\/\/tsvschott.de\/fussball\/wp-json\/wp\/v2\/pages\/8336\/revisions"}],"predecessor-version":[{"id":10743,"href":"https:\/\/tsvschott.de\/fussball\/wp-json\/wp\/v2\/pages\/8336\/revisions\/10743"}],"up":[{"embeddable":true,"href":"https:\/\/tsvschott.de\/fussball\/wp-json\/wp\/v2\/pages\/8324"}],"wp:attachment":[{"href":"https:\/\/tsvschott.de\/fussball\/wp-json\/wp\/v2\/media?parent=8336"}],"curies":[{"name":"wp","href":"https:\/\/api.w.org\/{rel}","templated":true}]}}