{"id":8516,"date":"2018-02-05T17:48:03","date_gmt":"2018-02-05T16:48:03","guid":{"rendered":"http:\/\/tsvschott.de\/fussball\/?page_id=8516"},"modified":"2018-02-06T15:00:27","modified_gmt":"2018-02-06T14:00:27","slug":"unsere-partnervereine","status":"publish","type":"page","link":"https:\/\/tsvschott.de\/fussball\/junioren\/unsere-partnervereine\/","title":{"rendered":"Unsere Partnervereine"},"content":{"rendered":"<div class=\"wpb-content-wrapper\"><p>[vc_row][vc_column][vc_column_text]<\/p>\n<h4>Gemeinsam vereint \u2013 Voneinander profitieren<\/h4>\n<p>Die Fu\u00dfballabteilung des TSV SCHOTT Mainz fokussiert seine Zusammenarbeit derzeit mit zwei Mainzer Vereinen. Dabei soll die Partnerschaft die Jugendarbeit st\u00e4rken und unterst\u00fctzen. Der TSV SCHOTT bietet seine Hilfe sowohl im sportlichen wie auch im strategischen Bereich an. Ziel der Kooperationen ist es, das Leistungspotential und die Attraktivit\u00e4t des jeweiligen Partnervereins zu erh\u00f6hen. Dar\u00fcber hinaus empfiehlt der TSV Spielern, die auf der Suche nach einem neuen Verein sind, seine Partnervereine. Umgekehrt empfehlen die Kooperationspartner den TSV wiederum talentierten Spielern aus ihren Vereinen. Das genaue Konzept und die Inhalte der Kooperationsvereinbarungen werden in K\u00fcrze an dieser Stelle vorgestellt.[\/vc_column_text][vc_wp_text title=&#8220;Die Kooperationspartner unserer Abteilung&#8220;]\n<table id=\"tablepress-1\" class=\"tablepress tablepress-id-1\">\n<thead>\n<tr class=\"row-1\">\n\t<td class=\"column-1\"><\/td><th class=\"column-2\"><strong>Partnerverein<\/strong><\/th><th class=\"column-3\"><strong>Homepage<\/strong><\/th>\n<\/tr>\n<\/thead>\n<tbody class=\"row-striping row-hover\">\n<tr class=\"row-2\">\n\t<td class=\"column-1\"><a href=\"http:\/\/tsvschott.de\/fussball\/wp-content\/uploads\/sites\/5\/2018\/02\/SVW-Mainz.jpg\"><img loading=\"lazy\" decoding=\"async\" src=\"http:\/\/tsvschott.de\/fussball\/wp-content\/uploads\/sites\/5\/2018\/02\/SVW-Mainz.jpg\" alt=\"SVW Mainz\" width=\"71\" height=\"70\" class=\"size-full wp-image-8520\" srcset=\"https:\/\/tsvschott.de\/fussball\/wp-content\/uploads\/sites\/5\/2018\/02\/SVW-Mainz.jpg 226w, https:\/\/tsvschott.de\/fussball\/wp-content\/uploads\/sites\/5\/2018\/02\/SVW-Mainz-200x200.jpg 200w, https:\/\/tsvschott.de\/fussball\/wp-content\/uploads\/sites\/5\/2018\/02\/SVW-Mainz-80x80.jpg 80w, https:\/\/tsvschott.de\/fussball\/wp-content\/uploads\/sites\/5\/2018\/02\/SVW-Mainz-65x65.jpg 65w\" sizes=\"auto, (max-width: 71px) 100vw, 71px\" \/><\/a><\/td><td class=\"column-2\">SVW Mainz<\/td><td class=\"column-3\"><a href=\"http:\/\/svw1910.de\/\" target=\"_blank\">http:\/\/svw1910.de\/<\/a><\/td>\n<\/tr>\n<tr class=\"row-3\">\n\t<td class=\"column-1\"><a href=\"http:\/\/tsvschott.de\/fussball\/wp-content\/uploads\/sites\/5\/2018\/02\/Mombach-03.jpg\"><img loading=\"lazy\" decoding=\"async\" src=\"http:\/\/tsvschott.de\/fussball\/wp-content\/uploads\/sites\/5\/2018\/02\/Mombach-03.jpg\" alt=\"FVgg Mombach 03\" width=\"70\" height=\"70\" class=\"size-full wp-image-8519\" srcset=\"https:\/\/tsvschott.de\/fussball\/wp-content\/uploads\/sites\/5\/2018\/02\/Mombach-03.jpg 225w, https:\/\/tsvschott.de\/fussball\/wp-content\/uploads\/sites\/5\/2018\/02\/Mombach-03-200x200.jpg 200w, https:\/\/tsvschott.de\/fussball\/wp-content\/uploads\/sites\/5\/2018\/02\/Mombach-03-80x80.jpg 80w, https:\/\/tsvschott.de\/fussball\/wp-content\/uploads\/sites\/5\/2018\/02\/Mombach-03-65x65.jpg 65w\" sizes=\"auto, (max-width: 70px) 100vw, 70px\" \/><\/a><\/td><td class=\"column-2\">FVgg. Mombach 03<\/td><td class=\"column-3\"><a href=\"https:\/\/www.mombach03.de\/\" target=\"_blank\">https:\/\/www.mombach03.de\/<\/a><\/td>\n<\/tr>\n<\/tbody>\n<\/table>\n<!-- #tablepress-1 from cache -->[\/vc_wp_text][\/vc_column][\/vc_row]<\/p>\n<\/div>","protected":false},"excerpt":{"rendered":"<p>[vc_row][vc_column][vc_column_text] Gemeinsam vereint \u2013 Voneinander profitieren Die Fu\u00dfballabteilung des TSV SCHOTT Mainz fokussiert seine Zusammenarbeit derzeit mit zwei Mainzer Vereinen. Dabei soll die Partnerschaft die Jugendarbeit st\u00e4rken und unterst\u00fctzen. Der TSV SCHOTT bietet seine Hilfe sowohl im sportlichen wie auch im strategischen Bereich an. Ziel der Kooperationen ist es, das Leistungspotential und die Attraktivit\u00e4t des [&hellip;]<\/p>\n","protected":false},"author":9,"featured_media":0,"parent":38,"menu_order":2,"comment_status":"closed","ping_status":"closed","template":"","meta":{"footnotes":""},"class_list":["post-8516","page","type-page","status-publish","hentry"],"_links":{"self":[{"href":"https:\/\/tsvschott.de\/fussball\/wp-json\/wp\/v2\/pages\/8516","targetHints":{"allow":["GET"]}}],"collection":[{"href":"https:\/\/tsvschott.de\/fussball\/wp-json\/wp\/v2\/pages"}],"about":[{"href":"https:\/\/tsvschott.de\/fussball\/wp-json\/wp\/v2\/types\/page"}],"author":[{"embeddable":true,"href":"https:\/\/tsvschott.de\/fussball\/wp-json\/wp\/v2\/users\/9"}],"replies":[{"embeddable":true,"href":"https:\/\/tsvschott.de\/fussball\/wp-json\/wp\/v2\/comments?post=8516"}],"version-history":[{"count":5,"href":"https:\/\/tsvschott.de\/fussball\/wp-json\/wp\/v2\/pages\/8516\/revisions"}],"predecessor-version":[{"id":8539,"href":"https:\/\/tsvschott.de\/fussball\/wp-json\/wp\/v2\/pages\/8516\/revisions\/8539"}],"up":[{"embeddable":true,"href":"https:\/\/tsvschott.de\/fussball\/wp-json\/wp\/v2\/pages\/38"}],"wp:attachment":[{"href":"https:\/\/tsvschott.de\/fussball\/wp-json\/wp\/v2\/media?parent=8516"}],"curies":[{"name":"wp","href":"https:\/\/api.w.org\/{rel}","templated":true}]}}