{"id":9312,"date":"2018-07-31T11:27:03","date_gmt":"2018-07-31T09:27:03","guid":{"rendered":"https:\/\/tsvschott.de\/fussball\/?page_id=9312"},"modified":"2025-08-07T15:14:21","modified_gmt":"2025-08-07T13:14:21","slug":"1-herrenmannschaft","status":"publish","type":"page","link":"https:\/\/tsvschott.de\/fussball\/1-herrenmannschaft\/","title":{"rendered":"1. Herrenmannschaft"},"content":{"rendered":"<div class=\"wpb-content-wrapper\"><p>[vc_row][vc_column][vc_empty_space][vc_text_separator title=&#8220;1. Mannschaft&#8220;][\/vc_column][\/vc_row][vc_row][vc_column][vc_tta_accordion style=&#8220;flat&#8220; color=&#8220;white&#8220; spacing=&#8220;2&#8243; gap=&#8220;2&#8243; c_icon=&#8220;triangle&#8220; active_section=&#8220;0&#8243; no_fill=&#8220;true&#8220; collapsible_all=&#8220;true&#8220;][vc_tta_section title=&#8220;Ansprechpartner&#8220; tab_id=&#8220;1527596681451-c88c95d6-1969&#8243;][vc_column_text css=&#8220;&#8220;]<\/p>\n<div id=\"tab-1435157829530-0-9f042-5918\" class=\"wpb_tab ui-tabs-panel wpb_ui-tabs-hide vc_clearfix ui-widget-content ui-corner-bottom\" role=\"tabpanel\">\n<div class=\"wpb_text_column wpb_content_element \">\n<div class=\"wpb_wrapper\">\n<p><strong>Trainer:<\/strong> Samuel Horozovic<\/p>\n<p><strong>Co-Trainer:<\/strong> Thomas Schwarz<\/p>\n<p><strong>Co-Trainer: <\/strong>Nenad Simic<\/p>\n<p><strong>Athletiktrainer: <\/strong>Radoslav Radev<\/p>\n<p><strong>Torwarttrainer: <\/strong>Axel Schulz<\/p>\n<p><strong>Teammanager: <\/strong>Klaus Bauer<\/p>\n<p><strong>Betreuer:<\/strong> Benno Graci<\/p>\n<p><strong>Betreuer:<\/strong> Dieter Senftleben<\/p>\n<p><strong>Physiotherapeut:\u00a0<\/strong>J\u00fcrgen Griesinger<\/p>\n<p><strong>Physiotherapeut: <\/strong>Melina Schneider<\/p>\n<p><strong>Physiotherapeut:<\/strong> Ryo Shimizu<\/p>\n<p><strong>Physiotherapeut:<\/strong> Florian Zang<\/p>\n<p><strong>Sportlicher Leiter:<\/strong> Sascha Meeth<\/p>\n<p><strong>Kontakt:<\/strong> <a href=\"mailto:fussball@tsvschott.de\">fussball@tsvschott.de<\/a><\/p>\n<p>&nbsp;<\/p>\n<\/div>\n<\/div>\n<\/div>\n<p>[\/vc_column_text][\/vc_tta_section][vc_tta_section title=&#8220;Spielplan\/Tabelle&#8220; tab_id=&#8220;1527601701985-7e18ecae-10ab&#8220;][vc_empty_space height=&#8220;20px&#8220;][vc_btn title=&#8220;Spielplan\/Tabelle&#8220; color=&#8220;primary&#8220; align=&#8220;center&#8220; button_block=&#8220;true&#8220; link=&#8220;url:http%3A%2F%2Fwww.fussball.de%2Fmannschaft%2Ftsv-schott-mainz-tsv-schott-mainz-suedwest%2F-%2Fsaison%2F2021%2Fteam-id%2F011MIAOBMC000000VTVG0001VTR8C1K7%23!%2F||target:%20_blank|&#8220;][\/vc_tta_section][vc_tta_section title=&#8220;Tickets Regionalliga Saison 2025\/2026&#8243; tab_id=&#8220;1725271182788-d52a0ea3-a2d7&#8243;][vc_column_text css=&#8220;&#8220;]<a href=\"https:\/\/www.reservix.de\/tickets-tsv-schott-mainz\/b0c5a55c9-0955-427d-9ac2-720db9e38aee\"><strong>Zum Ticketing<\/strong><\/a>[\/vc_column_text][\/vc_tta_section][vc_tta_section title=&#8220;Akkreditierungen&#8220; tab_id=&#8220;1753092856368-cc64e96a-d12f&#8220;][vc_column_text css=&#8220;&#8220;]<\/p>\n<div class=\"elementToProof\"><b>Akkreditierungsantr\u00e4ge f\u00fcr die Regionalliga S\u00fcdwest m\u00fcssen sp\u00e4testens zwei Arbeitstage vor dem jeweiligen Spiel per E-Mail eingehen an: akkreditierungen<u>@tsvschott.de<\/u><\/b><\/div>\n<div class=\"elementToProof\"><b><u>\u00a0<\/u><\/b><\/div>\n<div class=\"elementToProof\">Eine Kopie des g\u00fcltigen Presseausweises ist unaufgefordert beizulegen. Akkreditiert werden Journalisten, die hauptberuflich t\u00e4tig und somit im Besitz des offiziellen Presseausweises sind, sowie einen entsprechenden Arbeitsauftrag vorweisen. Freie Mitarbeiter werden gebeten, eine Best\u00e4tigung des Mediums vorzulegen, f\u00fcr das sie berichten. <b>Pro Medium werden maximal zwei Personen akkreditiert. Internet-Fanseiten und Freizeitmedien k\u00f6nnen grunds\u00e4tzlich nicht ber\u00fccksichtigt werden.<\/b><\/div>\n<div><\/div>\n<div class=\"elementToProof\">Unsere Richtlinien orientieren sich an den Empfehlungen der Journalistenverb\u00e4nde und des Deutschen Fu\u00dfball-Bundes.<\/div>\n<p>[\/vc_column_text][\/vc_tta_section][\/vc_tta_accordion][\/vc_column][\/vc_row][vc_row][vc_column][\/vc_column][\/vc_row]<\/p>\n<\/div>","protected":false},"excerpt":{"rendered":"<p>[vc_row][vc_column][vc_empty_space][vc_text_separator title=&#8220;1. Mannschaft&#8220;][\/vc_column][\/vc_row][vc_row][vc_column][vc_tta_accordion style=&#8220;flat&#8220; color=&#8220;white&#8220; spacing=&#8220;2&#8243; gap=&#8220;2&#8243; c_icon=&#8220;triangle&#8220; active_section=&#8220;0&#8243; no_fill=&#8220;true&#8220; collapsible_all=&#8220;true&#8220;][vc_tta_section title=&#8220;Ansprechpartner&#8220; tab_id=&#8220;1527596681451-c88c95d6-1969&#8243;][vc_column_text css=&#8220;&#8220;] Trainer: Samuel Horozovic Co-Trainer: Thomas Schwarz Co-Trainer: Nenad Simic Athletiktrainer: Radoslav Radev Torwarttrainer: Axel Schulz Teammanager: Klaus Bauer Betreuer: Benno Graci Betreuer: Dieter Senftleben Physiotherapeut:\u00a0J\u00fcrgen Griesinger Physiotherapeut: Melina Schneider Physiotherapeut: Ryo Shimizu Physiotherapeut: Florian Zang Sportlicher Leiter: Sascha Meeth Kontakt: fussball@tsvschott.de [&hellip;]<\/p>\n","protected":false},"author":18,"featured_media":0,"parent":0,"menu_order":1,"comment_status":"closed","ping_status":"closed","template":"","meta":{"footnotes":""},"class_list":["post-9312","page","type-page","status-publish","hentry"],"_links":{"self":[{"href":"https:\/\/tsvschott.de\/fussball\/wp-json\/wp\/v2\/pages\/9312","targetHints":{"allow":["GET"]}}],"collection":[{"href":"https:\/\/tsvschott.de\/fussball\/wp-json\/wp\/v2\/pages"}],"about":[{"href":"https:\/\/tsvschott.de\/fussball\/wp-json\/wp\/v2\/types\/page"}],"author":[{"embeddable":true,"href":"https:\/\/tsvschott.de\/fussball\/wp-json\/wp\/v2\/users\/18"}],"replies":[{"embeddable":true,"href":"https:\/\/tsvschott.de\/fussball\/wp-json\/wp\/v2\/comments?post=9312"}],"version-history":[{"count":51,"href":"https:\/\/tsvschott.de\/fussball\/wp-json\/wp\/v2\/pages\/9312\/revisions"}],"predecessor-version":[{"id":13230,"href":"https:\/\/tsvschott.de\/fussball\/wp-json\/wp\/v2\/pages\/9312\/revisions\/13230"}],"wp:attachment":[{"href":"https:\/\/tsvschott.de\/fussball\/wp-json\/wp\/v2\/media?parent=9312"}],"curies":[{"name":"wp","href":"https:\/\/api.w.org\/{rel}","templated":true}]}}