{"id":2870,"date":"2015-07-13T14:28:36","date_gmt":"2015-07-13T12:28:36","guid":{"rendered":"http:\/\/tsvschott.de\/fussball\/?page_id=2870"},"modified":"2026-03-02T14:57:58","modified_gmt":"2026-03-02T13:57:58","slug":"start2","status":"publish","type":"page","link":"https:\/\/tsvschott.de\/fussballschule\/","title":{"rendered":"Fu\u00dfballschule \u2013 TSV SCHOTT Mainz"},"content":{"rendered":"<div class=\"wpb-content-wrapper\"><p>[vc_row][vc_column][vc_empty_space][vc_message css=&#8220;&#8220;]Wir haben aktuell eine Warteliste! <a href=\"https:\/\/widgets.yolawo.de\/w\/66cd8df2dc8f0a2e7d4f86ba\">Hier geht&#8217;s zur Warteliste.<\/a>[\/vc_message][\/vc_column][\/vc_row][vc_row][vc_column width=&#8220;2\/3&#8243;][vc_column_text css=&#8220;&#8220;]<\/p>\n<h2>Die Fu\u00dfballschule auf einen Blick<\/h2>\n<h3>Was?<\/h3>\n<p>Die Fu\u00dfballschule des TSV SCHOTT Mainz richtet sich an alle fu\u00dfballbegeisterten Jungen und M\u00e4dchen.<\/p>\n<p>In altershomogenen Kleingruppen werden Ihren Kinder altersgerechte Inhalte durch lizenzierte und erfahrene Trainer vermittelt. Hierzu z\u00e4hlen:<\/p>\n<ul>\n<li>Spa\u00df und Freude am Fu\u00dfball<\/li>\n<li>Spielerisches und taktisches Verst\u00e4ndnis<\/li>\n<li>Fu\u00dfballspezifische Techniken<\/li>\n<li>Konditionelle F\u00e4higkeiten (Kraft, Schnelligkeit, Ausdauer, Koordination)<\/li>\n<\/ul>\n<p>Aber nat\u00fcrlich geht es nicht ausschlie\u00dflich um die fu\u00dfballerischen F\u00e4higkeiten. Dar\u00fcber hinaus werden Werte wie Fairplay, Teamgeist, Respekt und Toleranz vermittelt<\/p>\n<p>&nbsp;<\/p>\n<h3>Wer?<\/h3>\n<p>Die Fu\u00dfballschule steht allen Kindern offen, die Spa\u00df am Fu\u00dfball haben und ihre fu\u00dfballerischen F\u00e4higkeiten gezielt ausbauen und verbessern m\u00f6chten:<\/p>\n<ul>\n<li>Jungen und M\u00e4dchen im Alter von drei bis zehn Jahren<\/li>\n<\/ul>\n<p>&nbsp;<\/p>\n<h3>Wo?<\/h3>\n<p>Alle Trainingseinheiten finden auf dem Sportgel\u00e4nde des TSV SCHOTT Mainz statt:<\/p>\n<p>Karlsbader Stra\u00dfe 23<\/p>\n<p>55122 Mainz-Gonsenheim[\/vc_column_text][\/vc_column][vc_column width=&#8220;1\/3&#8243; css=&#8220;.vc_custom_1435746535427{margin-top: -20px !important;}&#8220;][vc_column_text css=&#8220;&#8220;]<\/p>\n<h3>Kontakt<\/h3>\n<hr \/>\n<p><strong>Leiter der Fu\u00dfballschule<\/strong><\/p>\n<p>Samuel Horozovic (A-Lizenz-Inhaber)<\/p>\n<p><a href=\"mailto:Fussball-akademie@tsvschott.de\">Fussball-akademie@tsvschott.de<\/a>[\/vc_column_text][vc_column_text css=&#8220;.vc_custom_1664358558216{margin-bottom: 15px !important;}&#8220;]<\/p>\n<h3>Trainingszeiten<\/h3>\n<hr \/>\n<p>[\/vc_column_text][vc_toggle title=&#8220;3 bis 4 Jahre&#8220;]<b>Minis\u00a0<\/b><\/p>\n<p>Dienstag: 15.00 \u2013 16.00 Uhr<\/p>\n<p>Donnerstag: 15.00 \u2013 16.00 Uhr[\/vc_toggle][vc_toggle title=&#8220;5 bis 7 Jahre&#8220;]<strong>Gruppe 1\u00a0<\/strong><\/p>\n<p>Montag: 16.15 \u2013 17.30 Uhr<\/p>\n<p>Mittwoch: 16.15 \u2013 17.30 Uhr<\/p>\n<p><strong>oder<\/strong><\/p>\n<p>Dienstag: 17.00 \u2013 18.15 Uhr<\/p>\n<p>Donnerstag:\u00a017.00 \u2013 18.15 Uhr[\/vc_toggle][vc_toggle title=&#8220;8 bis 10 Jahre&#8220;]<strong>Gruppe 2\u00a0<\/strong><\/p>\n<p>Dienstag: 17.00 \u2013 18:15 Uhr<\/p>\n<p>Donnerstag: 17.00 \u2013 18:15 Uhr[\/vc_toggle][\/vc_column][\/vc_row]<\/p>\n<\/div>","protected":false},"excerpt":{"rendered":"<p>[vc_row][vc_column][vc_empty_space][vc_message css=&#8220;&#8220;]Wir haben aktuell eine Warteliste! Hier geht&#8217;s zur Warteliste.[\/vc_message][\/vc_column][\/vc_row][vc_row][vc_column width=&#8220;2\/3&#8243;][vc_column_text css=&#8220;&#8220;] Die Fu\u00dfballschule auf einen Blick Was? Die Fu\u00dfballschule des TSV SCHOTT Mainz richtet sich an alle fu\u00dfballbegeisterten Jungen und M\u00e4dchen. In altershomogenen Kleingruppen werden Ihren Kinder altersgerechte Inhalte durch lizenzierte und erfahrene Trainer vermittelt. Hierzu z\u00e4hlen: Spa\u00df und Freude am Fu\u00dfball Spielerisches und [&hellip;]<\/p>\n","protected":false},"author":18,"featured_media":0,"parent":0,"menu_order":13,"comment_status":"closed","ping_status":"closed","template":"","meta":{"footnotes":""},"class_list":["post-2870","page","type-page","status-publish","hentry"],"_links":{"self":[{"href":"https:\/\/tsvschott.de\/fussballschule\/wp-json\/wp\/v2\/pages\/2870","targetHints":{"allow":["GET"]}}],"collection":[{"href":"https:\/\/tsvschott.de\/fussballschule\/wp-json\/wp\/v2\/pages"}],"about":[{"href":"https:\/\/tsvschott.de\/fussballschule\/wp-json\/wp\/v2\/types\/page"}],"author":[{"embeddable":true,"href":"https:\/\/tsvschott.de\/fussballschule\/wp-json\/wp\/v2\/users\/18"}],"replies":[{"embeddable":true,"href":"https:\/\/tsvschott.de\/fussballschule\/wp-json\/wp\/v2\/comments?post=2870"}],"version-history":[{"count":122,"href":"https:\/\/tsvschott.de\/fussballschule\/wp-json\/wp\/v2\/pages\/2870\/revisions"}],"predecessor-version":[{"id":3668,"href":"https:\/\/tsvschott.de\/fussballschule\/wp-json\/wp\/v2\/pages\/2870\/revisions\/3668"}],"wp:attachment":[{"href":"https:\/\/tsvschott.de\/fussballschule\/wp-json\/wp\/v2\/media?parent=2870"}],"curies":[{"name":"wp","href":"https:\/\/api.w.org\/{rel}","templated":true}]}}