{"id":2282,"date":"2015-06-29T09:51:23","date_gmt":"2015-06-29T07:51:23","guid":{"rendered":"http:\/\/tsvschott.de\/fussball\/?page_id=2282"},"modified":"2025-08-24T21:34:48","modified_gmt":"2025-08-24T19:34:48","slug":"start","status":"publish","type":"page","link":"https:\/\/tsvschott.de\/handball\/","title":{"rendered":"Handball \u2013 ein Sport, der Dich bewegt"},"content":{"rendered":"<div class=\"wpb-content-wrapper\"><p>[vc_row][vc_column][vc_gallery type=&#8220;image_grid&#8220; images=&#8220;5596&#8243; css=&#8220;.vc_custom_1755777215205{margin-bottom: 10px !important;}&#8220; title=&#8220;TSV Schott Mainz &#8211; Herren (Bezirksliga)&#8220;][\/vc_column][\/vc_row][vc_row][vc_column][vc_column_text css=&#8220;.vc_custom_1740838093668{margin-bottom: 1px !important;}&#8220;]<\/p>\n<h2><strong>Unsere Frauenspielgemeinschaft FSG HC Gonsenheim\/TSV Schott<\/strong><\/h2>\n<p>[\/vc_column_text][\/vc_column][\/vc_row][vc_row row_title=&#8220;Frauenspielgegemeinschaft&#8220;][vc_column][vc_gallery type=&#8220;image_grid&#8220; images=&#8220;5700,5707&#8243; onclick=&#8220;custom_link&#8220; custom_links_target=&#8220;_blank&#8220; css=&#8220;.vc_custom_1754993826635{margin-bottom: 10px !important;}&#8220; title=&#8220;Damen 1 (Verbandsliga) und Damen 2 (Bezirksoberliga)&#8220; custom_links=&#8220;#E-8_aHR0cHMlM0ElMkYlMkZ3d3cuaGMtZ29uc2VuaGVpbS5kZSUyRmFrdGl2ZSUyRjItZGFtZW4lMkNodHRwcyUzQSUyRiUyRnRzdnNjaG90dC5kZSUyRmhhbmRiYWxsJTJGbWFubnNjaGFmdGVuJTJGZGFtZW4lMkY=&#8220;][\/vc_column][\/vc_row][vc_row][vc_column][vc_column_text css=&#8220;.vc_custom_1740838113925{margin-bottom: 1px !important;}&#8220;]<\/p>\n<h2><strong>Unsere Handball-Girls der JSG Gonsenheim\/TSV Schott<\/strong><\/h2>\n<p>[\/vc_column_text][\/vc_column][\/vc_row][vc_row][vc_column][vc_gallery type=&#8220;image_grid&#8220; images=&#8220;5741,5748,5757&#8243; css=&#8220;&#8220; title=&#8220;weibliche B-Jugend \/ C-Jugend \/ D-Jugend&#8220;][\/vc_column][\/vc_row][vc_row][vc_column][vc_column_text css=&#8220;.vc_custom_1740838018274{margin-bottom: 10px !important;}&#8220;]<\/p>\n<h2><strong>Unsere Handball-Jungs der JSG Gonsenheim\/TSV Schott<\/strong><\/h2>\n<p>[\/vc_column_text][\/vc_column][\/vc_row][vc_row][vc_column][vc_gallery type=&#8220;image_grid&#8220; images=&#8220;5728,5735,5764&#8243; css=&#8220;.vc_custom_1755798871717{margin-bottom: 10px !important;}&#8220; title=&#8220;m\u00e4nnliche A-Jugend \/ C-Jugend \/ D-Jugend&#8220;][\/vc_column][\/vc_row][vc_row][vc_column][vc_column_text css=&#8220;.vc_custom_1740838288938{margin-bottom: 10px !important;}&#8220;]<\/p>\n<h2><strong>Unsere Handball-Kids der JSG Gonsenheim\/TSV Schott<\/strong><\/h2>\n<p>[\/vc_column_text][\/vc_column][\/vc_row][vc_row][vc_column][vc_gallery type=&#8220;image_grid&#8220; images=&#8220;5778,5783,5791,5793,5792&#8243; css=&#8220;&#8220; title=&#8220;E-Jugend Jungs, E-Jugend M\u00e4dchen, F-Jugend, MaxiM\u00e4use, MiniM\u00e4use&#8220;][\/vc_column][\/vc_row]<\/p>\n<\/div>","protected":false},"excerpt":{"rendered":"<p>[vc_row][vc_column][vc_gallery type=&#8220;image_grid&#8220; images=&#8220;5596&#8243; css=&#8220;.vc_custom_1755777215205{margin-bottom: 10px !important;}&#8220; title=&#8220;TSV Schott Mainz &#8211; Herren (Bezirksliga)&#8220;][\/vc_column][\/vc_row][vc_row][vc_column][vc_column_text css=&#8220;.vc_custom_1740838093668{margin-bottom: 1px !important;}&#8220;] Unsere Frauenspielgemeinschaft FSG HC Gonsenheim\/TSV Schott [\/vc_column_text][\/vc_column][\/vc_row][vc_row row_title=&#8220;Frauenspielgegemeinschaft&#8220;][vc_column][vc_gallery type=&#8220;image_grid&#8220; images=&#8220;5700,5707&#8243; onclick=&#8220;custom_link&#8220; custom_links_target=&#8220;_blank&#8220; css=&#8220;.vc_custom_1754993826635{margin-bottom: 10px !important;}&#8220; title=&#8220;Damen 1 (Verbandsliga) und Damen 2 (Bezirksoberliga)&#8220; custom_links=&#8220;#E-8_aHR0cHMlM0ElMkYlMkZ3d3cuaGMtZ29uc2VuaGVpbS5kZSUyRmFrdGl2ZSUyRjItZGFtZW4lMkNodHRwcyUzQSUyRiUyRnRzdnNjaG90dC5kZSUyRmhhbmRiYWxsJTJGbWFubnNjaGFmdGVuJTJGZGFtZW4lMkY=&#8220;][\/vc_column][\/vc_row][vc_row][vc_column][vc_column_text css=&#8220;.vc_custom_1740838113925{margin-bottom: 1px !important;}&#8220;] Unsere Handball-Girls der JSG Gonsenheim\/TSV Schott [\/vc_column_text][\/vc_column][\/vc_row][vc_row][vc_column][vc_gallery type=&#8220;image_grid&#8220; images=&#8220;5741,5748,5757&#8243; css=&#8220;&#8220; title=&#8220;weibliche B-Jugend \/ C-Jugend [&hellip;]<\/p>\n","protected":false},"author":19,"featured_media":0,"parent":0,"menu_order":1,"comment_status":"closed","ping_status":"closed","template":"template-mit-sidebar.php","meta":{"footnotes":""},"class_list":["post-2282","page","type-page","status-publish","hentry"],"_links":{"self":[{"href":"https:\/\/tsvschott.de\/handball\/wp-json\/wp\/v2\/pages\/2282","targetHints":{"allow":["GET"]}}],"collection":[{"href":"https:\/\/tsvschott.de\/handball\/wp-json\/wp\/v2\/pages"}],"about":[{"href":"https:\/\/tsvschott.de\/handball\/wp-json\/wp\/v2\/types\/page"}],"author":[{"embeddable":true,"href":"https:\/\/tsvschott.de\/handball\/wp-json\/wp\/v2\/users\/19"}],"replies":[{"embeddable":true,"href":"https:\/\/tsvschott.de\/handball\/wp-json\/wp\/v2\/comments?post=2282"}],"version-history":[{"count":68,"href":"https:\/\/tsvschott.de\/handball\/wp-json\/wp\/v2\/pages\/2282\/revisions"}],"predecessor-version":[{"id":5795,"href":"https:\/\/tsvschott.de\/handball\/wp-json\/wp\/v2\/pages\/2282\/revisions\/5795"}],"wp:attachment":[{"href":"https:\/\/tsvschott.de\/handball\/wp-json\/wp\/v2\/media?parent=2282"}],"curies":[{"name":"wp","href":"https:\/\/api.w.org\/{rel}","templated":true}]}}