{"id":2996,"date":"2015-11-16T15:48:59","date_gmt":"2015-11-16T14:48:59","guid":{"rendered":"http:\/\/tsvschott.de\/handball\/?page_id=2996"},"modified":"2025-09-09T17:26:34","modified_gmt":"2025-09-09T15:26:34","slug":"damen","status":"publish","type":"page","link":"https:\/\/tsvschott.de\/handball\/mannschaften\/damen\/","title":{"rendered":"Damen 2 \u2013 BOL Nord"},"content":{"rendered":"<div class=\"wpb-content-wrapper\"><p>[vc_row][vc_column][vc_empty_space height=&#8220;20px&#8220;][\/vc_column][\/vc_row][vc_row][vc_column][vc_tta_tabs][vc_tta_section title=&#8220;Das Team&#8220; tab_id=&#8220;1448920783386-23a431da-638a&#8220;][vc_column_text css=&#8220;&#8220;]<img loading=\"lazy\" decoding=\"async\" class=\"wp-image-5707 size-large aligncenter\" src=\"https:\/\/tsvschott.de\/handball\/wp-content\/uploads\/sites\/15\/2025\/08\/Damen-2_2025_26-e1754992554505-798x466.jpeg\" alt=\"\" width=\"640\" height=\"374\" srcset=\"https:\/\/tsvschott.de\/handball\/wp-content\/uploads\/sites\/15\/2025\/08\/Damen-2_2025_26-e1754992554505-798x466.jpeg 798w, https:\/\/tsvschott.de\/handball\/wp-content\/uploads\/sites\/15\/2025\/08\/Damen-2_2025_26-e1754992554505-382x223.jpeg 382w, https:\/\/tsvschott.de\/handball\/wp-content\/uploads\/sites\/15\/2025\/08\/Damen-2_2025_26-e1754992554505-768x449.jpeg 768w, https:\/\/tsvschott.de\/handball\/wp-content\/uploads\/sites\/15\/2025\/08\/Damen-2_2025_26-e1754992554505.jpeg 948w\" sizes=\"auto, (max-width: 640px) 100vw, 640px\" \/><\/p>\n<p style=\"text-align: center\">Unsere 2. Damenmannschaft der Saison 2025\/26<\/p>\n<p>Hinten v.l.n.r.: Dana Ott, Daniela Kohlhaas, Stefanie Doka, Mona Bacherle<\/p>\n<p>Mitte v.l.n.r.: Trainer Sprotti, Amke Decker, Rebecca Ziora, Kathrin Kardelen, Trainer Harry Eymert<\/p>\n<p>Vorne v.l.n.r.: Lilith Maurer, Shahla Arif, Hetty Holm, Sarah Klotz, Petra J\u00f6rger<\/p>\n<p>Es fehlen:\u00a0Livia Bei\u00dfer, Anna Braum, Nancy Dinh, Helen Kiefer, Kristin Kraneis, Maaike Laddach, Sara Lang, Luise Leusmann, Elena Lorenz, Pauli Mark, Annika Wenz, Hannah Wrigge, Wiebke Zeiter, Nicola Engler, Anne Jankowski<\/p>\n<div id=\"gtx-trans\" style=\"position: absolute;left: 1266px;top: 592.719px\">\n<div class=\"gtx-trans-icon\" style=\"text-align: center\"><\/div>\n<\/div>\n<p>[\/vc_column_text][\/vc_tta_section][vc_tta_section title=&#8220;Trainer&#8220; tab_id=&#8220;1448920783295-80f8d838-992d&#8220;][vc_column_text css=&#8220;&#8220;]Christian Sprott<br \/>\nMobil: <a href=\"tel:+491742063127\">0174-2063127<\/a><br \/>\nMail: \u00a0<a href=\"mailto:handball@tsvschott.de\" target=\"_blank\" rel=\"noopener noreferrer\">handball@tsvschott.de<\/a><\/p>\n<div id=\"gtx-trans\">\n<div class=\"gtx-trans-icon\"><\/div>\n<\/div>\n<p>[\/vc_column_text][\/vc_tta_section][vc_tta_section title=&#8220;Trainingszeiten&#8220; tab_id=&#8220;1448920816606-c561bee3-800b&#8220;][vc_column_text css=&#8220;&#8220;]<strong>Mittwoch<br \/>\n<\/strong>20.00 Uhr bis 21.30 Uhr<br \/>\nSporthalle Otto-Schott-Gymnasium<\/p>\n<p><strong>Donnerstag<\/strong><br \/>\n20.00 Uhr bis 21.30 Uhr<br \/>\nKKR<\/p>\n<p><strong>Freitag<br \/>\n<\/strong>19.30 Uhr bis 21.00 Uhr<br \/>\nSporthalle Otto-Schott-Gymnasium[\/vc_column_text][\/vc_tta_section][\/vc_tta_tabs][\/vc_column][\/vc_row][vc_row][vc_column width=&#8220;1\/2&#8243;][vc_empty_space height=&#8220;1px&#8220;][vc_raw_html css=&#8220;&#8220;]JTNDc2NyaXB0JTNFJTBEJTBBJTI4ZnVuY3Rpb24lMjhlJTJDdCUyQ24lMkNyJTJDaSUyQ3MlMkNvJTI5JTdCZSU1QmklNUQlM0RlJTVCaSU1RCU3QyU3Q2Z1bmN0aW9uJTI4JTI5JTdCJTI4ZSU1QmklNUQucSUzRGUlNUJpJTVELnElN0MlN0MlNUIlNUQlMjkucHVzaCUyOGFyZ3VtZW50cyUyOSU3RCUyQyUyMGUlNUJpJTVELmwlM0QxJTJBbmV3JTIwRGF0ZSUzQnMlM0R0LmNyZWF0ZUVsZW1lbnQlMjhuJTI5JTJDbyUzRHQuZ2V0RWxlbWVudHNCeVRhZ05hbWUlMjhuJTI5JTVCMCU1RCUzQnMuYXN5bmMlM0QxJTNCJTIwcy5zcmMlM0RyJTNCby5wYXJlbnROb2RlLmluc2VydEJlZm9yZSUyOHMlMkNvJTI5JTdEJTI5JTI4d2luZG93JTJDZG9jdW1lbnQlMkMlMjJzY3JpcHQlMjIlMkMlMjAlMjdodHRwcyUzQSUyRiUyRnd3dy5oYW5kYmFsbC5uZXQlMkZ3aWRnZXRzJTJGZW1iZWQlMkZ2MS5qcyUyNyUyQyUyMl9oYiUyMiUyOSUzQiUwRCUwQSUzQyUyRnNjcmlwdCUzRSUwRCUwQSUzQ2RpdiUyMGlkJTNEJTI3aGFuZGJhbGwtc3BpZWxwbGFuJTI3JTNFJTNDJTJGZGl2JTNFJTBEJTBBJTNDc2NyaXB0JTNFJTBEJTBBX2hiJTI4JTdCJTBEJTBBd2lkZ2V0JTNBJTIwJTI3c3BpZWxwbGFuJTI3JTJDJTBEJTBBdGVhbUlkJTNBJTIwJTI3aGFuZGJhbGw0YWxsLnJoZWluaGVzc2VuLXBmYWx6LjEyODI2OTYlMjclMkMlMEQlMEFjb250YWluZXIlM0ElMjAlMjdoYW5kYmFsbC1zcGllbHBsYW4lMjclMEQlMEElN0QlMjklMEQlMEElM0MlMkZzY3JpcHQlM0U=[\/vc_raw_html][\/vc_column][vc_column width=&#8220;1\/2&#8243;][vc_raw_html css=&#8220;&#8220;]JTNDc2NyaXB0JTNFJTBEJTBBJTI4ZnVuY3Rpb24lMjhlJTJDdCUyQ24lMkNyJTJDaSUyQ3MlMkNvJTI5JTdCZSU1QmklNUQlM0RlJTVCaSU1RCU3QyU3Q2Z1bmN0aW9uJTI4JTI5JTdCJTI4ZSU1QmklNUQucSUzRGUlNUJpJTVELnElN0MlN0MlNUIlNUQlMjkucHVzaCUyOGFyZ3VtZW50cyUyOSU3RCUyQyUyMGUlNUJpJTVELmwlM0QxJTJBbmV3JTIwRGF0ZSUzQnMlM0R0LmNyZWF0ZUVsZW1lbnQlMjhuJTI5JTJDbyUzRHQuZ2V0RWxlbWVudHNCeVRhZ05hbWUlMjhuJTI5JTVCMCU1RCUzQnMuYXN5bmMlM0QxJTNCJTIwcy5zcmMlM0RyJTNCby5wYXJlbnROb2RlLmluc2VydEJlZm9yZSUyOHMlMkNvJTI5JTdEJTI5JTI4d2luZG93JTJDZG9jdW1lbnQlMkMlMjJzY3JpcHQlMjIlMkMlMjAlMjdodHRwcyUzQSUyRiUyRnd3dy5oYW5kYmFsbC5uZXQlMkZ3aWRnZXRzJTJGZW1iZWQlMkZ2MS5qcyUyNyUyQyUyMl9oYiUyMiUyOSUzQiUwRCUwQSUzQyUyRnNjcmlwdCUzRSUwRCUwQSUzQ2RpdiUyMGlkJTNEJTI3aGFuZGJhbGwtdGFiZWxsZSUyNyUzRSUzQyUyRmRpdiUzRSUwRCUwQSUzQ3NjcmlwdCUzRSUwRCUwQV9oYiUyOCU3QiUwRCUwQXdpZGdldCUzQSUyMCUyN3RhYmVsbGUlMjclMkMlMEQlMEF0ZWFtSWQlM0ElMjAlMjdoYW5kYmFsbDRhbGwucmhlaW5oZXNzZW4tcGZhbHouMTI4MjY5NiUyNyUyQyUwRCUwQWNvbnRhaW5lciUzQSUyMCUyN2hhbmRiYWxsLXRhYmVsbGUlMjclMEQlMEElN0QlMjklMEQlMEElM0MlMkZzY3JpcHQlM0U=[\/vc_raw_html][\/vc_column][\/vc_row][vc_row][vc_column][vc_column_text css=&#8220;&#8220;]<\/p>\n<h3 style=\"text-align: center\">Saison 2025\/26<\/h3>\n<p>Die Saison 2024\/25 war f\u00fcr unsere 4. Damenmannschaft \u2013 k\u00fcnftig 2. Mannschaft &#8211; eine echte Achterbahnfahrt. Sieg und Niederlage wechselten sich stets ab \u2013 und dennoch haben wir als Team unseren Weg gefunden.<\/p>\n<p>Ein siebter Tabellenplatz in einer 10er-Staffel mit 16:20 Punkten ist eine statistische Randnotiz. Wichtiger war, dass sich unsere bunte Mischung weiter stabilisieren konnte. Es wurden wieder neue Gesichter integriert und wir haben den Spagat geschafft, allen Spielerinnen Einsatzzeiten zu erm\u00f6glichen. Genau das war unser Fokus: gemeinsam auf der Platte stehen, sich entwickeln und zusammen wachsen.<\/p>\n<p>F\u00fcr die kommende Saison nehmen wir uns vor, genau dieses Miteinander weiterzuf\u00fchren: als Patchwork-Truppe, die sich in jedem Spiel neu erfindet, gegenseitig auff\u00e4ngt, antreibt und zusammenh\u00e4lt.[\/vc_column_text][\/vc_column][\/vc_row][vc_row][vc_column][vc_empty_space height=&#8220;1px&#8220;][\/vc_column][\/vc_row]<\/p>\n<\/div>","protected":false},"excerpt":{"rendered":"<p>[vc_row][vc_column][vc_empty_space height=&#8220;20px&#8220;][\/vc_column][\/vc_row][vc_row][vc_column][vc_tta_tabs][vc_tta_section title=&#8220;Das Team&#8220; tab_id=&#8220;1448920783386-23a431da-638a&#8220;][vc_column_text css=&#8220;&#8220;] Unsere 2. Damenmannschaft der Saison 2025\/26 Hinten v.l.n.r.: Dana Ott, Daniela Kohlhaas, Stefanie Doka, Mona Bacherle Mitte v.l.n.r.: Trainer Sprotti, Amke Decker, Rebecca Ziora, Kathrin Kardelen, Trainer Harry Eymert Vorne v.l.n.r.: Lilith Maurer, Shahla Arif, Hetty Holm, Sarah Klotz, Petra J\u00f6rger Es fehlen:\u00a0Livia Bei\u00dfer, Anna Braum, Nancy Dinh, Helen [&hellip;]<\/p>\n","protected":false},"author":31,"featured_media":0,"parent":2994,"menu_order":4,"comment_status":"closed","ping_status":"closed","template":"","meta":{"footnotes":""},"class_list":["post-2996","page","type-page","status-publish","hentry"],"_links":{"self":[{"href":"https:\/\/tsvschott.de\/handball\/wp-json\/wp\/v2\/pages\/2996","targetHints":{"allow":["GET"]}}],"collection":[{"href":"https:\/\/tsvschott.de\/handball\/wp-json\/wp\/v2\/pages"}],"about":[{"href":"https:\/\/tsvschott.de\/handball\/wp-json\/wp\/v2\/types\/page"}],"author":[{"embeddable":true,"href":"https:\/\/tsvschott.de\/handball\/wp-json\/wp\/v2\/users\/31"}],"replies":[{"embeddable":true,"href":"https:\/\/tsvschott.de\/handball\/wp-json\/wp\/v2\/comments?post=2996"}],"version-history":[{"count":64,"href":"https:\/\/tsvschott.de\/handball\/wp-json\/wp\/v2\/pages\/2996\/revisions"}],"predecessor-version":[{"id":5798,"href":"https:\/\/tsvschott.de\/handball\/wp-json\/wp\/v2\/pages\/2996\/revisions\/5798"}],"up":[{"embeddable":true,"href":"https:\/\/tsvschott.de\/handball\/wp-json\/wp\/v2\/pages\/2994"}],"wp:attachment":[{"href":"https:\/\/tsvschott.de\/handball\/wp-json\/wp\/v2\/media?parent=2996"}],"curies":[{"name":"wp","href":"https:\/\/api.w.org\/{rel}","templated":true}]}}