{"id":3011,"date":"2015-11-16T15:55:20","date_gmt":"2015-11-16T14:55:20","guid":{"rendered":"http:\/\/tsvschott.de\/handball\/?page_id=3011"},"modified":"2025-08-21T13:59:26","modified_gmt":"2025-08-21T11:59:26","slug":"herren-i","status":"publish","type":"page","link":"https:\/\/tsvschott.de\/handball\/mannschaften\/herren-i\/","title":{"rendered":"Herren \u2013 Bezirksliga Nord"},"content":{"rendered":"<div class=\"wpb-content-wrapper\"><p>[vc_row][vc_column][vc_empty_space height=&#8220;20px&#8220;][\/vc_column][\/vc_row][vc_row][vc_column][vc_tta_tabs][vc_tta_section title=&#8220;Das Team&#8220; tab_id=&#8220;1449512415107-145c815c-8d89&#8243;][vc_column_text css=&#8220;&#8220;]<\/p>\n<p style=\"text-align: center\"><img loading=\"lazy\" decoding=\"async\" class=\"alignnone wp-image-5596 size-large\" src=\"https:\/\/tsvschott.de\/handball\/wp-content\/uploads\/sites\/15\/2023\/09\/Mannschaftsfoto-Herren-23_24-798x599.jpg\" alt=\"\" width=\"640\" height=\"480\" srcset=\"https:\/\/tsvschott.de\/handball\/wp-content\/uploads\/sites\/15\/2023\/09\/Mannschaftsfoto-Herren-23_24-798x599.jpg 798w, https:\/\/tsvschott.de\/handball\/wp-content\/uploads\/sites\/15\/2023\/09\/Mannschaftsfoto-Herren-23_24-382x287.jpg 382w, https:\/\/tsvschott.de\/handball\/wp-content\/uploads\/sites\/15\/2023\/09\/Mannschaftsfoto-Herren-23_24-768x576.jpg 768w, https:\/\/tsvschott.de\/handball\/wp-content\/uploads\/sites\/15\/2023\/09\/Mannschaftsfoto-Herren-23_24.jpg 1024w\" sizes=\"auto, (max-width: 640px) 100vw, 640px\" \/><\/p>\n<p style=\"text-align: center\">Die Herren-Mannschaft 2025\/26<\/p>\n<p style=\"text-align: center\">Stehend v.l.n.r hinten.: Co-Trainer Klaus Sommer, Jan B\u00fcchold, Felix Hirsch,\u00a0 Johannes Mitschka, Julian Zschocke, Co-Trainer Wolfgang Ambos<\/p>\n<p style=\"text-align: center\">Sitzend v.l.n.r.: Christian M\u00fcller, Cl\u00e9ment Presse, Nikos Mertens, Oliver Huth<\/p>\n<p>[\/vc_column_text][\/vc_tta_section][vc_tta_section title=&#8220;Die Trainer&#8220; tab_id=&#8220;1449512415204-587be478-f223&#8243;][vc_column_text css=&#8220;&#8220;]Wolfgang Ambos &amp; Klaus Sommer<br \/>\nMail:\u00a0<a href=\"handball@tsvschott.de\" target=\"_blank\" rel=\"noopener noreferrer\">handball@tsvschott.de<\/a><\/p>\n<div id=\"gtx-trans\">\n<div class=\"gtx-trans-icon\"><\/div>\n<\/div>\n<p>[\/vc_column_text][\/vc_tta_section][vc_tta_section title=&#8220;Trainingszeiten&#8220; tab_id=&#8220;1449512417362-2fe6f5a9-0163&#8243;][vc_column_text]<strong>Dienstag<br \/>\n<\/strong>19.30 Uhr bis 21.00 Uhr<br \/>\nOtto-Schott-Halle<\/p>\n<p><strong>Donnerstag<br \/>\n<\/strong>19.30 Uhr bis 21.00 Uhr<br \/>\nOtto-Schott-Halle[\/vc_column_text][\/vc_tta_section][\/vc_tta_tabs][\/vc_column][\/vc_row][vc_row][vc_column width=&#8220;1\/2&#8243;][vc_raw_html css=&#8220;&#8220;]JTNDc2NyaXB0JTNFJTBEJTBBJTI4ZnVuY3Rpb24lMjhlJTJDdCUyQ24lMkNyJTJDaSUyQ3MlMkNvJTI5JTdCZSU1QmklNUQlM0RlJTVCaSU1RCU3QyU3Q2Z1bmN0aW9uJTI4JTI5JTdCJTI4ZSU1QmklNUQucSUzRGUlNUJpJTVELnElN0MlN0MlNUIlNUQlMjkucHVzaCUyOGFyZ3VtZW50cyUyOSU3RCUyQyUyMGUlNUJpJTVELmwlM0QxJTJBbmV3JTIwRGF0ZSUzQnMlM0R0LmNyZWF0ZUVsZW1lbnQlMjhuJTI5JTJDbyUzRHQuZ2V0RWxlbWVudHNCeVRhZ05hbWUlMjhuJTI5JTVCMCU1RCUzQnMuYXN5bmMlM0QxJTNCJTIwcy5zcmMlM0RyJTNCby5wYXJlbnROb2RlLmluc2VydEJlZm9yZSUyOHMlMkNvJTI5JTdEJTI5JTI4d2luZG93JTJDZG9jdW1lbnQlMkMlMjJzY3JpcHQlMjIlMkMlMjAlMjdodHRwcyUzQSUyRiUyRnd3dy5oYW5kYmFsbC5uZXQlMkZ3aWRnZXRzJTJGZW1iZWQlMkZ2MS5qcyUyNyUyQyUyMl9oYiUyMiUyOSUzQiUwRCUwQSUzQyUyRnNjcmlwdCUzRSUwRCUwQSUzQ2RpdiUyMGlkJTNEJTI3aGFuZGJhbGwtc3BpZWxwbGFuJTI3JTNFJTNDJTJGZGl2JTNFJTBEJTBBJTNDc2NyaXB0JTNFJTBEJTBBX2hiJTI4JTdCJTBEJTBBd2lkZ2V0JTNBJTIwJTI3c3BpZWxwbGFuJTI3JTJDJTBEJTBBdGVhbUlkJTNBJTIwJTI3aGFuZGJhbGw0YWxsLnJoZWluaGVzc2VuLXBmYWx6LjEyOTE0MDElMjclMkMlMEQlMEFjb250YWluZXIlM0ElMjAlMjdoYW5kYmFsbC1zcGllbHBsYW4lMjclMEQlMEElN0QlMjklMEQlMEElM0MlMkZzY3JpcHQlM0U=[\/vc_raw_html][\/vc_column][vc_column width=&#8220;1\/2&#8243;][vc_raw_html css=&#8220;&#8220;]JTNDc2NyaXB0JTNFJTBEJTBBJTI4ZnVuY3Rpb24lMjhlJTJDdCUyQ24lMkNyJTJDaSUyQ3MlMkNvJTI5JTdCZSU1QmklNUQlM0RlJTVCaSU1RCU3QyU3Q2Z1bmN0aW9uJTI4JTI5JTdCJTI4ZSU1QmklNUQucSUzRGUlNUJpJTVELnElN0MlN0MlNUIlNUQlMjkucHVzaCUyOGFyZ3VtZW50cyUyOSU3RCUyQyUyMGUlNUJpJTVELmwlM0QxJTJBbmV3JTIwRGF0ZSUzQnMlM0R0LmNyZWF0ZUVsZW1lbnQlMjhuJTI5JTJDbyUzRHQuZ2V0RWxlbWVudHNCeVRhZ05hbWUlMjhuJTI5JTVCMCU1RCUzQnMuYXN5bmMlM0QxJTNCJTIwcy5zcmMlM0RyJTNCby5wYXJlbnROb2RlLmluc2VydEJlZm9yZSUyOHMlMkNvJTI5JTdEJTI5JTI4d2luZG93JTJDZG9jdW1lbnQlMkMlMjJzY3JpcHQlMjIlMkMlMjAlMjdodHRwcyUzQSUyRiUyRnd3dy5oYW5kYmFsbC5uZXQlMkZ3aWRnZXRzJTJGZW1iZWQlMkZ2MS5qcyUyNyUyQyUyMl9oYiUyMiUyOSUzQiUwRCUwQSUzQyUyRnNjcmlwdCUzRSUwRCUwQSUzQ2RpdiUyMGlkJTNEJTI3aGFuZGJhbGwtdGFiZWxsZSUyNyUzRSUzQyUyRmRpdiUzRSUwRCUwQSUzQ3NjcmlwdCUzRSUwRCUwQV9oYiUyOCU3QiUwRCUwQXdpZGdldCUzQSUyMCUyN3RhYmVsbGUlMjclMkMlMEQlMEF0ZWFtSWQlM0ElMjAlMjdoYW5kYmFsbDRhbGwucmhlaW5oZXNzZW4tcGZhbHouMTI5MTQwMSUyNyUyQyUwRCUwQWNvbnRhaW5lciUzQSUyMCUyN2hhbmRiYWxsLXRhYmVsbGUlMjclMEQlMEElN0QlMjklMEQlMEElM0MlMkZzY3JpcHQlM0U=[\/vc_raw_html][\/vc_column][\/vc_row][vc_row][vc_column][vc_column_text css=&#8220;&#8220;]<\/p>\n<h3 style=\"text-align: center\">Ausblick 2025\/26<\/h3>\n<p>Im neu strukturierten Ligensystem des HV Rheinhessen Pfalz finden sich unsere Schott-Herren in der Bezirksliga wieder. Weite Ausw\u00e4rtsfahrten stehen nicht an und man wird auch in der neuen Liga auf jede Menge bekannter Gesichter treffen. Dabei m\u00f6chte man sich selbstverst\u00e4ndlich bestm\u00f6glich verkaufen. Wir w\u00fcnschen dabei unserem Trainergespann Klaus Sommer und Wolgang Ambos viel Erfolg![\/vc_column_text][\/vc_column][\/vc_row]<\/p>\n<\/div>","protected":false},"excerpt":{"rendered":"<p>[vc_row][vc_column][vc_empty_space height=&#8220;20px&#8220;][\/vc_column][\/vc_row][vc_row][vc_column][vc_tta_tabs][vc_tta_section title=&#8220;Das Team&#8220; tab_id=&#8220;1449512415107-145c815c-8d89&#8243;][vc_column_text css=&#8220;&#8220;] Die Herren-Mannschaft 2025\/26 Stehend v.l.n.r hinten.: Co-Trainer Klaus Sommer, Jan B\u00fcchold, Felix Hirsch,\u00a0 Johannes Mitschka, Julian Zschocke, Co-Trainer Wolfgang Ambos Sitzend v.l.n.r.: Christian M\u00fcller, Cl\u00e9ment Presse, Nikos Mertens, Oliver Huth [\/vc_column_text][\/vc_tta_section][vc_tta_section title=&#8220;Die Trainer&#8220; tab_id=&#8220;1449512415204-587be478-f223&#8243;][vc_column_text css=&#8220;&#8220;]Wolfgang Ambos &amp; Klaus Sommer Mail:\u00a0handball@tsvschott.de [\/vc_column_text][\/vc_tta_section][vc_tta_section title=&#8220;Trainingszeiten&#8220; tab_id=&#8220;1449512417362-2fe6f5a9-0163&#8243;][vc_column_text]Dienstag 19.30 Uhr bis 21.00 Uhr Otto-Schott-Halle [&hellip;]<\/p>\n","protected":false},"author":31,"featured_media":0,"parent":2994,"menu_order":1,"comment_status":"closed","ping_status":"closed","template":"","meta":{"footnotes":""},"class_list":["post-3011","page","type-page","status-publish","hentry"],"_links":{"self":[{"href":"https:\/\/tsvschott.de\/handball\/wp-json\/wp\/v2\/pages\/3011","targetHints":{"allow":["GET"]}}],"collection":[{"href":"https:\/\/tsvschott.de\/handball\/wp-json\/wp\/v2\/pages"}],"about":[{"href":"https:\/\/tsvschott.de\/handball\/wp-json\/wp\/v2\/types\/page"}],"author":[{"embeddable":true,"href":"https:\/\/tsvschott.de\/handball\/wp-json\/wp\/v2\/users\/31"}],"replies":[{"embeddable":true,"href":"https:\/\/tsvschott.de\/handball\/wp-json\/wp\/v2\/comments?post=3011"}],"version-history":[{"count":55,"href":"https:\/\/tsvschott.de\/handball\/wp-json\/wp\/v2\/pages\/3011\/revisions"}],"predecessor-version":[{"id":5727,"href":"https:\/\/tsvschott.de\/handball\/wp-json\/wp\/v2\/pages\/3011\/revisions\/5727"}],"up":[{"embeddable":true,"href":"https:\/\/tsvschott.de\/handball\/wp-json\/wp\/v2\/pages\/2994"}],"wp:attachment":[{"href":"https:\/\/tsvschott.de\/handball\/wp-json\/wp\/v2\/media?parent=3011"}],"curies":[{"name":"wp","href":"https:\/\/api.w.org\/{rel}","templated":true}]}}