{"id":3197,"date":"2015-11-23T14:10:30","date_gmt":"2015-11-23T13:10:30","guid":{"rendered":"http:\/\/tsvschott.de\/handball\/?page_id=3197"},"modified":"2023-11-02T09:41:18","modified_gmt":"2023-11-02T08:41:18","slug":"allgemeine-infos","status":"publish","type":"page","link":"https:\/\/tsvschott.de\/handball\/die_abteilung\/allgemeine-infos\/","title":{"rendered":"Allgemeine Infos"},"content":{"rendered":"<div class=\"wpb-content-wrapper\"><p>[vc_row][vc_column][vc_column_text]Die Handball-Abteilung des TSV SCHOTT Mainz e.V. geh\u00f6rt zu den Gr\u00fcndungssportarten des Vereins.<\/p>\n<p>Angefangen bei der Mini-Mannschaft f\u00fcr Kinder von vier bis ca. sieben Jahren \u00fcber die Jugendlichen bis hin zu den Damen und und unserer Herrenmannschaft bieten wir f\u00fcr jede Altersgruppe einen fundierten Zugang zum Handball-Sport. Neben den Trainings und der Teilnahme an Wettk\u00e4mpfen werden f\u00fcr die Mitglieder der Handball-Abteilung auch gemeinsame Aktivit\u00e4ten angeboten.<\/p>\n<p>Seit 2019 kooperieren wir mit den Nachbarn vom HC Gonsenheim im Rahmen einer Jugendspielgemeinsschaft. Als JSG Gonsenheim\/TSV Schott nehmen wir sowohl bei den Jungs als auch den M\u00e4dchen in allen Alterstufen am Sportbetrieb teil. Die Heimspiele finden dabei je nach Hallenauslastung in der Otto-Schott-Halle oder der Mombacher Halle am Freibad statt.<\/p>\n<p>Seit 2023 wird die Zusammenarbeit mit dem HC Gonsenheim durch eine Spielgemeinschaft im Frauenbereich intensiviert. In einem Verbund von drei Vereinen, dem TV Bodenheim, dem HC Gonsenheim und dem TSV Schott, bietet die Frauenspielgemeinschaft (FSG) mit vier Mannschaften von Oberliga \u00fcber die Rheinhessenliga bis zur Kreisliga von leistungsorientierten Frauenhandball bis zum Amateur-Breitensport ein breites Spektrum an.<\/p>\n<p>Wir freuen uns nat\u00fcrlich jederzeit \u00fcber neue Mitglieder, von blutigen Anf\u00e4ngern bis zu &#8222;alten Hasen&#8220;. Schaut einfach mal unverbindlich zum Schnupper-Training oder bei einem unserer Spiele vorbei.<\/p>\n<p>Weitere Informationen und Trainingszeiten sind auf der Homepage bei den jeweiligen Mannschaften hinterlegt oder k\u00f6nnen via Mail an <a href=\"mailto:handball@tsvschott.de\" target=\"_blank\" rel=\"noopener noreferrer\">handball@tsvschott.de<\/a> erfragt werden.<\/p>\n<p>Mit sportlichen Gr\u00fc\u00dfen<br \/>\nAbteilungsleitung Handball[\/vc_column_text][\/vc_column][\/vc_row]<\/p>\n<\/div>","protected":false},"excerpt":{"rendered":"<p>[vc_row][vc_column][vc_column_text]Die Handball-Abteilung des TSV SCHOTT Mainz e.V. geh\u00f6rt zu den Gr\u00fcndungssportarten des Vereins. Angefangen bei der Mini-Mannschaft f\u00fcr Kinder von vier bis ca. sieben Jahren \u00fcber die Jugendlichen bis hin zu den Damen und und unserer Herrenmannschaft bieten wir f\u00fcr jede Altersgruppe einen fundierten Zugang zum Handball-Sport. Neben den Trainings und der Teilnahme an Wettk\u00e4mpfen [&hellip;]<\/p>\n","protected":false},"author":19,"featured_media":0,"parent":3095,"menu_order":2,"comment_status":"closed","ping_status":"closed","template":"template-mit-sidebar.php","meta":{"footnotes":""},"class_list":["post-3197","page","type-page","status-publish","hentry"],"_links":{"self":[{"href":"https:\/\/tsvschott.de\/handball\/wp-json\/wp\/v2\/pages\/3197","targetHints":{"allow":["GET"]}}],"collection":[{"href":"https:\/\/tsvschott.de\/handball\/wp-json\/wp\/v2\/pages"}],"about":[{"href":"https:\/\/tsvschott.de\/handball\/wp-json\/wp\/v2\/types\/page"}],"author":[{"embeddable":true,"href":"https:\/\/tsvschott.de\/handball\/wp-json\/wp\/v2\/users\/19"}],"replies":[{"embeddable":true,"href":"https:\/\/tsvschott.de\/handball\/wp-json\/wp\/v2\/comments?post=3197"}],"version-history":[{"count":6,"href":"https:\/\/tsvschott.de\/handball\/wp-json\/wp\/v2\/pages\/3197\/revisions"}],"predecessor-version":[{"id":5610,"href":"https:\/\/tsvschott.de\/handball\/wp-json\/wp\/v2\/pages\/3197\/revisions\/5610"}],"up":[{"embeddable":true,"href":"https:\/\/tsvschott.de\/handball\/wp-json\/wp\/v2\/pages\/3095"}],"wp:attachment":[{"href":"https:\/\/tsvschott.de\/handball\/wp-json\/wp\/v2\/media?parent=3197"}],"curies":[{"name":"wp","href":"https:\/\/api.w.org\/{rel}","templated":true}]}}