{"id":3377,"date":"2015-11-30T23:38:24","date_gmt":"2015-11-30T22:38:24","guid":{"rendered":"http:\/\/tsvschott.de\/handball\/?page_id=3377"},"modified":"2024-07-02T20:08:17","modified_gmt":"2024-07-02T18:08:17","slug":"minis","status":"publish","type":"page","link":"https:\/\/tsvschott.de\/handball\/jugend\/minis\/","title":{"rendered":"F-Jugend und Minis"},"content":{"rendered":"<div class=\"wpb-content-wrapper\"><p>[vc_row][vc_column][vc_empty_space height=&#8220;1px&#8220;][\/vc_column][\/vc_row][vc_row][vc_column][vc_tabs interval=&#8220;0&#8243;][vc_tab title=&#8220;Das Team&#8220; tab_id=&#8220;1435157830878-0-2d758-9e11e1e1-00f5&#8243;][vc_column_text]<\/p>\n<h3><img loading=\"lazy\" decoding=\"async\" class=\"alignnone size-large wp-image-4783\" src=\"https:\/\/tsvschott.de\/handball\/wp-content\/uploads\/sites\/15\/2019\/06\/IMG-20190608-WA0001-798x599.jpg\" alt=\"\" width=\"604\" height=\"453\" srcset=\"https:\/\/tsvschott.de\/handball\/wp-content\/uploads\/sites\/15\/2019\/06\/IMG-20190608-WA0001-798x599.jpg 798w, https:\/\/tsvschott.de\/handball\/wp-content\/uploads\/sites\/15\/2019\/06\/IMG-20190608-WA0001-382x287.jpg 382w, https:\/\/tsvschott.de\/handball\/wp-content\/uploads\/sites\/15\/2019\/06\/IMG-20190608-WA0001-768x576.jpg 768w, https:\/\/tsvschott.de\/handball\/wp-content\/uploads\/sites\/15\/2019\/06\/IMG-20190608-WA0001-800x600.jpg 800w, https:\/\/tsvschott.de\/handball\/wp-content\/uploads\/sites\/15\/2019\/06\/IMG-20190608-WA0001-320x240.jpg 320w, https:\/\/tsvschott.de\/handball\/wp-content\/uploads\/sites\/15\/2019\/06\/IMG-20190608-WA0001.jpg 1600w\" sizes=\"auto, (max-width: 604px) 100vw, 604px\" \/><\/h3>\n<p>[\/vc_column_text][\/vc_tab][vc_tab title=&#8220;Ansprechpartner&#8220; tab_id=&#8220;1435157829530-0-9d758-9e11e1e1-00f5&#8243;][vc_column_text css=&#8220;&#8220;]Christian Sprott<br \/>\nMobil: <a href=\"tel:+491742063127\">0174-2063127<\/a><br \/>\nMail:\u00a0<a href=\"mailto:christian.sprott@tsvschott.de\" target=\"_blank\" rel=\"noopener noreferrer\">christian.sprott@tsvschott.de<\/a>[\/vc_column_text][\/vc_tab][vc_tab title=&#8220;Trainingszeiten&#8220; tab_id=&#8220;1435157830188-0-9d758-9e11e1e1-00f5&#8243;][vc_column_text css=&#8220;&#8220;]<strong>Freitag &#8211; Minis (Jahrg\u00e4nge 2015 und j\u00fcnger)<br \/>\n<\/strong>16.00 Uhr bis 17.00 Uhr<br \/>\nMombacher Halle[\/vc_column_text][\/vc_tab][\/vc_tabs][\/vc_column][\/vc_row][vc_row][vc_column][vc_empty_space height=&#8220;1px&#8220;][\/vc_column][\/vc_row][vc_row][vc_column][vc_column_text css=&#8220;&#8220;]<\/p>\n<h3 style=\"text-align: center\">Unsere F-Jugend und Minis\u2013 Spielen macht schlau!<\/h3>\n<p style=\"text-align: left\">Sportliche Aktivit\u00e4t ist gut f\u00fcr die Gesundheit und geistige Entwicklungsf\u00e4higkeit. Bewegungsmangel dagegen kann bei Kindern zu Entwicklungsschwierigkeiten im sportmotorischen, emotionalen und sozialen Bereich sowie zu \u00dcbergewicht und psychosomatischen Beschwerden f\u00fchren.<\/p>\n<p>In einer Zeit, in der eigene Bewegung und aktives Spiel immer mehr in den Hintergrund treten, kommt Angeboten, wie denen einer Ballschule eine zentrale Bedeutung zu. Unsere Kinder sollen wieder das ABC des Spielens erlernen. Und weil es die vielseitige, nat\u00fcrliche Ballschule der Stra\u00dfen, Parks und Bolzpl\u00e4tze immer weniger gibt, schafft das Handballspiel bei der JSG Gonsenheim\/TSV SCHOTT zusammen mit engagierten Trainern Abhilfe.<\/p>\n<p>Unser Mini-Handball f\u00fcr die noch j\u00fcngeren Kinder ist au\u00dferdem geeignet f\u00fcr Kinder ab ca. 5 Jahren. Die Lerneffekte sind, gerade am Anfang, sehr gro\u00df und Kinder, die zun\u00e4chst scheinbar verloren am Rand standen und Angst vor B\u00e4llen hatten, sind schon nach wenigen Wochen sichere Ballf\u00e4nger[\/vc_column_text][\/vc_column][\/vc_row]<\/p>\n<\/div>","protected":false},"excerpt":{"rendered":"<p>[vc_row][vc_column][vc_empty_space height=&#8220;1px&#8220;][\/vc_column][\/vc_row][vc_row][vc_column][vc_tabs interval=&#8220;0&#8243;][vc_tab title=&#8220;Das Team&#8220; tab_id=&#8220;1435157830878-0-2d758-9e11e1e1-00f5&#8243;][vc_column_text] [\/vc_column_text][\/vc_tab][vc_tab title=&#8220;Ansprechpartner&#8220; tab_id=&#8220;1435157829530-0-9d758-9e11e1e1-00f5&#8243;][vc_column_text css=&#8220;&#8220;]Christian Sprott Mobil: 0174-2063127 Mail:\u00a0christian.sprott@tsvschott.de[\/vc_column_text][\/vc_tab][vc_tab title=&#8220;Trainingszeiten&#8220; tab_id=&#8220;1435157830188-0-9d758-9e11e1e1-00f5&#8243;][vc_column_text css=&#8220;&#8220;]Freitag &#8211; Minis (Jahrg\u00e4nge 2015 und j\u00fcnger) 16.00 Uhr bis 17.00 Uhr Mombacher Halle[\/vc_column_text][\/vc_tab][\/vc_tabs][\/vc_column][\/vc_row][vc_row][vc_column][vc_empty_space height=&#8220;1px&#8220;][\/vc_column][\/vc_row][vc_row][vc_column][vc_column_text css=&#8220;&#8220;] Unsere F-Jugend und Minis\u2013 Spielen macht schlau! Sportliche Aktivit\u00e4t ist gut f\u00fcr die Gesundheit und geistige Entwicklungsf\u00e4higkeit. Bewegungsmangel dagegen kann bei Kindern zu [&hellip;]<\/p>\n","protected":false},"author":19,"featured_media":0,"parent":3230,"menu_order":6,"comment_status":"closed","ping_status":"closed","template":"","meta":{"footnotes":""},"class_list":["post-3377","page","type-page","status-publish","hentry"],"_links":{"self":[{"href":"https:\/\/tsvschott.de\/handball\/wp-json\/wp\/v2\/pages\/3377","targetHints":{"allow":["GET"]}}],"collection":[{"href":"https:\/\/tsvschott.de\/handball\/wp-json\/wp\/v2\/pages"}],"about":[{"href":"https:\/\/tsvschott.de\/handball\/wp-json\/wp\/v2\/types\/page"}],"author":[{"embeddable":true,"href":"https:\/\/tsvschott.de\/handball\/wp-json\/wp\/v2\/users\/19"}],"replies":[{"embeddable":true,"href":"https:\/\/tsvschott.de\/handball\/wp-json\/wp\/v2\/comments?post=3377"}],"version-history":[{"count":15,"href":"https:\/\/tsvschott.de\/handball\/wp-json\/wp\/v2\/pages\/3377\/revisions"}],"predecessor-version":[{"id":5630,"href":"https:\/\/tsvschott.de\/handball\/wp-json\/wp\/v2\/pages\/3377\/revisions\/5630"}],"up":[{"embeddable":true,"href":"https:\/\/tsvschott.de\/handball\/wp-json\/wp\/v2\/pages\/3230"}],"wp:attachment":[{"href":"https:\/\/tsvschott.de\/handball\/wp-json\/wp\/v2\/media?parent=3377"}],"curies":[{"name":"wp","href":"https:\/\/api.w.org\/{rel}","templated":true}]}}