{"id":3753,"date":"2015-12-28T12:28:18","date_gmt":"2015-12-28T11:28:18","guid":{"rendered":"http:\/\/tsvschott.de\/handball\/?page_id=3753"},"modified":"2025-08-24T21:29:01","modified_gmt":"2025-08-24T19:29:01","slug":"e-jugend","status":"publish","type":"page","link":"https:\/\/tsvschott.de\/handball\/jugend\/e-jugend\/","title":{"rendered":"mE-Jugend"},"content":{"rendered":"<div class=\"wpb-content-wrapper\"><p>[vc_row][vc_column][vc_empty_space height=&#8220;20px&#8220;][\/vc_column][\/vc_row][vc_row][vc_column][vc_tta_tabs][vc_tta_section title=&#8220;Das Team&#8220; tab_id=&#8220;1451300400426-5697a452-1f0e&#8220;][vc_column_text css=&#8220;&#8220;]<img loading=\"lazy\" decoding=\"async\" class=\"alignnone wp-image-5778 size-large\" src=\"https:\/\/tsvschott.de\/handball\/wp-content\/uploads\/sites\/15\/2025\/08\/mEJ_2025_26-798x532.jpg\" alt=\"\" width=\"640\" height=\"427\" srcset=\"https:\/\/tsvschott.de\/handball\/wp-content\/uploads\/sites\/15\/2025\/08\/mEJ_2025_26-798x532.jpg 798w, https:\/\/tsvschott.de\/handball\/wp-content\/uploads\/sites\/15\/2025\/08\/mEJ_2025_26-382x255.jpg 382w, https:\/\/tsvschott.de\/handball\/wp-content\/uploads\/sites\/15\/2025\/08\/mEJ_2025_26-768x512.jpg 768w, https:\/\/tsvschott.de\/handball\/wp-content\/uploads\/sites\/15\/2025\/08\/mEJ_2025_26.jpg 1200w\" sizes=\"auto, (max-width: 640px) 100vw, 640px\" \/>[\/vc_column_text][\/vc_tta_section][vc_tta_section title=&#8220;Ansprechpartner&#8220; tab_id=&#8220;1451300400495-138bab8d-49f6&#8243;][vc_column_text]<\/p>\n<blockquote><p>Christian Sprott<br \/>\nMobil: <a href=\"tel:+491742063127\" target=\"_blank\" rel=\"noopener noreferrer\">0174-2063127<\/a><br \/>\nMail:\u00a0<a href=\"mailto:handball@tsvschott.de\" target=\"_blank\" rel=\"noopener noreferrer\">handball@tsvschott.de<\/a><\/p><\/blockquote>\n<p>[\/vc_column_text][\/vc_tta_section][vc_tta_section title=&#8220;Trainingszeiten&#8220; tab_id=&#8220;1451300448513-08f913b6-3eac&#8220;][vc_column_text css=&#8220;&#8220;]<strong>Mittwoch<br \/>\n<\/strong>17.00 Uhr bis 18.30 Uhr<br \/>\nOtto-Schott-Gymnasium<\/p>\n<p><strong>Freitag<\/strong><br \/>\n16. 15 Uhr bis 17.30 Uhr<br \/>\nMombacher Halle[\/vc_column_text][\/vc_tta_section][\/vc_tta_tabs][\/vc_column][\/vc_row][vc_row][vc_column][vc_empty_space height=&#8220;1px&#8220;][\/vc_column][\/vc_row][vc_row][vc_column][vc_column_text css=&#8220;&#8220;]<\/p>\n<h3 style=\"text-align: center\">Ausblick 2025\/26<\/h3>\n<p style=\"font-weight: 400\">Eine \u00e4u\u00dferst erfolgreiche Saison 2024\/2025 liegt hinter der E-Jugend und ihrem Trainerteam. Nach einigen spannenden Spielen konnten sich beide Mannschaften, welche in der selben Liga spielten, den zweiten und dritten Platz erarbeiten. Einzig das Torverh\u00e4ltnis hat in dieser Liga den Meister und den Vizemeister bestimmt. Aber genug der vergangenen Saison, wir widmen uns nun der neuen Saison. Wir geben aus dem Jahrgang 2014 einige starke Spieler in die D-Jugend ab, was uns aber keinen Abbruch tut, denn aus dem alten F-Jugend-Jahrgang werden wir wieder zur Gen\u00fcge aufgef\u00fcllt.<\/p>\n<p style=\"font-weight: 400\">Aufgrund der Zusammenlegung der beiden Handballverb\u00e4nde Rheinhessen und Pfalz wird sich nun an der Spielweise einiges \u00e4ndern. In der ersten Halbzeit wird, wie gewohnt, ein 2x 3-gegen-3 gespielt, hierbei gibt es aber auch \u00c4nderungen, welche nicht kurz in diesem Text zusammengefasst werden k\u00f6nnen\u2026 In der zweiten Halbzeit wird ab sofort ein 6-gegen-6 \u00fcber das ganze Feld gespielt. Quasi wie bei den Gro\u00dfen, nur mit etwas mehr Chaos .<\/p>\n<p style=\"font-weight: 400\">Die Hauptarbeit wird, wie in den letzten Jahren auch, die selbe sein. Wir versuchen den Kindern den Spa\u00df am Handball zu vermitteln, alle auf einen leistungsgerechten Stand zu bringen und nebenbei die Neuerungen der neuen Spielsysteme einzuf\u00fchren. Es steht also eine Menge Arbeit auf dem Programm, aber das eingespielte Trainerteam hat die Lage nat\u00fcrlich bestens im Griff.<\/p>\n<p style=\"font-weight: 400\">Wir freuen uns auf spannende Spiele und viele Tore durch unsere Talente, sowie zahlreichen Besuch in der Halle.<\/p>\n<p>[\/vc_column_text][\/vc_column][\/vc_row][vc_row][vc_column width=&#8220;1\/2&#8243;][vc_raw_html css=&#8220;&#8220;]JTNDc2NyaXB0JTNFJTBEJTBBJTI4ZnVuY3Rpb24lMjhlJTJDdCUyQ24lMkNyJTJDaSUyQ3MlMkNvJTI5JTdCZSU1QmklNUQlM0RlJTVCaSU1RCU3QyU3Q2Z1bmN0aW9uJTI4JTI5JTdCJTI4ZSU1QmklNUQucSUzRGUlNUJpJTVELnElN0MlN0MlNUIlNUQlMjkucHVzaCUyOGFyZ3VtZW50cyUyOSU3RCUyQyUyMGUlNUJpJTVELmwlM0QxJTJBbmV3JTIwRGF0ZSUzQnMlM0R0LmNyZWF0ZUVsZW1lbnQlMjhuJTI5JTJDbyUzRHQuZ2V0RWxlbWVudHNCeVRhZ05hbWUlMjhuJTI5JTVCMCU1RCUzQnMuYXN5bmMlM0QxJTNCJTIwcy5zcmMlM0RyJTNCby5wYXJlbnROb2RlLmluc2VydEJlZm9yZSUyOHMlMkNvJTI5JTdEJTI5JTI4d2luZG93JTJDZG9jdW1lbnQlMkMlMjJzY3JpcHQlMjIlMkMlMjAlMjdodHRwcyUzQSUyRiUyRnd3dy5oYW5kYmFsbC5uZXQlMkZ3aWRnZXRzJTJGZW1iZWQlMkZ2MS5qcyUyNyUyQyUyMl9oYiUyMiUyOSUzQiUwRCUwQSUzQyUyRnNjcmlwdCUzRSUwRCUwQSUzQ2RpdiUyMGlkJTNEJTI3aGFuZGJhbGwtc3BpZWxwbGFuJTI3JTNFJTNDJTJGZGl2JTNFJTBEJTBBJTNDc2NyaXB0JTNFJTBEJTBBX2hiJTI4JTdCJTBEJTBBd2lkZ2V0JTNBJTIwJTI3c3BpZWxwbGFuJTI3JTJDJTBEJTBBdGVhbUlkJTNBJTIwJTI3aGFuZGJhbGw0YWxsLnJoZWluaGVzc2VuLXBmYWx6LjEyODY0ODYlMjclMkMlMEQlMEFjb250YWluZXIlM0ElMjAlMjdoYW5kYmFsbC1zcGllbHBsYW4lMjclMEQlMEElN0QlMjklMEQlMEElM0MlMkZzY3JpcHQlM0U=[\/vc_raw_html][\/vc_column][vc_column width=&#8220;1\/2&#8243;][vc_raw_html css=&#8220;&#8220;]JTNDc2NyaXB0JTNFJTBEJTBBJTI4ZnVuY3Rpb24lMjhlJTJDdCUyQ24lMkNyJTJDaSUyQ3MlMkNvJTI5JTdCZSU1QmklNUQlM0RlJTVCaSU1RCU3QyU3Q2Z1bmN0aW9uJTI4JTI5JTdCJTI4ZSU1QmklNUQucSUzRGUlNUJpJTVELnElN0MlN0MlNUIlNUQlMjkucHVzaCUyOGFyZ3VtZW50cyUyOSU3RCUyQyUyMGUlNUJpJTVELmwlM0QxJTJBbmV3JTIwRGF0ZSUzQnMlM0R0LmNyZWF0ZUVsZW1lbnQlMjhuJTI5JTJDbyUzRHQuZ2V0RWxlbWVudHNCeVRhZ05hbWUlMjhuJTI5JTVCMCU1RCUzQnMuYXN5bmMlM0QxJTNCJTIwcy5zcmMlM0RyJTNCby5wYXJlbnROb2RlLmluc2VydEJlZm9yZSUyOHMlMkNvJTI5JTdEJTI5JTI4d2luZG93JTJDZG9jdW1lbnQlMkMlMjJzY3JpcHQlMjIlMkMlMjAlMjdodHRwcyUzQSUyRiUyRnd3dy5oYW5kYmFsbC5uZXQlMkZ3aWRnZXRzJTJGZW1iZWQlMkZ2MS5qcyUyNyUyQyUyMl9oYiUyMiUyOSUzQiUwRCUwQSUzQyUyRnNjcmlwdCUzRSUwRCUwQSUzQ2RpdiUyMGlkJTNEJTI3aGFuZGJhbGwtdGFiZWxsZSUyNyUzRSUzQyUyRmRpdiUzRSUwRCUwQSUzQ3NjcmlwdCUzRSUwRCUwQV9oYiUyOCU3QiUwRCUwQXdpZGdldCUzQSUyMCUyN3RhYmVsbGUlMjclMkMlMEQlMEF0ZWFtSWQlM0ElMjAlMjdoYW5kYmFsbDRhbGwucmhlaW5oZXNzZW4tcGZhbHouMTI4NjQ4NiUyNyUyQyUwRCUwQWNvbnRhaW5lciUzQSUyMCUyN2hhbmRiYWxsLXRhYmVsbGUlMjclMEQlMEElN0QlMjklMEQlMEElM0MlMkZzY3JpcHQlM0U=[\/vc_raw_html][\/vc_column][\/vc_row]<\/p>\n<\/div>","protected":false},"excerpt":{"rendered":"<p>[vc_row][vc_column][vc_empty_space height=&#8220;20px&#8220;][\/vc_column][\/vc_row][vc_row][vc_column][vc_tta_tabs][vc_tta_section title=&#8220;Das Team&#8220; tab_id=&#8220;1451300400426-5697a452-1f0e&#8220;][vc_column_text css=&#8220;&#8220;][\/vc_column_text][\/vc_tta_section][vc_tta_section title=&#8220;Ansprechpartner&#8220; tab_id=&#8220;1451300400495-138bab8d-49f6&#8243;][vc_column_text] Christian Sprott Mobil: 0174-2063127 Mail:\u00a0handball@tsvschott.de [\/vc_column_text][\/vc_tta_section][vc_tta_section title=&#8220;Trainingszeiten&#8220; tab_id=&#8220;1451300448513-08f913b6-3eac&#8220;][vc_column_text css=&#8220;&#8220;]Mittwoch 17.00 Uhr bis 18.30 Uhr Otto-Schott-Gymnasium Freitag 16. 15 Uhr bis 17.30 Uhr Mombacher Halle[\/vc_column_text][\/vc_tta_section][\/vc_tta_tabs][\/vc_column][\/vc_row][vc_row][vc_column][vc_empty_space height=&#8220;1px&#8220;][\/vc_column][\/vc_row][vc_row][vc_column][vc_column_text css=&#8220;&#8220;] Ausblick 2025\/26 Eine \u00e4u\u00dferst erfolgreiche Saison 2024\/2025 liegt hinter der E-Jugend und ihrem Trainerteam. Nach einigen spannenden Spielen konnten sich beide [&hellip;]<\/p>\n","protected":false},"author":19,"featured_media":0,"parent":3230,"menu_order":5,"comment_status":"closed","ping_status":"closed","template":"","meta":{"footnotes":""},"class_list":["post-3753","page","type-page","status-publish","hentry"],"_links":{"self":[{"href":"https:\/\/tsvschott.de\/handball\/wp-json\/wp\/v2\/pages\/3753","targetHints":{"allow":["GET"]}}],"collection":[{"href":"https:\/\/tsvschott.de\/handball\/wp-json\/wp\/v2\/pages"}],"about":[{"href":"https:\/\/tsvschott.de\/handball\/wp-json\/wp\/v2\/types\/page"}],"author":[{"embeddable":true,"href":"https:\/\/tsvschott.de\/handball\/wp-json\/wp\/v2\/users\/19"}],"replies":[{"embeddable":true,"href":"https:\/\/tsvschott.de\/handball\/wp-json\/wp\/v2\/comments?post=3753"}],"version-history":[{"count":27,"href":"https:\/\/tsvschott.de\/handball\/wp-json\/wp\/v2\/pages\/3753\/revisions"}],"predecessor-version":[{"id":5789,"href":"https:\/\/tsvschott.de\/handball\/wp-json\/wp\/v2\/pages\/3753\/revisions\/5789"}],"up":[{"embeddable":true,"href":"https:\/\/tsvschott.de\/handball\/wp-json\/wp\/v2\/pages\/3230"}],"wp:attachment":[{"href":"https:\/\/tsvschott.de\/handball\/wp-json\/wp\/v2\/media?parent=3753"}],"curies":[{"name":"wp","href":"https:\/\/api.w.org\/{rel}","templated":true}]}}