{"id":4038,"date":"2016-08-04T17:47:01","date_gmt":"2016-08-04T15:47:01","guid":{"rendered":"http:\/\/tsvschott.de\/handball\/?page_id=4038"},"modified":"2023-11-02T09:45:35","modified_gmt":"2023-11-02T08:45:35","slug":"schiedsrichter","status":"publish","type":"page","link":"https:\/\/tsvschott.de\/handball\/die_abteilung\/schiedsrichter\/","title":{"rendered":"Schiedsrichter"},"content":{"rendered":"<div class=\"wpb-content-wrapper\"><p>[vc_row][vc_column][vc_column_text]<\/p>\n<h3 style=\"text-align: center\">Meckern kann jeder &#8211; Erst mal besser machen!<\/h3>\n<p>Schiedsrichter werden immer mehr zur \u201cMangelware\u201d &#8211; h\u00e4nderingend wird in allen Sportarten nach Schiedsrichtern gesucht. Dies trifft leider auch die Handballvereine im HVR zu. Nur wenige Vereine k\u00f6nnen das vom Verband geforderte Soll an Schiedsrichtern erf\u00fcllen. Geldbu\u00dfen und Punktabz\u00fcge sind in Rheinhessen die Instrumente, um dem Schiri-Schwund Herr zu werden. Ob dies eine sinnvolle Ma\u00dfnahme ist, sei dahingestellt. Fest steht, dass die Vereine auf irgendeine Art und Weise reagieren m\u00fcssen &#8211; oder eben murrend und knurrend die Sanktionen hinnehmen.<\/p>\n<figure id=\"attachment_4039\" aria-describedby=\"caption-attachment-4039\" style=\"width: 604px\" class=\"wp-caption aligncenter\"><img loading=\"lazy\" decoding=\"async\" class=\"size-large wp-image-4039\" src=\"https:\/\/tsvschott.de\/handball\/wp-content\/uploads\/sites\/15\/2016\/08\/Schiris-008-798x549.jpg\" alt=\"Unser Schiedsrichter-Gespann Schlager\/Oetjen\" width=\"604\" height=\"416\" srcset=\"https:\/\/tsvschott.de\/handball\/wp-content\/uploads\/sites\/15\/2016\/08\/Schiris-008-798x549.jpg 798w, https:\/\/tsvschott.de\/handball\/wp-content\/uploads\/sites\/15\/2016\/08\/Schiris-008-382x263.jpg 382w, https:\/\/tsvschott.de\/handball\/wp-content\/uploads\/sites\/15\/2016\/08\/Schiris-008-768x528.jpg 768w, https:\/\/tsvschott.de\/handball\/wp-content\/uploads\/sites\/15\/2016\/08\/Schiris-008.jpg 1808w\" sizes=\"auto, (max-width: 604px) 100vw, 604px\" \/><figcaption id=\"caption-attachment-4039\" class=\"wp-caption-text\">Unser Schiedsrichter-Gespann Schlager\/Oetjen<\/figcaption><\/figure>\n<p>&nbsp;<\/p>\n<p>Wir konnten den Verband in der Saison 2022\/23 mit unserem\u00a0 Schiedsrichter-Gespann Schlager\/Oetjen unterst\u00fctzen, die sich dank ihrer guten Schiedsrichter-Leistungen f\u00fcr Eins\u00e4tze in der verbands\u00fcbergreifenden Oberliga RPS empfehlen konnten. Weiterhin werden einige Spieler unserer JSG als Junior-Schiedsrichter ausgebildet. Wir w\u00fcnschen unseren Schiris auch in der kommenden Saison den richtigen Pfiff zur richtigen Zeit und eine sichere An- und R\u00fcckreise.<\/p>\n<p>Wer Interesse hat unser Schiedsrichter-Team zu verst\u00e4rken, kann sich gerne beim Vorstand der Handballabteilung melden.[\/vc_column_text][\/vc_column][\/vc_row]<\/p>\n<\/div>","protected":false},"excerpt":{"rendered":"<p>[vc_row][vc_column][vc_column_text] Meckern kann jeder &#8211; Erst mal besser machen! Schiedsrichter werden immer mehr zur \u201cMangelware\u201d &#8211; h\u00e4nderingend wird in allen Sportarten nach Schiedsrichtern gesucht. Dies trifft leider auch die Handballvereine im HVR zu. Nur wenige Vereine k\u00f6nnen das vom Verband geforderte Soll an Schiedsrichtern erf\u00fcllen. Geldbu\u00dfen und Punktabz\u00fcge sind in Rheinhessen die Instrumente, um dem [&hellip;]<\/p>\n","protected":false},"author":19,"featured_media":0,"parent":3095,"menu_order":4,"comment_status":"closed","ping_status":"closed","template":"template-mit-sidebar.php","meta":{"footnotes":""},"class_list":["post-4038","page","type-page","status-publish","hentry"],"_links":{"self":[{"href":"https:\/\/tsvschott.de\/handball\/wp-json\/wp\/v2\/pages\/4038","targetHints":{"allow":["GET"]}}],"collection":[{"href":"https:\/\/tsvschott.de\/handball\/wp-json\/wp\/v2\/pages"}],"about":[{"href":"https:\/\/tsvschott.de\/handball\/wp-json\/wp\/v2\/types\/page"}],"author":[{"embeddable":true,"href":"https:\/\/tsvschott.de\/handball\/wp-json\/wp\/v2\/users\/19"}],"replies":[{"embeddable":true,"href":"https:\/\/tsvschott.de\/handball\/wp-json\/wp\/v2\/comments?post=4038"}],"version-history":[{"count":9,"href":"https:\/\/tsvschott.de\/handball\/wp-json\/wp\/v2\/pages\/4038\/revisions"}],"predecessor-version":[{"id":5611,"href":"https:\/\/tsvschott.de\/handball\/wp-json\/wp\/v2\/pages\/4038\/revisions\/5611"}],"up":[{"embeddable":true,"href":"https:\/\/tsvschott.de\/handball\/wp-json\/wp\/v2\/pages\/3095"}],"wp:attachment":[{"href":"https:\/\/tsvschott.de\/handball\/wp-json\/wp\/v2\/media?parent=4038"}],"curies":[{"name":"wp","href":"https:\/\/api.w.org\/{rel}","templated":true}]}}