{"id":4384,"date":"2017-05-30T19:45:55","date_gmt":"2017-05-30T17:45:55","guid":{"rendered":"http:\/\/tsvschott.de\/handball\/?page_id=4384"},"modified":"2025-08-21T19:52:20","modified_gmt":"2025-08-21T17:52:20","slug":"d-jugend-1","status":"publish","type":"page","link":"https:\/\/tsvschott.de\/handball\/jugend\/d-jugend-1\/","title":{"rendered":"mD-Jugend"},"content":{"rendered":"<div class=\"wpb-content-wrapper\"><p>[vc_row][vc_column][vc_empty_space height=&#8220;20px&#8220;][\/vc_column][\/vc_row][vc_row][vc_column][vc_tta_tabs][vc_tta_section title=&#8220;Das Team&#8220; tab_id=&#8220;1451300400426-5697a452-1f0e&#8220;][vc_column_text css=&#8220;&#8220;]<img loading=\"lazy\" decoding=\"async\" class=\"alignnone wp-image-5764 size-large\" src=\"https:\/\/tsvschott.de\/handball\/wp-content\/uploads\/sites\/15\/2025\/08\/mDJ_2025_26-1-798x599.jpg\" alt=\"\" width=\"640\" height=\"480\" srcset=\"https:\/\/tsvschott.de\/handball\/wp-content\/uploads\/sites\/15\/2025\/08\/mDJ_2025_26-1-798x599.jpg 798w, https:\/\/tsvschott.de\/handball\/wp-content\/uploads\/sites\/15\/2025\/08\/mDJ_2025_26-1-382x287.jpg 382w, https:\/\/tsvschott.de\/handball\/wp-content\/uploads\/sites\/15\/2025\/08\/mDJ_2025_26-1-768x576.jpg 768w, https:\/\/tsvschott.de\/handball\/wp-content\/uploads\/sites\/15\/2025\/08\/mDJ_2025_26-1-1536x1152.jpg 1536w, https:\/\/tsvschott.de\/handball\/wp-content\/uploads\/sites\/15\/2025\/08\/mDJ_2025_26-1.jpg 1900w\" sizes=\"auto, (max-width: 640px) 100vw, 640px\" \/>[\/vc_column_text][\/vc_tta_section][vc_tta_section title=&#8220;Ansprechpartner&#8220; tab_id=&#8220;1451300400495-138bab8d-49f6&#8243;][vc_column_text]Christian Sprott<br \/>\nMobil: <a href=\"tel:+491742063127\" target=\"_blank\" rel=\"noopener noreferrer\">0174-2063127<\/a><br \/>\nMail: <a href=\"mailto:handball@tsvschott.de\" target=\"_blank\" rel=\"noopener noreferrer\">handball@tsvschott.de<\/a>[\/vc_column_text][\/vc_tta_section][vc_tta_section title=&#8220;Trainingszeiten&#8220; tab_id=&#8220;1451300448513-08f913b6-3eac&#8220;][vc_column_text css=&#8220;&#8220;]<strong>D-Jugend<\/strong><\/p>\n<p><strong>Dienstag<br \/>\n<\/strong>17.00 Uhr bis 19.00 Uhr<br \/>\nMombacher Halle<\/p>\n<p><strong>Donnerstag<br \/>\n<\/strong>17.30 Uhr bis 19.00 Uhr<br \/>\nMombacher Halle[\/vc_column_text][\/vc_tta_section][\/vc_tta_tabs][\/vc_column][\/vc_row][vc_row][vc_column][vc_empty_space height=&#8220;1px&#8220;][\/vc_column][\/vc_row][vc_row][vc_column][vc_column_text css=&#8220;&#8220;]<\/p>\n<h3 style=\"text-align: center\">Ausblick 2025\/26<\/h3>\n<p>Es hat sich ein neues Trainerteam gefunden, welches nun die Z\u00fcgel in die Hand nehmen darf. Dieses besteht aus Lisa Greb, welche wir durch einen gl\u00fccklichen Zufall bei einem Trainerlehrgang kennengelernt haben, und Michel R\u00f6sch. Unterst\u00fctzt werden die beiden durch Aiman Azzouzi aus unserer A-Jugend und Yannick Meinusch aus der Herren 2.<\/p>\n<p>Ab sofort hei\u00dft es im Training Gas geben und auf die kommende Saison vorbereiten. Durch die Zusammenlegung der beiden Handballverb\u00e4nde Rheinhessen und Pfalz zum Handballverband Rheinhessen-Pfalz, werden uns einige neue Hallen und Gegner erwarten.<\/p>\n<p>Unser Augenmerk wird besonders in der Schulung der Abwehrarbeit mit einer sinkenden Manndeckung und der Angriffsarbeit mit F\u00f6rderung des Kleingruppenspiels (1gg1, 2gg2, 3gg3) liegen. Die Ausarbeitung vom taktischen Verst\u00e4ndnis, die individuelle Verbesserung der Spieler sowie das Zusammenwachsen der Mannschaft und der Spieler steht allerdings auch ganz oben auf der Liste. Dabei wird der Spa\u00df im Training trotzdem nicht zu kurz kommen.<\/p>\n<p>Mit der Zusammenlegung der beiden Handballverb\u00e4nde Rheinhessen und Pfalz gibt es in diesem Jahr auch wieder Pokalwettbewerbe im Jugendbereich. Dort konnten sich unsere D-Jugendlichen in der Vorrunde des Sparkassencups durchsetzen und erwarten nun in der Zwischenrunde neue Gegner.<\/p>\n<p>Wir freuen uns auf eine spannende und lehrreiche Saison und hoffen auf viel Unterst\u00fctzung in der Halle.[\/vc_column_text][\/vc_column][\/vc_row][vc_row][vc_column width=&#8220;1\/2&#8243;][vc_raw_html css=&#8220;&#8220;]JTNDc2NyaXB0JTNFJTBEJTBBJTI4ZnVuY3Rpb24lMjhlJTJDdCUyQ24lMkNyJTJDaSUyQ3MlMkNvJTI5JTdCZSU1QmklNUQlM0RlJTVCaSU1RCU3QyU3Q2Z1bmN0aW9uJTI4JTI5JTdCJTI4ZSU1QmklNUQucSUzRGUlNUJpJTVELnElN0MlN0MlNUIlNUQlMjkucHVzaCUyOGFyZ3VtZW50cyUyOSU3RCUyQyUyMGUlNUJpJTVELmwlM0QxJTJBbmV3JTIwRGF0ZSUzQnMlM0R0LmNyZWF0ZUVsZW1lbnQlMjhuJTI5JTJDbyUzRHQuZ2V0RWxlbWVudHNCeVRhZ05hbWUlMjhuJTI5JTVCMCU1RCUzQnMuYXN5bmMlM0QxJTNCJTIwcy5zcmMlM0RyJTNCby5wYXJlbnROb2RlLmluc2VydEJlZm9yZSUyOHMlMkNvJTI5JTdEJTI5JTI4d2luZG93JTJDZG9jdW1lbnQlMkMlMjJzY3JpcHQlMjIlMkMlMjAlMjdodHRwcyUzQSUyRiUyRnd3dy5oYW5kYmFsbC5uZXQlMkZ3aWRnZXRzJTJGZW1iZWQlMkZ2MS5qcyUyNyUyQyUyMl9oYiUyMiUyOSUzQiUwRCUwQSUzQyUyRnNjcmlwdCUzRSUwRCUwQSUzQ2RpdiUyMGlkJTNEJTI3aGFuZGJhbGwtc3BpZWxwbGFuJTI3JTNFJTNDJTJGZGl2JTNFJTBEJTBBJTNDc2NyaXB0JTNFJTBEJTBBX2hiJTI4JTdCJTBEJTBBd2lkZ2V0JTNBJTIwJTI3c3BpZWxwbGFuJTI3JTJDJTBEJTBBdGVhbUlkJTNBJTIwJTI3aGFuZGJhbGw0YWxsLnJoZWluaGVzc2VuLXBmYWx6LjEyODYwOTYlMjclMkMlMEQlMEFjb250YWluZXIlM0ElMjAlMjdoYW5kYmFsbC1zcGllbHBsYW4lMjclMEQlMEElN0QlMjklMEQlMEElM0MlMkZzY3JpcHQlM0U=[\/vc_raw_html][\/vc_column][vc_column width=&#8220;1\/2&#8243;][vc_raw_html css=&#8220;&#8220;]JTNDc2NyaXB0JTNFJTBEJTBBJTI4ZnVuY3Rpb24lMjhlJTJDdCUyQ24lMkNyJTJDaSUyQ3MlMkNvJTI5JTdCZSU1QmklNUQlM0RlJTVCaSU1RCU3QyU3Q2Z1bmN0aW9uJTI4JTI5JTdCJTI4ZSU1QmklNUQucSUzRGUlNUJpJTVELnElN0MlN0MlNUIlNUQlMjkucHVzaCUyOGFyZ3VtZW50cyUyOSU3RCUyQyUyMGUlNUJpJTVELmwlM0QxJTJBbmV3JTIwRGF0ZSUzQnMlM0R0LmNyZWF0ZUVsZW1lbnQlMjhuJTI5JTJDbyUzRHQuZ2V0RWxlbWVudHNCeVRhZ05hbWUlMjhuJTI5JTVCMCU1RCUzQnMuYXN5bmMlM0QxJTNCJTIwcy5zcmMlM0RyJTNCby5wYXJlbnROb2RlLmluc2VydEJlZm9yZSUyOHMlMkNvJTI5JTdEJTI5JTI4d2luZG93JTJDZG9jdW1lbnQlMkMlMjJzY3JpcHQlMjIlMkMlMjAlMjdodHRwcyUzQSUyRiUyRnd3dy5oYW5kYmFsbC5uZXQlMkZ3aWRnZXRzJTJGZW1iZWQlMkZ2MS5qcyUyNyUyQyUyMl9oYiUyMiUyOSUzQiUwRCUwQSUzQyUyRnNjcmlwdCUzRSUwRCUwQSUzQ2RpdiUyMGlkJTNEJTI3aGFuZGJhbGwtdGFiZWxsZSUyNyUzRSUzQyUyRmRpdiUzRSUwRCUwQSUzQ3NjcmlwdCUzRSUwRCUwQV9oYiUyOCU3QiUwRCUwQXdpZGdldCUzQSUyMCUyN3RhYmVsbGUlMjclMkMlMEQlMEF0ZWFtSWQlM0ElMjAlMjdoYW5kYmFsbDRhbGwucmhlaW5oZXNzZW4tcGZhbHouMTI4NjA5NiUyNyUyQyUwRCUwQWNvbnRhaW5lciUzQSUyMCUyN2hhbmRiYWxsLXRhYmVsbGUlMjclMEQlMEElN0QlMjklMEQlMEElM0MlMkZzY3JpcHQlM0U=[\/vc_raw_html][\/vc_column][\/vc_row][vc_row][vc_column][\/vc_column][\/vc_row]<\/p>\n<\/div>","protected":false},"excerpt":{"rendered":"<p>[vc_row][vc_column][vc_empty_space height=&#8220;20px&#8220;][\/vc_column][\/vc_row][vc_row][vc_column][vc_tta_tabs][vc_tta_section title=&#8220;Das Team&#8220; tab_id=&#8220;1451300400426-5697a452-1f0e&#8220;][vc_column_text css=&#8220;&#8220;][\/vc_column_text][\/vc_tta_section][vc_tta_section title=&#8220;Ansprechpartner&#8220; tab_id=&#8220;1451300400495-138bab8d-49f6&#8243;][vc_column_text]Christian Sprott Mobil: 0174-2063127 Mail: handball@tsvschott.de[\/vc_column_text][\/vc_tta_section][vc_tta_section title=&#8220;Trainingszeiten&#8220; tab_id=&#8220;1451300448513-08f913b6-3eac&#8220;][vc_column_text css=&#8220;&#8220;]D-Jugend Dienstag 17.00 Uhr bis 19.00 Uhr Mombacher Halle Donnerstag 17.30 Uhr bis 19.00 Uhr Mombacher Halle[\/vc_column_text][\/vc_tta_section][\/vc_tta_tabs][\/vc_column][\/vc_row][vc_row][vc_column][vc_empty_space height=&#8220;1px&#8220;][\/vc_column][\/vc_row][vc_row][vc_column][vc_column_text css=&#8220;&#8220;] Ausblick 2025\/26 Es hat sich ein neues Trainerteam gefunden, welches nun die Z\u00fcgel in die Hand nehmen darf. Dieses besteht aus [&hellip;]<\/p>\n","protected":false},"author":19,"featured_media":0,"parent":3230,"menu_order":3,"comment_status":"closed","ping_status":"closed","template":"","meta":{"footnotes":""},"class_list":["post-4384","page","type-page","status-publish","hentry"],"_links":{"self":[{"href":"https:\/\/tsvschott.de\/handball\/wp-json\/wp\/v2\/pages\/4384","targetHints":{"allow":["GET"]}}],"collection":[{"href":"https:\/\/tsvschott.de\/handball\/wp-json\/wp\/v2\/pages"}],"about":[{"href":"https:\/\/tsvschott.de\/handball\/wp-json\/wp\/v2\/types\/page"}],"author":[{"embeddable":true,"href":"https:\/\/tsvschott.de\/handball\/wp-json\/wp\/v2\/users\/19"}],"replies":[{"embeddable":true,"href":"https:\/\/tsvschott.de\/handball\/wp-json\/wp\/v2\/comments?post=4384"}],"version-history":[{"count":31,"href":"https:\/\/tsvschott.de\/handball\/wp-json\/wp\/v2\/pages\/4384\/revisions"}],"predecessor-version":[{"id":5773,"href":"https:\/\/tsvschott.de\/handball\/wp-json\/wp\/v2\/pages\/4384\/revisions\/5773"}],"up":[{"embeddable":true,"href":"https:\/\/tsvschott.de\/handball\/wp-json\/wp\/v2\/pages\/3230"}],"wp:attachment":[{"href":"https:\/\/tsvschott.de\/handball\/wp-json\/wp\/v2\/media?parent=4384"}],"curies":[{"name":"wp","href":"https:\/\/api.w.org\/{rel}","templated":true}]}}