{"id":5756,"date":"2025-08-21T19:33:29","date_gmt":"2025-08-21T17:33:29","guid":{"rendered":"https:\/\/tsvschott.de\/handball\/?page_id=5756"},"modified":"2025-08-21T19:35:08","modified_gmt":"2025-08-21T17:35:08","slug":"wd-jugend","status":"publish","type":"page","link":"https:\/\/tsvschott.de\/handball\/jugend\/wd-jugend\/","title":{"rendered":"wD-Jugend"},"content":{"rendered":"<div class=\"wpb-content-wrapper\"><p>[vc_row][vc_column][vc_empty_space height=&#8220;10px&#8220;][\/vc_column][\/vc_row][vc_row][vc_column][vc_tta_tabs][vc_tta_section title=&#8220;Das Team&#8220; tab_id=&#8220;1451299221733-d96a87a1-88fe&#8220;][vc_column_text css=&#8220;&#8220;]<img loading=\"lazy\" decoding=\"async\" class=\"alignnone wp-image-5757 size-large\" src=\"https:\/\/tsvschott.de\/handball\/wp-content\/uploads\/sites\/15\/2025\/08\/wDJ_2025_26-798x532.jpg\" alt=\"\" width=\"640\" height=\"427\" srcset=\"https:\/\/tsvschott.de\/handball\/wp-content\/uploads\/sites\/15\/2025\/08\/wDJ_2025_26-798x532.jpg 798w, https:\/\/tsvschott.de\/handball\/wp-content\/uploads\/sites\/15\/2025\/08\/wDJ_2025_26-382x255.jpg 382w, https:\/\/tsvschott.de\/handball\/wp-content\/uploads\/sites\/15\/2025\/08\/wDJ_2025_26-768x512.jpg 768w, https:\/\/tsvschott.de\/handball\/wp-content\/uploads\/sites\/15\/2025\/08\/wDJ_2025_26.jpg 1200w\" sizes=\"auto, (max-width: 640px) 100vw, 640px\" \/>[\/vc_column_text][\/vc_tta_section][vc_tta_section title=&#8220;Ansprechpartner&#8220; tab_id=&#8220;1451299221802-5636ea44-58ef&#8220;][vc_column_text]Christian Sprott<br \/>\nMobil: <a href=\"tel:+491742063127\" target=\"_blank\" rel=\"noopener noreferrer\">01742063127<\/a><br \/>\nMail:\u00a0<a href=\"mailto:handball@tsvschott.de\" target=\"_blank\" rel=\"noopener noreferrer\">handball@tsvschott.de<\/a>[\/vc_column_text][\/vc_tta_section][vc_tta_section title=&#8220;Trainingszeiten&#8220; tab_id=&#8220;1451299247964-7f1dc7ce-517c&#8220;][vc_column_text css=&#8220;&#8220;]<strong>Mittwochs<br \/>\n<\/strong>18.30 Uhr bis 20.00 Uhr<br \/>\nKKR<\/p>\n<p><strong>Freitags<\/strong><br \/>\n16.30 Uhr bis 18.00 Uhr<br \/>\nSchlo\u00dfgymnasium[\/vc_column_text][\/vc_tta_section][\/vc_tta_tabs][\/vc_column][\/vc_row][vc_row][vc_column][vc_empty_space height=&#8220;1px&#8220;][\/vc_column][\/vc_row][vc_row][vc_column][vc_column_text css=&#8220;&#8220;]<\/p>\n<header class=\"frame-header\">\n<h2 class=\"element-header \" style=\"text-align: center\">Ausblick Saison 2025\/2026<\/h2>\n<\/header>\n<p>In der letzten Saison konnten wir trotz eines d\u00fcnnen Kaders einige Spiele gewinnen und belegten am Ende den 6. Tabellenplatz. Nun wird die Mannschaft wieder ein neues Gesicht haben. Sieben Spielerinnen werden in der n\u00e4chsten Saison in unserer weiblichen C-Jugend spielen, sodass wir leider nur noch 5 Spielerinnen gehabt h\u00e4tten, die in unserer weiblichen D-Jugend gespielt h\u00e4tten. Deshalb haben wir uns entschieden unsere MJSG mit den M\u00e4dels von 1817 auszuweiten und in der n\u00e4chsten Saison auch in der weiblichen D-Jugend gemeinsam an den Start zu gehen.<\/p>\n<p>Eine neue Spielgemeinschaft bedeutet immer Ver\u00e4nderung und somit d\u00fcrfen wir uns \u00fcber unser neues Trainerteam bestehend aus Stephi, Nils und Luisa freuen. Vor den Ferien stand auch schon das erste gemeinsame Handballturnier auf dem Plan. Die Mannschaft nahm an der Pokalrunde vom Verband in Bodenheim teil. Dabei belegte man den dritten Platz und konnte sogar den ersten gemeinsamen Erfolg feiern, mit einem Sieg gegen Budenheim.<\/p>\n<p>Bis zum Rundenstart in der Bezirksoberliga wollen weiter gemeinsam zusammenwachsen und sind schon hei\u00df wie Frittenfett auf unseren Saisonstart am 06.09. in Budenheim. Wir freuen uns immer \u00fcber neue interessierte M\u00e4dels, die gerne den Handballsport ausprobieren wollen. Wir trainieren immer mittwochs von 18:15-19:30 Uhr in der KKR Halle und freitags von 16:30-18:00 Uhr im Schlossgymnasium. Also schaut gerne bei unseren Spielen oder im Training vorbei.[\/vc_column_text][\/vc_column][\/vc_row][vc_row][vc_column width=&#8220;1\/2&#8243;][vc_raw_html css=&#8220;&#8220;]JTNDc2NyaXB0JTNFJTBEJTBBJTI4ZnVuY3Rpb24lMjhlJTJDdCUyQ24lMkNyJTJDaSUyQ3MlMkNvJTI5JTdCZSU1QmklNUQlM0RlJTVCaSU1RCU3QyU3Q2Z1bmN0aW9uJTI4JTI5JTdCJTI4ZSU1QmklNUQucSUzRGUlNUJpJTVELnElN0MlN0MlNUIlNUQlMjkucHVzaCUyOGFyZ3VtZW50cyUyOSU3RCUyQyUyMGUlNUJpJTVELmwlM0QxJTJBbmV3JTIwRGF0ZSUzQnMlM0R0LmNyZWF0ZUVsZW1lbnQlMjhuJTI5JTJDbyUzRHQuZ2V0RWxlbWVudHNCeVRhZ05hbWUlMjhuJTI5JTVCMCU1RCUzQnMuYXN5bmMlM0QxJTNCJTIwcy5zcmMlM0RyJTNCby5wYXJlbnROb2RlLmluc2VydEJlZm9yZSUyOHMlMkNvJTI5JTdEJTI5JTI4d2luZG93JTJDZG9jdW1lbnQlMkMlMjJzY3JpcHQlMjIlMkMlMjAlMjdodHRwcyUzQSUyRiUyRnd3dy5oYW5kYmFsbC5uZXQlMkZ3aWRnZXRzJTJGZW1iZWQlMkZ2MS5qcyUyNyUyQyUyMl9oYiUyMiUyOSUzQiUwRCUwQSUzQyUyRnNjcmlwdCUzRSUwRCUwQSUzQ2RpdiUyMGlkJTNEJTI3aGFuZGJhbGwtc3BpZWxwbGFuJTI3JTNFJTNDJTJGZGl2JTNFJTBEJTBBJTNDc2NyaXB0JTNFJTBEJTBBX2hiJTI4JTdCJTBEJTBBd2lkZ2V0JTNBJTIwJTI3c3BpZWxwbGFuJTI3JTJDJTBEJTBBdGVhbUlkJTNBJTIwJTI3aGFuZGJhbGw0YWxsLnJoZWluaGVzc2VuLXBmYWx6LjEyODQ5MDElMjclMkMlMEQlMEFjb250YWluZXIlM0ElMjAlMjdoYW5kYmFsbC1zcGllbHBsYW4lMjclMEQlMEElN0QlMjklMEQlMEElM0MlMkZzY3JpcHQlM0U=[\/vc_raw_html][\/vc_column][vc_column width=&#8220;1\/2&#8243;][vc_raw_html css=&#8220;&#8220;]JTNDc2NyaXB0JTNFJTBEJTBBJTI4ZnVuY3Rpb24lMjhlJTJDdCUyQ24lMkNyJTJDaSUyQ3MlMkNvJTI5JTdCZSU1QmklNUQlM0RlJTVCaSU1RCU3QyU3Q2Z1bmN0aW9uJTI4JTI5JTdCJTI4ZSU1QmklNUQucSUzRGUlNUJpJTVELnElN0MlN0MlNUIlNUQlMjkucHVzaCUyOGFyZ3VtZW50cyUyOSU3RCUyQyUyMGUlNUJpJTVELmwlM0QxJTJBbmV3JTIwRGF0ZSUzQnMlM0R0LmNyZWF0ZUVsZW1lbnQlMjhuJTI5JTJDbyUzRHQuZ2V0RWxlbWVudHNCeVRhZ05hbWUlMjhuJTI5JTVCMCU1RCUzQnMuYXN5bmMlM0QxJTNCJTIwcy5zcmMlM0RyJTNCby5wYXJlbnROb2RlLmluc2VydEJlZm9yZSUyOHMlMkNvJTI5JTdEJTI5JTI4d2luZG93JTJDZG9jdW1lbnQlMkMlMjJzY3JpcHQlMjIlMkMlMjAlMjdodHRwcyUzQSUyRiUyRnd3dy5oYW5kYmFsbC5uZXQlMkZ3aWRnZXRzJTJGZW1iZWQlMkZ2MS5qcyUyNyUyQyUyMl9oYiUyMiUyOSUzQiUwRCUwQSUzQyUyRnNjcmlwdCUzRSUwRCUwQSUzQ2RpdiUyMGlkJTNEJTI3aGFuZGJhbGwtdGFiZWxsZSUyNyUzRSUzQyUyRmRpdiUzRSUwRCUwQSUzQ3NjcmlwdCUzRSUwRCUwQV9oYiUyOCU3QiUwRCUwQXdpZGdldCUzQSUyMCUyN3RhYmVsbGUlMjclMkMlMEQlMEF0ZWFtSWQlM0ElMjAlMjdoYW5kYmFsbDRhbGwucmhlaW5oZXNzZW4tcGZhbHouMTI4NDkwMSUyNyUyQyUwRCUwQWNvbnRhaW5lciUzQSUyMCUyN2hhbmRiYWxsLXRhYmVsbGUlMjclMEQlMEElN0QlMjklMEQlMEElM0MlMkZzY3JpcHQlM0U=[\/vc_raw_html][\/vc_column][\/vc_row]<\/p>\n<\/div>","protected":false},"excerpt":{"rendered":"<p>[vc_row][vc_column][vc_empty_space height=&#8220;10px&#8220;][\/vc_column][\/vc_row][vc_row][vc_column][vc_tta_tabs][vc_tta_section title=&#8220;Das Team&#8220; tab_id=&#8220;1451299221733-d96a87a1-88fe&#8220;][vc_column_text css=&#8220;&#8220;][\/vc_column_text][\/vc_tta_section][vc_tta_section title=&#8220;Ansprechpartner&#8220; tab_id=&#8220;1451299221802-5636ea44-58ef&#8220;][vc_column_text]Christian Sprott Mobil: 01742063127 Mail:\u00a0handball@tsvschott.de[\/vc_column_text][\/vc_tta_section][vc_tta_section title=&#8220;Trainingszeiten&#8220; tab_id=&#8220;1451299247964-7f1dc7ce-517c&#8220;][vc_column_text css=&#8220;&#8220;]Mittwochs 18.30 Uhr bis 20.00 Uhr KKR Freitags 16.30 Uhr bis 18.00 Uhr Schlo\u00dfgymnasium[\/vc_column_text][\/vc_tta_section][\/vc_tta_tabs][\/vc_column][\/vc_row][vc_row][vc_column][vc_empty_space height=&#8220;1px&#8220;][\/vc_column][\/vc_row][vc_row][vc_column][vc_column_text css=&#8220;&#8220;] Ausblick Saison 2025\/2026 In der letzten Saison konnten wir trotz eines d\u00fcnnen Kaders einige Spiele gewinnen und belegten am Ende den 6. Tabellenplatz. Nun wird [&hellip;]<\/p>\n","protected":false},"author":19,"featured_media":0,"parent":3230,"menu_order":1,"comment_status":"closed","ping_status":"closed","template":"","meta":{"footnotes":""},"class_list":["post-5756","page","type-page","status-publish","hentry"],"_links":{"self":[{"href":"https:\/\/tsvschott.de\/handball\/wp-json\/wp\/v2\/pages\/5756","targetHints":{"allow":["GET"]}}],"collection":[{"href":"https:\/\/tsvschott.de\/handball\/wp-json\/wp\/v2\/pages"}],"about":[{"href":"https:\/\/tsvschott.de\/handball\/wp-json\/wp\/v2\/types\/page"}],"author":[{"embeddable":true,"href":"https:\/\/tsvschott.de\/handball\/wp-json\/wp\/v2\/users\/19"}],"replies":[{"embeddable":true,"href":"https:\/\/tsvschott.de\/handball\/wp-json\/wp\/v2\/comments?post=5756"}],"version-history":[{"count":4,"href":"https:\/\/tsvschott.de\/handball\/wp-json\/wp\/v2\/pages\/5756\/revisions"}],"predecessor-version":[{"id":5761,"href":"https:\/\/tsvschott.de\/handball\/wp-json\/wp\/v2\/pages\/5756\/revisions\/5761"}],"up":[{"embeddable":true,"href":"https:\/\/tsvschott.de\/handball\/wp-json\/wp\/v2\/pages\/3230"}],"wp:attachment":[{"href":"https:\/\/tsvschott.de\/handball\/wp-json\/wp\/v2\/media?parent=5756"}],"curies":[{"name":"wp","href":"https:\/\/api.w.org\/{rel}","templated":true}]}}