{"id":5782,"date":"2025-08-24T21:20:58","date_gmt":"2025-08-24T19:20:58","guid":{"rendered":"https:\/\/tsvschott.de\/handball\/?page_id=5782"},"modified":"2025-08-24T21:26:05","modified_gmt":"2025-08-24T19:26:05","slug":"we-jugend","status":"publish","type":"page","link":"https:\/\/tsvschott.de\/handball\/jugend\/we-jugend\/","title":{"rendered":"wE-Jugend"},"content":{"rendered":"<div class=\"wpb-content-wrapper\"><p>[vc_row][vc_column][vc_empty_space height=&#8220;20px&#8220;][\/vc_column][\/vc_row][vc_row][vc_column][vc_tta_tabs][vc_tta_section title=&#8220;Das Team&#8220; tab_id=&#8220;1451300400426-5697a452-1f0e&#8220;][vc_column_text css=&#8220;&#8220;]<img loading=\"lazy\" decoding=\"async\" class=\"alignnone wp-image-5783 size-large\" src=\"https:\/\/tsvschott.de\/handball\/wp-content\/uploads\/sites\/15\/2025\/08\/wEJ_2025_26-798x532.jpg\" alt=\"\" width=\"640\" height=\"427\" srcset=\"https:\/\/tsvschott.de\/handball\/wp-content\/uploads\/sites\/15\/2025\/08\/wEJ_2025_26-798x532.jpg 798w, https:\/\/tsvschott.de\/handball\/wp-content\/uploads\/sites\/15\/2025\/08\/wEJ_2025_26-382x255.jpg 382w, https:\/\/tsvschott.de\/handball\/wp-content\/uploads\/sites\/15\/2025\/08\/wEJ_2025_26-768x512.jpg 768w, https:\/\/tsvschott.de\/handball\/wp-content\/uploads\/sites\/15\/2025\/08\/wEJ_2025_26.jpg 1200w\" sizes=\"auto, (max-width: 640px) 100vw, 640px\" \/>[\/vc_column_text][\/vc_tta_section][vc_tta_section title=&#8220;Ansprechpartner&#8220; tab_id=&#8220;1451300400495-138bab8d-49f6&#8243;][vc_column_text]<\/p>\n<blockquote><p>Christian Sprott<br \/>\nMobil: <a href=\"tel:+491742063127\" target=\"_blank\" rel=\"noopener noreferrer\">0174-2063127<\/a><br \/>\nMail:\u00a0<a href=\"mailto:handball@tsvschott.de\" target=\"_blank\" rel=\"noopener noreferrer\">handball@tsvschott.de<\/a><\/p><\/blockquote>\n<p>[\/vc_column_text][\/vc_tta_section][vc_tta_section title=&#8220;Trainingszeiten&#8220; tab_id=&#8220;1451300448513-08f913b6-3eac&#8220;][vc_column_text css=&#8220;&#8220;]<strong>Mittwoch<br \/>\n<\/strong>17.00 Uhr bis 18.30 Uhr<br \/>\nKKR<\/p>\n<p><strong>Freitag<\/strong><br \/>\n16. 30 Uhr bis 18.00 Uhr<br \/>\nKKR[\/vc_column_text][\/vc_tta_section][\/vc_tta_tabs][\/vc_column][\/vc_row][vc_row][vc_column][vc_empty_space height=&#8220;1px&#8220;][\/vc_column][\/vc_row][vc_row][vc_column][vc_column_text css=&#8220;&#8220;]<\/p>\n<h3 style=\"text-align: center\">Ausblick 2025\/26<\/h3>\n<p style=\"font-weight: 400\">Wir, Tina und Steffi, sind stolz, die Trainerinnen unserer neu gegr\u00fcndeten weiblichen E-Jugend zu sein. Unsere Mannschaft besteht aus 12 bis 20 begeisterten M\u00e4dchen der Jahrg\u00e4nge 2015 und 2016, die mit viel Freude und Neugier zum Training kommen. Gemeinsam lernen wir die Grundlagen des Handballs: Passen, Werfen, Fangen und vor allem das Zusammenspiel im Team. Obwohl wir noch keine Spiele bestritten haben, sp\u00fcren wir die gro\u00dfe Vorfreude und den Ehrgeiz bei den M\u00e4dchen. Besonders sch\u00f6n ist zu sehen, wie viel Spa\u00df sie am Training haben und wie sie als Mannschaft zusammenwachsen. F\u00fcr uns ist es eine wunderbare Aufgabe, die M\u00e4dchen auf ihrem Weg zu begleiten und ihre Fortschritte zu sehen. Wir freuen uns sehr auf die erste Saison, viele spannende Spiele und unvergessliche gemeinsame Momente!<\/p>\n<p>[\/vc_column_text][\/vc_column][\/vc_row][vc_row][vc_column width=&#8220;1\/2&#8243;][vc_raw_html css=&#8220;&#8220;]JTNDc2NyaXB0JTNFJTBEJTBBJTI4ZnVuY3Rpb24lMjhlJTJDdCUyQ24lMkNyJTJDaSUyQ3MlMkNvJTI5JTdCZSU1QmklNUQlM0RlJTVCaSU1RCU3QyU3Q2Z1bmN0aW9uJTI4JTI5JTdCJTI4ZSU1QmklNUQucSUzRGUlNUJpJTVELnElN0MlN0MlNUIlNUQlMjkucHVzaCUyOGFyZ3VtZW50cyUyOSU3RCUyQyUyMGUlNUJpJTVELmwlM0QxJTJBbmV3JTIwRGF0ZSUzQnMlM0R0LmNyZWF0ZUVsZW1lbnQlMjhuJTI5JTJDbyUzRHQuZ2V0RWxlbWVudHNCeVRhZ05hbWUlMjhuJTI5JTVCMCU1RCUzQnMuYXN5bmMlM0QxJTNCJTIwcy5zcmMlM0RyJTNCby5wYXJlbnROb2RlLmluc2VydEJlZm9yZSUyOHMlMkNvJTI5JTdEJTI5JTI4d2luZG93JTJDZG9jdW1lbnQlMkMlMjJzY3JpcHQlMjIlMkMlMjAlMjdodHRwcyUzQSUyRiUyRnd3dy5oYW5kYmFsbC5uZXQlMkZ3aWRnZXRzJTJGZW1iZWQlMkZ2MS5qcyUyNyUyQyUyMl9oYiUyMiUyOSUzQiUwRCUwQSUzQyUyRnNjcmlwdCUzRSUwRCUwQSUzQ2RpdiUyMGlkJTNEJTI3aGFuZGJhbGwtc3BpZWxwbGFuJTI3JTNFJTNDJTJGZGl2JTNFJTBEJTBBJTNDc2NyaXB0JTNFJTBEJTBBX2hiJTI4JTdCJTBEJTBBd2lkZ2V0JTNBJTIwJTI3c3BpZWxwbGFuJTI3JTJDJTBEJTBBdGVhbUlkJTNBJTIwJTI3aGFuZGJhbGw0YWxsLnJoZWluaGVzc2VuLXBmYWx6LjEyODUxNDYlMjclMkMlMEQlMEFjb250YWluZXIlM0ElMjAlMjdoYW5kYmFsbC1zcGllbHBsYW4lMjclMEQlMEElN0QlMjklMEQlMEElM0MlMkZzY3JpcHQlM0U=[\/vc_raw_html][\/vc_column][vc_column width=&#8220;1\/2&#8243;][vc_raw_html css=&#8220;&#8220;]JTNDc2NyaXB0JTNFJTBEJTBBJTI4ZnVuY3Rpb24lMjhlJTJDdCUyQ24lMkNyJTJDaSUyQ3MlMkNvJTI5JTdCZSU1QmklNUQlM0RlJTVCaSU1RCU3QyU3Q2Z1bmN0aW9uJTI4JTI5JTdCJTI4ZSU1QmklNUQucSUzRGUlNUJpJTVELnElN0MlN0MlNUIlNUQlMjkucHVzaCUyOGFyZ3VtZW50cyUyOSU3RCUyQyUyMGUlNUJpJTVELmwlM0QxJTJBbmV3JTIwRGF0ZSUzQnMlM0R0LmNyZWF0ZUVsZW1lbnQlMjhuJTI5JTJDbyUzRHQuZ2V0RWxlbWVudHNCeVRhZ05hbWUlMjhuJTI5JTVCMCU1RCUzQnMuYXN5bmMlM0QxJTNCJTIwcy5zcmMlM0RyJTNCby5wYXJlbnROb2RlLmluc2VydEJlZm9yZSUyOHMlMkNvJTI5JTdEJTI5JTI4d2luZG93JTJDZG9jdW1lbnQlMkMlMjJzY3JpcHQlMjIlMkMlMjAlMjdodHRwcyUzQSUyRiUyRnd3dy5oYW5kYmFsbC5uZXQlMkZ3aWRnZXRzJTJGZW1iZWQlMkZ2MS5qcyUyNyUyQyUyMl9oYiUyMiUyOSUzQiUwRCUwQSUzQyUyRnNjcmlwdCUzRSUwRCUwQSUzQ2RpdiUyMGlkJTNEJTI3aGFuZGJhbGwtdGFiZWxsZSUyNyUzRSUzQyUyRmRpdiUzRSUwRCUwQSUzQ3NjcmlwdCUzRSUwRCUwQV9oYiUyOCU3QiUwRCUwQXdpZGdldCUzQSUyMCUyN3RhYmVsbGUlMjclMkMlMEQlMEF0ZWFtSWQlM0ElMjAlMjdoYW5kYmFsbDRhbGwucmhlaW5oZXNzZW4tcGZhbHouMTI4NTE0NiUyNyUyQyUwRCUwQWNvbnRhaW5lciUzQSUyMCUyN2hhbmRiYWxsLXRhYmVsbGUlMjclMEQlMEElN0QlMjklMEQlMEElM0MlMkZzY3JpcHQlM0U=[\/vc_raw_html][\/vc_column][\/vc_row]<\/p>\n<\/div>","protected":false},"excerpt":{"rendered":"<p>[vc_row][vc_column][vc_empty_space height=&#8220;20px&#8220;][\/vc_column][\/vc_row][vc_row][vc_column][vc_tta_tabs][vc_tta_section title=&#8220;Das Team&#8220; tab_id=&#8220;1451300400426-5697a452-1f0e&#8220;][vc_column_text css=&#8220;&#8220;][\/vc_column_text][\/vc_tta_section][vc_tta_section title=&#8220;Ansprechpartner&#8220; tab_id=&#8220;1451300400495-138bab8d-49f6&#8243;][vc_column_text] Christian Sprott Mobil: 0174-2063127 Mail:\u00a0handball@tsvschott.de [\/vc_column_text][\/vc_tta_section][vc_tta_section title=&#8220;Trainingszeiten&#8220; tab_id=&#8220;1451300448513-08f913b6-3eac&#8220;][vc_column_text css=&#8220;&#8220;]Mittwoch 17.00 Uhr bis 18.30 Uhr KKR Freitag 16. 30 Uhr bis 18.00 Uhr KKR[\/vc_column_text][\/vc_tta_section][\/vc_tta_tabs][\/vc_column][\/vc_row][vc_row][vc_column][vc_empty_space height=&#8220;1px&#8220;][\/vc_column][\/vc_row][vc_row][vc_column][vc_column_text css=&#8220;&#8220;] Ausblick 2025\/26 Wir, Tina und Steffi, sind stolz, die Trainerinnen unserer neu gegr\u00fcndeten weiblichen E-Jugend zu sein. Unsere Mannschaft besteht aus 12 [&hellip;]<\/p>\n","protected":false},"author":19,"featured_media":0,"parent":3230,"menu_order":5,"comment_status":"closed","ping_status":"closed","template":"","meta":{"footnotes":""},"class_list":["post-5782","page","type-page","status-publish","hentry"],"_links":{"self":[{"href":"https:\/\/tsvschott.de\/handball\/wp-json\/wp\/v2\/pages\/5782","targetHints":{"allow":["GET"]}}],"collection":[{"href":"https:\/\/tsvschott.de\/handball\/wp-json\/wp\/v2\/pages"}],"about":[{"href":"https:\/\/tsvschott.de\/handball\/wp-json\/wp\/v2\/types\/page"}],"author":[{"embeddable":true,"href":"https:\/\/tsvschott.de\/handball\/wp-json\/wp\/v2\/users\/19"}],"replies":[{"embeddable":true,"href":"https:\/\/tsvschott.de\/handball\/wp-json\/wp\/v2\/comments?post=5782"}],"version-history":[{"count":4,"href":"https:\/\/tsvschott.de\/handball\/wp-json\/wp\/v2\/pages\/5782\/revisions"}],"predecessor-version":[{"id":5787,"href":"https:\/\/tsvschott.de\/handball\/wp-json\/wp\/v2\/pages\/5782\/revisions\/5787"}],"up":[{"embeddable":true,"href":"https:\/\/tsvschott.de\/handball\/wp-json\/wp\/v2\/pages\/3230"}],"wp:attachment":[{"href":"https:\/\/tsvschott.de\/handball\/wp-json\/wp\/v2\/media?parent=5782"}],"curies":[{"name":"wp","href":"https:\/\/api.w.org\/{rel}","templated":true}]}}