{"id":5804,"date":"2026-03-31T11:19:34","date_gmt":"2026-03-31T09:19:34","guid":{"rendered":"https:\/\/tsvschott.de\/handball\/?page_id=5804"},"modified":"2026-03-31T11:19:34","modified_gmt":"2026-03-31T09:19:34","slug":"mitgliederversammlung","status":"publish","type":"page","link":"https:\/\/tsvschott.de\/handball\/die_abteilung\/mitgliederversammlung\/","title":{"rendered":"Mitgliederversammlung"},"content":{"rendered":"<div class=\"wpb-content-wrapper\"><p>[vc_row][vc_column][vc_column_text css=&#8220;&#8220;]An alle Mitglieder der Handballabteilung des TSV SCHOTT Mainz<\/p>\n<p><strong>\u00a0<\/strong><\/p>\n<p><strong>Einladung zur ordentlichen Mitgliederversammlung<\/strong><\/p>\n<p>&nbsp;<\/p>\n<p>Liebe Mitglieder der Handballabteilung,<\/p>\n<p>&nbsp;<\/p>\n<p>hiermit m\u00f6chte ich Sie\/Euch recht herzlich zu unserer ordentlichen<\/p>\n<p>Mitgliederversammlung der Abteilung Handball am<\/p>\n<p>&nbsp;<\/p>\n<p><strong>Donnerstag, <\/strong><strong>23. April 2026 um 19.30 Uhr<\/strong><\/p>\n<p><strong>in der TSV SCHOTT \u2013 Vereinsgastst\u00e4tte Sitzungsraum<\/strong><\/p>\n<p><strong>Karlsbader Stra\u00dfe 23,\u00a0 55122 Mainz<\/strong><\/p>\n<p>&nbsp;<\/p>\n<p>einladen.<\/p>\n<p>&nbsp;<\/p>\n<p><strong>Tagesordnung<\/strong> :<\/p>\n<p>&nbsp;<\/p>\n<ol>\n<li>Begr\u00fc\u00dfung durch den Abteilungsleiter<\/li>\n<li>Protokoll der letzten Versammlung<\/li>\n<li>Bericht des Abteilungsleiters<\/li>\n<li>Kassenbericht durch den 1. Kassierer<\/li>\n<li>Bericht der Kassenpr\u00fcfer<\/li>\n<li>Entlastung der Abteilungsleitung<\/li>\n<li>Diskussion und Abstimmung zu weiteren Antr\u00e4gen (soweit diese gestellt werden)<\/li>\n<li>Verschiedenes und freie Aussprache<\/li>\n<\/ol>\n<p>&nbsp;<\/p>\n<p>&nbsp;<\/p>\n<p>Etwaige Antr\u00e4ge zur Mitgliederversammlung m\u00fcssen sp\u00e4testens bis zum 15. April 2026 schriftlich bei der Gesch\u00e4ftsstelle, Karlsbader Str. 23, in 55122 Mainz, eingereicht werden. Ferne bitte ich um \u00dcbersendung einer Kopie des Antrags per Email an die Adresse <a href=\"mailto:handball@tsvschott.de\">handball<\/a><a href=\"mailto:handball@tsvschott.de\">@tsvschott.de<\/a><\/p>\n<p>Mit sportlichem Gru\u00df<\/p>\n<p>Christian Sprott<\/p>\n<p>Abteilungsleiter Handball<\/p>\n<p>TSV SCHOTT Mainz[\/vc_column_text][\/vc_column][\/vc_row]<\/p>\n<\/div>","protected":false},"excerpt":{"rendered":"<p>[vc_row][vc_column][vc_column_text css=&#8220;&#8220;]An alle Mitglieder der Handballabteilung des TSV SCHOTT Mainz \u00a0 Einladung zur ordentlichen Mitgliederversammlung &nbsp; Liebe Mitglieder der Handballabteilung, &nbsp; hiermit m\u00f6chte ich Sie\/Euch recht herzlich zu unserer ordentlichen Mitgliederversammlung der Abteilung Handball am &nbsp; Donnerstag, 23. April 2026 um 19.30 Uhr in der TSV SCHOTT \u2013 Vereinsgastst\u00e4tte Sitzungsraum Karlsbader Stra\u00dfe 23,\u00a0 55122 Mainz [&hellip;]<\/p>\n","protected":false},"author":19,"featured_media":0,"parent":3095,"menu_order":2,"comment_status":"closed","ping_status":"closed","template":"template-mit-sidebar.php","meta":{"footnotes":""},"class_list":["post-5804","page","type-page","status-publish","hentry"],"_links":{"self":[{"href":"https:\/\/tsvschott.de\/handball\/wp-json\/wp\/v2\/pages\/5804","targetHints":{"allow":["GET"]}}],"collection":[{"href":"https:\/\/tsvschott.de\/handball\/wp-json\/wp\/v2\/pages"}],"about":[{"href":"https:\/\/tsvschott.de\/handball\/wp-json\/wp\/v2\/types\/page"}],"author":[{"embeddable":true,"href":"https:\/\/tsvschott.de\/handball\/wp-json\/wp\/v2\/users\/19"}],"replies":[{"embeddable":true,"href":"https:\/\/tsvschott.de\/handball\/wp-json\/wp\/v2\/comments?post=5804"}],"version-history":[{"count":1,"href":"https:\/\/tsvschott.de\/handball\/wp-json\/wp\/v2\/pages\/5804\/revisions"}],"predecessor-version":[{"id":5805,"href":"https:\/\/tsvschott.de\/handball\/wp-json\/wp\/v2\/pages\/5804\/revisions\/5805"}],"up":[{"embeddable":true,"href":"https:\/\/tsvschott.de\/handball\/wp-json\/wp\/v2\/pages\/3095"}],"wp:attachment":[{"href":"https:\/\/tsvschott.de\/handball\/wp-json\/wp\/v2\/media?parent=5804"}],"curies":[{"name":"wp","href":"https:\/\/api.w.org\/{rel}","templated":true}]}}