{"id":6800,"date":"2024-03-08T11:55:06","date_gmt":"2024-03-08T10:55:06","guid":{"rendered":"https:\/\/tsvschott.de\/hockey\/?page_id=6800"},"modified":"2024-04-04T16:50:28","modified_gmt":"2024-04-04T14:50:28","slug":"jobs","status":"publish","type":"page","link":"https:\/\/tsvschott.de\/hockey\/jobs\/","title":{"rendered":"Jobs"},"content":{"rendered":"<div class=\"wpb-content-wrapper\"><p>[vc_row][\/vc_row][vc_row][vc_column][vc_column_text]<\/p>\n<h2>Werde Teil unseres Teams!<\/h2>\n<p>Du hast Lust Mannschaften, Spieler und die Abteilung weiter nach vorne zu bringen?<\/p>\n<p>Neben Freiwilligendienstlern und Praktikanten sind wir au\u00dferdem stetig auf der Suche nach neuen, qualifizierten Trainern f\u00fcr unsere Teams und zahlreichen Camps.<\/p>\n<p>Wir freuen uns auf dich.<\/p>\n<p>&nbsp;<\/p>\n<p><strong>Bei Interesse an einer der Stellen melde dich bitte unter <a href=\"mailto:vorstand@hockey-mainz.de\">vorstand@hockey-mainz.de<\/a> oder direkt bei Martin Knussmann-Siemon unter \u202d0176-32148079\u202c.<\/strong>[\/vc_column_text][\/vc_column][\/vc_row][vc_row][vc_column][vc_tta_accordion][vc_tta_section title=&#8220;FSJler oder eine FSJlerin f\u00fcr unsere Abteilung&#8220; tab_id=&#8220;1712242012867-b1cb347c-29ba&#8220;][vc_column_text]<span style=\"font-weight: 400\">Die Hockeyabteilung des TSV Schott Mainz sucht ab August\/September 2024 einen FSJer oder eine FSJlerin!<\/span><\/p>\n<p><span style=\"font-weight: 400\">Du bist gerade fertig mit der Schule und wei\u00dft noch nicht genau, wie es weitergehen soll? Du liebst Sport, insbesondere Mannschaftssport und m\u00f6chtest Dich f\u00fcr einen Sportverein engagieren? Dann bist Du bei uns in Mainz genau richtig!<\/span><\/p>\n<p><span style=\"font-weight: 400\">Ein freiwilliges Jahr bietet Dir eine ideale \u00dcbergangszeit nach der Schule. Zumal es als Wartesemester angerechnet und h\u00e4ufig als Vorpraktikum im Studium anerkannt wird. Zus\u00e4tzlich macht es sich optimal auf einer zuk\u00fcnftigen Bewerbung f\u00fcr den Berufseinstieg. Egal, ob mit oder ohne Hockeyerfahrung, jede*r ist bei uns willkommen!<\/span><\/p>\n<h5><b>Was Du bei uns machst<\/b><\/h5>\n<ul>\n<li style=\"font-weight: 400\"><span style=\"font-weight: 400\">Nachwuchsarbeit\u00a0 durch Training und Betreuung von Kinder- und Jugendteams<\/span><\/li>\n<li style=\"font-weight: 400\"><span style=\"font-weight: 400\">Mitarbeit bei der Organisation und Durchf\u00fchrung von Hockeycamps, Trainingslagern, Turnieren und weiteren Clubevents<\/span><\/li>\n<li style=\"font-weight: 400\"><span style=\"font-weight: 400\">Begleiten von Schulhockey- und Kindergartenprojekten<\/span><\/li>\n<li style=\"font-weight: 400\"><span style=\"font-weight: 400\">Eigenst\u00e4ndige Planung und Durchf\u00fchrung von Projekten, bei dem eigene Interessen verwirklicht werden k\u00f6nnen (Stichwort Schulhockey, Kindersportakademie, Miniakquise, Training f\u00fcr Trainer)<\/span><\/li>\n<li style=\"font-weight: 400\"><span style=\"font-weight: 400\">Mithilfe bei administrativen Angelegenheiten der Abteilung<\/span><\/li>\n<li style=\"font-weight: 400\"><span style=\"font-weight: 400\">Unterst\u00fctzung bei vereinseigenen online Diensten wie Social Media oder Vereinshomepage\u00a0<\/span><\/li>\n<li style=\"font-weight: 400\"><span style=\"font-weight: 400\">Optional: Reinschnuppern und Mitarbeit in andere der 14 Abteilungen des Vereins\u00a0<\/span><\/li>\n<\/ul>\n<h5><b>Wann Du zu uns passt<\/b><\/h5>\n<ul>\n<li style=\"font-weight: 400\"><span style=\"font-weight: 400\">Du hast Spa\u00df an der Arbeit mit Kindern und Jugendlichen<\/span><\/li>\n<li style=\"font-weight: 400\"><span style=\"font-weight: 400\">Du begeisterst Dich f\u00fcr Sport, idealerweise f\u00fcr Hockey oder andere Mannschaftssportarten<\/span><\/li>\n<li style=\"font-weight: 400\"><span style=\"font-weight: 400\">Du bist ein zuverl\u00e4ssiger Teamplayer\u00a0<\/span><\/li>\n<li style=\"font-weight: 400\"><span style=\"font-weight: 400\">Du bist engagiert, neugierig und verantwortungsbewusst<\/span><\/li>\n<li style=\"font-weight: 400\"><span style=\"font-weight: 400\">Erfahrungen als Trainer*in oder der Besitz einer Lizenz sind w\u00fcnschenswert, allerdings kein must-have<\/span><\/li>\n<\/ul>\n<h5><b>Was Du von uns hast<\/b><\/h5>\n<ul>\n<li style=\"font-weight: 400\"><span style=\"font-weight: 400\">Eine abwechslungsreiche T\u00e4tigkeit in einem zukunftsorientierten Mehrspartenverein mit einzigartiger Sportanlage<\/span><\/li>\n<li style=\"font-weight: 400\"><span style=\"font-weight: 400\">M\u00f6glichkeit zum Erwerb von DOSB-Lizenzen (z.B. C Trainer Hockey)<\/span><\/li>\n<li style=\"font-weight: 400\"><span style=\"font-weight: 400\">M\u00f6glichkeit zur Fortbildung im Schiedsrichterwesen<\/span><\/li>\n<li style=\"font-weight: 400\"><span style=\"font-weight: 400\">Sportliche und organisatorische Betreuung und Unterst\u00fctzung durch hauptamtlichen Trainer und ehrenamtlich engagierten Team<\/span><\/li>\n<li style=\"font-weight: 400\"><span style=\"font-weight: 400\">eine Vollzeitstelle (39h) mit der f\u00fcr ein FSJ g\u00e4ngigen Bezahlung<\/span><\/li>\n<li style=\"font-weight: 400\"><span style=\"font-weight: 400\">die im FSJ g\u00e4ngigen Urlaubs- und Bildungstage (26 Urlaubstage und 25 Seminartage)<\/span><\/li>\n<li style=\"font-weight: 400\"><span style=\"font-weight: 400\">Gestaltungsspielraum und Unterst\u00fctzung bei der Umsetzung neuer Ideen und Projekte<\/span><\/li>\n<li style=\"font-weight: 400\"><span style=\"font-weight: 400\">Mitarbeit bei neuen Projekten, wie Trainertreff, Clublife oder Digitalisierung<\/span><\/li>\n<li style=\"font-weight: 400\"><span style=\"font-weight: 400\">Mitglied in einem jungen Trainerteam<\/span><\/li>\n<li style=\"font-weight: 400\"><span style=\"font-weight: 400\">M\u00f6glichkeit, selbst Hockey bei den Aktiven zu spielen<\/span><\/li>\n<li style=\"font-weight: 400\"><span style=\"font-weight: 400\">Famili\u00e4res Clubleben<\/span><\/li>\n<\/ul>\n<h5><b>Deine Vorteile bei uns<\/b><\/h5>\n<p><span style=\"font-weight: 400\">\u2192 Mitwirken in dem gr\u00f6\u00dfter Breitensportverein Rheinland-Pfalz mit gro\u00dfer Anlage in einer sehr angesagten Studierendenstadt<\/span><\/p>\n<p><span style=\"font-weight: 400\">\u2192 Mitarbeit in einem sehr aufgeschlossenes Team aus Haupt- und Ehrenamt<\/span><\/p>\n<p><span style=\"font-weight: 400\">\u2192 M\u00f6glichkeiten zur Weiterbildung nach deinem Interesse\u00a0<\/span><\/p>\n<h5><b>Du passt zu uns oder hast noch weitere Fragen?<\/b><\/h5>\n<p><span style=\"font-weight: 400\">Dann melde Dich gerne bei uns per Mail (<\/span><span style=\"font-weight: 400\">mks@<\/span><a href=\"http:\/\/hockey-mainz.de\/jana.bayer@gmx.de\"><span style=\"font-weight: 400\">hockey-mainz.de<\/span><\/a><span style=\"font-weight: 400\">), Telefon(0176\/32148079) oder bewirb Dich direkt \u00fcber <\/span><a href=\"https:\/\/www.sportjugend.de\/freiwilligendienst-im-sport\/\"><span style=\"font-weight: 400\">https:\/\/www.sportjugend.de\/freiwilligendienst-im-sport\/<\/span><\/a><span style=\"font-weight: 400\"> und erw\u00e4hne TSV Schott Mainz &#8211; Hockey.\u00a0<\/span><\/p>\n<p>[\/vc_column_text][\/vc_tta_section][vc_tta_section title=&#8220;Hauptverantwortliche\/n TrainerIn auf Honorarbasis f\u00fcr unsere Minis&#8220; tab_id=&#8220;1709895681488-6f46a02d-73f2&#8243;][vc_column_text]F\u00fcr unsere neu geordnete Miniabteilung suchen wir ab dem n\u00e4chstm\u00f6glichen Termine eine\/n TrainerIn (m\/w\/d) auf Honorarbasis. Wir wollen in dieser Altersklasse gerne eine m\u00f6glichst breite, koordinative Grundlage aufbauen, den Spa\u00df am Sport und der Bewegung vermitteln und eine Hinf\u00fchrung zum Ball- und Mannschaftssport, insbesondere Hockey erreichen, die den Einstieg in die U8-Mannschaften optimal vorbereiten.<\/p>\n<h5>Wir erwarten von Dir:<\/h5>\n<p>\u2022 Verantwortung f\u00fcr die Vorbereitung und Durchf\u00fchrung von zwei Trainingseinheiten auf Grundlage einer sportp\u00e4dagogischen Ausrichtung<br \/>\n\u2022 Inhaltliche Absprache innerhalb des Trainerstabs der Minis<br \/>\n\u2022 Heranf\u00fchrung der Kinder und Eltern an den Vereinssport und seiner Abl\u00e4ufe<br \/>\n\u2022 Anleitung und Heranf\u00fchrung der eingesetzten Nachwuchstrainer<br \/>\n\u2022 M\u00f6glichst eine sportp\u00e4dagogische Lizenz des DOSB<\/p>\n<h5>Wir bieten Dir:<\/h5>\n<p>\u2022 Famili\u00e4re Club-Atmosph\u00e4re<br \/>\n\u2022 \u00dcbernahme der Kosten zur Aus- und Fortbildung f\u00fcr weitere Lizenzen<br \/>\n\u2022 Die M\u00f6glichkeit der zus\u00e4tzlichen Leitung und Betreuung einer Jugendmannschaft<br \/>\n\u2022 Enge Zusammenarbeit mit der Sportlichen Leitung[\/vc_column_text][\/vc_tta_section][\/vc_tta_accordion][\/vc_column][\/vc_row]<\/p>\n<\/div>","protected":false},"excerpt":{"rendered":"<p>[vc_row][\/vc_row][vc_row][vc_column][vc_column_text] Werde Teil unseres Teams! Du hast Lust Mannschaften, Spieler und die Abteilung weiter nach vorne zu bringen? Neben Freiwilligendienstlern und Praktikanten sind wir au\u00dferdem stetig auf der Suche nach neuen, qualifizierten Trainern f\u00fcr unsere Teams und zahlreichen Camps. Wir freuen uns auf dich. &nbsp; Bei Interesse an einer der Stellen melde dich bitte unter [&hellip;]<\/p>\n","protected":false},"author":10,"featured_media":0,"parent":0,"menu_order":1,"comment_status":"closed","ping_status":"closed","template":"","meta":{"footnotes":""},"class_list":["post-6800","page","type-page","status-publish","hentry"],"_links":{"self":[{"href":"https:\/\/tsvschott.de\/hockey\/wp-json\/wp\/v2\/pages\/6800","targetHints":{"allow":["GET"]}}],"collection":[{"href":"https:\/\/tsvschott.de\/hockey\/wp-json\/wp\/v2\/pages"}],"about":[{"href":"https:\/\/tsvschott.de\/hockey\/wp-json\/wp\/v2\/types\/page"}],"author":[{"embeddable":true,"href":"https:\/\/tsvschott.de\/hockey\/wp-json\/wp\/v2\/users\/10"}],"replies":[{"embeddable":true,"href":"https:\/\/tsvschott.de\/hockey\/wp-json\/wp\/v2\/comments?post=6800"}],"version-history":[{"count":12,"href":"https:\/\/tsvschott.de\/hockey\/wp-json\/wp\/v2\/pages\/6800\/revisions"}],"predecessor-version":[{"id":6919,"href":"https:\/\/tsvschott.de\/hockey\/wp-json\/wp\/v2\/pages\/6800\/revisions\/6919"}],"wp:attachment":[{"href":"https:\/\/tsvschott.de\/hockey\/wp-json\/wp\/v2\/media?parent=6800"}],"curies":[{"name":"wp","href":"https:\/\/api.w.org\/{rel}","templated":true}]}}