{"id":7135,"date":"2025-01-16T16:08:09","date_gmt":"2025-01-16T15:08:09","guid":{"rendered":"https:\/\/tsvschott.de\/hockey\/?page_id=7135"},"modified":"2025-12-10T10:28:41","modified_gmt":"2025-12-10T09:28:41","slug":"hockey-sommercamps","status":"publish","type":"page","link":"https:\/\/tsvschott.de\/hockey\/hockey-sommercamps\/","title":{"rendered":"Hockey-Feriencamps"},"content":{"rendered":"<div class=\"wpb-content-wrapper\"><p>[vc_row][vc_column][vc_raw_html css=&#8220;&#8220;]JTNDaWZyYW1lJTIwaWQlM0QlMjI2NDQ4ZTdjZGE3OTJlYjBhNWViZjI0YTIlMjIlMjB3aWR0aCUzRCUyMjEwMCUyNSUyMiUyMGhlaWdodCUzRCUyMjE1MCUyMiUyMGNsYXNzJTNEJTIyeW9sYXdvLXdpZGdldCUyMiUyMGFsbG93JTNEJTIycGF5bWVudCUyMiUyMHNyYyUzRCUyMmh0dHBzJTNBJTJGJTJGd2lkZ2V0cy55b2xhd28uZGUlMkZ3JTJGNjQ0OGU3Y2RhNzkyZWIwYTVlYmYyNGEyJTIyJTIwZnJhbWVib3JkZXIlM0QlMjIwJTIyJTIwZGF0YS1vZmZzZXQteCUzRCUyMjUwJTIyJTIwc2Nyb2xsaW5nJTNEJTIybm8lMjIlM0UlM0MlMkZpZnJhbWUlM0UlM0NzY3JpcHQlMjB0eXBlJTNEJTIydGV4dCUyRmphdmFzY3JpcHQlMjIlMjBzcmMlM0QlMjJodHRwcyUzQSUyRiUyRndpZGdldHMueW9sYXdvLmRlJTJGYXNzZXRzJTJGc2NyaXB0LmpzJTIyJTNFJTNDJTJGc2NyaXB0JTNF[\/vc_raw_html][\/vc_column][\/vc_row][vc_row][vc_column][vc_text_separator title=&#8220;Infos zu den Camps&#8220; css=&#8220;&#8220;][\/vc_column][\/vc_row][vc_row][vc_column width=&#8220;1\/2&#8243;][vc_column_text css=&#8220;.vc_custom_1765354083941{margin-bottom: 5px !important;}&#8220;]<\/p>\n<h3>Ostercamp:<\/h3>\n<p>[\/vc_column_text][vc_column_text css=&#8220;&#8220;]Zeitraum \u00a0 \u00a0 \u00a0 : 07.04. &#8211; 10.04.2026 (10:00 &#8211; 16:00 Uhr)<br \/>\nTeilnehmer \u00a0 : U10 &#8211; U16<\/p>\n<p>Das Camp richtet sich ausschlie\u00dflich an bereits hockeyspielende und hockeyerfahrene Kinder.[\/vc_column_text][vc_column_text css=&#8220;.vc_custom_1765354068598{margin-bottom: 5px !important;}&#8220;]<\/p>\n<h3>Sommercamp 1:<\/h3>\n<p>[\/vc_column_text][vc_column_text css=&#8220;&#8220;]Zeitraum \u00a0 \u00a0 \u00a0 : 06.07. &#8211; 10.07.2026 (09:00 &#8211; 16:00 Uhr)<br \/>\nTeilnehmer \u00a0 : U8 &#8211; U12<br \/>\nFr\u00fchbetreuung m\u00f6glich (ab 08:00 Uhr)<br \/>\nDas Camp richtet sich an hockeyspielende und hockeyerfahrene Kinder und solche, die Hockey noch lernen wollen.[\/vc_column_text][vc_column_text css=&#8220;.vc_custom_1765354076394{margin-bottom: 5px !important;}&#8220;]<\/p>\n<h3>Sommercamp 2:<\/h3>\n<p>[\/vc_column_text][vc_column_text css=&#8220;&#8220;]Zeitraum \u00a0 \u00a0 \u00a0 : 03.08. &#8211; 07.08.2026 (09:00 &#8211; 16:00 Uhr)<br \/>\nTeilnehmer \u00a0 : U10 &#8211; U16<\/p>\n<p>Das Camp richtet sich ausschlie\u00dflich an bereits hockeyspielende und hockeyerfahrene Kinder.[\/vc_column_text][\/vc_column][vc_column width=&#8220;1\/2&#8243;][vc_column_text css=&#8220;.vc_custom_1737977793447{margin-bottom: 5px !important;}&#8220;]<\/p>\n<h3>Ansprechpartner f\u00fcr beide Camps:<\/h3>\n<p>[\/vc_column_text][vc_column_text css=&#8220;&#8220;]Martin Knu\u00dfmann-Siemon<br \/>\nmks@hockey-mainz.de<br \/>\n0176-32148079[\/vc_column_text][\/vc_column][\/vc_row][vc_row][vc_column][vc_text_separator title=&#8220;Zusch\u00fcsse zu den Camps&#8220; css=&#8220;&#8220;][\/vc_column][\/vc_row][vc_row][vc_column][vc_column_text css=&#8220;&#8220;]<span data-contrast=\"auto\">Da wir in unseren Ganztages-Camps zertifizierte Pr\u00e4ventionskurse zur Schulung koordinativer und sportmotorischer F\u00e4higkeiten integrieren, bezuschussen die gesetzlichen Krankenkassen in der Regel der reinen Campgeb\u00fchren (variiert je nach Krankenkasse). Um einen Zuschuss zu erhalten, muss Ihr Kind mindestens 80% am Camp teilgenommen haben. Am Ende des Camps gibt es eine entsprechende Bescheinigung zum Einreichen bei der Krankenkasse.<\/span><span data-ccp-props=\"{&quot;134233117&quot;:true,&quot;134233118&quot;:true,&quot;201341983&quot;:0,&quot;335559740&quot;:240}\">\u00a0<\/span><\/p>\n<p><span data-contrast=\"auto\">Wenn Sie bei Ihrer Krankenkasse nachfragen wollen, hier die genaue Bezeichnung:<\/span><span data-ccp-props=\"{&quot;134233117&quot;:true,&quot;134233118&quot;:true,&quot;201341983&quot;:0,&quot;335559740&quot;:240}\">\u00a0<\/span><\/p>\n<p><span data-contrast=\"auto\">Spielend Koordination f\u00fcr das Spielen lernen (unsere Kurs-ID lautet: KU-BE-DG9P7K).<\/span><span data-ccp-props=\"{&quot;134233117&quot;:true,&quot;134233118&quot;:true,&quot;201341983&quot;:0,&quot;335559740&quot;:240}\">\u00a0<\/span>[\/vc_column_text][\/vc_column][\/vc_row][vc_row][vc_column][vc_text_separator title=&#8220;Teilnahmebedingungen&#8220; css=&#8220;&#8220;][\/vc_column][\/vc_row][vc_row][vc_column width=&#8220;1\/2&#8243;][vc_column_text css=&#8220;.vc_custom_1708513166255{margin-bottom: 5px !important;}&#8220;]<\/p>\n<h3>Teilnahmegeb\u00fchr:<\/h3>\n<p>[\/vc_column_text][vc_column_text]Die entsprechende Teilnahmegeb\u00fchr wird nach Erhalt der Teilnahmebest\u00e4tigung \u00fcberwiesen.[\/vc_column_text][vc_column_text css=&#8220;.vc_custom_1708513206890{margin-bottom: 5px !important;}&#8220;]<\/p>\n<h3>Versicherung:<\/h3>\n<p>[\/vc_column_text][vc_column_text]Eventuelle Verletzungen\/Erkrankungen beim Training und rund um das Hockeycamp werden durch eine Familienversicherung der Eltern abgedeckt.[\/vc_column_text][vc_column_text css=&#8220;.vc_custom_1708513239808{margin-bottom: 5px !important;}&#8220;]<\/p>\n<h3>Erkl\u00e4rung:<\/h3>\n<p>[\/vc_column_text][vc_column_text]Sollte sich Ihr Kind derzeit in \u00e4rztlicher Behandlung befinden, nehmen Sie bitte unbedingt R\u00fccksprache mit dem behandelnden Arzt und lassen sich best\u00e4tigen, dass die Teilnahme am Hockeycamp ohne gesundheitliche Risiken f\u00fcr Ihr Kind m\u00f6glich ist. Der TSV SCHOTT \u00fcbernimmt keinerlei Haftung, wenn gegen \u00e4rztliche Anordnungen versto\u00dfen wird. Falls die Einnahme von Medikamenten w\u00e4hrend des Trainings erforderlich ist, teilen Sie uns dies bitte bei der Anmeldung mit.[\/vc_column_text][vc_column_text css=&#8220;.vc_custom_1708513329132{margin-bottom: 5px !important;}&#8220;]<\/p>\n<h3>Ern\u00e4hrung:<\/h3>\n<p>[\/vc_column_text][vc_column_text]Wenn Ihr Kind eine spezielle Ern\u00e4hrung ben\u00f6tigt, teilen Sie uns dies bitte bei der Anmeldung mit.[\/vc_column_text][\/vc_column][vc_column width=&#8220;1\/2&#8243;][vc_column_text css=&#8220;.vc_custom_1708513368759{margin-bottom: 5px !important;}&#8220;]<\/p>\n<h3>R\u00fccktritt:<\/h3>\n<p>[\/vc_column_text][vc_column_text css=&#8220;&#8220;]Wenn Sie Ihr Kind von unserem Hockeycamp abmelden m\u00f6chten, setzen Sie sich bitte schnellstm\u00f6glich per Mail mit uns in Verbindung.<\/p>\n<p>Stornierungsregelung:<\/p>\n<p>100% R\u00fcckerstattung bei R\u00fccktritt bis 8 Wochen vor Campbeginn<\/p>\n<p><span data-contrast=\"auto\">90% R\u00fcckerstattung bei R\u00fccktritt bis 14 Tage vor Campbeginn<\/span><\/p>\n<p class=\"elementToProof\">50% R\u00fcckerstattung bei R\u00fccktritt bis 10 Tag vor Campbeginn<\/p>\n<p>20% R\u00fcckerstattung bei R\u00fccktritt bis 5 Tag vor Campbeginn<\/p>\n<p class=\"elementToProof\">Ab dem 4. Tag vor Campbeginn, k\u00f6nnen wir keine R\u00fcckerstattung mehr anbieten und behalten uns vor, den kompletten Buchungsbetrag einzufordern.<\/p>\n<p>Die R\u00fcck\u00fcberweisung bei schon geleisteter Zahlung kann ausschlie\u00dflich auf dasselbe Konto erfolgen.[\/vc_column_text][vc_column_text css=&#8220;.vc_custom_1708513454146{margin-bottom: 5px !important;}&#8220;]<\/p>\n<h3>Daten:<\/h3>\n<p>[\/vc_column_text][vc_column_text]Die im Anmeldeformular anzugebenden, personenbezogenen Daten werden ausschlie\u00dflich in Zusammenhang mit der Vor- und Nachbereitung des Camps erfasst und verarbeitet. Hierbei werden die Anforderungen des BDSG eingehalten. Nach Abwicklung des Camps werden die Daten gel\u00f6scht. Wir behalten uns jedoch vor, Ihre Emailadresse zu speichern, um Sie \u00fcber zuk\u00fcnftige Camps zu informieren.<\/p>\n<p>Der\/die Erziehungsberechtigte(n) erkl\u00e4ren ihr Einverst\u00e4ndnis mit der Nutzung von im Rahmen der Hockeycamps erstelltem Bildmaterial durch den Veranstalter, insbesondere zu Werbezwecken.[\/vc_column_text][\/vc_column][\/vc_row]<\/p>\n<\/div>","protected":false},"excerpt":{"rendered":"<p>[vc_row][vc_column][vc_raw_html css=&#8220;&#8220;]JTNDaWZyYW1lJTIwaWQlM0QlMjI2NDQ4ZTdjZGE3OTJlYjBhNWViZjI0YTIlMjIlMjB3aWR0aCUzRCUyMjEwMCUyNSUyMiUyMGhlaWdodCUzRCUyMjE1MCUyMiUyMGNsYXNzJTNEJTIyeW9sYXdvLXdpZGdldCUyMiUyMGFsbG93JTNEJTIycGF5bWVudCUyMiUyMHNyYyUzRCUyMmh0dHBzJTNBJTJGJTJGd2lkZ2V0cy55b2xhd28uZGUlMkZ3JTJGNjQ0OGU3Y2RhNzkyZWIwYTVlYmYyNGEyJTIyJTIwZnJhbWVib3JkZXIlM0QlMjIwJTIyJTIwZGF0YS1vZmZzZXQteCUzRCUyMjUwJTIyJTIwc2Nyb2xsaW5nJTNEJTIybm8lMjIlM0UlM0MlMkZpZnJhbWUlM0UlM0NzY3JpcHQlMjB0eXBlJTNEJTIydGV4dCUyRmphdmFzY3JpcHQlMjIlMjBzcmMlM0QlMjJodHRwcyUzQSUyRiUyRndpZGdldHMueW9sYXdvLmRlJTJGYXNzZXRzJTJGc2NyaXB0LmpzJTIyJTNFJTNDJTJGc2NyaXB0JTNF[\/vc_raw_html][\/vc_column][\/vc_row][vc_row][vc_column][vc_text_separator title=&#8220;Infos zu den Camps&#8220; css=&#8220;&#8220;][\/vc_column][\/vc_row][vc_row][vc_column width=&#8220;1\/2&#8243;][vc_column_text css=&#8220;.vc_custom_1765354083941{margin-bottom: 5px !important;}&#8220;] Ostercamp: [\/vc_column_text][vc_column_text css=&#8220;&#8220;]Zeitraum \u00a0 \u00a0 \u00a0 : 07.04. &#8211; 10.04.2026 (10:00 &#8211; 16:00 Uhr) Teilnehmer \u00a0 : U10 &#8211; U16 Das Camp richtet sich ausschlie\u00dflich an bereits hockeyspielende und hockeyerfahrene Kinder.[\/vc_column_text][vc_column_text css=&#8220;.vc_custom_1765354068598{margin-bottom: 5px !important;}&#8220;] Sommercamp 1: [\/vc_column_text][vc_column_text css=&#8220;&#8220;]Zeitraum \u00a0 \u00a0 \u00a0 : 06.07. &#8211; [&hellip;]<\/p>\n","protected":false},"author":10,"featured_media":0,"parent":0,"menu_order":1,"comment_status":"closed","ping_status":"closed","template":"template-mit-sidebar.php","meta":{"footnotes":""},"class_list":["post-7135","page","type-page","status-publish","hentry"],"_links":{"self":[{"href":"https:\/\/tsvschott.de\/hockey\/wp-json\/wp\/v2\/pages\/7135","targetHints":{"allow":["GET"]}}],"collection":[{"href":"https:\/\/tsvschott.de\/hockey\/wp-json\/wp\/v2\/pages"}],"about":[{"href":"https:\/\/tsvschott.de\/hockey\/wp-json\/wp\/v2\/types\/page"}],"author":[{"embeddable":true,"href":"https:\/\/tsvschott.de\/hockey\/wp-json\/wp\/v2\/users\/10"}],"replies":[{"embeddable":true,"href":"https:\/\/tsvschott.de\/hockey\/wp-json\/wp\/v2\/comments?post=7135"}],"version-history":[{"count":16,"href":"https:\/\/tsvschott.de\/hockey\/wp-json\/wp\/v2\/pages\/7135\/revisions"}],"predecessor-version":[{"id":7497,"href":"https:\/\/tsvschott.de\/hockey\/wp-json\/wp\/v2\/pages\/7135\/revisions\/7497"}],"wp:attachment":[{"href":"https:\/\/tsvschott.de\/hockey\/wp-json\/wp\/v2\/media?parent=7135"}],"curies":[{"name":"wp","href":"https:\/\/api.w.org\/{rel}","templated":true}]}}