{"id":2282,"date":"2015-06-29T09:51:23","date_gmt":"2015-06-29T07:51:23","guid":{"rendered":"http:\/\/tsvschott.de\/fussball\/?page_id=2282"},"modified":"2026-04-19T19:57:50","modified_gmt":"2026-04-19T17:57:50","slug":"start","status":"publish","type":"page","link":"https:\/\/tsvschott.de\/kegeln\/","title":{"rendered":"START"},"content":{"rendered":"<div class=\"wpb-content-wrapper\"><p>[vc_row][vc_column][vc_column_text]<\/p>\n<h1>Herzlich willkommen bei der Kegelabteilung des TSV SCHOTT Mainz<\/h1>\n<p>[\/vc_column_text][\/vc_column][\/vc_row][vc_row][vc_column width=&#8220;1\/2&#8243;][vc_empty_space height=&#8220;5px&#8220;][vc_single_image image=&#8220;3950&#8243; img_size=&#8220;full&#8220; alignment=&#8220;center&#8220;][vc_wp_text][\/vc_wp_text][vc_wp_text]<\/p>\n<p><img loading=\"lazy\" decoding=\"async\" class=\"\" src=\"https:\/\/tsvschott.de\/kegeln\/wp-content\/uploads\/sites\/16\/2024\/08\/Kegelbahn_2016.jpg\" width=\"912\" height=\"610\" \/><\/p>\n<h3><a href=\"https:\/\/tsvschott.de\/kegeln\/wp-content\/uploads\/sites\/16\/2026\/02\/Gedaechtsnisturnier.pdf\"><span style=\"color: #ff0000\">Hallo Kegelfreunde,<\/span><\/a><br \/>\n<a href=\"https:\/\/tsvschott.de\/kegeln\/wp-content\/uploads\/sites\/16\/2026\/02\/Gedaechtsnisturnier.pdf\"><span style=\"color: #ff0000\">auch dieses Jahr werden wir wieder ein Turnier zu Ehren unseres verstorbenen, langj\u00e4hrigem Abteilungsleiter durchf\u00fchren. Wir w\u00fcrden uns wieder sehr \u00fcber eine rege Beteiligung freuen.\u00a0<\/span><\/a><\/h3>\n<h4><span style=\"text-decoration: underline\">Folgt uns auf unseren Social Media Kan\u00e4len:<\/span><\/h4>\n<h3><a href=\"https:\/\/de-de.facebook.com\/schottmainzkegeln\/\" target=\"_blank\" rel=\"noopener\"><img loading=\"lazy\" decoding=\"async\" class=\"alignnone wp-image-7806\" src=\"https:\/\/tsvschott.de\/kegeln\/wp-content\/uploads\/sites\/16\/2024\/02\/facebook-logo.jpg\" alt=\"\" width=\"80\" height=\"80\" srcset=\"https:\/\/tsvschott.de\/kegeln\/wp-content\/uploads\/sites\/16\/2024\/02\/facebook-logo.jpg 203w, https:\/\/tsvschott.de\/kegeln\/wp-content\/uploads\/sites\/16\/2024\/02\/facebook-logo-200x200.jpg 200w\" sizes=\"auto, (max-width: 80px) 100vw, 80px\" \/><\/a> \u00a0 \u00a0 \u00a0 \u00a0 \u00a0 \u00a0 \u00a0 \u00a0 \u00a0<a href=\"https:\/\/www.instagram.com\/tsvschottmainzkegeln\/\" target=\"_blank\" rel=\"noopener\"><img loading=\"lazy\" decoding=\"async\" class=\"alignnone wp-image-7807\" src=\"https:\/\/tsvschott.de\/kegeln\/wp-content\/uploads\/sites\/16\/2024\/02\/insta-logo-382x382.jpg\" alt=\"\" width=\"80\" height=\"80\" srcset=\"https:\/\/tsvschott.de\/kegeln\/wp-content\/uploads\/sites\/16\/2024\/02\/insta-logo-382x382.jpg 382w, https:\/\/tsvschott.de\/kegeln\/wp-content\/uploads\/sites\/16\/2024\/02\/insta-logo-200x200.jpg 200w, https:\/\/tsvschott.de\/kegeln\/wp-content\/uploads\/sites\/16\/2024\/02\/insta-logo.jpg 474w\" sizes=\"auto, (max-width: 80px) 100vw, 80px\" \/><\/a>\u00a0 \u00a0 \u00a0 \u00a0 \u00a0 \u00a0 \u00a0 \u00a0 \u00a0 \u00a0 <a href=\"https:\/\/www.youtube.com\/@tsvschottmainzkegeln8247\" target=\"_blank\" rel=\"noopener\"><img loading=\"lazy\" decoding=\"async\" class=\"alignnone wp-image-7808\" src=\"https:\/\/tsvschott.de\/kegeln\/wp-content\/uploads\/sites\/16\/2024\/02\/youtube-logo.jpg\" alt=\"\" width=\"74\" height=\"80\" \/><\/a><br \/>\n[\/vc_wp_text][vc_wp_text title=&#8220;Die letzten Ergebnisse&#8220;]<br \/>\n<strong><span style=\"color: #3366ff\">1.Frauen : SKC 67 Eggolsheim 3,5 : 4,5 (3425 : 3489)<br \/>\n<\/span><\/strong><strong><span style=\"color: #3366ff\">2.Frauen (Mixed) : KSC 56 Pirmasens II Mix. 6 : 2 (3003 : 2898)<br \/>\n1.Herren : TSG 1861 Kaiserslautern 2 : 6 (3415 : 3442)<br \/>\n2.Herren : <\/span><\/strong><strong><span style=\"color: #3366ff\">TSG 1861 Kaiserslautern II Mix. 7 : 1 (3268 : 3128)<\/span><\/strong><\/h3>\n<p>[\/vc_wp_text][\/vc_column][vc_column width=&#8220;1\/2&#8243;][vc_wp_text title=&#8220;Abteilungsleitung&#8220;]<br \/>\n<strong>Abteilungsleiter:<\/strong> Peter Gerhardt<br \/>\nE-Mail: <a href=\"mailto:Vorstand.Kegeln@tsvschott.de\">Vorstand.Kegeln@tsvschott.de<\/a><\/p>\n<p><strong>stellvertretende Abteilungs\u00adleiterin:<\/strong> Alexandra Liebscher<br \/>\nE-Mail: <a href=\"mailto:Vorstand.Kegeln@tsvschott.de\">Vorstand.Kegeln@tsvschott.de<\/a><\/p>\n<p><strong>Kassierer:<\/strong> Christian Jakobs<br \/>\nE-Mail: <a href=\"mailto:Gunter_Loth@gmx.de\">Kassierer.Kegeln@tsvschott.de<\/a><\/p>\n<p><strong>1. Sportwart:<\/strong> Markus Hettenkofer<br \/>\nE-Mail: <a href=\"mailto:Stephan.Gerhardt@web.de\">Sportwart.Kegeln@tsvschott.de<\/a><\/p>\n<p><strong>2. Sportwart:<\/strong> Stephan Gerhardt<br \/>\nE-Mail: <a href=\"mailto:Sportwart.Kegeln@tsvschott.de\">Sportwart.Kegeln@tsvschott.de<\/a><\/p>\n<p><strong>1. Sportwartin:<\/strong> Martina Orth-Helbach<br \/>\nE-Mail: <a href=\"Sportwartin.Kegeln@tsvschott.de\">Sportwartin.Kegeln@tsvschott.de<\/a><\/p>\n<p><strong>2. Sportwartin:<\/strong> Melanie Helbach<br \/>\nE-Mail: <a href=\"mailto:Sportwartin.Kegeln@tsvschott.de\">Sportwartin.Kegeln@tsvschott.de<\/a><\/p>\n<p><strong>Schriftf\u00fchrerin:<\/strong> Franca Dorman[\/vc_wp_text]<\/p>\n<hr \/>\n<h3>Wichtige News:<\/h3>\n<hr \/>\n<p style=\"text-align: left\"><a href=\"https:\/\/tsvschott.de\/kegeln\/wp-content\/uploads\/sites\/16\/2025\/02\/Terminkalender.pdf\" target=\"_blank\" rel=\"noopener noreferrer\"><strong>Unsere Termine:<br \/>\n<\/strong><\/a><br \/>\n<a href=\"https:\/\/tsvschott.de\/kegeln\/wp-content\/uploads\/sites\/16\/2025\/02\/Terminkalender.pdf\" target=\"_blank\" rel=\"noopener\"><img loading=\"lazy\" decoding=\"async\" class=\"alignnone wp-image-7426\" src=\"https:\/\/tsvschott.de\/kegeln\/wp-content\/uploads\/sites\/16\/2023\/04\/Terminkalender.jpg\" alt=\"\" width=\"165\" height=\"233\" \/><\/a><\/p>\n<p>[\/vc_column][vc_column width=&#8220;1\/2&#8243;]<\/p>\n<h3>Spielpl\u00e4ne Saison 2025\/2026<\/h3>\n<hr \/>\n<p><a href=\"https:\/\/tsvschott.de\/kegeln\/wp-content\/uploads\/sites\/16\/2025\/07\/Spielplan-2.BL-Mitte-1.pdf\">2.Bundesliga Mitte (Frauen 1)<\/a><br \/>\n<a href=\"https:\/\/tsvschott.de\/kegeln\/wp-content\/uploads\/sites\/16\/2025\/07\/Spielplan-3.-RLLP-Liga.pdf\">Rheinland-Pfalz-Liga 3 (Mixed)<\/a><br \/>\n<a href=\"https:\/\/tsvschott.de\/kegeln\/wp-content\/uploads\/sites\/16\/2025\/07\/Spielplan-Verbandsliga.pdf\">Verbandsliga (M\u00e4nner 1)<\/a><br \/>\n<a href=\"https:\/\/tsvschott.de\/kegeln\/wp-content\/uploads\/sites\/16\/2025\/07\/Spielplan-2.-RLP-Liga.pdf\">Rheinland-Pfalz-Liga 2 (M\u00e4nner 2)<\/a><br \/>\n<a href=\"https:\/\/tsvschott.de\/kegeln\/wp-content\/uploads\/sites\/16\/2026\/01\/Rueckrunde-2025-2026.pdf\">\u00dcbersicht aller Mannschaften<\/a><\/p>\n<\/div>","protected":false},"excerpt":{"rendered":"<p>[vc_row][vc_column][vc_column_text] Herzlich willkommen bei der Kegelabteilung des TSV SCHOTT Mainz [\/vc_column_text][\/vc_column][\/vc_row][vc_row][vc_column width=&#8220;1\/2&#8243;][vc_empty_space height=&#8220;5px&#8220;][vc_single_image image=&#8220;3950&#8243; img_size=&#8220;full&#8220; alignment=&#8220;center&#8220;][vc_wp_text][\/vc_wp_text][vc_wp_text] Hallo Kegelfreunde, auch dieses Jahr werden wir wieder ein Turnier zu Ehren unseres verstorbenen, langj\u00e4hrigem Abteilungsleiter durchf\u00fchren. Wir w\u00fcrden uns wieder sehr \u00fcber eine rege Beteiligung freuen.\u00a0 Folgt uns auf unseren Social Media Kan\u00e4len: \u00a0 \u00a0 \u00a0 \u00a0 \u00a0 [&hellip;]<\/p>\n","protected":false},"author":20,"featured_media":0,"parent":3730,"menu_order":3,"comment_status":"closed","ping_status":"closed","template":"template-blank-page.php","meta":{"footnotes":""},"class_list":["post-2282","page","type-page","status-publish","hentry"],"_links":{"self":[{"href":"https:\/\/tsvschott.de\/kegeln\/index.php?rest_route=\/wp\/v2\/pages\/2282","targetHints":{"allow":["GET"]}}],"collection":[{"href":"https:\/\/tsvschott.de\/kegeln\/index.php?rest_route=\/wp\/v2\/pages"}],"about":[{"href":"https:\/\/tsvschott.de\/kegeln\/index.php?rest_route=\/wp\/v2\/types\/page"}],"author":[{"embeddable":true,"href":"https:\/\/tsvschott.de\/kegeln\/index.php?rest_route=\/wp\/v2\/users\/20"}],"replies":[{"embeddable":true,"href":"https:\/\/tsvschott.de\/kegeln\/index.php?rest_route=%2Fwp%2Fv2%2Fcomments&post=2282"}],"version-history":[{"count":1145,"href":"https:\/\/tsvschott.de\/kegeln\/index.php?rest_route=\/wp\/v2\/pages\/2282\/revisions"}],"predecessor-version":[{"id":8703,"href":"https:\/\/tsvschott.de\/kegeln\/index.php?rest_route=\/wp\/v2\/pages\/2282\/revisions\/8703"}],"up":[{"embeddable":true,"href":"https:\/\/tsvschott.de\/kegeln\/index.php?rest_route=\/wp\/v2\/pages\/3730"}],"wp:attachment":[{"href":"https:\/\/tsvschott.de\/kegeln\/index.php?rest_route=%2Fwp%2Fv2%2Fmedia&parent=2282"}],"curies":[{"name":"wp","href":"https:\/\/api.w.org\/{rel}","templated":true}]}}