{"id":8385,"date":"2025-08-22T10:53:21","date_gmt":"2025-08-22T08:53:21","guid":{"rendered":"https:\/\/tsvschott.de\/kegeln\/?page_id=8385"},"modified":"2025-09-10T09:12:26","modified_gmt":"2025-09-10T07:12:26","slug":"nachwuchs","status":"publish","type":"page","link":"https:\/\/tsvschott.de\/kegeln\/?page_id=8385","title":{"rendered":"Nachwuchs"},"content":{"rendered":"<div class=\"wpb-content-wrapper\"><p>[vc_row][vc_column][vc_column_text css=&#8220;&#8220;]<\/p>\n<h2 style=\"text-align: center;\">Nachwuchstraining<\/h2>\n<p>[\/vc_column_text][vc_separator css=&#8220;&#8220;][\/vc_column][\/vc_row][vc_row][vc_column width=&#8220;1\/2&#8243;][vc_raw_html css=&#8220;&#8220;]JTNDaWZyYW1lJTIwaWQlM0QlMjI1ZWJhNmQzMTMzNjUwMDZkOWE1MjAwOTUlMjIlMjB3aWR0aCUzRCUyMjEwMCUyNSUyMiUyMGhlaWdodCUzRCUyMjE1MCUyMiUyMGNsYXNzJTNEJTIyeW9sYXdvLXdpZGdldCUyMiUyMHNyYyUzRCUyMmh0dHBzJTNBJTJGJTJGd2lkZ2V0cy55b2xhd28uZGUlMkZ3JTJGNjhhODJlYjY5NzUyNTc0ODg2M2U0MTU5JTIyJTIwZnJhbWVib3JkZXIlM0QlMjIwJTIyJTIwZGF0YS1vZmZzZXQteCUzRCUyMjUwJTIyJTIwc2Nyb2xsaW5nJTNEJTIybm8lMjIlM0UlM0MlMkZpZnJhbWUlM0UlM0NzY3JpcHQlMjB0eXBlJTNEJTIydGV4dCUyRmphdmFzY3JpcHQlMjIlMjBzcmMlM0QlMjJodHRwcyUzQSUyRiUyRndpZGdldHMueW9sYXdvLmRlJTJGYXNzZXRzJTJGc2NyaXB0LmpzJTIyJTNFJTNDJTJGc2NyaXB0JTNF[\/vc_raw_html][\/vc_column][vc_column width=&#8220;1\/2&#8243;][vc_column_text css=&#8220;&#8220;]<b><span data-contrast=\"auto\">Teilnehmer:<\/span><\/b><span data-ccp-props=\"{&quot;201341983&quot;:0,&quot;335559739&quot;:160,&quot;335559740&quot;:259}\">\u00a0<\/span><\/p>\n<p><span data-contrast=\"auto\">Jungen und M\u00e4dchen ab 8 Jahren.\u00a0<\/span><\/p>\n<p><b><span data-contrast=\"auto\">Zeit und Ort:<\/span><\/b><span data-ccp-props=\"{&quot;201341983&quot;:0,&quot;335559739&quot;:160,&quot;335559740&quot;:259}\">\u00a0<\/span><\/p>\n<p>Jeden Mittwoch von 16-17 Uhr auf der Kegelbahn des TSV SCHOTT Mainz, die befindet sich unterhalb des Restaurants Olympia in der Karlsbader Stra\u00dfe 23 in 55122 Mainz.<\/p>\n<p><b><span data-contrast=\"auto\">Voraussetzung:<\/span><\/b><span data-ccp-props=\"{&quot;201341983&quot;:0,&quot;335559739&quot;:160,&quot;335559740&quot;:259}\">\u00a0<\/span><\/p>\n<p>F\u00fcr die Aufnahme in der Kegelabteilung ist eine Mitgliedschaft erforderlich. Es wird <strong>kein<\/strong> Sonderbeitrag erhoben. Jeder hat die M\u00f6glichkeit vorher zwei Schnupperstunden mitzumachen. Die Anmeldung f\u00fcr das Schnuppertraining erfolgt \u00fcber die Anmeldemaske.<\/p>\n<p><b><span data-contrast=\"auto\">Kontakt<\/span><\/b><span data-ccp-props=\"{&quot;201341983&quot;:0,&quot;335559739&quot;:160,&quot;335559740&quot;:259}\">\u00a0<\/span><\/p>\n<p>Peter Gerhardt<\/p>\n<p><span data-contrast=\"auto\">E-Mail: <a class=\"ms-outlook-linkify\" href=\"mailto:Sportwart.Kegeln@tsvschott.de\">Sportwart.Kegeln@tsvschott.de<\/a><\/span>[\/vc_column_text][\/vc_column][\/vc_row]<\/p>\n<\/div>","protected":false},"excerpt":{"rendered":"<p>[vc_row][vc_column][vc_column_text css=&#8220;&#8220;] Nachwuchstraining [\/vc_column_text][vc_separator css=&#8220;&#8220;][\/vc_column][\/vc_row][vc_row][vc_column width=&#8220;1\/2&#8243;][vc_raw_html css=&#8220;&#8220;]JTNDaWZyYW1lJTIwaWQlM0QlMjI1ZWJhNmQzMTMzNjUwMDZkOWE1MjAwOTUlMjIlMjB3aWR0aCUzRCUyMjEwMCUyNSUyMiUyMGhlaWdodCUzRCUyMjE1MCUyMiUyMGNsYXNzJTNEJTIyeW9sYXdvLXdpZGdldCUyMiUyMHNyYyUzRCUyMmh0dHBzJTNBJTJGJTJGd2lkZ2V0cy55b2xhd28uZGUlMkZ3JTJGNjhhODJlYjY5NzUyNTc0ODg2M2U0MTU5JTIyJTIwZnJhbWVib3JkZXIlM0QlMjIwJTIyJTIwZGF0YS1vZmZzZXQteCUzRCUyMjUwJTIyJTIwc2Nyb2xsaW5nJTNEJTIybm8lMjIlM0UlM0MlMkZpZnJhbWUlM0UlM0NzY3JpcHQlMjB0eXBlJTNEJTIydGV4dCUyRmphdmFzY3JpcHQlMjIlMjBzcmMlM0QlMjJodHRwcyUzQSUyRiUyRndpZGdldHMueW9sYXdvLmRlJTJGYXNzZXRzJTJGc2NyaXB0LmpzJTIyJTNFJTNDJTJGc2NyaXB0JTNF[\/vc_raw_html][\/vc_column][vc_column width=&#8220;1\/2&#8243;][vc_column_text css=&#8220;&#8220;]Teilnehmer:\u00a0 Jungen und M\u00e4dchen ab 8 Jahren.\u00a0 Zeit und Ort:\u00a0 Jeden Mittwoch von 16-17 Uhr auf der Kegelbahn des TSV SCHOTT Mainz, die befindet sich unterhalb des Restaurants Olympia in der Karlsbader Stra\u00dfe 23 in 55122 Mainz. Voraussetzung:\u00a0 F\u00fcr die Aufnahme in der Kegelabteilung ist eine Mitgliedschaft [&hellip;]<\/p>\n","protected":false},"author":18,"featured_media":0,"parent":0,"menu_order":5,"comment_status":"closed","ping_status":"closed","template":"","meta":{"footnotes":""},"class_list":["post-8385","page","type-page","status-publish","hentry"],"_links":{"self":[{"href":"https:\/\/tsvschott.de\/kegeln\/index.php?rest_route=\/wp\/v2\/pages\/8385","targetHints":{"allow":["GET"]}}],"collection":[{"href":"https:\/\/tsvschott.de\/kegeln\/index.php?rest_route=\/wp\/v2\/pages"}],"about":[{"href":"https:\/\/tsvschott.de\/kegeln\/index.php?rest_route=\/wp\/v2\/types\/page"}],"author":[{"embeddable":true,"href":"https:\/\/tsvschott.de\/kegeln\/index.php?rest_route=\/wp\/v2\/users\/18"}],"replies":[{"embeddable":true,"href":"https:\/\/tsvschott.de\/kegeln\/index.php?rest_route=%2Fwp%2Fv2%2Fcomments&post=8385"}],"version-history":[{"count":2,"href":"https:\/\/tsvschott.de\/kegeln\/index.php?rest_route=\/wp\/v2\/pages\/8385\/revisions"}],"predecessor-version":[{"id":8392,"href":"https:\/\/tsvschott.de\/kegeln\/index.php?rest_route=\/wp\/v2\/pages\/8385\/revisions\/8392"}],"wp:attachment":[{"href":"https:\/\/tsvschott.de\/kegeln\/index.php?rest_route=%2Fwp%2Fv2%2Fmedia&parent=8385"}],"curies":[{"name":"wp","href":"https:\/\/api.w.org\/{rel}","templated":true}]}}