{"id":2186,"date":"2015-06-24T15:33:25","date_gmt":"2015-06-24T13:33:25","guid":{"rendered":"http:\/\/tsvschott.de\/fussball\/?page_id=2186"},"modified":"2015-06-24T15:33:25","modified_gmt":"2015-06-24T13:33:25","slug":"fussballcamp","status":"publish","type":"page","link":"https:\/\/tsvschott.de\/kempire\/fussballcamp\/","title":{"rendered":"Fu\u00dfballcamp"},"content":{"rendered":"<div class=\"wpb-content-wrapper\"><p>[vc_row][vc_column width=&#8220;1\/1&#8243;][vc_column_text]<\/p>\n<h3>Zwei\u00a0Termine in den Sommerferien:<\/h3>\n<p>Ab sofort sind die Anmeldungen f\u00fcr beide Sommercamps online. Die Anmeldungen sind ausschlie\u00dflich \u00fcber das Online-Formular m\u00f6glich.[\/vc_column_text][\/vc_column][\/vc_row][vc_row][vc_column width=&#8220;1\/3&#8243;][vc_column_text]<\/p>\n<h3>Fu\u00dfballcamp Sommer 1<\/h3>\n<p><strong>vom 27.07. bis 31.07. 2015<\/strong><\/p>\n<p><a href=\"\/fussball\/fussballcamp\/programm\/\">Detailliertes Programm<\/a><br \/>\n<a href=\"\/fussball\/fussballcamp\/teilnahmebedingungen\/\">Teilnahmebedingungen<\/a>[\/vc_column_text][\/vc_column][vc_column width=&#8220;1\/3&#8243;][vc_column_text]<\/p>\n<h3>Fu\u00dfballcamp Sommer 2<\/h3>\n<p><strong>vom 10.08. bis 14.08. 2015<\/strong><\/p>\n<p>Dieses Camp findet statt, wenn eine Mindestteilnehmerzahl erreicht ist. Wir warten bis 30.06.2015 ab, wieviele Anmeldungen bis dahin bei uns eingegangen sind. Danach geben wir bekannt, ob das Sommercamp 2 stattfinden wird.<\/p>\n<p><a href=\"\/fussball\/fussballcamp\/programm\/\">Detailliertes Programm<\/a><br \/>\n<a href=\"\/fussball\/fussballcamp\/teilnahmebedingungen\/\">Teilnahmebedingungen<\/a>[\/vc_column_text][\/vc_column][vc_column width=&#8220;1\/3&#8243;][vc_column_text]<\/p>\n<h3>Termin Herbstferien:<\/h3>\n<p><strong>19.10. bis 23.10. 2015<\/strong><\/p>\n<p>Die Anmeldung ist im Anschluss an das zweite Sommercamp m\u00f6glich. Bei Interesse an einer Teilnahme senden Sie uns bitte eine Mail, wir merken Sie dann vor. Sobald die Anmeldung m\u00f6glich ist, erhalten Sie eine Benachrichtigung.\u00a0Jungen und M\u00e4dchen im Alter von 6\u00a0\u2013\u00a014 Jahren.<\/p>\n<p><a href=\"\/fussball\/fussballcamp\/programm\/\">Detailliertes Programm<\/a><br \/>\n<a href=\"\/fussball\/fussballcamp\/teilnahmebedingungen\/\">Teilnahmebedingungen<\/a>[\/vc_column_text][\/vc_column][\/vc_row][vc_row][vc_column width=&#8220;8\/12&#8243;][vc_column_text]<a id=\"anmeldung\" class=\"anker\"><\/a><\/p>\n<h3>Anmeldung zu \u00a0den Fussballcamps<\/h3>\n<p>[\/vc_column_text]\n<div class=\"wpcf7 no-js\" id=\"wpcf7-f2774-o1\" lang=\"de-DE\" dir=\"ltr\" data-wpcf7-id=\"2774\">\n<div class=\"screen-reader-response\"><p role=\"status\" aria-live=\"polite\" aria-atomic=\"true\"><\/p> <ul><\/ul><\/div>\n<form action=\"\/kempire\/wp-json\/wp\/v2\/pages\/2186#wpcf7-f2774-o1\" method=\"post\" class=\"wpcf7-form init\" aria-label=\"Kontaktformular\" novalidate=\"novalidate\" data-status=\"init\">\n<fieldset class=\"hidden-fields-container\"><input type=\"hidden\" name=\"_wpcf7\" value=\"2774\" \/><input type=\"hidden\" name=\"_wpcf7_version\" value=\"6.1.5\" \/><input type=\"hidden\" name=\"_wpcf7_locale\" value=\"de_DE\" \/><input type=\"hidden\" name=\"_wpcf7_unit_tag\" value=\"wpcf7-f2774-o1\" \/><input type=\"hidden\" name=\"_wpcf7_container_post\" value=\"0\" \/><input type=\"hidden\" name=\"_wpcf7_posted_data_hash\" value=\"\" \/>\n<\/fieldset>\n<p><span class=\"wpcf7-form-control-wrap\" data-name=\"Camp\"><select class=\"wpcf7-form-control wpcf7-select wpcf7-validates-as-required\" aria-required=\"true\" aria-invalid=\"false\" name=\"Camp\"><option value=\"Fu\u00dfballcamp Sommer 1 (27.07. bis 31.07. 2015)\">Fu\u00dfballcamp Sommer 1 (27.07. bis 31.07. 2015)<\/option><option value=\"Fu\u00dfballcamp Sommer 2 (10.08. bis 14.08. 2015)\">Fu\u00dfballcamp Sommer 2 (10.08. bis 14.08. 2015)<\/option><\/select><\/span>\n<\/p>\n<p class=\"left\"><span class=\"wpcf7-form-control-wrap\" data-name=\"Vorname\"><input size=\"40\" maxlength=\"400\" class=\"wpcf7-form-control wpcf7-text wpcf7-validates-as-required\" aria-required=\"true\" aria-invalid=\"false\" placeholder=\"Vorname*\" value=\"\" type=\"text\" name=\"Vorname\" \/><\/span>\n<\/p>\n<p class=\"right\"><span class=\"wpcf7-form-control-wrap\" data-name=\"Nachname\"><input size=\"40\" maxlength=\"400\" class=\"wpcf7-form-control wpcf7-text wpcf7-validates-as-required\" aria-required=\"true\" aria-invalid=\"false\" placeholder=\"Nachname*\" value=\"\" type=\"text\" name=\"Nachname\" \/><\/span>\n<\/p>\n<p class=\"long\"><span class=\"wpcf7-form-control-wrap\" data-name=\"Strasse\"><input size=\"40\" maxlength=\"400\" class=\"wpcf7-form-control wpcf7-text wpcf7-validates-as-required\" aria-required=\"true\" aria-invalid=\"false\" placeholder=\"Stra\u00dfe &amp; Hausnummer*\" value=\"\" type=\"text\" name=\"Strasse\" \/><\/span>\n<\/p>\n<p class=\"left\"><span class=\"wpcf7-form-control-wrap\" data-name=\"PLZ\"><input size=\"40\" maxlength=\"400\" class=\"wpcf7-form-control wpcf7-text wpcf7-validates-as-required\" aria-required=\"true\" aria-invalid=\"false\" placeholder=\"PLZ*\" value=\"\" type=\"text\" name=\"PLZ\" \/><\/span>\n<\/p>\n<p class=\"right\"><span class=\"wpcf7-form-control-wrap\" data-name=\"Ort\"><input size=\"40\" maxlength=\"400\" class=\"wpcf7-form-control wpcf7-text wpcf7-validates-as-required\" aria-required=\"true\" aria-invalid=\"false\" placeholder=\"Ort*\" value=\"\" type=\"text\" name=\"Ort\" \/><\/span>\n<\/p>\n<p class=\"left\"><span class=\"wpcf7-form-control-wrap\" data-name=\"Telefon\"><input size=\"40\" maxlength=\"400\" class=\"wpcf7-form-control wpcf7-text\" aria-invalid=\"false\" placeholder=\"Telefon\" value=\"\" type=\"text\" name=\"Telefon\" \/><\/span>\n<\/p>\n<p class=\"right\"><span class=\"wpcf7-form-control-wrap\" data-name=\"Mobil\"><input size=\"40\" maxlength=\"400\" class=\"wpcf7-form-control wpcf7-text\" aria-invalid=\"false\" placeholder=\"Mobiltelefon\" value=\"\" type=\"text\" name=\"Mobil\" \/><\/span>\n<\/p>\n<p class=\"left\"><span class=\"wpcf7-form-control-wrap\" data-name=\"E-Mail\"><input size=\"40\" maxlength=\"400\" class=\"wpcf7-form-control wpcf7-text wpcf7-validates-as-required\" aria-required=\"true\" aria-invalid=\"false\" placeholder=\"E-Mail*\" value=\"\" type=\"text\" name=\"E-Mail\" \/><\/span>\n<\/p>\n<p class=\"right\"><span class=\"wpcf7-form-control-wrap\" data-name=\"Wunschgruppe\"><input size=\"40\" maxlength=\"400\" class=\"wpcf7-form-control wpcf7-text\" aria-invalid=\"false\" placeholder=\"Wunschgruppe\" value=\"\" type=\"text\" name=\"Wunschgruppe\" \/><\/span>\n<\/p>\n<p class=\"leftradio\"><span class=\"formtext\">Konfektionsgr\u00f6\u00dfe:<br \/>\n<\/span><span class=\"wpcf7-form-control-wrap\" data-name=\"Konfektion\"><span class=\"wpcf7-form-control wpcf7-radio\"><span class=\"wpcf7-list-item first\"><input type=\"radio\" name=\"Konfektion\" value=\"128\" \/><span class=\"wpcf7-list-item-label\">128<\/span><\/span><span class=\"wpcf7-list-item\"><input type=\"radio\" name=\"Konfektion\" value=\"140\" \/><span class=\"wpcf7-list-item-label\">140<\/span><\/span><span class=\"wpcf7-list-item\"><input type=\"radio\" name=\"Konfektion\" value=\"152\" \/><span class=\"wpcf7-list-item-label\">152<\/span><\/span><span class=\"wpcf7-list-item last\"><input type=\"radio\" name=\"Konfektion\" value=\"164\" \/><span class=\"wpcf7-list-item-label\">164<\/span><\/span><\/span><\/span>\n<\/p>\n<p><span class=\"formtext\">Funktion:<br \/>\n<\/span><span class=\"wpcf7-form-control-wrap\" data-name=\"Funktion\"><span class=\"wpcf7-form-control wpcf7-radio\"><span class=\"wpcf7-list-item first\"><input type=\"radio\" name=\"Funktion\" value=\"Feldspieler\" \/><span class=\"wpcf7-list-item-label\">Feldspieler<\/span><\/span><span class=\"wpcf7-list-item last\"><input type=\"radio\" name=\"Funktion\" value=\"Torwart\" \/><span class=\"wpcf7-list-item-label\">Torwart<\/span><\/span><\/span><\/span>\n<\/p>\n<p class=\"long\"><span class=\"wpcf7-form-control-wrap\" data-name=\"Verein\"><input size=\"40\" maxlength=\"400\" class=\"wpcf7-form-control wpcf7-text\" aria-invalid=\"false\" placeholder=\"Verein*\" value=\"\" type=\"text\" name=\"Verein\" \/><\/span>\n<\/p>\n<p><span class=\"formtext\">Geburtsdatum:<br \/>\n<\/span><span class=\"wpcf7-form-control-wrap\" data-name=\"Geburtsdatum\"><input size=\"40\" maxlength=\"400\" class=\"wpcf7-form-control wpcf7-text\" aria-invalid=\"false\" placeholder=\"Tag\/Monat\/Jahr*\" value=\"\" type=\"text\" name=\"Geburtsdatum\" \/><\/span>\n<\/p>\n<p><span class=\"wpcf7-form-control-wrap\" data-name=\"Bedingungen\"><span class=\"wpcf7-form-control wpcf7-acceptance\"><span class=\"wpcf7-list-item\"><input type=\"checkbox\" name=\"Bedingungen\" value=\"1\" aria-invalid=\"false\" \/><\/span><\/span><\/span> Bitte akzeptieren Sie die <a href=\"\/fussballcamp\/teilnahmebedingungen\/\" target=\"_blank\">Teilnahmebedingungen<\/a>.\n<\/p>\n<p><input class=\"wpcf7-form-control wpcf7-submit has-spinner\" type=\"submit\" value=\"Senden\" \/>\n<\/p><div class=\"wpcf7-response-output\" aria-hidden=\"true\"><\/div>\n<\/form>\n<\/div>\n[\/vc_column][vc_column width=&#8220;4\/12&#8243;][vc_column_text]<\/p>\n<h3>Teilnehmer<\/h3>\n<p>Jungen und M\u00e4dchen im Alter von 6-14 Jahren.[\/vc_column_text][vc_column_text]<\/p>\n<h3>Teilnehmerpreise<\/h3>\n<p>Der Preis von 119 Euro* (Ostern 109 Euro) versteht sich inklusive eines Fu\u00dfballcamp-Geschenks und Vollverpflegung.<\/p>\n<p>*TSV Mitglieder, Mitarbeiterkinder der SCHOTT AG, Familien mit mindestens zwei Teilnehmern erhalten einen Sonderpreis von 109 Euro (Ostern 99 Euro) bzw. bei Teilnahme zweier Kinder einen Sonderpreis von 218 Euro (Ostern 198 Euro). In Sonderf\u00e4llen k\u00f6nnen auf Anfrage ebenfalls Sonderpreise gestattet werden.<\/p>\n<h3>Siegerehrung<\/h3>\n<p>Als Erinnerung an das Fu\u00dfballcamp wird jeder Teilnehmer eine Urkunde erhalten.\u00a0Zus\u00e4tzlich werden die Sachpreise der Wettbewerbe \u00fcberreicht.[\/vc_column_text][\/vc_column][\/vc_row][vc_row][vc_column width=&#8220;1\/3&#8243;][vc_column_text]<\/p>\n<h3>Trainingsort<\/h3>\n<p>TSV SCHOTT Gel\u00e4nde<br \/>\nKarlsbader Stra\u00dfe 23<br \/>\n55122 Mainz[\/vc_column_text][vc_column_text]<\/p>\n<h3>Kontakt<\/h3>\n<p><strong>Sabine Manthe<br \/>\n<\/strong>Mo, Mi und Fr jeweils vormittags<br \/>\nE-Mail: <a href=\"mailto:fussballcamp@tsvschott.de\">fussballcamp@tsvschott.de<\/a><br \/>\nTelefon: <a href=\"tel:+4961316194267\">06131\/6194267<\/a>[\/vc_column_text][\/vc_column][vc_column width=&#8220;1\/3&#8243;][vc_column_text]<\/p>\n<h3>5-t\u00e4gige Verpflegung (Ostern 4-t\u00e4gig)<\/h3>\n<p>Alle Teilnehmer werden durchgehend mit Essen und Getr\u00e4nken versorgt. Dies beinhaltet Mittagessen und Verpflegung f\u00fcr zwischendurch.<\/p>\n<h3>\u00a0Trainingseinheiten<\/h3>\n<p>Ihren Kindern werden f\u00fcnf (Ostern vier) abwechslungsreiche Tage mit Trainingseinheiten, Turnieren und Spielen geboten.\u00a0Die Trainer haben Erfahrung im Umgang mit Kindern und sind f\u00fcr die Trainingseinheiten bestens vorbereitet.[\/vc_column_text][\/vc_column][vc_column width=&#8220;1\/3&#8243;][vc_column_text]<\/p>\n<h3>Turniere &amp; Wettbewerbe<\/h3>\n<p>F\u00fcr Abwechslung werden auch Turniere und Wettbewerbe sorgen. Elfmeterschie\u00dfen, Flugschule und andere Aktivit\u00e4ten werden f\u00fcr Spa\u00df &amp; Aktion sorgen.<\/p>\n<h3>Kinder-Olympiade<\/h3>\n<p>Das Highlight des letzten Tages ist die Kinder-Olympiade. Ob Geschicklichkeit oder Torwandschie\u00dfen, ein buntes Programm wartet auf die Kids. Nat\u00fcrlich gibt es auch tolle Preise zu gewinnen.[\/vc_column_text][\/vc_column][\/vc_row]<\/p>\n<\/div>","protected":false},"excerpt":{"rendered":"<p>[vc_row][vc_column width=&#8220;1\/1&#8243;][vc_column_text] Zwei\u00a0Termine in den Sommerferien: Ab sofort sind die Anmeldungen f\u00fcr beide Sommercamps online. Die Anmeldungen sind ausschlie\u00dflich \u00fcber das Online-Formular m\u00f6glich.[\/vc_column_text][\/vc_column][\/vc_row][vc_row][vc_column width=&#8220;1\/3&#8243;][vc_column_text] Fu\u00dfballcamp Sommer 1 vom 27.07. bis 31.07. 2015 Detailliertes Programm Teilnahmebedingungen[\/vc_column_text][\/vc_column][vc_column width=&#8220;1\/3&#8243;][vc_column_text] Fu\u00dfballcamp Sommer 2 vom 10.08. bis 14.08. 2015 Dieses Camp findet statt, wenn eine Mindestteilnehmerzahl erreicht ist. Wir warten [&hellip;]<\/p>\n","protected":false},"author":3,"featured_media":0,"parent":0,"menu_order":0,"comment_status":"open","ping_status":"open","template":"single\/single-extra.php","meta":{"footnotes":""},"class_list":["post-2186","page","type-page","status-publish","hentry"],"_links":{"self":[{"href":"https:\/\/tsvschott.de\/kempire\/wp-json\/wp\/v2\/pages\/2186","targetHints":{"allow":["GET"]}}],"collection":[{"href":"https:\/\/tsvschott.de\/kempire\/wp-json\/wp\/v2\/pages"}],"about":[{"href":"https:\/\/tsvschott.de\/kempire\/wp-json\/wp\/v2\/types\/page"}],"author":[{"embeddable":true,"href":"https:\/\/tsvschott.de\/kempire\/wp-json\/wp\/v2\/users\/3"}],"replies":[{"embeddable":true,"href":"https:\/\/tsvschott.de\/kempire\/wp-json\/wp\/v2\/comments?post=2186"}],"version-history":[{"count":0,"href":"https:\/\/tsvschott.de\/kempire\/wp-json\/wp\/v2\/pages\/2186\/revisions"}],"wp:attachment":[{"href":"https:\/\/tsvschott.de\/kempire\/wp-json\/wp\/v2\/media?parent=2186"}],"curies":[{"name":"wp","href":"https:\/\/api.w.org\/{rel}","templated":true}]}}