{"id":2265,"date":"2015-06-25T16:45:32","date_gmt":"2015-06-25T14:45:32","guid":{"rendered":"http:\/\/tsvschott.de\/fussball\/?page_id=2265"},"modified":"2015-11-09T12:27:43","modified_gmt":"2015-11-09T11:27:43","slug":"teilnahmebedingungen","status":"publish","type":"page","link":"https:\/\/tsvschott.de\/kempire\/fussballcamp\/teilnahmebedingungen\/","title":{"rendered":"Teilnahmebedingungen"},"content":{"rendered":"<div class=\"wpb-content-wrapper\"><p>[vc_row][vc_column el_class=&#8220;text&#8220; width=&#8220;1\/2&#8243;][vc_column_text]<\/p>\n<h3>Teilnahmegeb\u00fchr:<\/h3>\n<p>Die entsprechende Teilnahmegeb\u00fchr wird nach Erhalt der Teilnahmebest\u00e4tigung \u00fcberwiesen.<\/p>\n<h3>Versicherung:<\/h3>\n<p>Eventuelle Verletzungen\/Erkrankungen beim Training und rund um das Fussballcamp werden durch eine Familienversicherung der Eltern abgedeckt.<\/p>\n<h3>Erkl\u00e4rung:<\/h3>\n<p>Es ist den Anordnungen der verantwortlichen Trainer Folge zu leisten. Sollte es zu &#8222;groben&#8220; Verst\u00f6\u00dfen kommen &#8211; z. B. gegen die Hausordnung &#8211; wird es eine Meldung an die Erziehungsberechtigten geben. In einem Wiederholungsfall behalten wir uns vor, den Teilnehmer von der Veranstaltung auszuschlie\u00dfen. Die Teilnahmegeb\u00fchr wird in diesem Fall nicht zur\u00fcckerstattet.<\/p>\n<h3>Gesundheitliche Einschr\u00e4nkungen\/Medizinische Betreuung:<\/h3>\n<p>Sollte sich Ihr Kind derzeit in \u00e4rztlicher Behandlung befinden, nehmen Sie bitte unbedingt R\u00fccksprache mit dem behandelnden Arzt und lassen sich best\u00e4tigen, dass die Teilnahme am Fu\u00dfballcamp ohne gesundheitliche Risiken f\u00fcr Ihr Kind m\u00f6glich ist. Der TSV SCHOTT \u00fcbernimmt keinerlei Haftung, wenn gegen \u00e4rztliche Anordnungen versto\u00dfen wird. Falls die Einnahme von Medikamenten w\u00e4hrend des Trainings erforderlich ist, teilen Sie uns bitte per E-Mail die Einnahmeverordnungen an <a href=\"mailto:fussballcamp@tsvschott.de\">fussballcamp@tsvschott.de<\/a> mit. Bitte teilen Sie uns auch mit, falls Ihr Kind unter m\u00f6glichen Allergien leidet.<br \/>\n[\/vc_column_text][\/vc_column][vc_column width=&#8220;1\/2&#8243;][vc_column_text el_class=&#8220;text&#8220;]<\/p>\n<h3>Ern\u00e4hrung:<\/h3>\n<p>Wenn Ihr Kind eine spezielle Ern\u00e4hrung ben\u00f6tigt (bedingt durch medizinische Verordnungen oder aus religi\u00f6sem Anlass) teilen Sie uns bitte den Ern\u00e4hrungsplan f\u00fcr Ihr Kind und die entsprechenden Anforderungen an die Mahlzeiten per E-Mail an <a href=\"mailto:fussballcamp@tsvschott.de\">fussballcamp@tsvschott.de<\/a> mit.<\/p>\n<h3>R\u00fccktritt:<\/h3>\n<p>Bei R\u00fccktritt innerhalb der letzten Woche vor Beginn k\u00f6nnen Ausfallgeb\u00fchren entstehen. Die R\u00fcck\u00fcberweisung bei schon geleisteter Zahlung kann ausschlie\u00dflich auf das selbe Konto r\u00fcck\u00fcberwiesen werden.<\/p>\n<h3>Daten:<\/h3>\n<p>Die im Anmeldeformular anzugebenden, personenbezogenen Daten werden ausschlie\u00dflich in Zusammenhang mit der Vor- und Nachbereitung des Camps erfasst und verarbeitet. Hierbei werden die Anforderungen des BDSG eingehalten. Nach Abwicklung des Camps werden die Daten gel\u00f6scht. Wir behalten uns jedoch vor, Ihre Emailadresse zu speichern um Sie \u00fcber zuk\u00fcnftige Camps zu informieren.[\/vc_column_text][\/vc_column][\/vc_row][vc_row][vc_column width=&#8220;1\/1&#8243;][vc_cta_button2 style=&#8220;rounded&#8220; txt_align=&#8220;center&#8220; btn_style=&#8220;square&#8220; color=&#8220;pink&#8220; size=&#8220;md&#8220; position=&#8220;right&#8220; accent_color=&#8220;#de4816&#8243; title=&#8220;Anmeldung zum Fussballcamp&#8220; el_class=&#8220;anmeldung&#8220;]<a href=\"\/fussball\/fussballcamp\/#anmeldung\">Anmeldung zum Fussballcamp<\/a>[\/vc_cta_button2][\/vc_column][\/vc_row]<\/p>\n<\/div>","protected":false},"excerpt":{"rendered":"<p>[vc_row][vc_column el_class=&#8220;text&#8220; width=&#8220;1\/2&#8243;][vc_column_text] Teilnahmegeb\u00fchr: Die entsprechende Teilnahmegeb\u00fchr wird nach Erhalt der Teilnahmebest\u00e4tigung \u00fcberwiesen. Versicherung: Eventuelle Verletzungen\/Erkrankungen beim Training und rund um das Fussballcamp werden durch eine Familienversicherung der Eltern abgedeckt. Erkl\u00e4rung: Es ist den Anordnungen der verantwortlichen Trainer Folge zu leisten. Sollte es zu &#8222;groben&#8220; Verst\u00f6\u00dfen kommen &#8211; z. B. gegen die Hausordnung &#8211; wird [&hellip;]<\/p>\n","protected":false},"author":3,"featured_media":0,"parent":2186,"menu_order":2,"comment_status":"open","ping_status":"closed","template":"","meta":{"footnotes":""},"class_list":["post-2265","page","type-page","status-publish","hentry"],"_links":{"self":[{"href":"https:\/\/tsvschott.de\/kempire\/wp-json\/wp\/v2\/pages\/2265","targetHints":{"allow":["GET"]}}],"collection":[{"href":"https:\/\/tsvschott.de\/kempire\/wp-json\/wp\/v2\/pages"}],"about":[{"href":"https:\/\/tsvschott.de\/kempire\/wp-json\/wp\/v2\/types\/page"}],"author":[{"embeddable":true,"href":"https:\/\/tsvschott.de\/kempire\/wp-json\/wp\/v2\/users\/3"}],"replies":[{"embeddable":true,"href":"https:\/\/tsvschott.de\/kempire\/wp-json\/wp\/v2\/comments?post=2265"}],"version-history":[{"count":0,"href":"https:\/\/tsvschott.de\/kempire\/wp-json\/wp\/v2\/pages\/2265\/revisions"}],"up":[{"embeddable":true,"href":"https:\/\/tsvschott.de\/kempire\/wp-json\/wp\/v2\/pages\/2186"}],"wp:attachment":[{"href":"https:\/\/tsvschott.de\/kempire\/wp-json\/wp\/v2\/media?parent=2265"}],"curies":[{"name":"wp","href":"https:\/\/api.w.org\/{rel}","templated":true}]}}