{"id":2899,"date":"2015-08-17T15:11:02","date_gmt":"2015-08-17T13:11:02","guid":{"rendered":"http:\/\/tsvschott.de\/fussball\/?page_id=2899"},"modified":"2016-01-13T10:40:44","modified_gmt":"2016-01-13T09:40:44","slug":"start-statisch-fitness","status":"publish","type":"page","link":"https:\/\/tsvschott.de\/kempire\/","title":{"rendered":"START &#8211; statisch (Fitness)"},"content":{"rendered":"<div class=\"wpb-content-wrapper\"><p>[vc_row][vc_column width=&#8220;2\/3&#8243;][vc_column_text]<\/p>\n<h2>Fitnesskurse<\/h2>\n<p>Unsere Fitnesskurse richten sich an alle Teilnehmer, die fit bleiben oder werden wollen. Sie stehen allen Vereinsmitgliedern und auch Nicht-Mitgliedern offen. Unser Programm bietet immer die neusten Fitnesstrends sowie aktuelle Trainingsmethoden, bei denen zum Bewegen motiviert wird. Trainieren Sie in den Kursen (<a href=\"\/fussball\/fitnesskurse#zumba\">Zumba Fitness<sup>\u00ae<\/sup><\/a>, <a href=\"\/fussball\/fitnesskurse#boxfitness\">Box Fitness<\/a>, <a href=\"\/fussball\/fitnesskurse#trx\">TRX Suspension Training<\/a>, <a href=\"\/fussball\/fitnesskurse#laufen\">Laufen f\u00fcr Frauen<\/a>, <a href=\"\/fussball\/fitnesskurse#faszien\">Faszien-Training<\/a>, <a href=\"\/fussball\/fitnesskurse#blackroll\">Blackroll Training<\/a>, <a href=\"\/fussball\/fitnesskurse#synrgy360\">Synrgy360<\/a>) mit Spa\u00df und Musik Ihre Ausdauer, Kraft, Koordination und Beweglichkeit.[\/vc_column_text][vc_tabs interval=&#8220;0&#8243;][vc_tab title=&#8220;Zumba&#8220; tab_id=&#8220;1439899125423-6-9a5c6-6bb7222f-dc3c&#8220;][vc_column_text]<strong>Zumba (10 Trainingseinheiten)<\/strong><br \/>\nMo, 07.09.2015, 21:00 &#8211; 21:45 Uhr,\u00a0TSV SCHOTT -\u0096 Gymnastikraum 1, Kursleitung: Camila\u00a0Schweiss\u00a0Rodriguez<\/p>\n<p><strong>Zumba (10 Trainingseinheiten)<\/strong><br \/>\nDi, 08.09.2015, 16:30 &#8211; 17:15 Uhr,\u00a0TSV SCHOTT \u0096- Gymnastikraum 2, Kursleitung: Camila\u00a0Schweiss\u00a0Rodriguez<\/p>\n<p>[vc_cta_button2 style=&#8220;rounded&#8220; txt_align=&#8220;center&#8220; btn_style=&#8220;square&#8220; color=&#8220;pink&#8220; size=&#8220;md&#8220; position=&#8220;right&#8220; accent_color=&#8220;#de4816&#8243; title=&#8220;Anmeldung zum Fitnesskurs&#8220; el_class=&#8220;anmeldung&#8220;]<a href=\"\/fussball\/fitnesskurse\/#anmeldung\">Anmeldung zum Fitnesskurs<\/a>[\/vc_cta_button2][\/vc_column_text][\/vc_tab][vc_tab title=&#8220;Box Fitness&#8220; tab_id=&#8220;1439897043387-4-8a5c6-6bb7222f-dc3c&#8220;][\/vc_tab][vc_tab title=&#8220;TRX&#8220; tab_id=&#8220;1439899127043-7-2a5c6-6bb7222f-dc3c&#8220;][vc_column_text]<strong>TRX meets Blackroll (8 Einheiten)<\/strong><br \/>\nDi, 08.09.2015, 20:00 &#8211; 20:55 Uhr,\u00a0TSV SCHOTT \u0096- Gymnastikraum 2,\u00a0Kursleitung: Jens Stru\u00dfenberg<\/p>\n<p><strong>TRX f\u00fcr Fortgeschrittene (8 Einheiten)<\/strong><br \/>\nDo, 10.09.2015, 20:00 &#8211; 20:55 Uhr,\u00a0TSV SCHOTT -\u0096 Gymnastikraum 2,\u00a0Kursleitung: Jens Stru\u00dfenberg<\/p>\n<p>[vc_cta_button2 style=&#8220;rounded&#8220; txt_align=&#8220;center&#8220; btn_style=&#8220;square&#8220; color=&#8220;pink&#8220; size=&#8220;md&#8220; position=&#8220;right&#8220; accent_color=&#8220;#de4816&#8243; title=&#8220;Anmeldung zum Fitnesskurs&#8220; el_class=&#8220;anmeldung&#8220;]<a href=\"\/fussball\/fitnesskurse\/#anmeldung\">Anmeldung zum Fitnesskurs<\/a>[\/vc_cta_button2][\/vc_column_text][\/vc_tab][vc_tab title=&#8220;Laufen &#8211; Frauen&#8220; tab_id=&#8220;1439897104089-5-2a5c6-6bb7222f-dc3c&#8220;][\/vc_tab][vc_tab title=&#8220;Faszien&#8220; tab_id=&#8220;1439899130636-8-3a5c6-6bb7222f-dc3c&#8220;][vc_column_text]<strong>Faszien-Training (8 Einheiten)<\/strong><br \/>\nDi, 08.09.2015, 19:00 -19:50 Uhr,\u00a0TSV SCHOTT \u0096- Gymnastikraum 2,\u00a0Kursleitung: Ralf Steiner<\/p>\n<p>[vc_cta_button2 style=&#8220;rounded&#8220; txt_align=&#8220;center&#8220; btn_style=&#8220;square&#8220; color=&#8220;pink&#8220; size=&#8220;md&#8220; position=&#8220;right&#8220; accent_color=&#8220;#de4816&#8243; title=&#8220;Anmeldung zum Fitnesskurs&#8220; el_class=&#8220;anmeldung&#8220;]<a href=\"\/fussball\/fitnesskurse\/#anmeldung\">Anmeldung zum Fitnesskurs<\/a>[\/vc_cta_button2][\/vc_column_text][\/vc_tab][vc_tab title=&#8220;Synrgy360&#8243; tab_id=&#8220;1439899302269-6-6a5c6-6bb7222f-dc3c&#8220;][vc_column_text]<strong>Synrgy360 (8 Einheiten)<\/strong><br \/>\nFr, 11.09.2015, 07:00 &#8211; 08:00 Uhr,\u00a0TSV SCHOTT &#8211; Fitness- und Gesundheitszentrum,\u00a0Kursleitung: Christian\u00a0Hessel<\/p>\n<p>[vc_cta_button2 style=&#8220;rounded&#8220; txt_align=&#8220;center&#8220; btn_style=&#8220;square&#8220; color=&#8220;pink&#8220; size=&#8220;md&#8220; position=&#8220;right&#8220; accent_color=&#8220;#de4816&#8243; title=&#8220;Anmeldung zum Fitnesskurs&#8220; el_class=&#8220;anmeldung&#8220;]<a href=\"\/fussball\/fitnesskurse\/#anmeldung\">Anmeldung zum Fitnesskurs<\/a>[\/vc_cta_button2][\/vc_column_text][\/vc_tab][vc_tab title=&#8220;Blackroll&#8220; tab_id=&#8220;1439899362064-6-10a5c6-6bb7222f-dc3c&#8220;][\/vc_tab][\/vc_tabs][vc_separator][vc_column_text]<\/p>\n<h2>Pr\u00e4ventionskurse<\/h2>\n<p>Unsere Pr\u00e4ventionssportangebote richten sich an alle, die aktiv zur Erhaltung und Verbesserung ihrer Gesundheit beitragen wollen. Mit unseren Gesundheitskursen bieten wir Ihnen den optimalen Einstieg zu einem aktiveren, sportlicheren Leben.\u00a0Sanfte Bewegungsangebote unter fachlicher Leitung tun gut und beugen Erkrankungen am Herz-\/Kreislaufsystem sowie am Bewegungsapparat vor.\u00a0Da alle TSV SCHOTT\u00a0 Gesundheitskurse (<a href=\"#\">Hatha Yoga<\/a>,\u00a0<a href=\"#\">After Work &#8211; R\u00fccken Fit<\/a>,\u00a0<a href=\"#\">Fit mit Kids &#8211; &#8222;Mama&#8220; aktiv<\/a>,\u00a0<a href=\"#\">Cardio Workout<\/a>) nach den Richtlinien des Deutschen Olympischen Sportbunds (DOSB) zertifiziert sind und somit die hohen Qualit\u00e4tsanforderungen der Krankenkassen erf\u00fcllen, erhalten die Teilnehmer in der Regel einen Gro\u00dfteil der Kursgeb\u00fchr von den Krankenkassen zur\u00fcckerstattet.[\/vc_column_text][vc_tabs interval=&#8220;0&#8243;][vc_tab title=&#8220;Hatha Yoga&#8220; tab_id=&#8220;1439820607436-0-0a5c6-6bb7222f-dc3c&#8220;][vc_column_text]<b>Hatha Yoga Einsteiger (8 Einheiten)<\/b><br \/>\nFr, 11.09.2015, 17:30-19:00 Uhr,\u00a0TSV SCHOTT &#8211; Gymnastikraum 2,\u00a0Kursleitung: Nina Eckerich<\/p>\n<p><b>Hatha Yoga Mittelstufe (8 Einheiten)<\/b><br \/>\nMo, 07.09.2015, 20:15 &#8211; 21:45 Uhr,\u00a0TSV SCHOTT &#8211; Gymnastikraum 2,\u00a0Kursleitung: Nina Eckerich[\/vc_column_text][\/vc_tab][vc_tab title=&#8220;After Work &#8211; R\u00fccken Fit&#8220; tab_id=&#8220;1439820607464-0-1a5c6-6bb7222f-dc3c&#8220;][vc_column_text]<b>R\u00fccken-Fit (8 Einheiten)<\/b><br \/>\nDi, 08.09.2015, 18:00 &#8211; 18:55 Uhr,\u00a0TSV SCHOTT &#8211; Erich-Schott-Halle,\u00a0Kursleitung: Tanja Wittmann[\/vc_column_text][\/vc_tab][vc_tab title=&#8220;Fit mit Kids &#8211; \u201eMama\u201c aktiv&#8220; tab_id=&#8220;1439820607494-0-3a5c6-6bb7222f-dc3c&#8220;][vc_column_text]<b>Fit mit Kids (8 Wochen Kurs)<\/b><br \/>\nFr, 11.09.2015, 10:15 &#8211; 11:15 Uhr,\u00a0TSV SCHOTT &#8211; Au\u00dfengel\u00e4nde,\u00a0Kursleitung: Annett Boller[\/vc_column_text][\/vc_tab][vc_tab title=&#8220;Cardio Workout&#8220; tab_id=&#8220;1439820607521-0-6a5c6-6bb7222f-dc3c&#8220;][vc_column_text]<b>Cardio Workout (8 Einheiten)<\/b><br \/>\nDi, 08.09.2015, 19:00 &#8211; 20:00 Uhr,\u00a0TSV SCHOTT &#8211; Erich-Schott-Halle,\u00a0Kursleitung: Tanja Wittmann[\/vc_column_text][\/vc_tab][\/vc_tabs][vc_separator][vc_column_text el_class=&#8220;links&#8220;]<\/p>\n<h2>Rehasport<\/h2>\n<p><strong>Rehasport &#8211; Was ist Rehabilitationssport?<\/strong><br \/>\nRehabilitationssport wird als eine erg\u00e4nzende Therapiema\u00dfnahme definiert, die vom Arzt indikationsabh\u00e4ngig (krankheitsspezifisch) verordnet werden kann und zeitlich befristet von den Kostentr\u00e4gern finanziert wird.\u00a0Gemeinsam mit anderen k\u00f6nnen Sie durch Bewegung, Spiel und Sport Ihre Bewegungsf\u00e4higkeit verbessern, den Verlauf von Krankheiten positiv beeinflussen und damit wieder am gesellschaftlichen Leben teilnehmen.<\/p>\n<p><strong>Reha-Trainingsgruppen:<\/strong><br \/>\nReha\u00a0I: Mo, 09.00 &#8211; 09.45,\u00a0Gymnastikraum 2<br \/>\nReha II: Mo, 18.15 &#8211; 19.00,\u00a0Gymnastikraum 1<br \/>\nReha III:\u00a0Di, 18.00 &#8211; 18.45,\u00a0Gymnastikraum 2<br \/>\nReha IV:\u00a0Di, 20.15 &#8211; 21.00,\u00a0Gymnastikraum 1<br \/>\nReha V:\u00a0Mi, 10.15 &#8211; 11.00,\u00a0Gymnastikraum 1<br \/>\nReha VI:\u00a0Do, 11.15 &#8211; 12.00,\u00a0Gymnastikraum 2[\/vc_column_text][vc_column_text el_class=&#8220;rechts&#8220;]<\/p>\n<h2>Fitness- und Gesundheitstrainingszentrum<\/h2>\n<p>Jedes Vereinsmitglied kann unabh\u00e4ngig von der Zugeh\u00f6rigkeit zu einer Abteilung das Fitness- und Gesundheitstrainingszentrum nutzen.<\/p>\n<p>Neben dem Mitgliedsbeitrag wird daf\u00fcr ein Sonderbeitrag in H\u00f6he von 25 Euro pro Monat erhoben. Ab dem zweiten Mitgliedsjahr reduziert sich der Sonderbeitrag auf 10 Euro pro Monat.<\/p>\n<p><strong>\u00d6ffnungszeiten:<\/strong><br \/>\nMo &#8211; Fr:\u00a008:00 &#8211; 22:30 Uhr<br \/>\nSa &#8211; So:\u00a009:00 &#8211; 22:30 Uhr<br \/>\nMo f\u00fcr SCHOTT AG reserviert:\u00a019:00 &#8211; 21:00 Uhr<br \/>\nan Feiertagen geschlossen[\/vc_column_text][vc_separator][\/vc_column][vc_column width=&#8220;1\/3&#8243;][vc_wp_text el_class=&#8220;start&#8220;]<\/p>\n<h3>Kontakt<\/h3>\n<hr \/>\n<p><strong><br \/>\nDoroth\u00e9e Marietta Dre\u00dfler<\/strong><\/p>\n<p>Sporttherapeutin &amp; Ergonomie Coach<br \/>\nB.A. in Gesundheitsmanagement<\/p>\n<p>Tel.: <a href=\"tel:+496131681897\">06131-681897<br \/>\n<\/a>Mobil: <a href=\"tel:+4915146715960\">0151-46715960<br \/>\n<\/a>E-mail: <a href=\"mailto:info@tsvschott.de\">info@tsvschott.de<\/a>[\/vc_wp_text][vc_empty_space height=&#8220;24px&#8220;][vc_column_text]<\/p>\n<h3>Videos<\/h3>\n<hr \/>\n<p>[\/vc_column_text][vc_column_text]<\/p>\n<div style=\"width: 640px;\" class=\"wp-video\"><!--[if lt IE 9]><script>document.createElement('video');<\/script><![endif]-->\n<video class=\"wp-video-shortcode\" id=\"video-2899-1\" width=\"640\" height=\"360\" poster=\"http:\/\/image.jpg\" preload=\"metadata\" controls=\"controls\"><source type=\"video\/mp4\" src=\"https:\/\/tsvschott.de\/images\/TSV\/gesundheitssport\/videos\/Zumba_final.mp4?_=1\" \/><a href=\"https:\/\/tsvschott.de\/images\/TSV\/gesundheitssport\/videos\/Zumba_final.mp4\">https:\/\/tsvschott.de\/images\/TSV\/gesundheitssport\/videos\/Zumba_final.mp4<\/a><\/video><\/div><br \/>\n[\/vc_column_text][\/vc_column][\/vc_row][vc_row][vc_column width=&#8220;2\/3&#8243;][vc_single_image image=&#8220;2995&#8243; img_size=&#8220;full&#8220; alignment=&#8220;&#8220;][vc_column_text]<\/p>\n<h2>Seniorensport &amp; Freizeitgestaltung<\/h2>\n<p>Die Abteilung hat sich zum Ziel gesetzt, \u00e4ltere Menschen nach dem Ausscheiden aus der beruflichen T\u00e4tigkeit, k\u00f6rperlich fit zu halten. Jedes Mitglied kann sich, seinen M\u00f6glichkeiten entsprechend, in netter Gesellschaft sportlich bet\u00e4tigen.\u00a0Die Kommunikation, der Austausch, das weitere Kn\u00fcpfen von Kontakten und das Treffen Gleichgesinnter wird auf jeden Fall im Sinne unserer Abteilungsziele unter dem Aspekt gemeinsamer Freizeitgestaltung und geselligem Beisammensein von unserer Abteilungsleitung aktiv unterst\u00fctzt.[\/vc_column_text][vc_tabs interval=&#8220;0&#8243;][vc_tab title=&#8220;Funktionsgymnastik&#8220; tab_id=&#8220;aadcb2d3-b7ab-9a5c6-6bb7222f-dc3c&#8220;][vc_column_text]Es stehen, im Normalfall alternativ, jeweils eine Stunde, mit Senioren &#8211; Funktionsgymnastik, \u00a0jeweils mit ann\u00e4hernd gleichen Inhalten zur Verf\u00fcgung. Das Training beruht u.a. auf den neuesten Erkenntnissen des Ganzk\u00f6rpertrainings und der R\u00fcckenschule.<\/p>\n<p>Dienstag, 10:30\u201311:30h, Erich-Schott Sporthalle, Ganzk\u00f6rpertraining, Fr.\u00a0Boller<br \/>\nMittwoch, 09:00\u201310:00h, Otto-Schott Sporthalle,\u00a0Ganzk\u00f6rpertraining, Fr.\u00a0Boller[\/vc_column_text][\/vc_tab][vc_tab title=&#8220;Nordic Walking&#8220; tab_id=&#8220;1d4c736f-fbc1-0a5c6-6bb7222f-dc3c&#8220;][vc_column_text]Beim Nordic Walking sollten\u00a0die Gruppen 15 Mitglieder m\u00f6glichst nicht \u00fcbersteigen.<\/p>\n<p>Dienstag, \u00a009:00-10:00h, Schott Gel\u00e4nde, Nordic Walking, Fr. Boller[\/vc_column_text][\/vc_tab][vc_tab title=&#8220;Kegeln&#8220; tab_id=&#8220;1439898377428-2-4a5c6-6bb7222f-dc3c&#8220;][vc_column_text]Zur Abteilung geh\u00f6rt auch eine Kegelgruppe, die jeweils Freitags von 13:30 bis 16:00 Uhr auf einer der vier Bahnen, im Otto-Schott-Sportzentrum aktiv wird.<\/p>\n<p>Freitag, 13.30-16:00h Schott Kegelbahn, (nach Absprache), Hr. Kr\u00e4mer[\/vc_column_text][\/vc_tab][vc_tab title=&#8220;Wandern&#8220; tab_id=&#8220;1439899564426-3-0a5c6-6bb7222f-dc3c&#8220;][vc_column_text]Dar\u00fcber hinaus, wandern wir gern, etwa ein mal monatlich (meist Donnerstags) in die n\u00e4here Umgebung. Auch Tagesbesuche kultureller und technischer Einrichtungen stehen mit einem Reisebus gelegentlich auf dem Programm. Weiter entfernte Ziele, wie z.B. die Insel R\u00fcgen; unsere Bundeshauptstadt Berlin, Dresden, Zwiesel, Oberbayern, das Allg\u00e4u\u00a0und das Erzgebirge haben wir in unseren j\u00e4hrlichen Kulturwochen besucht bzw. erwandert.<\/p>\n<p>Hinweis zum Wandern:<br \/>\nMitmachen k\u00f6nnen auch Angeh\u00f6rige und G\u00e4ste. Versichert im Rahmen der TSV-SCHOTT Unfallversicherung sind nur Mitglieder.\u00a0Eine als Seniorensportveranstaltung deklarierte Wanderung kann nur nach g\u00fcltiger Anmeldung beim AL oder dessen Vertreter, von allen dazu bereiten Mitgliedern\/innen durchgef\u00fchrt werden.[\/vc_column_text][\/vc_tab][\/vc_tabs][vc_row_inner][vc_column_inner width=&#8220;1\/3&#8243;][sh_content icon=&#8220;fa fa-check-circle-o&#8220;]Uns wurde 2011 das Qualit\u00e4tssiegel<br \/>\n&#8222;Seniorenfreundlicher Sportverein&#8220;\u00a0vom Sportbund Rheinhessen verliehen![\/sh_content][\/vc_column_inner][vc_column_inner width=&#8220;1\/3&#8243;][sh_content icon=&#8220;fa fa-trophy&#8220;]Dsgl. 2012 die Urkunde \u00fcber die erfolgreiche Teilnahme am Wettbewerb<br \/>\n&#8222;Seniorenfreundlicher Sportverein in Rheinland-Pfalz&#8220;\u00a0von den Turnverb\u00e4nden Rheinland &#8211; Pfalz[\/sh_content][\/vc_column_inner][vc_column_inner width=&#8220;1\/3&#8243;][sh_content icon=&#8220;fa fa-star&#8220;]<\/p>\n<div>\n<p>2013 erhielt SCHOTT den\u00a0\u201egro\u00dfen Stern des Sports\u201c in Gold\u00a0des Deutschen Olympischen Sportbundes.<\/p>\n<\/div>\n<p>[\/sh_content][\/vc_column_inner][\/vc_row_inner][\/vc_column][vc_column width=&#8220;1\/3&#8243;][vc_wp_text el_class=&#8220;start&#8220;]<\/p>\n<h3>Die Verantwortlichen unserer Seniorenabteilung<\/h3>\n<hr \/>\n<p><strong>\u00a0<\/strong><\/p>\n<p><strong>Abteilungsleiter:\u00a0<\/strong>Wolfgang\u00a0Kr\u00e4mer,\u00a0Tel.:\u00a0<a href=\"tel:+496131683122\">06131-683122<\/a>, <a href=\"mailto:abteilung@tsvschott-senioren.de\">abteilung@tsvschott-senioren.de<\/a><\/p>\n<p><strong>Stellvertreter:<\/strong> Dr.Ulrich Jeschkowski, Tel.: <a href=\"tel:+496131472419\">06131-472419<\/a>, <a href=\"mailto:ulrich.jeschkowski@tsvschott-senioren.de\">ulrich.jeschkowski@tsvschott-senioren.de<\/a><\/p>\n<p><strong>Kassenwartin:<\/strong> Rosemarie Sellesnick, Tel.: <a href=\"tel:+496131472419\">06131-472419<\/a>, <a href=\"mailto:rosemarie.sellesnick@tsvschott-senioren.de\">rosemarie.sellesnick@tsvschott-senioren.de<\/a><\/p>\n<p><strong>Schriftf\u00fchrer:\u00a0<\/strong>Dr.Rainer Rupprecht,<strong>\u00a0<\/strong>Tel.: <a href=\"tel:+496131387297\">06131-387297<\/a>,\u00a0<a href=\"mailto:rainer-rupprecht@tsvschott-senioren.de\">rainer-rupprecht@tsvschott-senioren.de<\/a><\/p>\n<p><strong>Stellvertreterin:\u00a0<\/strong>Karin Kickartz,<strong>\u00a0<\/strong>Tel.: <a href=\"tel:+49613258006\">06132-58006<\/a>,\u00a0<a href=\"mailto:abteilung@tsvschott-senioren.de\">abteilung@tsvschott-senioren.de<\/a><\/p>\n<p><strong>Seniorentrainerin\u00a0Sportwissenschaft:\u00a0<\/strong>M.A. Annett Boller,<strong>\u00a0<\/strong>Tel.:\u00a0<a href=\"tel:+491774954834\">0177-4954834<\/a>,\u00a0<a href=\"mailto:coachannett@gmx.de\">coachannett@gmx.de<\/a>[\/vc_wp_text][vc_empty_space height=&#8220;24px&#8220;][vc_column_text]<\/p>\n<h3>Gallerie<\/h3>\n<hr \/>\n<p>[\/vc_column_text][vc_media_grid grid_id=&#8220;vc_gid:1447165462231-102d768b-9db4-5&#8243; include=&#8220;2742,2741,2740,2371,2308,2289,2288,2287,2286,2212,2207,2206&#8243;][\/vc_column][\/vc_row][vc_row][vc_column width=&#8220;1\/3&#8243;][\/vc_column][vc_column width=&#8220;1\/3&#8243;][\/vc_column][vc_column width=&#8220;1\/3&#8243;][\/vc_column][\/vc_row]<\/p>\n<\/div>","protected":false},"excerpt":{"rendered":"<p>[vc_row][vc_column width=&#8220;2\/3&#8243;][vc_column_text] Fitnesskurse Unsere Fitnesskurse richten sich an alle Teilnehmer, die fit bleiben oder werden wollen. Sie stehen allen Vereinsmitgliedern und auch Nicht-Mitgliedern offen. Unser Programm bietet immer die neusten Fitnesstrends sowie aktuelle Trainingsmethoden, bei denen zum Bewegen motiviert wird. Trainieren Sie in den Kursen (Zumba Fitness\u00ae, Box Fitness, TRX Suspension Training, Laufen f\u00fcr Frauen, [&hellip;]<\/p>\n","protected":false},"author":3,"featured_media":0,"parent":0,"menu_order":0,"comment_status":"closed","ping_status":"closed","template":"","meta":{"footnotes":""},"class_list":["post-2899","page","type-page","status-publish","hentry"],"_links":{"self":[{"href":"https:\/\/tsvschott.de\/kempire\/wp-json\/wp\/v2\/pages\/2899","targetHints":{"allow":["GET"]}}],"collection":[{"href":"https:\/\/tsvschott.de\/kempire\/wp-json\/wp\/v2\/pages"}],"about":[{"href":"https:\/\/tsvschott.de\/kempire\/wp-json\/wp\/v2\/types\/page"}],"author":[{"embeddable":true,"href":"https:\/\/tsvschott.de\/kempire\/wp-json\/wp\/v2\/users\/3"}],"replies":[{"embeddable":true,"href":"https:\/\/tsvschott.de\/kempire\/wp-json\/wp\/v2\/comments?post=2899"}],"version-history":[{"count":0,"href":"https:\/\/tsvschott.de\/kempire\/wp-json\/wp\/v2\/pages\/2899\/revisions"}],"wp:attachment":[{"href":"https:\/\/tsvschott.de\/kempire\/wp-json\/wp\/v2\/media?parent=2899"}],"curies":[{"name":"wp","href":"https:\/\/api.w.org\/{rel}","templated":true}]}}