{"id":47,"date":"2015-06-23T15:48:22","date_gmt":"2015-06-23T13:48:22","guid":{"rendered":"http:\/\/tsvschott.de\/fussball\/?page_id=38"},"modified":"2015-06-23T15:48:22","modified_gmt":"2015-06-23T13:48:22","slug":"jugendmannschaft","status":"publish","type":"page","link":"https:\/\/tsvschott.de\/kempire\/jugendmannschaft\/","title":{"rendered":"Jugend"},"content":{"rendered":"<div class=\"wpb-content-wrapper\"><p>[vc_row][vc_column width=&#8220;1\/1&#8243;][vc_column_text css=&#8220;.vc_custom_1435566275684{margin-bottom: 0px !important;border-bottom-width: 0px !important;padding-bottom: 0px !important;}&#8220;]<\/p>\n<h2>1. Frauenmannschaft<\/h2>\n<p>[\/vc_column_text][vc_tabs][vc_tab title=&#8220;Ansprechpartner&#8220; tab_id=&#8220;1435157829530-0-91d60-ed65&#8243;][vc_column_text]<strong>Trainer:<\/strong> Thorsten Lamers<\/p>\n<p><strong>Teammanager:<\/strong> Jens Klee, <a href=\"tel:+491636775540\">0163\/6775540<\/a>, <a href=\"mailto:Jens.klee82@gmx.de\">Jens.klee82@gmx.de<\/a><\/p>\n<p><strong>Betreuerin:<\/strong> Tanja J\u00e4ger, <a href=\"tel:+4917632158558\">0176\/32158558<\/a>[\/vc_column_text][\/vc_tab][vc_tab title=&#8220;Trainingszeiten&#8220; tab_id=&#8220;1435157830188-0-91d60-ed65&#8243;][vc_column_text]<strong>Dienstag:<\/strong> 18.30 &#8211; 20.00 Uhr, Kunstrasenplatz\u00a01<\/p>\n<p><strong>Mittwoch:<\/strong> 19.00 &#8211; 20.30 Uhr, Kunstrasenplatz 1<\/p>\n<p><strong>Freitag:<\/strong> 19.30 &#8211; 21.00 Uhr, Kleiner Kunstrasen 1[\/vc_column_text][\/vc_tab][vc_tab title=&#8220;Mannschaftsfotos&#8220; tab_id=&#8220;1435157830878-0-21d60-ed65&#8243;][vc_column_text]<\/p>\n<h3>Unser Team in der Saison 2014\/15<\/h3>\n<p><a href=\"https:\/\/tsvschott.de\/fussball\/wp-content\/uploads\/sites\/5\/2015\/06\/1.frauenmannschaft_2014_20151.jpg\"><img loading=\"lazy\" decoding=\"async\" class=\"alignnone size-medium wp-image-2308\" src=\"https:\/\/tsvschott.de\/fussball\/wp-content\/uploads\/sites\/5\/2015\/06\/1.frauenmannschaft_2014_20151-700x467.jpg\" alt=\"1. Frauenmannschaft 2014\/2015\" width=\"700\" height=\"467\" \/><\/a><\/p>\n<h3>Unser Team in der Saison 2012\/13<\/h3>\n<p><a href=\"https:\/\/tsvschott.de\/fussball\/wp-content\/uploads\/sites\/5\/2015\/06\/1.frauenmannschaft_2012_2013.jpg\"><img loading=\"lazy\" decoding=\"async\" class=\"alignnone wp-image-2289 size-medium\" src=\"https:\/\/tsvschott.de\/fussball\/wp-content\/uploads\/sites\/5\/2015\/06\/1.frauenmannschaft_2012_2013-700x467.jpg\" alt=\"1. Frauenmannschaft 2012\/2013\" width=\"700\" height=\"467\" \/><\/a><\/p>\n<h3>Unser Team in der Saison 2012\/13<\/h3>\n<figure id=\"attachment_2287\" aria-describedby=\"caption-attachment-2287\" style=\"width: 480px\" class=\"wp-caption alignnone\"><a href=\"https:\/\/tsvschott.de\/fussball\/wp-content\/uploads\/sites\/5\/2015\/06\/1.frauenmannschaft_2012_2013_2.jpg\"><img loading=\"lazy\" decoding=\"async\" class=\"wp-image-2287 size-full\" src=\"https:\/\/tsvschott.de\/fussball\/wp-content\/uploads\/sites\/5\/2015\/06\/1.frauenmannschaft_2012_2013_2.jpg\" alt=\"1. Frauenmannschaft 2012\/2013\" width=\"480\" height=\"640\" \/><\/a><figcaption id=\"caption-attachment-2287\" class=\"wp-caption-text\">(von oben nach unten) Denise BauerNadine Bechtel, Anna Bergisch, Teodora Dragoescu, Ann-Kristin Gilles, Lorena Graci, Lena Haefner, Julia Kiesewalter, Sharon Klitzsch, Lea Knappe, Sabrina Koch, Caroline Rau, Birte Richter, Meryem Richter, Laura Rissel, Fiona R\u00f6hrig, Julia Sch\u00e4fer, Antje Scherrer, Sarah Schmitt, Lena Weyersh\u00e4user<\/figcaption><\/figure>\n<h3>Unser Team in der Saison 2011\/12<\/h3>\n<figure id=\"attachment_2288\" aria-describedby=\"caption-attachment-2288\" style=\"width: 640px\" class=\"wp-caption alignnone\"><a href=\"https:\/\/tsvschott.de\/fussball\/wp-content\/uploads\/sites\/5\/2015\/06\/1.frauenmannschaft_2011_2012.jpg\"><img loading=\"lazy\" decoding=\"async\" class=\"wp-image-2288 size-full\" src=\"https:\/\/tsvschott.de\/fussball\/wp-content\/uploads\/sites\/5\/2015\/06\/1.frauenmannschaft_2011_2012.jpg\" alt=\"1. Frauenmannschaft 2011\/2012\" width=\"640\" height=\"478\" \/><\/a><figcaption id=\"caption-attachment-2288\" class=\"wp-caption-text\">hinten v.l.n.r.: Sharon Klitzsch, Jennifer Conrads, Daniela Weber, Jasmin Michenfelder, Celine Beaury, Sarah Schmitt, Sabrina Koch, Laura Torchalla, Co-Trainer Jens Klee<br \/> vorne v.l.n.r.: Meryem Richter, Annika Leber, Nadine Werner, Valentina Marra, Denise Bauer, Lorena Graci, Fiona R\u00f6hrig, Caroline Rau, Trainer Mike Machwirth<br \/> Es fehlen: Stephanie Kl\u00e4\u00df und Lena Weyersh\u00e4user<\/figcaption><\/figure>\n<p>[\/vc_column_text][\/vc_tab][\/vc_tabs][\/vc_column][\/vc_row][vc_row][vc_column width=&#8220;1\/1&#8243;][vc_column_text css=&#8220;.vc_custom_1435566286387{margin-bottom: 0px !important;border-bottom-width: 0px !important;padding-bottom: 0px !important;}&#8220;]<\/p>\n<h2>2. Frauenmannschaft<\/h2>\n<p>[\/vc_column_text][vc_tabs][vc_tab title=&#8220;Ansprechpartner&#8220; tab_id=&#8220;1435157829530-0-91d60-ed65&#8243;][vc_column_text]<strong>Trainer:<\/strong> Thorsten Siefert, <a href=\"tel:+491734980499\">0173\/4980499<\/a>, <a href=\"mailto:siefert1404@aol.com\">siefert1404@aol.com<\/a>[\/vc_column_text][\/vc_tab][vc_tab title=&#8220;Trainingszeiten&#8220; tab_id=&#8220;1435157830188-0-91d60-ed65&#8243;][vc_column_text]<strong>Dienstag:<\/strong> 20.00 &#8211; 21.30 Uhr, Kunstrasenplatz 2<\/p>\n<p><strong>Mittwoch:<\/strong> 20.00 &#8211; 21.30 Uhr, Kunstrasenplatz 1<\/p>\n<p><strong>Freitag:<\/strong> 19.30 &#8211; 21.30 Uhr, Kleiner Kunstrasen[\/vc_column_text][\/vc_tab][vc_tab title=&#8220;Mannschaftsfotos&#8220; tab_id=&#8220;1435157830878-0-21d60-ed65&#8243;][vc_column_text]<\/p>\n<h3>Unser Team in der Saison 2014\/15<\/h3>\n<p><a href=\"https:\/\/tsvschott.de\/fussball\/wp-content\/uploads\/sites\/5\/2015\/06\/Frauen_2_Mannschaft_2014_2015.jpg\"><img loading=\"lazy\" decoding=\"async\" class=\"alignnone wp-image-2212 size-full\" src=\"https:\/\/tsvschott.de\/fussball\/wp-content\/uploads\/sites\/5\/2015\/06\/Frauen_2_Mannschaft_2014_2015.jpg\" alt=\"Frauen 2. Mannschaft 2014\/2015\" width=\"640\" height=\"362\" \/><\/a><\/p>\n<h3>Unser Team in der Saison 2012\/13<\/h3>\n<p><a href=\"https:\/\/tsvschott.de\/fussball\/wp-content\/uploads\/sites\/5\/2014\/11\/Frauen_2_Mannschaft_2012_2013.jpg\"><img loading=\"lazy\" decoding=\"async\" class=\"alignnone wp-image-2207 size-full\" src=\"https:\/\/tsvschott.de\/fussball\/wp-content\/uploads\/sites\/5\/2014\/11\/Frauen_2_Mannschaft_2012_2013.jpg\" alt=\"Frauen 2. Mannschaft 2012\/2013\" width=\"640\" height=\"480\" \/><\/a><\/p>\n<h3>Unser Team in der Saison 2009\/10<\/h3>\n<figure id=\"attachment_2206\" aria-describedby=\"caption-attachment-2206\" style=\"width: 640px\" class=\"wp-caption alignnone\"><a href=\"https:\/\/tsvschott.de\/fussball\/wp-content\/uploads\/sites\/5\/2014\/11\/Frauen_2_Mannschaft_2009_2010.jpg\"><img loading=\"lazy\" decoding=\"async\" class=\"wp-image-2206 size-full\" src=\"https:\/\/tsvschott.de\/fussball\/wp-content\/uploads\/sites\/5\/2014\/11\/Frauen_2_Mannschaft_2009_2010.jpg\" alt=\"Frauen 2. Mannschaft 2009\/2010\" width=\"640\" height=\"480\" \/><\/a><figcaption id=\"caption-attachment-2206\" class=\"wp-caption-text\">hintere Reihe v.l.n.r.: Martina Schunk, Isabel Katte, Alena Jaenecke, Selina Reizlein, Veronika Letzel, Sharon Klitzsch, Diana Costa, Ramona Andres, Michaela Hugo<br \/> vordere Reihe v.l.n.r.: Sabrina Koch, Tanja J\u00e4ger, Sandra Handrick, Astrid Bayer, Nadine Werner, Hevi Mohammed-Amen, Trainerin Beate Kiss<\/figcaption><\/figure>\n<p>[\/vc_column_text][\/vc_tab][\/vc_tabs][\/vc_column][\/vc_row][vc_row][vc_column width=&#8220;1\/1&#8243;][vc_column_text css=&#8220;.vc_custom_1435566297748{margin-bottom: 0px !important;border-bottom-width: 0px !important;padding-bottom: 0px !important;}&#8220;]<\/p>\n<h2>3. Frauenmannschaft<\/h2>\n<p>[\/vc_column_text][vc_tabs][vc_tab title=&#8220;Ansprechpartner&#8220; tab_id=&#8220;1435157829530-0-91d60-ed65&#8243;][vc_column_text]<strong>Trainer:<\/strong> Thorsten Siefert, <a href=\"tel:+491734980499\">0173\/4980499<\/a>, <a href=\"mailto:siefert1404@aol.com\">siefert1404@aol.com<\/a>[\/vc_column_text][\/vc_tab][vc_tab title=&#8220;Trainingszeiten&#8220; tab_id=&#8220;1435157830188-0-91d60-ed65&#8243;][vc_column_text]<strong>Dienstag:<\/strong> 20.00 &#8211; 21.30 Uhr, Kunstrasenplatz 2<\/p>\n<p><strong>Mittwoch:<\/strong> 20.00 &#8211; 21.30 Uhr, Kunstrasenplatz 1<\/p>\n<p><strong>Freitag:<\/strong> 19.30 &#8211; 21.30 Uhr, Kleiner Kunstrasen[\/vc_column_text][\/vc_tab][vc_tab title=&#8220;Mannschaftsfotos&#8220; tab_id=&#8220;1435157830878-0-21d60-ed65&#8243;][vc_column_text]<\/p>\n<h3>Unser Team in der Saison 2014\/15<\/h3>\n<p><a href=\"https:\/\/tsvschott.de\/fussball\/wp-content\/uploads\/sites\/5\/2015\/06\/Frauen_2_Mannschaft_2014_2015.jpg\"><img loading=\"lazy\" decoding=\"async\" class=\"alignnone wp-image-2212 size-full\" src=\"https:\/\/tsvschott.de\/fussball\/wp-content\/uploads\/sites\/5\/2015\/06\/Frauen_2_Mannschaft_2014_2015.jpg\" alt=\"Frauen 2. Mannschaft 2014\/2015\" width=\"640\" height=\"362\" \/><\/a><\/p>\n<h3>Unser Team in der Saison 2012\/13<\/h3>\n<p><a href=\"https:\/\/tsvschott.de\/fussball\/wp-content\/uploads\/sites\/5\/2014\/11\/Frauen_2_Mannschaft_2012_2013.jpg\"><img loading=\"lazy\" decoding=\"async\" class=\"alignnone wp-image-2207 size-full\" src=\"https:\/\/tsvschott.de\/fussball\/wp-content\/uploads\/sites\/5\/2014\/11\/Frauen_2_Mannschaft_2012_2013.jpg\" alt=\"Frauen 2. Mannschaft 2012\/2013\" width=\"640\" height=\"480\" \/><\/a><\/p>\n<h3>Unser Team in der Saison 2009\/10<\/h3>\n<figure id=\"attachment_2206\" aria-describedby=\"caption-attachment-2206\" style=\"width: 640px\" class=\"wp-caption alignnone\"><a href=\"https:\/\/tsvschott.de\/fussball\/wp-content\/uploads\/sites\/5\/2014\/11\/Frauen_2_Mannschaft_2009_2010.jpg\"><img loading=\"lazy\" decoding=\"async\" class=\"wp-image-2206 size-full\" src=\"https:\/\/tsvschott.de\/fussball\/wp-content\/uploads\/sites\/5\/2014\/11\/Frauen_2_Mannschaft_2009_2010.jpg\" alt=\"Frauen 2. Mannschaft 2009\/2010\" width=\"640\" height=\"480\" \/><\/a><figcaption id=\"caption-attachment-2206\" class=\"wp-caption-text\">hintere Reihe v.l.n.r.: Martina Schunk, Isabel Katte, Alena Jaenecke, Selina Reizlein, Veronika Letzel, Sharon Klitzsch, Diana Costa, Ramona Andres, Michaela Hugo<br \/> vordere Reihe v.l.n.r.: Sabrina Koch, Tanja J\u00e4ger, Sandra Handrick, Astrid Bayer, Nadine Werner, Hevi Mohammed-Amen, Trainerin Beate Kiss<\/figcaption><\/figure>\n<p>[\/vc_column_text][\/vc_tab][\/vc_tabs][\/vc_column][\/vc_row][vc_row][vc_column width=&#8220;1\/1&#8243;][vc_masonry_grid post_type=&#8220;post&#8220; max_items=&#8220;100&#8243; style=&#8220;lazy&#8220; items_per_page=&#8220;10&#8243; show_filter=&#8220;yes&#8220; element_width=&#8220;6&#8243; gap=&#8220;30&#8243; orderby=&#8220;date&#8220; order=&#8220;DESC&#8220; filter_source=&#8220;category&#8220; filter_style=&#8220;default&#8220; filter_align=&#8220;center&#8220; filter_color=&#8220;grey&#8220; filter_size=&#8220;md&#8220; button_style=&#8220;rounded&#8220; button_color=&#8220;blue&#8220; button_size=&#8220;md&#8220; arrows_design=&#8220;none&#8220; arrows_position=&#8220;inside&#8220; arrows_color=&#8220;blue&#8220; paging_design=&#8220;radio_dots&#8220; paging_color=&#8220;grey&#8220; loop=&#8220;&#8220; autoplay=&#8220;-1&#8243; item=&#8220;2424&#8243; grid_id=&#8220;vc_gid:1435590419000-0842dea4-84bd-2&#8243; taxonomies=&#8220;11, 12, 13&#8243;][\/vc_column][\/vc_row]<\/p>\n<\/div>","protected":false},"excerpt":{"rendered":"<p>[vc_row][vc_column width=&#8220;1\/1&#8243;][vc_column_text css=&#8220;.vc_custom_1435566275684{margin-bottom: 0px !important;border-bottom-width: 0px !important;padding-bottom: 0px !important;}&#8220;] 1. Frauenmannschaft [\/vc_column_text][vc_tabs][vc_tab title=&#8220;Ansprechpartner&#8220; tab_id=&#8220;1435157829530-0-91d60-ed65&#8243;][vc_column_text]Trainer: Thorsten Lamers Teammanager: Jens Klee, 0163\/6775540, Jens.klee82@gmx.de Betreuerin: Tanja J\u00e4ger, 0176\/32158558[\/vc_column_text][\/vc_tab][vc_tab title=&#8220;Trainingszeiten&#8220; tab_id=&#8220;1435157830188-0-91d60-ed65&#8243;][vc_column_text]Dienstag: 18.30 &#8211; 20.00 Uhr, Kunstrasenplatz\u00a01 Mittwoch: 19.00 &#8211; 20.30 Uhr, Kunstrasenplatz 1 Freitag: 19.30 &#8211; 21.00 Uhr, Kleiner Kunstrasen 1[\/vc_column_text][\/vc_tab][vc_tab title=&#8220;Mannschaftsfotos&#8220; tab_id=&#8220;1435157830878-0-21d60-ed65&#8243;][vc_column_text] Unser Team in der Saison 2014\/15 [&hellip;]<\/p>\n","protected":false},"author":3,"featured_media":0,"parent":0,"menu_order":0,"comment_status":"open","ping_status":"open","template":"","meta":{"footnotes":""},"class_list":["post-47","page","type-page","status-publish","hentry"],"_links":{"self":[{"href":"https:\/\/tsvschott.de\/kempire\/wp-json\/wp\/v2\/pages\/47","targetHints":{"allow":["GET"]}}],"collection":[{"href":"https:\/\/tsvschott.de\/kempire\/wp-json\/wp\/v2\/pages"}],"about":[{"href":"https:\/\/tsvschott.de\/kempire\/wp-json\/wp\/v2\/types\/page"}],"author":[{"embeddable":true,"href":"https:\/\/tsvschott.de\/kempire\/wp-json\/wp\/v2\/users\/3"}],"replies":[{"embeddable":true,"href":"https:\/\/tsvschott.de\/kempire\/wp-json\/wp\/v2\/comments?post=47"}],"version-history":[{"count":0,"href":"https:\/\/tsvschott.de\/kempire\/wp-json\/wp\/v2\/pages\/47\/revisions"}],"wp:attachment":[{"href":"https:\/\/tsvschott.de\/kempire\/wp-json\/wp\/v2\/media?parent=47"}],"curies":[{"name":"wp","href":"https:\/\/api.w.org\/{rel}","templated":true}]}}