{"id":2261,"date":"2015-06-25T16:31:10","date_gmt":"2015-06-25T14:31:10","guid":{"rendered":"http:\/\/tsvschott.de\/fussball\/?page_id=2261"},"modified":"2025-11-03T09:44:02","modified_gmt":"2025-11-03T08:44:02","slug":"kisa-camps","status":"publish","type":"page","link":"https:\/\/tsvschott.de\/kindersport-akademie\/kisa-camps\/","title":{"rendered":"KiSA-Pr\u00e4ventionscamps"},"content":{"rendered":"<div class=\"wpb-content-wrapper\"><p>[vc_row][vc_column][vc_empty_space][\/vc_column][\/vc_row][vc_row][vc_column width=&#8220;2\/3&#8243;][vc_column_text css=&#8220;&#8220;]<\/p>\n<h2 style=\"text-align: left;\">Feriencamps 2026 &#8211; Koordination f\u00fcr das Spielen lernen!<\/h2>\n<p>[\/vc_column_text][vc_column_text]<\/p>\n<p style=\"text-align: left;\">In unseren Camps vermitteln wir Kindern die Freude an sportlicher Aktivit\u00e4t spielerisch sowie alters- und entwicklungsgem\u00e4\u00df durch das Prinzip \u201eSPIELEND ALLES LERNEN\u201c.<\/p>\n<p style=\"text-align: left;\">Im 90-120 Minuten-Rhythmus durchlaufen die Kinder verschiedene Sportarten. Ziel ist\u00a0eine spielerische und altersgem\u00e4\u00dfe Schulung koordinativer sowie sportmotorischer F\u00e4higkeiten. Dar\u00fcberhinaus erlangen die Kinder Einblicke in verschiedene Sportbereiche und lernen sich in kleinen Wettk\u00e4mpfen gegen\u00fcber gleichaltrigen zu behaupten.<\/p>\n<p>[\/vc_column_text][\/vc_column][vc_column width=&#8220;1\/3&#8243;][vc_empty_space height=&#8220;16px&#8220;][vc_text_separator title=&#8220;Eckdaten&#8220;][vc_column_text css=&#8220;&#8220;]<strong>Teilnehmer:\u00a0<\/strong>Jungen und M\u00e4dchen im Alter von 5-12 Jahren.<\/p>\n<p><strong>Programmablauf:<\/strong><\/p>\n<p>08.00 \u2013 10.00 Uhr:<em> (Fr\u00fchbetreuung optional)<\/em><br \/>\n10.00 \u2013 12.00 Uhr: Sportprogramm<br \/>\n12.00 \u2013 14.00 Uhr: Mittagessen &amp; Freizeitprogramm<br \/>\n14.00 \u2013 16.00 Uhr: Sportprogramm<br \/>\n16.00 Uhr: Ende[\/vc_column_text][\/vc_column][\/vc_row][vc_row][vc_column width=&#8220;1\/2&#8243;][vc_text_separator title=&#8220;Camps&#8220;][\/vc_column][vc_column width=&#8220;1\/2&#8243;][vc_text_separator title=&#8220;Teilnahmebeitrag&#8220;][\/vc_column][\/vc_row][vc_row][vc_column width=&#8220;1\/2&#8243;][vc_empty_space][vc_raw_html]JTNDaWZyYW1lJTIwaWQlM0QlMjI1ZWJhNmQzMTMzNjUwMDZkOWE1MjAwOTUlMjIlMjB3aWR0aCUzRCUyMjEwMCUyNSUyMiUyMGhlaWdodCUzRCUyMjE1MCUyMiUyMGNsYXNzJTNEJTIyeW9sYXdvLXdpZGdldCUyMiUyMHNyYyUzRCUyMmh0dHBzJTNBJTJGJTJGd2lkZ2V0cy55b2xhd28uZGUlMkZ3JTJGNjM2MGY5MTNlNjA2ZjYzYTY1OWNiNTg5JTIyJTIwZnJhbWVib3JkZXIlM0QlMjIwJTIyJTIwZGF0YS1vZmZzZXQteCUzRCUyMjUwJTIyJTIwc2Nyb2xsaW5nJTNEJTIybm8lMjIlM0UlM0MlMkZpZnJhbWUlM0UlM0NzY3JpcHQlMjB0eXBlJTNEJTIydGV4dCUyRmphdmFzY3JpcHQlMjIlMjBzcmMlM0QlMjJodHRwcyUzQSUyRiUyRndpZGdldHMueW9sYXdvLmRlJTJGYXNzZXRzJTJGc2NyaXB0LmpzJTIyJTNFJTNDJTJGc2NyaXB0JTNF[\/vc_raw_html][\/vc_column][vc_column width=&#8220;1\/2&#8243;][vc_column_text css=&#8220;&#8220;]<strong>189 \u20ac <\/strong>&#8211; f\u00fcr\u00a0TSV Mitglieder, Mitarbeiterkinder der SCHOTT AG und Familien mit mindestens zwei Teilnehmern<\/p>\n<p><strong>199 \u20ac<\/strong> &#8211; f\u00fcr Nicht-Mitglieder<\/p>\n<p><strong>Fr\u00fchbetreuung &#8211;\u00a0<\/strong>Wir bieten t\u00e4glich eine Fr\u00fchbetreuung von 8:00 bis 10:00 Uhr f\u00fcr zus\u00e4tzliche 30 \u20ac an.<\/p>\n<h6><\/h6>\n<h3 style=\"text-align: left;\">-Aber aufgepasst!-<\/h3>\n<p style=\"font-weight: 400;\">Da wir in unseren Camps zertifizierte Pr\u00e4ventionskurse zur Schulung koordinativer und sportmotorischer F\u00e4higkeiten integrieren, bezuschussen die gesetzlichen Krankenkassen in der Regel 70 bis 90 Prozent der reinen Campgeb\u00fchren (ab dem 6. Lebensalter). Die Campgeb\u00fchr teilt sich auf in 140,00 \u20ac (120\u20ac beim 4-Tages-Camp) f\u00fcr das Camp selbst und den Rest f\u00fcr sonstige Kosten, wie z. B. Essen, Material und Sonstiges. Um einen Zuschuss zu erhalten, muss Ihr Kind mindestens 80 % am Camp teilgenommen haben, dies entspricht 4 von 5 Tagen. Am Ende des Camps gibt es eine entsprechende Bescheinigung \u00fcber 140,00 \u20ac bzw. 120,00\u20ac (4-Tages-Camp) zum Einreichen bei der Krankenkasse.<\/p>\n<p style=\"font-weight: 400;\">Wenn Sie bei Ihrer Krankenkasse nachfragen wollen, hier die genaue Bezeichnung:<\/p>\n<p style=\"font-weight: 400;\">Spielend Koordination f\u00fcr das Spielen lernen (unsere Kurs-ID lautet: KU-BE-DG9P7K).<\/p>\n<p>[\/vc_column_text][vc_column_text]<strong>Ansprechpartner<\/strong><\/p>\n<p>Samuel Horozovic<\/p>\n<p>Karlsbader Stra\u00dfe 23, 55122 Mainz<\/p>\n<p>E-Mail: kisa@tsvschott.de<\/p>\n<p>Tel: 06131\/ 277000[\/vc_column_text][\/vc_column][\/vc_row]<\/p>\n<\/div>","protected":false},"excerpt":{"rendered":"<p>[vc_row][vc_column][vc_empty_space][\/vc_column][\/vc_row][vc_row][vc_column width=&#8220;2\/3&#8243;][vc_column_text css=&#8220;&#8220;] Feriencamps 2026 &#8211; Koordination f\u00fcr das Spielen lernen! [\/vc_column_text][vc_column_text] In unseren Camps vermitteln wir Kindern die Freude an sportlicher Aktivit\u00e4t spielerisch sowie alters- und entwicklungsgem\u00e4\u00df durch das Prinzip \u201eSPIELEND ALLES LERNEN\u201c. Im 90-120 Minuten-Rhythmus durchlaufen die Kinder verschiedene Sportarten. Ziel ist\u00a0eine spielerische und altersgem\u00e4\u00dfe Schulung koordinativer sowie sportmotorischer F\u00e4higkeiten. Dar\u00fcberhinaus erlangen die [&hellip;]<\/p>\n","protected":false},"author":29,"featured_media":0,"parent":0,"menu_order":4,"comment_status":"closed","ping_status":"closed","template":"","meta":{"footnotes":""},"class_list":["post-2261","page","type-page","status-publish","hentry"],"_links":{"self":[{"href":"https:\/\/tsvschott.de\/kindersport-akademie\/wp-json\/wp\/v2\/pages\/2261","targetHints":{"allow":["GET"]}}],"collection":[{"href":"https:\/\/tsvschott.de\/kindersport-akademie\/wp-json\/wp\/v2\/pages"}],"about":[{"href":"https:\/\/tsvschott.de\/kindersport-akademie\/wp-json\/wp\/v2\/types\/page"}],"author":[{"embeddable":true,"href":"https:\/\/tsvschott.de\/kindersport-akademie\/wp-json\/wp\/v2\/users\/29"}],"replies":[{"embeddable":true,"href":"https:\/\/tsvschott.de\/kindersport-akademie\/wp-json\/wp\/v2\/comments?post=2261"}],"version-history":[{"count":123,"href":"https:\/\/tsvschott.de\/kindersport-akademie\/wp-json\/wp\/v2\/pages\/2261\/revisions"}],"predecessor-version":[{"id":4003,"href":"https:\/\/tsvschott.de\/kindersport-akademie\/wp-json\/wp\/v2\/pages\/2261\/revisions\/4003"}],"wp:attachment":[{"href":"https:\/\/tsvschott.de\/kindersport-akademie\/wp-json\/wp\/v2\/media?parent=2261"}],"curies":[{"name":"wp","href":"https:\/\/api.w.org\/{rel}","templated":true}]}}