{"id":2282,"date":"2015-06-29T09:51:23","date_gmt":"2015-06-29T07:51:23","guid":{"rendered":"http:\/\/tsvschott.de\/fussball\/?page_id=2282"},"modified":"2025-09-17T16:18:56","modified_gmt":"2025-09-17T14:18:56","slug":"start","status":"publish","type":"page","link":"https:\/\/tsvschott.de\/kindersport-akademie\/","title":{"rendered":"START"},"content":{"rendered":"<div class=\"wpb-content-wrapper\"><p>[vc_row][vc_column][vc_empty_space][vc_column_text]<\/p>\n<h2 style=\"text-align: center;\">Herzlich Willkommen in der Kindersport-Akademie des TSV SCHOTT Mainz!<\/h2>\n<p>[\/vc_column_text][\/vc_column][\/vc_row][vc_row][vc_column][vc_single_image image=&#8220;3725&#8243; img_size=&#8220;full&#8220; alignment=&#8220;center&#8220;][vc_tta_tour style=&#8220;modern&#8220; shape=&#8220;square&#8220; color=&#8220;sky&#8220; spacing=&#8220;3&#8243; alignment=&#8220;center&#8220; controls_size=&#8220;sm&#8220; active_section=&#8220;1&#8243;][vc_tta_section title=&#8220;Konzept&#8220; tab_id=&#8220;1603449790165-43348a91-8936&#8243;][vc_column_text]Im Mittelpunkt der KiSA steht eine ganzheitliche Bewegungsf\u00f6rderung f\u00fcr Kinder ab drei Jahren. Durch das Prinzip \u201eSPIELEND ALLES LERNEN\u201c soll Kindern die Freude an sportlicher Aktivit\u00e4t spielerisch sowie alters- und entwicklungsgem\u00e4\u00df vermittelt werden.<\/p>\n<p>Die gezielte Schulung der koordinativen F\u00e4higkeiten nimmt einen besonderen Stellenwert im Gesamtkonzept ein, da mit dem zunehmenden Verschwinden der \u201eStra\u00dfenspielkultur\u201c aus dem Tagesablauf unserer Kinder auch die nat\u00fcrliche Koordinationsschulung verloren geht. Dieses Problem tritt sowohl im allt\u00e4glichen Leben vieler Kinder in Form von\u00a0 gravierenden Haltungs- und Bewegungsm\u00e4ngeln auf als auch im deutschen Spitzensport, in dem in den letzten Jahren die Anzahl der \u201eKoordinationstalente\u201c zur\u00fcckging und somit auch die der herausragenden Sportpers\u00f6nlichkeiten.<\/p>\n<p>Das KiSA-Konzept ist durch eine sportartunabh\u00e4ngige Grundausbildung darauf ausgerichtet, einen offenen Zugang zu allen Sportarten zu schaffen. Dabei wird ein kindgem\u00e4\u00dfes Sportangebot entwicklungsgem\u00e4\u00df aufbereitet.<\/p>\n<p>Die Kindersport-Akademie wird von unserem Kooperationspartner, der Abteilung Sportmedizin, Pr\u00e4vention und Rehabilitation des Instituts f\u00fcr Sportwissenschaft der Universit\u00e4t Mainz, wissenschaftlich unterst\u00fctzt und begleitet.<\/p>\n<p>F\u00fcr das ganzheitliche Konzept ist der TSV SCHOTT im Jahr 2014 mit dem Gro\u00dfen Stern des Sports in Gold ausgezeichnet worden.[\/vc_column_text][\/vc_tta_section][vc_tta_section title=&#8220;Trainingsschwerpunkte&#8220; tab_id=&#8220;1603453083352-26afc4b0-0780&#8243;][vc_column_text]<strong>Trainingsinhalte:<\/strong><\/p>\n<p>Ziel der Stufen 1 und 2 ist die spielerische und altersgem\u00e4\u00dfe Entwicklung elementarer Fertigkeiten sowie sportmotorischer F\u00e4higkeiten. Durch eine gezielte Schulung der koordinativen F\u00e4higkeiten werden ideale Voraussetzungen f\u00fcr die Alltagsbew\u00e4ltigung und die sp\u00e4tere sportartspezifische Fertigkeitsvermittlung geschaffen.<\/p>\n<p>In der Stufe 3 steht neben der Intensivierung ballsportart\u00fcbergreifender Inhalte die Vermittlung und Durchf\u00fchrung verschiedener Sportarten im 2 Wochenrhythmus im Vordergrund (Turnen, Leichtathletik, Fu\u00dfball, Hockey, Handball, Tennis, Kegeln..). Der Sportwissenschaftler wird hierbei von den spezialisierten Jugendtrainern unserer Abteilungen unterst\u00fctzt.[\/vc_column_text][vc_column_text]<strong>Strukturelle Merkmale:<\/strong><\/p>\n<ul>\n<li>Altershomogene Gruppen<\/li>\n<li>optimales Kinder-Betreuungsverh\u00e4ltnis<\/li>\n<li>Sportprogramm auf Basis eines Lehrplans\/ Curriculums<\/li>\n<li>Sportwissenschaftler bzw. angehende Sportwissenschaftler oder lizensierte \u00dcbungsleiter mit kindersportspezifischer Zusatzqualifikation als Leiter<\/li>\n<li>Dauer der einzelnen Kurse: 60 Minuten<\/li>\n<li>Individuelle Betrachtung, F\u00f6rderung und Beratung<\/li>\n<\/ul>\n<p>[\/vc_column_text][\/vc_tta_section][vc_tta_section title=&#8220;Zielgruppe&#8220; tab_id=&#8220;1603452306184-5582a154-79f7&#8243;][vc_column_text]Die Kindersport-Akademie steht allen Kindern offen, die Spa\u00df an Bewegung haben und ihre motorischen und koordinativen F\u00e4higkeiten gezielt ausbauen und verbessern m\u00f6chten:<\/p>\n<ul>\n<li>Jungen und M\u00e4dchen im Alter von 14 Monaten bis neun Jahren<\/li>\n<\/ul>\n<p>[\/vc_column_text][\/vc_tta_section][vc_tta_section title=&#8220;Mitgliedschaft&#8220; tab_id=&#8220;1603449844856-ccfc97b2-680c&#8220;][vc_column_text css=&#8220;&#8220;]<strong>Mitgliedschaft<\/strong><\/p>\n<p>Um eine Einladung zum Schnuppertraining zu bekommen, m\u00fcssen Sie Ihre Tochter\/ Ihren Sohn zun\u00e4chst auf die Warteliste setzen. Da wir eine gewisse Konstanz innerhalb der Gruppen gew\u00e4hrleisten m\u00f6chten, ist es uns nicht m\u00f6glich zu jedem Zeitpunkt neue Teilnehmer aufnehmen. Sobald wir Ihnen einen Platz anbieten k\u00f6nnen, bekommen Sie von uns Bescheid. Nach Absolvieren des Schnuppertrainings werden sich die Trainer mit Ihnen bzgl. der Vereinsmitgliedschaft in Verbindung setzen.<\/p>\n<p><strong>KiSA-Beitrag<\/strong><\/p>\n<ul>\n<li>Baby+ &#8211;\u00a0<strong>14 Euro\/mtl.<\/strong><\/li>\n<li>Stufe 1 &#8211;\u00a0<strong>14 Euro\/mtl.<\/strong><\/li>\n<li>Stufe 2 &#8211;\u00a0<strong>14 Euro\/mtl.<\/strong><\/li>\n<li>Stufe 3 &#8211; <strong>14 Euro\/mtl.<\/strong><\/li>\n<\/ul>\n<p><em>\u00a0 \u00a0 \u00a0 \u00a0 (zzgl. Vereinsbeitrag 16 Euro\/mtl.)<\/em><\/p>\n<p>Der quartalsweise Einzug erfolgt am 08.01., 08.04., 08.10. und 08.10. Sollte der 08. des jeweiligen Monats aus einen Samstag, Sonntag oder Feiertag fallen, so wird der Betrag am darauffolgenden Werktag eingezogen.[\/vc_column_text][\/vc_tta_section][vc_tta_section title=&#8220;Anmeldung&#8220; tab_id=&#8220;1666689509415-9126f232-d31e&#8220;][vc_column_text]Anmeldeprozess:<\/p>\n<p>Schritt 1: Kind \u00fcber die Anmeldemaske registrieren. Sie k\u00f6nnen Ihr Kind in mehreren Gruppen einschreiben.<\/p>\n<p>Schritt 2: Sie erhalten eine sofortige Benachrichtigung<\/p>\n<p>Schritt 3.1: Falls direkt ein freier Platz verf\u00fcgbar ist, bekommen Sie eine Einladung zum Schnuppertraining.<\/p>\n<p>Schritt 3.2: Falls kein freier Platz verf\u00fcgbar ist, werden Sie auf die Warteliste gesetzt. Sie k\u00f6nnen tagesaktuell in der E-Mail \u00fcberpr\u00fcfen auf welchem Platz Sie sich auf der Warteliste befinden.<\/p>\n<p>Schritt 3.1.1.: Sie erhalten das Anmeldeformular, dieses m\u00fcssen Sie zur ersten Stunde ausgef\u00fcllt mitbringen. Die Anmeldung kann zwei Wochen nach Trainingsstart kostenfrei per Mail an Kisa@tsvschott.de storniert werden.<\/p>\n<p><a href=\"https:\/\/tsvschott.de\/kindersport-akademie\/anmeldung-2\/\">-&gt;Jetzt anmelden&lt;-<\/a>[\/vc_column_text][\/vc_tta_section][vc_tta_section title=&#8220;Kontakt&#8220; tab_id=&#8220;1603449875323-64b446bc-9d8c&#8220;][vc_column_text css=&#8220;&#8220;]<strong>Ansprechpartner<\/strong><\/p>\n<p>Samuel Horozovic (KiSA-Leitung)<\/p>\n<p>Marek Ohler (stellv. Leitung)<\/p>\n<p>Annett Boller (Ern\u00e4hrungsmodul-BKK Linde)<\/p>\n<p><strong>Kontakt<\/strong><\/p>\n<p>TSV SCHOTT Mainz e.V. &#8211; Kindersport-Akademie<\/p>\n<p>Karlsbader Stra\u00dfe 23,\u00a055122 Mainz<\/p>\n<p>Tel.:\u00a0<a href=\"tel:+4961312770024\">06131 277000<\/a><\/p>\n<p>E-Mail: <a href=\"mailto:kisa@tsvschott.de\">kisa@tsvschott.de<\/a>[\/vc_column_text][\/vc_tta_section][\/vc_tta_tour][vc_text_separator title=&#8220;Training&#8220; color=&#8220;sky&#8220;][vc_tta_tour style=&#8220;modern&#8220; shape=&#8220;square&#8220; color=&#8220;sky&#8220; spacing=&#8220;3&#8243; alignment=&#8220;center&#8220; controls_size=&#8220;sm&#8220; active_section=&#8220;1&#8243;][vc_tta_section title=&#8220;Allgemeine Information&#8220; tab_id=&#8220;1603451813446-e532bb6f-db00&#8243;][vc_column_text]Das Training findet einmal w\u00f6chentlich in einer festen Trainingsgruppe statt. Die Kursdauer betr\u00e4gt 60 Minuten.<\/p>\n<p>Die Trainingstage unserer Kindersport-Akademie laufen parallel zu den offiziellen gesetzlichen Ferientagen. Das hei\u00dft, an folgenden Tagen findet <strong><u>KEIN<\/u><\/strong> Training der KiSA statt:<\/p>\n<ul>\n<li>innerhalb der Schulferien<\/li>\n<li>an Feiertagen (RLP)<\/li>\n<li>an Br\u00fcckentagen<\/li>\n<\/ul>\n<p>[\/vc_column_text][\/vc_tta_section][vc_tta_section title=&#8220;Trainingszeiten Baby + KiSA&#8220; tab_id=&#8220;1603451787917-dd6ce26f-6d43&#8243;][vc_column_text]<strong>Altersstufe: 14 Monate &#8211; 3 Jahre<\/strong><\/p>\n<p><strong>Gruppe 1:<\/strong><\/p>\n<p>Montag, 15.00 &#8211; 16.00 Uhr<\/p>\n<p>Montag, 16.00 &#8211; 17.00 Uhr<\/p>\n<p><strong>Gruppe 2:<\/strong><\/p>\n<p>Mittwoch, 16.00 &#8211; 17.00 Uhr<\/p>\n<p><strong>Gruppe 3:<\/strong><\/p>\n<p>Donnerstag, 15.00 &#8211; 16.00 Uhr[\/vc_column_text][\/vc_tta_section][vc_tta_section title=&#8220;Trainingszeiten Stufe 1&#8243; tab_id=&#8220;1603451788000-b1f6dd58-4fe4&#8243;][vc_column_text css=&#8220;&#8220;]<strong>Altersstufe: 3-4 Jahre<\/strong><\/p>\n<p><strong>Gruppe 1a\u00a0<\/strong><br \/>\nMontag, 16.00 &#8211; 17.00 Uhr<\/p>\n<p><strong>Gruppe 1b<\/strong><br \/>\nDonnerstag, 15.00 &#8211; 16.00 Uhr<\/p>\n<p><strong>Gruppe 1c\u00a0<\/strong><br \/>\nDienstag, 15.00 &#8211; 16.00 Uhr<\/p>\n<p><strong>Gruppe 1d<\/strong><br \/>\nDienstag, 15.00 &#8211; 16.00 Uhr<\/p>\n<p><strong>Gruppe 1e<\/strong><br \/>\nDienstag, 16.00 &#8211; 17.00 Uhr<\/p>\n<p><strong>Gruppe 1f<\/strong><br \/>\nMittwoch, 15.00 &#8211; 16.00 Uhr<\/p>\n<p><strong>Gruppe 1g<\/strong><br \/>\nDonnerstag, 15.00 &#8211; 16.00 Uhr<\/p>\n<p><strong>Gruppe 1h<\/strong><br \/>\nMontag, 15.00 &#8211; 16.00 Uhr<\/p>\n<p><strong>Gruppe 1i<\/strong><br \/>\nFreitag, 15.00 &#8211; 16.00 Uhr<\/p>\n<p><strong>Gruppe 1j<\/strong><br \/>\nDonnerstag, 16.00 &#8211; 17.00 Uhr<\/p>\n<p><strong>Gruppe 1k<\/strong><br \/>\nDienstag, 16.00 &#8211; 17.00 Uhr[\/vc_column_text][\/vc_tta_section][vc_tta_section title=&#8220;Trainingszeiten Stufe 2&#8243; tab_id=&#8220;1603451788081-1ce3c2a0-25df&#8220;][vc_column_text]<strong>Altersstufe: 5-6 Jahre<\/strong><\/p>\n<p><strong>Gruppe 2a<\/strong><br \/>\nDienstag, 15.00 &#8211; 16.00 Uhr<\/p>\n<p><strong>Gruppe 2b<\/strong><br \/>\nDonnerstag, 15.00 &#8211; 16.00 Uhr<\/p>\n<p><strong>Gruppe 2c\u00a0<\/strong><br \/>\nFreitag,\u00a015.00 &#8211; 16.00 Uhr<\/p>\n<p><strong>Gruppe 2d<\/strong><br \/>\nFreitag, 15.00 &#8211; 16.00 Uhr<\/p>\n<p><strong>Gruppe 2e<\/strong><br \/>\nDienstag, 16.00 &#8211; 17.00 Uhr<\/p>\n<p><strong>Gruppe 2f<\/strong><br \/>\nMittwoch, 15.00 &#8211; 16.00 Uhr<\/p>\n<p><strong>Gruppe 2g<\/strong><br \/>\nDienstag, 16.00 &#8211; 17.00 Uhr<\/p>\n<p><strong>Gruppe 2h\u00a0<\/strong><br \/>\nMontag, 16.00 &#8211; 17.00 Uhr<\/p>\n<p><strong>Gruppe 2i<\/strong><br \/>\nDonnerstag, 16.00 &#8211; 17.00 Uhr[\/vc_column_text][\/vc_tta_section][vc_tta_section title=&#8220;Trainingszeiten Stufe 3&#8243; tab_id=&#8220;1603451788169-129ae604-65eb&#8220;][vc_column_text]<strong>Altersstufe: 7-8 Jahre<\/strong><\/p>\n<p><strong>Gruppe 1:<\/strong><br \/>\nMontag, 15.00 &#8211; 16.00 Uhr<\/p>\n<p><strong>Gruppe 2:<\/strong><br \/>\nMittwoch, 16.30 &#8211; 17.30 Uhr (Sporthalle OSG)<\/p>\n<p><strong>Gruppe 3:<\/strong><br \/>\nFreitag, 15.00 &#8211; 16.00 Uhr[\/vc_column_text][\/vc_tta_section][\/vc_tta_tour][\/vc_column][\/vc_row][vc_row][vc_column][vc_empty_space height=&#8220;15px&#8220;][\/vc_column][\/vc_row]<\/p>\n<\/div>","protected":false},"excerpt":{"rendered":"<p>[vc_row][vc_column][vc_empty_space][vc_column_text] Herzlich Willkommen in der Kindersport-Akademie des TSV SCHOTT Mainz! [\/vc_column_text][\/vc_column][\/vc_row][vc_row][vc_column][vc_single_image image=&#8220;3725&#8243; img_size=&#8220;full&#8220; alignment=&#8220;center&#8220;][vc_tta_tour style=&#8220;modern&#8220; shape=&#8220;square&#8220; color=&#8220;sky&#8220; spacing=&#8220;3&#8243; alignment=&#8220;center&#8220; controls_size=&#8220;sm&#8220; active_section=&#8220;1&#8243;][vc_tta_section title=&#8220;Konzept&#8220; tab_id=&#8220;1603449790165-43348a91-8936&#8243;][vc_column_text]Im Mittelpunkt der KiSA steht eine ganzheitliche Bewegungsf\u00f6rderung f\u00fcr Kinder ab drei Jahren. Durch das Prinzip \u201eSPIELEND ALLES LERNEN\u201c soll Kindern die Freude an sportlicher Aktivit\u00e4t spielerisch sowie alters- und entwicklungsgem\u00e4\u00df vermittelt werden. [&hellip;]<\/p>\n","protected":false},"author":29,"featured_media":0,"parent":0,"menu_order":1,"comment_status":"closed","ping_status":"closed","template":"template-blank-page.php","meta":{"footnotes":""},"class_list":["post-2282","page","type-page","status-publish","hentry"],"_links":{"self":[{"href":"https:\/\/tsvschott.de\/kindersport-akademie\/wp-json\/wp\/v2\/pages\/2282","targetHints":{"allow":["GET"]}}],"collection":[{"href":"https:\/\/tsvschott.de\/kindersport-akademie\/wp-json\/wp\/v2\/pages"}],"about":[{"href":"https:\/\/tsvschott.de\/kindersport-akademie\/wp-json\/wp\/v2\/types\/page"}],"author":[{"embeddable":true,"href":"https:\/\/tsvschott.de\/kindersport-akademie\/wp-json\/wp\/v2\/users\/29"}],"replies":[{"embeddable":true,"href":"https:\/\/tsvschott.de\/kindersport-akademie\/wp-json\/wp\/v2\/comments?post=2282"}],"version-history":[{"count":146,"href":"https:\/\/tsvschott.de\/kindersport-akademie\/wp-json\/wp\/v2\/pages\/2282\/revisions"}],"predecessor-version":[{"id":4001,"href":"https:\/\/tsvschott.de\/kindersport-akademie\/wp-json\/wp\/v2\/pages\/2282\/revisions\/4001"}],"wp:attachment":[{"href":"https:\/\/tsvschott.de\/kindersport-akademie\/wp-json\/wp\/v2\/media?parent=2282"}],"curies":[{"name":"wp","href":"https:\/\/api.w.org\/{rel}","templated":true}]}}