{"id":3265,"date":"2017-01-07T21:04:19","date_gmt":"2017-01-07T20:04:19","guid":{"rendered":"http:\/\/tsvschott.de\/kindersport-akademie\/?page_id=3265"},"modified":"2017-01-10T13:32:26","modified_gmt":"2017-01-10T12:32:26","slug":"inhalt-1","status":"publish","type":"page","link":"https:\/\/tsvschott.de\/kindersport-akademie\/inhalt-1\/","title":{"rendered":"Inhalt 1"},"content":{"rendered":"<div class=\"wpb-content-wrapper\"><p>[vc_row][vc_column][vc_column_text]<\/p>\n<h2>Sportliche Inhalte der KiSA<\/h2>\n<p>[\/vc_column_text][vc_separator][\/vc_column][\/vc_row][vc_row el_class=&#8220;text&#8220;][vc_column width=&#8220;2\/3&#8243;][vc_column_text]<\/p>\n<p style=\"text-align: justify;\"><img loading=\"lazy\" decoding=\"async\" class=\"wp-image-3269 alignleft\" src=\"https:\/\/tsvschott.de\/kindersport-akademie\/wp-content\/uploads\/sites\/25\/2017\/01\/DMT.jpg\" alt=\"dmt\" width=\"212\" height=\"101\" srcset=\"https:\/\/tsvschott.de\/kindersport-akademie\/wp-content\/uploads\/sites\/25\/2017\/01\/DMT.jpg 495w, https:\/\/tsvschott.de\/kindersport-akademie\/wp-content\/uploads\/sites\/25\/2017\/01\/DMT-382x182.jpg 382w\" sizes=\"auto, (max-width: 212px) 100vw, 212px\" \/>Der Deutsche Motorik-Test (DMT) erm\u00f6glicht die Messung und Bewertung motorischer F\u00e4higkeiten von 6-18 j\u00e4hrigen Kindern und Jugendlichen. Der DMT wurde von f\u00fchrenden Experten der Deutschen Vereinigung f\u00fcr Sportwissenschaft (dvs) entwickelt.<\/p>\n<p>In der Kindersport-Akademie des TSV SCHOTT Mainz werden die folgenden einzelnen Tests des DMT komplett oder in Teilen durchgef\u00fchrt (abh\u00e4ngig vom Alter): Standweitsprung, 6-min Lauf, Liegest\u00fctz, Sit-Ups, 20-m Sprint, Seitliches Hin-und-Her Springen, Rumpfbeuge, Balancieren R\u00fcckw\u00e4rts. Hinzu kommen eigene Testformen: Ballwurf, Dropjump[\/vc_column_text][vc_separator][\/vc_column][vc_column width=&#8220;1\/3&#8243;][vc_column_text]<strong>Deutscher Motorik-Test<\/strong>[\/vc_column_text][\/vc_column][\/vc_row][vc_row][vc_column width=&#8220;2\/3&#8243;][vc_column_text]<\/p>\n<p style=\"text-align: justify;\"><img loading=\"lazy\" decoding=\"async\" class=\"wp-image-3276 alignleft\" src=\"https:\/\/tsvschott.de\/kindersport-akademie\/wp-content\/uploads\/sites\/25\/2017\/01\/KinderLA1.jpg\" alt=\"kinderla1\" width=\"217\" height=\"250\" \/>Die vielf\u00e4ltigen Elemente der Kinderleichtathletik bilden eine wichtige Grundlage unseres Bewegungsangebotes in der Kindersport-Akademie des TSV SCHOTT Mainz.<\/p>\n<p>Hindernis-Sprint, Heulerweitwurf, Einbeinh\u00fcpfer und verschiedene Staffelformen sind nur einige Disziplinen aus einer vielf\u00e4ltigen Palette an leichtathletischen Bewegungsformen, welche als Grundlage f\u00fcr die Leichtathletik selbst, als auch f\u00fcr viele andere Sportarten dienen.<\/p>\n<p>[\/vc_column_text][vc_separator][\/vc_column][vc_column width=&#8220;1\/3&#8243;][vc_column_text]<strong>Kinder-Leichtathletik<\/strong>[\/vc_column_text][\/vc_column][\/vc_row][vc_row][vc_column width=&#8220;2\/3&#8243;][vc_column_text]<img loading=\"lazy\" decoding=\"async\" class=\" wp-image-3288 alignleft\" src=\"https:\/\/tsvschott.de\/kindersport-akademie\/wp-content\/uploads\/sites\/25\/2017\/01\/Sportabzeichen1.jpg\" alt=\"sportabzeichen1\" width=\"221\" height=\"232\" \/>Ab dem Alter von 6 Jahren k\u00f6nnen unserer Kinder in der Kindersport-Akademie und in den Feriencamps des TSV SCHOTT Mainz das Deutsche Sportabzeichen erwerben.[\/vc_column_text][vc_separator][\/vc_column][vc_column width=&#8220;1\/3&#8243;][vc_column_text]<strong>Deutsches Sportabzeichen<\/strong>[\/vc_column_text][\/vc_column][\/vc_row][vc_row][vc_column width=&#8220;2\/3&#8243;][vc_column_text]<img loading=\"lazy\" decoding=\"async\" class=\"wp-image-3295 alignleft\" src=\"https:\/\/tsvschott.de\/kindersport-akademie\/wp-content\/uploads\/sites\/25\/2017\/01\/Kinderturnabzeichen.jpg\" alt=\"kinderturnabzeichen\" width=\"201\" height=\"192\" \/>Das Kinderturn-Abzeichen ist konzipiert f\u00fcr Kinder von 6 bis 10 Jahren, wobei auch j\u00fcngere oder \u00e4ltere Kinder das Kinderturn-Abzeichen absolvieren k\u00f6nnen. Das Angebot umfasst insgesamt 60 \u00dcbungen aus 10 unterschiedlichen Bereichen, die die Vielfalt des Kinderturnens widerspiegeln. Jede Rubrik besteht aus sechs Aufgaben. Die \u00dcberschriften der 10 Bereiche stehen f\u00fcr verschiedene F\u00e4higkeits- und Fertigkeitsbereiche, deren Schwierigkeit sich an der altersentsprechenden motorischen Entwicklung von Kindern orientiert.[\/vc_column_text][vc_separator][\/vc_column][vc_column width=&#8220;1\/3&#8243;][vc_column_text]<strong>Deutsches Kinderturnen-Abzeichen<\/strong>[\/vc_column_text][\/vc_column][\/vc_row][vc_row][vc_column width=&#8220;2\/3&#8243;][vc_column_text]<img loading=\"lazy\" decoding=\"async\" class=\"wp-image-3297 alignleft\" src=\"https:\/\/tsvschott.de\/kindersport-akademie\/wp-content\/uploads\/sites\/25\/2017\/01\/Ballschule.jpg\" alt=\"ballschule\" width=\"215\" height=\"189\" srcset=\"https:\/\/tsvschott.de\/kindersport-akademie\/wp-content\/uploads\/sites\/25\/2017\/01\/Ballschule.jpg 428w, https:\/\/tsvschott.de\/kindersport-akademie\/wp-content\/uploads\/sites\/25\/2017\/01\/Ballschule-382x336.jpg 382w\" sizes=\"auto, (max-width: 215px) 100vw, 215px\" \/>Die Ballschule Heidelberg verfolgt das Ziel mit seinen Inhalten das ABC des Spielens zu erlernen.[\/vc_column_text][vc_separator][\/vc_column][vc_column width=&#8220;1\/3&#8243;][vc_column_text]<strong>Ballschule Heidelberg<\/strong>[\/vc_column_text][\/vc_column][\/vc_row][vc_row][vc_column width=&#8220;2\/3&#8243;][vc_column_text]<img loading=\"lazy\" decoding=\"async\" class=\"size-full wp-image-3300 alignleft\" src=\"https:\/\/tsvschott.de\/kindersport-akademie\/wp-content\/uploads\/sites\/25\/2017\/01\/DOSB-NWLSK-2020.jpg\" alt=\"dosb-nwlsk-2020\" width=\"172\" height=\"188\" \/>Das Nachwuchsleistungssportkonzept 2020 des Deutschen Olympischen Sportbundes[\/vc_column_text][\/vc_column][vc_column width=&#8220;1\/3&#8243;][vc_column_text]<strong>DOSB Nachwuchsleistungssportkonzept 2020<\/strong>[\/vc_column_text][\/vc_column][\/vc_row]<\/p>\n<\/div>","protected":false},"excerpt":{"rendered":"<p>[vc_row][vc_column][vc_column_text] Sportliche Inhalte der KiSA [\/vc_column_text][vc_separator][\/vc_column][\/vc_row][vc_row el_class=&#8220;text&#8220;][vc_column width=&#8220;2\/3&#8243;][vc_column_text] Der Deutsche Motorik-Test (DMT) erm\u00f6glicht die Messung und Bewertung motorischer F\u00e4higkeiten von 6-18 j\u00e4hrigen Kindern und Jugendlichen. Der DMT wurde von f\u00fchrenden Experten der Deutschen Vereinigung f\u00fcr Sportwissenschaft (dvs) entwickelt. In der Kindersport-Akademie des TSV SCHOTT Mainz werden die folgenden einzelnen Tests des DMT komplett oder in [&hellip;]<\/p>\n","protected":false},"author":29,"featured_media":0,"parent":0,"menu_order":8,"comment_status":"closed","ping_status":"closed","template":"single\/single-extra.php","meta":{"footnotes":""},"class_list":["post-3265","page","type-page","status-publish","hentry"],"_links":{"self":[{"href":"https:\/\/tsvschott.de\/kindersport-akademie\/wp-json\/wp\/v2\/pages\/3265","targetHints":{"allow":["GET"]}}],"collection":[{"href":"https:\/\/tsvschott.de\/kindersport-akademie\/wp-json\/wp\/v2\/pages"}],"about":[{"href":"https:\/\/tsvschott.de\/kindersport-akademie\/wp-json\/wp\/v2\/types\/page"}],"author":[{"embeddable":true,"href":"https:\/\/tsvschott.de\/kindersport-akademie\/wp-json\/wp\/v2\/users\/29"}],"replies":[{"embeddable":true,"href":"https:\/\/tsvschott.de\/kindersport-akademie\/wp-json\/wp\/v2\/comments?post=3265"}],"version-history":[{"count":27,"href":"https:\/\/tsvschott.de\/kindersport-akademie\/wp-json\/wp\/v2\/pages\/3265\/revisions"}],"predecessor-version":[{"id":3302,"href":"https:\/\/tsvschott.de\/kindersport-akademie\/wp-json\/wp\/v2\/pages\/3265\/revisions\/3302"}],"wp:attachment":[{"href":"https:\/\/tsvschott.de\/kindersport-akademie\/wp-json\/wp\/v2\/media?parent=3265"}],"curies":[{"name":"wp","href":"https:\/\/api.w.org\/{rel}","templated":true}]}}