{"id":3957,"date":"2022-10-26T16:30:59","date_gmt":"2022-10-26T14:30:59","guid":{"rendered":"https:\/\/tsvschott.de\/kindersport-akademie\/?page_id=3957"},"modified":"2025-01-08T09:17:47","modified_gmt":"2025-01-08T08:17:47","slug":"faq","status":"publish","type":"page","link":"https:\/\/tsvschott.de\/kindersport-akademie\/faq\/","title":{"rendered":"FAQ"},"content":{"rendered":"<div class=\"wpb-content-wrapper\"><p>[vc_row][vc_column][vc_empty_space][\/vc_column][\/vc_row][vc_row][vc_column][vc_tta_accordion][vc_tta_section title=&#8220;Wann findet ein Gruppenwechsel statt?&#8220; tab_id=&#8220;1666794035508-5bec65e3-9591&#8243;][vc_column_text]<\/p>\n<p style=\"font-weight: 400;\">Nach den Sommerferien findet der Gruppenwechsel statt. In den Sommerferien wird dar\u00fcber per Mail informiert.<\/p>\n<p>[\/vc_column_text][\/vc_tta_section][vc_tta_section title=&#8220;Wann kann ich vorzeitig die Gruppe wechseln?&#8220; tab_id=&#8220;1666794035518-a872db65-55dc&#8220;][vc_column_text]<\/p>\n<p style=\"font-weight: 400;\">Dies ist nur in Ausnahmef\u00e4llen m\u00f6glich. Wenden Sie sich dazu bitte \u00fcber <a href=\"mailto:kisa@tsvschott.de\">kisa@tsvschott.de<\/a> an die KiSA-Leitung.<\/p>\n<p>[\/vc_column_text][\/vc_tta_section][vc_tta_section title=&#8220;Wann kann ich pausieren?&#8220; tab_id=&#8220;1666794098225-7ce10f04-6cc0&#8243;][vc_column_text]<\/p>\n<p style=\"font-weight: 400;\">Ein Pausieren ist bei uns grunds\u00e4tzlich leider nicht m\u00f6glich.<\/p>\n<p>[\/vc_column_text][\/vc_tta_section][vc_tta_section title=&#8220;Wie kann ich Geschwisterkinder anmelden?&#8220; tab_id=&#8220;1666794096495-7c09ff78-a564&#8243;][vc_column_text]<\/p>\n<p style=\"font-weight: 400;\">Wenn Geschwisterkinder bei uns bereits in der KiSA sind, nehmen wir deren weitere Geschwisterkinder bevorzugt auf. Senden Sie dazu bitte eine Anfrage \u00fcber <a href=\"mailto:kisa@tsvschott.de\">kisa@tsvschott.de<\/a> an unsere KiSA-Leitung.<\/p>\n<p>[\/vc_column_text][\/vc_tta_section][vc_tta_section title=&#8220;Wie melde ich mich f\u00fcr die KiSA an?&#8220; tab_id=&#8220;1666794096064-8c884ad2-ed75&#8243;][vc_column_text]<\/p>\n<p style=\"font-weight: 400;\">Auf der Homepage k\u00f6nnen Sie sich bei der Kindersportakademie \u00fcber eine Anmeldemaske anmelden.<\/p>\n<p>[\/vc_column_text][\/vc_tta_section][vc_tta_section title=&#8220;Findet das KiSA-Training in den Ferien und an Feiertagen statt?&#8220; tab_id=&#8220;1666794095875-3bc24172-239b&#8220;][vc_column_text]<\/p>\n<p style=\"font-weight: 400;\">In den gesetzlichen Ferien von Rheinland-Pfalz sowie an Feiertagen und deren Br\u00fcckentagen findet bei uns kein KiSA-Training statt.<\/p>\n<p>[\/vc_column_text][\/vc_tta_section][vc_tta_section title=&#8220;Wo findet mein KiSA-Training statt?&#8220; tab_id=&#8220;1666794095671-ed7b7385-2dda&#8220;][vc_column_text]<\/p>\n<p style=\"font-weight: 400;\">Sie werden bei uns vor der Halle am Treppenaufgang einen Aufsteller sehen, auf dem ersichtlich wird wo sich Ihre jeweilige Gruppe trifft.<\/p>\n<p>[\/vc_column_text][\/vc_tta_section][vc_tta_section title=&#8220;Wann findet KiSA drau\u00dfen und wann in der Halle statt?&#8220; tab_id=&#8220;1666794095431-627a192c-9cb2&#8243;][vc_column_text]<\/p>\n<p style=\"font-weight: 400;\">Der Trainingsort richtet sich nach dem Wetter aber auch nach dem Trainingsschwerpunkt.<\/p>\n<p>[\/vc_column_text][\/vc_tta_section][vc_tta_section title=&#8220;Was ziehe ich meinem Kind an?&#8220; tab_id=&#8220;1666794094819-31ce3d3f-0abe&#8220;][vc_column_text]<\/p>\n<p style=\"font-weight: 400;\">Bitte haben Sie neben einer Trinkflasche und je nach Wetterlage einer M\u00fctze oder Kappe immer Kleidung f\u00fcr die Halle sowie f\u00fcr drau\u00dfen dabei.<\/p>\n<p>[\/vc_column_text][\/vc_tta_section][vc_tta_section title=&#8220;Wie kann ich die Mitgliedschaft k\u00fcndigen?&#8220; tab_id=&#8220;1666794096272-ed2b50e8-d328&#8243;][vc_column_text css=&#8220;&#8220;]<\/p>\n<div class=\"flex-shrink-0 flex flex-col relative items-end\">\n<div>\n<div class=\"pt-0\">\n<div class=\"gizmo-bot-avatar flex h-8 w-8 items-center justify-center overflow-hidden rounded-full\">\n<div class=\"relative p-1 rounded-sm flex items-center justify-center bg-token-main-surface-primary text-token-text-primary h-8 w-8\">Die K\u00fcndigung der Mitgliedschaft ist nur zum Ende eines Kalenderhalbjahres m\u00f6glich. Dabei ist eine Frist von 6 Wochen einzuhalten. Die K\u00fcndigung muss sp\u00e4testens 6 Wochen vor dem 30. Juni bzw. dem 31. Dezember bei uns eingehen. Bitte senden Sie Ihre K\u00fcndigung entweder per Post oder per E-Mail an <a rel=\"noopener\">kisa@tsvschott.de<\/a><\/div>\n<\/div>\n<\/div>\n<\/div>\n<\/div>\n<p>[\/vc_column_text][\/vc_tta_section][\/vc_tta_accordion][\/vc_column][\/vc_row][vc_row][vc_column][vc_empty_space height=&#8220;15px&#8220;][\/vc_column][\/vc_row]<\/p>\n<\/div>","protected":false},"excerpt":{"rendered":"<p>[vc_row][vc_column][vc_empty_space][\/vc_column][\/vc_row][vc_row][vc_column][vc_tta_accordion][vc_tta_section title=&#8220;Wann findet ein Gruppenwechsel statt?&#8220; tab_id=&#8220;1666794035508-5bec65e3-9591&#8243;][vc_column_text] Nach den Sommerferien findet der Gruppenwechsel statt. In den Sommerferien wird dar\u00fcber per Mail informiert. [\/vc_column_text][\/vc_tta_section][vc_tta_section title=&#8220;Wann kann ich vorzeitig die Gruppe wechseln?&#8220; tab_id=&#8220;1666794035518-a872db65-55dc&#8220;][vc_column_text] Dies ist nur in Ausnahmef\u00e4llen m\u00f6glich. Wenden Sie sich dazu bitte \u00fcber kisa@tsvschott.de an die KiSA-Leitung. [\/vc_column_text][\/vc_tta_section][vc_tta_section title=&#8220;Wann kann ich pausieren?&#8220; tab_id=&#8220;1666794098225-7ce10f04-6cc0&#8243;][vc_column_text] Ein Pausieren [&hellip;]<\/p>\n","protected":false},"author":18,"featured_media":0,"parent":0,"menu_order":1,"comment_status":"closed","ping_status":"closed","template":"template-blank-page.php","meta":{"footnotes":""},"class_list":["post-3957","page","type-page","status-publish","hentry"],"_links":{"self":[{"href":"https:\/\/tsvschott.de\/kindersport-akademie\/wp-json\/wp\/v2\/pages\/3957","targetHints":{"allow":["GET"]}}],"collection":[{"href":"https:\/\/tsvschott.de\/kindersport-akademie\/wp-json\/wp\/v2\/pages"}],"about":[{"href":"https:\/\/tsvschott.de\/kindersport-akademie\/wp-json\/wp\/v2\/types\/page"}],"author":[{"embeddable":true,"href":"https:\/\/tsvschott.de\/kindersport-akademie\/wp-json\/wp\/v2\/users\/18"}],"replies":[{"embeddable":true,"href":"https:\/\/tsvschott.de\/kindersport-akademie\/wp-json\/wp\/v2\/comments?post=3957"}],"version-history":[{"count":5,"href":"https:\/\/tsvschott.de\/kindersport-akademie\/wp-json\/wp\/v2\/pages\/3957\/revisions"}],"predecessor-version":[{"id":3993,"href":"https:\/\/tsvschott.de\/kindersport-akademie\/wp-json\/wp\/v2\/pages\/3957\/revisions\/3993"}],"wp:attachment":[{"href":"https:\/\/tsvschott.de\/kindersport-akademie\/wp-json\/wp\/v2\/media?parent=3957"}],"curies":[{"name":"wp","href":"https:\/\/api.w.org\/{rel}","templated":true}]}}