{"id":47,"date":"2015-06-23T15:48:22","date_gmt":"2015-06-23T13:48:22","guid":{"rendered":"http:\/\/tsvschott.de\/fussball\/?page_id=38"},"modified":"2021-03-09T18:14:56","modified_gmt":"2021-03-09T17:14:56","slug":"ernaehrungsmodul","status":"publish","type":"page","link":"https:\/\/tsvschott.de\/kindersport-akademie\/ernaehrungsmodul\/","title":{"rendered":"Ern\u00e4hrungsmodul"},"content":{"rendered":"<div class=\"wpb-content-wrapper\"><p>[vc_row][vc_column width=&#8220;3\/4&#8243;][vc_empty_space height=&#8220;16px&#8220;][vc_column_text]<\/p>\n<h2>Gesunde Ern\u00e4hrung in Bewegung<\/h2>\n<p>Die spielerische Vermittlung von Spa\u00df und Freude an Bewegung unter dem Motto \u201eSPIELEND ALLES LERNEN\u201c \u2013 das ist das Konzept der Kinder-Sportakademie (KiSA) des TSV SCHOTT Mainz. Zentraler Bestandteil der 2014 mit dem \u201eGoldenen Stern des Sports\u201c ausgezeichneten KiSA ist die altersgem\u00e4\u00dfe motorische Entwicklung durch gezielte Schulung koordinativer F\u00e4higkeiten &#8211; schon f\u00fcr Babys und Kinder bis ca. neun Jahre.\u00a0 Zu einem gesundheitsorientierten Sport- und Bewegungsangebot geh\u00f6rt aber auch immer mehr das Thema Ern\u00e4hrung. Denn Bewegung allein ist oft nicht mehr ausreichend, um Kindern die Grundlage f\u00fcr eine gesunde individuelle Entwicklung zu bieten. Deshalb haben wir unser erfolgreiches Konzept erweitert, gemeinsam mit unserem Kooperationspartner BKK Linde das Programm \u2018Gesunde Ern\u00e4hrung und Bewegung\u2018 entwickelt und in die KiSA integriert. Gesunde Ern\u00e4hrung ist ein bedeutendes Thema, mit dem man sich nicht fr\u00fch genug besch\u00e4ftigen kann. Leider nehmen gerade bei Kindern und Jugendlichen Adipositas und Diabetes immer weiter zu. In den KiSA-Kursen vermitteln die Trainer gesundheitsf\u00f6rdernde Kompetenzen und das Verst\u00e4ndnis f\u00fcr gesunde Ern\u00e4hrung vor allem auf spielerische und spa\u00dfmachende Weise. Wissenschaftliche Erkenntnisse flie\u00dfen mit ein. Insbesondere die Zusammenarbeit zwischen Ern\u00e4hrungswissen von Kindern und die Vermittlung mit spielerischen sowie bewegungsorientierten Elementen haben bei der Entwicklung des Konzepts eine wichtige Rolle gespielt. Was die Kids beim Programm \u201eGesunde Ern\u00e4hrung und Bewegung\u201c erwartet? Zum Beispiel allerlei Infos zum Thema Obst, ein gesundes Rezept f\u00fcr eine spezielle KiSA-Suppe oder kreative Bewegungsspiele rund um das gesunde Pausenbrot.<\/p>\n<p>Des Weiteren werden Anregungen zum aktiven Erleben von Sinneseindr\u00fccken durch Lebensmittel oder f\u00fcr gemeinsame Erlebnisse rund um das Thema Essen gegeben. Auch erfolgt die Informationsvermittlung altersgerecht: Grundschulkinder haben einen anderen Wissensstand und h\u00f6here Konzentrationsspannen als Drei- und vierj\u00e4hrige. Deshalb sind die KiSA-Gruppen in Zwei-Jahresabst\u00f6nden unterteilt und die Ern\u00e4hrung- und Bewegungsspiele entsprechend angepasst.<\/p>\n<p>Integraler Bestandteil des Pr\u00e4ventionsprojekts ist auch die aktive Einbeziehung der Eltern, denn insbesondere bei j\u00fcngeren Kindern sind sie es, die Eink\u00e4ufe erledigen und Pausenbrote f\u00fcr die KiTa oder die Schule zubereiten. Und auch um ein langfristiges Ern\u00e4hrungsbewusstsein bei Kindern-Leitfaden einwickeln, in dem etwa Tipps und Tricks enthalten sind, wie man Kinder zu einer ausgewogenen Ern\u00e4hrung f\u00fchren kann. Ein weiterer Bestandteil des Projekts sind Eltern-Workshops in Zusammenarbeit mit einer Ern\u00e4hrungswissenschaftlerin.[\/vc_column_text][\/vc_column][vc_column width=&#8220;1\/4&#8243;][vc_empty_space][vc_single_image image=&#8220;3634&#8243; img_size=&#8220;full&#8220; alignment=&#8220;center&#8220;][vc_single_image image=&#8220;3786&#8243; img_size=&#8220;full&#8220;][vc_column_text]<\/p>\n<hr \/>\n<p><strong>Kontakt<\/strong><\/p>\n<p>Annett Boller<\/p>\n<p>Karlsbader Stra\u00dfe 23<\/p>\n<p>55122 Mainz<\/p>\n<p>E-Mail: annett.boller@tsvschott.de[\/vc_column_text][\/vc_column][\/vc_row][vc_row][vc_column][\/vc_column][\/vc_row][vc_row][\/vc_row][vc_column][\/vc_column][vc_column_text][\/vc_column_text]<\/p>\n<\/div>","protected":false},"excerpt":{"rendered":"<p>[vc_row][vc_column width=&#8220;3\/4&#8243;][vc_empty_space height=&#8220;16px&#8220;][vc_column_text] Gesunde Ern\u00e4hrung in Bewegung Die spielerische Vermittlung von Spa\u00df und Freude an Bewegung unter dem Motto \u201eSPIELEND ALLES LERNEN\u201c \u2013 das ist das Konzept der Kinder-Sportakademie (KiSA) des TSV SCHOTT Mainz. Zentraler Bestandteil der 2014 mit dem \u201eGoldenen Stern des Sports\u201c ausgezeichneten KiSA ist die altersgem\u00e4\u00dfe motorische Entwicklung durch gezielte Schulung koordinativer [&hellip;]<\/p>\n","protected":false},"author":29,"featured_media":0,"parent":0,"menu_order":7,"comment_status":"closed","ping_status":"closed","template":"single\/single-extra.php","meta":{"footnotes":""},"class_list":["post-47","page","type-page","status-publish","hentry"],"_links":{"self":[{"href":"https:\/\/tsvschott.de\/kindersport-akademie\/wp-json\/wp\/v2\/pages\/47","targetHints":{"allow":["GET"]}}],"collection":[{"href":"https:\/\/tsvschott.de\/kindersport-akademie\/wp-json\/wp\/v2\/pages"}],"about":[{"href":"https:\/\/tsvschott.de\/kindersport-akademie\/wp-json\/wp\/v2\/types\/page"}],"author":[{"embeddable":true,"href":"https:\/\/tsvschott.de\/kindersport-akademie\/wp-json\/wp\/v2\/users\/29"}],"replies":[{"embeddable":true,"href":"https:\/\/tsvschott.de\/kindersport-akademie\/wp-json\/wp\/v2\/comments?post=47"}],"version-history":[{"count":23,"href":"https:\/\/tsvschott.de\/kindersport-akademie\/wp-json\/wp\/v2\/pages\/47\/revisions"}],"predecessor-version":[{"id":3790,"href":"https:\/\/tsvschott.de\/kindersport-akademie\/wp-json\/wp\/v2\/pages\/47\/revisions\/3790"}],"wp:attachment":[{"href":"https:\/\/tsvschott.de\/kindersport-akademie\/wp-json\/wp\/v2\/media?parent=47"}],"curies":[{"name":"wp","href":"https:\/\/api.w.org\/{rel}","templated":true}]}}