{"id":3052,"date":"2015-11-24T16:57:36","date_gmt":"2015-11-24T15:57:36","guid":{"rendered":"http:\/\/tsvschott.de\/leichtathletik\/?page_id=3052"},"modified":"2026-02-19T15:41:12","modified_gmt":"2026-02-19T14:41:12","slug":"leichtathletikcamp","status":"publish","type":"page","link":"https:\/\/tsvschott.de\/leichtathletik\/leichtathletikcamp\/","title":{"rendered":"Leichtathletik Camps"},"content":{"rendered":"<div class=\"wpb-content-wrapper\"><p>[vc_row][vc_column][vc_raw_html]JTNDaWZyYW1lJTIwaWQlM0QlMjI1ZWJhNmQzMTMzNjUwMDZkOWE1MjAwOTUlMjIlMjB3aWR0aCUzRCUyMjE1MCUyNSUyMiUyMGhlaWdodCUzRCUyMjEwMCUyMiUyMGNsYXNzJTNEJTIyeW9sYXdvLXdpZGdldCUyMiUyMHNyYyUzRCUyMmh0dHBzJTNBJTJGJTJGd2lkZ2V0cy55b2xhd28uZGUlMkZ3JTJGNjNjZjkyODFmZGI1YmE1MTAyM2ZmOWIxJTIyJTIwZnJhbWVib3JkZXIlM0QlMjIxMCUyMiUyMGRhdGEtb2Zmc2V0LXglM0QlMjIwJTIyJTIwc2Nyb2xsaW5nJTNEJTIybm8lMjIlM0UlM0MlMkZpZnJhbWUlM0UlM0NzY3JpcHQlMjB0eXBlJTNEJTIydGV4dCUyRmphdmFzY3JpcHQlMjIlMjBzcmMlM0QlMjJodHRwcyUzQSUyRiUyRndpZGdldHMueW9sYXdvLmRlJTJGYXNzZXRzJTJGc2NyaXB0LmpzJTIyJTNFJTNDJTJGc2NyaXB0JTNF[\/vc_raw_html][\/vc_column][\/vc_row][vc_row][vc_column][vc_text_separator title=&#8220;FAQ&#8220; css=&#8220;&#8220;][vc_row_inner][vc_column_inner width=&#8220;1\/2&#8243;][vc_column_text css=&#8220;&#8220;]<\/p>\n<h2>Was erwartet mein Kind im Leichtathletikcamp?<\/h2>\n<ul>\n<li>Qualifizierte und ausgebildete Trainer\/innen<\/li>\n<li>Alters- und leistungshomogene Gruppen<\/li>\n<li>Kennenlernen der vielf\u00e4ltigen Disziplinen der Leichtathletik<\/li>\n<li>Gesundes und ausgewogenes Mittagessen<\/li>\n<li>Verpflegung mit Snacks und Getr\u00e4nken<\/li>\n<li>Camp\u00fcberraschung f\u00fcr jedes Kind!<\/li>\n<li>Jede Menge Spa\u00df, Sport und Bewegung mit- und gegeneinander<\/li>\n<li>Eine passende Herausforderung f\u00fcr jeden<\/li>\n<\/ul>\n<p>[\/vc_column_text][\/vc_column_inner][vc_column_inner width=&#8220;1\/2&#8243;][vc_column_text css=&#8220;&#8220;]<\/p>\n<h2>Wer kann mitmachen?<\/h2>\n<ul>\n<li>Alle Kinder zwischen 5 und 13 Jahren<\/li>\n<li>Sowohl Mitglieder als auch Nichtmitglieder!<\/li>\n<li>Sowohl erfahrene Leichtathleten als auch Anf\u00e4nger!<\/li>\n<\/ul>\n<p>&nbsp;<\/p>\n<p>&nbsp;[\/vc_column_text][\/vc_column_inner][\/vc_row_inner][vc_row_inner][vc_column_inner width=&#8220;1\/2&#8243;][vc_column_text css=&#8220;&#8220;]<\/p>\n<h2>Wie ist der Ablauf?<\/h2>\n<p>08.00 \u2013 10.00 Uhr: Fr\u00fchbetreuung<em> (optional)<\/em><br \/>\n10.00 \u2013 12.00 Uhr: Sportprogramm<br \/>\n12.00 \u2013 14.00 Uhr: Mittagessen &amp; Mitmachangebote<br \/>\n14.00 \u2013 16.00 Uhr: Sportprogramm[\/vc_column_text][\/vc_column_inner][vc_column_inner width=&#8220;1\/2&#8243;][vc_column_text css=&#8220;&#8220;]<\/p>\n<h2>Wie melde ich mein Kind an?<\/h2>\n<p>Einfach das gew\u00fcnschte Camp \u00fcber Yolawo buchen und schon ist ihr Kind dabei!<\/p>\n<p><strong>Vormerkungen oder Reservierungen sind nicht m\u00f6glich!<\/strong>[\/vc_column_text][\/vc_column_inner][\/vc_row_inner][vc_row_inner][vc_column_inner width=&#8220;1\/2&#8243;][vc_column_text css=&#8220;&#8220;]<\/p>\n<h2>Was kostet das Camp?<\/h2>\n<p>Die Preise f\u00fcr das Camp und f\u00fcr die Fr\u00fchbetreuung sind abh\u00e4ngig von der L\u00e4nge des Camps. Bildungsgutscheine k\u00f6nnen anerkannt werden.<\/p>\n<p>Genauere Preise finden sie im untenstehenden Dokument![\/vc_column_text][\/vc_column_inner][vc_column_inner width=&#8220;1\/2&#8243;][vc_column_text css=&#8220;&#8220;]<\/p>\n<h2>Wie funktioniert die Bezuschussung?<\/h2>\n<p>Da wir in unseren Camps zertifizierte Pr\u00e4ventionskurse zur Schulung koordinativer und sportmotorischer F\u00e4higkeiten integrieren, bezuschussen die gesetzlichen Krankenkassen in der Regel 70 bis 90 Prozent der Campgeb\u00fchren (ausgenommen hiervon ist das Weihnachtscamp).<\/p>\n<p>Genauere Informationen finden sie im untenstehenden Dokument![\/vc_column_text][\/vc_column_inner][\/vc_row_inner][\/vc_column][\/vc_row][vc_row][vc_column][vc_empty_space height=&#8220;60px&#8220;][vc_text_separator title=&#8220;Informationen&#8220;][\/vc_column][\/vc_row][vc_row][vc_column width=&#8220;1\/3&#8243;][vc_btn title=&#8220;Informationen&#8220; style=&#8220;classic&#8220; color=&#8220;primary&#8220; size=&#8220;lg&#8220; align=&#8220;center&#8220; i_icon_fontawesome=&#8220;fas fa-info-circle&#8220; css=&#8220;&#8220; button_block=&#8220;true&#8220; add_icon=&#8220;true&#8220; link=&#8220;url:https%3A%2F%2Ftsvschott.de%2Fleichtathletik%2Fwp-content%2Fuploads%2Fsites%2F17%2F2024%2F12%2FInformationen-Leichtathletik-Camps-2024.2025.pdf|title:Informationen|target:_blank&#8220;][\/vc_column][vc_column width=&#8220;1\/3&#8243;][vc_btn title=&#8220;Geb\u00fchren und Zusch\u00fcsse&#8220; style=&#8220;classic&#8220; color=&#8220;primary&#8220; size=&#8220;lg&#8220; align=&#8220;center&#8220; i_icon_fontawesome=&#8220;fas fa-coins&#8220; css=&#8220;&#8220; button_block=&#8220;true&#8220; add_icon=&#8220;true&#8220; link=&#8220;url:https%3A%2F%2Ftsvschott.de%2Fleichtathletik%2Fwp-content%2Fuploads%2Fsites%2F17%2F2024%2F12%2FTeilnahmegebuehren-und-Zuschuesse-2024.2025.pdf|target:_blank&#8220;][\/vc_column][vc_column width=&#8220;1\/3&#8243;][vc_btn title=&#8220;Teilnahmebedingungen&#8220; style=&#8220;classic&#8220; color=&#8220;primary&#8220; size=&#8220;lg&#8220; align=&#8220;center&#8220; i_icon_fontawesome=&#8220;far fa-file-alt&#8220; css=&#8220;&#8220; button_block=&#8220;true&#8220; add_icon=&#8220;true&#8220; link=&#8220;url:https%3A%2F%2Ftsvschott.de%2Fleichtathletik%2Fwp-content%2Fuploads%2Fsites%2F17%2F2024%2F12%2FTeilnahmebedingungen-2024.2025.pdf|target:_blank&#8220;][\/vc_column][\/vc_row][vc_row][vc_column][vc_empty_space height=&#8220;60px&#8220;][vc_text_separator title=&#8220;Impressionen&#8220; css=&#8220;&#8220;][\/vc_column][\/vc_row][vc_row][vc_column width=&#8220;1\/3&#8243;][vc_text_separator title=&#8220;2024&#8243; css=&#8220;&#8220;][vc_gallery interval=&#8220;0&#8243; images=&#8220;6018,6014,6013,6012,6004,6011,6009,6008,6017&#8243; img_size=&#8220;800&#215;600&#8243; onclick=&#8220;img_link_large&#8220; custom_links_target=&#8220;_blank&#8220; css=&#8220;.vc_custom_1724874516792{margin-top: -30px !important;}&#8220;][\/vc_column][vc_column width=&#8220;1\/3&#8243;][vc_text_separator title=&#8220;2023&#8243;][vc_gallery interval=&#8220;0&#8243; images=&#8220;5461,5470,5469,5465,5457,5450,5451,5453,5456,5460,5448,5462,5467,5466,5455,5458,5449,5459,5452,5463,5468,5454&#8243; img_size=&#8220;800&#215;600&#8243; onclick=&#8220;img_link_large&#8220; custom_links_target=&#8220;_blank&#8220; css=&#8220;.vc_custom_1704652275033{margin-top: -30px !important;}&#8220;][\/vc_column][vc_column width=&#8220;1\/3&#8243;][vc_text_separator title=&#8220;2022&#8243;][vc_gallery interval=&#8220;0&#8243; images=&#8220;5308,5309,5317,5316,5318,5310,5311,5312,5313&#8243; img_size=&#8220;800&#215;600&#8243; onclick=&#8220;img_link_large&#8220; custom_links_target=&#8220;_blank&#8220; css=&#8220;.vc_custom_1699531876819{margin-top: -30px !important;}&#8220;][\/vc_column][\/vc_row][vc_row][vc_column width=&#8220;1\/3&#8243;][vc_text_separator title=&#8220;2021&#8243;][vc_gallery interval=&#8220;0&#8243; images=&#8220;4816,4817,4813,4814,4815,4818&#8243; img_size=&#8220;800&#215;600&#8243; onclick=&#8220;img_link_large&#8220; custom_links_target=&#8220;_blank&#8220; css=&#8220;.vc_custom_1699531884516{margin-top: -30px !important;}&#8220;][\/vc_column][vc_column width=&#8220;1\/3&#8243;][vc_text_separator title=&#8220;2020&#8243;][vc_gallery interval=&#8220;0&#8243; images=&#8220;4811,4808,4807,4809,4810,4812&#8243; img_size=&#8220;800&#215;600&#8243; onclick=&#8220;img_link_large&#8220; custom_links_target=&#8220;_blank&#8220; css=&#8220;.vc_custom_1699531888507{margin-top: -30px !important;}&#8220;][\/vc_column][vc_column width=&#8220;1\/3&#8243;][vc_text_separator title=&#8220;2019&#8243;][vc_gallery interval=&#8220;0&#8243; images=&#8220;4821,4819,4820&#8243; img_size=&#8220;800&#215;600&#8243; onclick=&#8220;img_link_large&#8220; custom_links_target=&#8220;_blank&#8220; css=&#8220;.vc_custom_1699531892564{margin-top: -30px !important;}&#8220;][\/vc_column][\/vc_row][vc_row][vc_column width=&#8220;1\/3&#8243;][vc_text_separator title=&#8220;2018&#8243;][vc_gallery interval=&#8220;0&#8243; images=&#8220;3867,5691,5692&#8243; img_size=&#8220;800&#215;600&#8243; onclick=&#8220;img_link_large&#8220; custom_links_target=&#8220;_blank&#8220; css=&#8220;.vc_custom_1704651280861{margin-top: -30px !important;}&#8220;][\/vc_column][vc_column width=&#8220;1\/3&#8243;][vc_text_separator title=&#8220;2017&#8243;][vc_gallery interval=&#8220;0&#8243; images=&#8220;3870,3866,3868,3864,3865&#8243; img_size=&#8220;800&#215;600&#8243; onclick=&#8220;img_link_large&#8220; custom_links_target=&#8220;_blank&#8220; css=&#8220;.vc_custom_1717697464557{margin-top: -30px !important;}&#8220;][\/vc_column][vc_column width=&#8220;1\/3&#8243;][vc_text_separator title=&#8220;2016&#8243;][vc_gallery interval=&#8220;0&#8243; images=&#8220;3887,5686,5687,5688&#8243; img_size=&#8220;600&#215;450&#8243; onclick=&#8220;img_link_large&#8220; custom_links_target=&#8220;_blank&#8220; css=&#8220;.vc_custom_1706210271438{margin-top: -30px !important;}&#8220;][\/vc_column][\/vc_row][vc_row][vc_column width=&#8220;1\/3&#8243;][vc_text_separator title=&#8220;2015&#8243;][vc_gallery interval=&#8220;0&#8243; images=&#8220;3881,5684,5678,3874,3875,5674,5675,5676,5677,5680,5681,5682,5679,5683&#8243; img_size=&#8220;800&#215;600&#8243; onclick=&#8220;img_link_large&#8220; custom_links_target=&#8220;_blank&#8220; css=&#8220;.vc_custom_1704650948709{margin-top: -30px !important;}&#8220;][\/vc_column][vc_column width=&#8220;1\/3&#8243;][vc_text_separator title=&#8220;2014&#8243;][vc_gallery interval=&#8220;0&#8243; images=&#8220;3886,6022,6021,6020&#8243; img_size=&#8220;400&#215;300&#8243; onclick=&#8220;img_link_large&#8220; custom_links_target=&#8220;_blank&#8220; css=&#8220;.vc_custom_1724875479110{margin-top: -30px !important;}&#8220;][\/vc_column][vc_column width=&#8220;1\/3&#8243;][vc_text_separator title=&#8220;2013&#8243;][vc_gallery interval=&#8220;0&#8243; images=&#8220;3885,6024,6023,6025,6026&#8243; img_size=&#8220;800&#215;600&#8243; onclick=&#8220;img_link_large&#8220; custom_links_target=&#8220;_blank&#8220; css=&#8220;.vc_custom_1724875454131{margin-top: -30px !important;}&#8220;][\/vc_column][\/vc_row]<\/p>\n<\/div>","protected":false},"excerpt":{"rendered":"<p>[vc_row][vc_column][vc_raw_html]JTNDaWZyYW1lJTIwaWQlM0QlMjI1ZWJhNmQzMTMzNjUwMDZkOWE1MjAwOTUlMjIlMjB3aWR0aCUzRCUyMjE1MCUyNSUyMiUyMGhlaWdodCUzRCUyMjEwMCUyMiUyMGNsYXNzJTNEJTIyeW9sYXdvLXdpZGdldCUyMiUyMHNyYyUzRCUyMmh0dHBzJTNBJTJGJTJGd2lkZ2V0cy55b2xhd28uZGUlMkZ3JTJGNjNjZjkyODFmZGI1YmE1MTAyM2ZmOWIxJTIyJTIwZnJhbWVib3JkZXIlM0QlMjIxMCUyMiUyMGRhdGEtb2Zmc2V0LXglM0QlMjIwJTIyJTIwc2Nyb2xsaW5nJTNEJTIybm8lMjIlM0UlM0MlMkZpZnJhbWUlM0UlM0NzY3JpcHQlMjB0eXBlJTNEJTIydGV4dCUyRmphdmFzY3JpcHQlMjIlMjBzcmMlM0QlMjJodHRwcyUzQSUyRiUyRndpZGdldHMueW9sYXdvLmRlJTJGYXNzZXRzJTJGc2NyaXB0LmpzJTIyJTNFJTNDJTJGc2NyaXB0JTNF[\/vc_raw_html][\/vc_column][\/vc_row][vc_row][vc_column][vc_text_separator title=&#8220;FAQ&#8220; css=&#8220;&#8220;][vc_row_inner][vc_column_inner width=&#8220;1\/2&#8243;][vc_column_text css=&#8220;&#8220;] Was erwartet mein Kind im Leichtathletikcamp? Qualifizierte und ausgebildete Trainer\/innen Alters- und leistungshomogene Gruppen Kennenlernen der vielf\u00e4ltigen Disziplinen der Leichtathletik Gesundes und ausgewogenes Mittagessen Verpflegung mit Snacks und Getr\u00e4nken Camp\u00fcberraschung f\u00fcr jedes Kind! Jede Menge Spa\u00df, Sport und Bewegung mit- und gegeneinander Eine passende Herausforderung f\u00fcr jeden [\/vc_column_text][\/vc_column_inner][vc_column_inner width=&#8220;1\/2&#8243;][vc_column_text css=&#8220;&#8220;] [&hellip;]<\/p>\n","protected":false},"author":21,"featured_media":0,"parent":0,"menu_order":60,"comment_status":"closed","ping_status":"closed","template":"","meta":{"footnotes":""},"class_list":["post-3052","page","type-page","status-publish","hentry"],"_links":{"self":[{"href":"https:\/\/tsvschott.de\/leichtathletik\/wp-json\/wp\/v2\/pages\/3052","targetHints":{"allow":["GET"]}}],"collection":[{"href":"https:\/\/tsvschott.de\/leichtathletik\/wp-json\/wp\/v2\/pages"}],"about":[{"href":"https:\/\/tsvschott.de\/leichtathletik\/wp-json\/wp\/v2\/types\/page"}],"author":[{"embeddable":true,"href":"https:\/\/tsvschott.de\/leichtathletik\/wp-json\/wp\/v2\/users\/21"}],"replies":[{"embeddable":true,"href":"https:\/\/tsvschott.de\/leichtathletik\/wp-json\/wp\/v2\/comments?post=3052"}],"version-history":[{"count":296,"href":"https:\/\/tsvschott.de\/leichtathletik\/wp-json\/wp\/v2\/pages\/3052\/revisions"}],"predecessor-version":[{"id":6626,"href":"https:\/\/tsvschott.de\/leichtathletik\/wp-json\/wp\/v2\/pages\/3052\/revisions\/6626"}],"wp:attachment":[{"href":"https:\/\/tsvschott.de\/leichtathletik\/wp-json\/wp\/v2\/media?parent=3052"}],"curies":[{"name":"wp","href":"https:\/\/api.w.org\/{rel}","templated":true}]}}