{"id":5148,"date":"2023-08-13T21:55:50","date_gmt":"2023-08-13T19:55:50","guid":{"rendered":"https:\/\/tsvschott.de\/leichtathletik\/?page_id=5148"},"modified":"2024-09-06T23:35:48","modified_gmt":"2024-09-06T21:35:48","slug":"integration-durch-sport","status":"publish","type":"page","link":"https:\/\/tsvschott.de\/leichtathletik\/integration-durch-sport\/","title":{"rendered":"Integration durch Sport"},"content":{"rendered":"<div class=\"wpb-content-wrapper\"><p>[vc_row][vc_column][vc_text_separator title=&#8220;Unser Statement&#8220;][\/vc_column][\/vc_row][vc_row][vc_column][vc_column_text css_animation=&#8220;bounceInDown&#8220; css=&#8220;.vc_custom_1699566670919{margin-top: -15px !important;}&#8220;]<\/p>\n<h1 style=\"text-align: center;\">Vielfalt &#8230; bei uns l\u00e4uft`s!<\/h1>\n<p>[\/vc_column_text][\/vc_column][\/vc_row][vc_row][vc_column][vc_text_separator title=&#8220;Unsere Verantwortung&#8220;][\/vc_column][\/vc_row][vc_row][vc_column][vc_column_text css=&#8220;&#8220;]Integration durch Sport bedeutet:<\/p>\n<ul>\n<li>Integration verschiedener Kulturen in das t\u00e4gliche Leben durch gemeinsame Sportaus\u00fcbung<\/li>\n<li>Unterst\u00fctzung und Integration von Personen mit Migrationshintergrund und Fl\u00fcchtlingen<\/li>\n<li>Ehrenamtliches Engagement im Verein f\u00f6rdern<\/li>\n<\/ul>\n<p>So vielf\u00e4ltig die Leichtathletik ist, so vielf\u00e4ltig sind die Nationalit\u00e4ten bzw. Urspr\u00fcnge unserer Sportler\/innen:<\/p>\n<p>Argentinien, \u00c4thiopien, Frankreich, Ghana, Iran, Irland, Italien, Marokko, Nepal, Polen, Russland, Somalia, Spanien, S\u00fcdafrika, Syrien, Tunesien, T\u00fcrkei, USA[\/vc_column_text][vc_empty_space height=&#8220;45px&#8220;][\/vc_column][\/vc_row][vc_row][vc_column][vc_text_separator title=&#8220;St\u00fctzpunktverein &#8222;Integration durch Sport&#8222;&#8220;][\/vc_column][\/vc_row][vc_row][vc_column][vc_column_text]Am 17. September 2018 sind wir f\u00fcr unsere hervorragende Integrationsarbeit durch den Landessportbund Rheinland-Pfalz und das Programm &#8222;Integration durch Sport&#8220; als St\u00fctzpunktverein &#8222;Integration durch Sport&#8220; ausgezeichnet worden.[\/vc_column_text][\/vc_column][\/vc_row][vc_row][vc_column width=&#8220;1\/2&#8243;][vc_empty_space][vc_single_image image=&#8220;4140&#8243; img_size=&#8220;large&#8220; alignment=&#8220;center&#8220; onclick=&#8220;img_link_large&#8220; img_link_target=&#8220;_blank&#8220;][\/vc_column][vc_column width=&#8220;1\/2&#8243;][vc_empty_space][vc_video link=&#8220;https:\/\/youtu.be\/P9XeiJlT7tc&#8220; align=&#8220;center&#8220;][\/vc_column][\/vc_row][vc_row][vc_column][vc_empty_space height=&#8220;45px&#8220;][vc_text_separator title=&#8220;Unsere Projekte \u00fcber Grenzen hinweg&#8220;][\/vc_column][\/vc_row][vc_row][vc_column width=&#8220;1\/2&#8243;][vc_single_image image=&#8220;5250&#8243; img_size=&#8220;full&#8220; onclick=&#8220;img_link_large&#8220; img_link_target=&#8220;_blank&#8220;][\/vc_column][vc_column width=&#8220;1\/2&#8243;][vc_column_text css=&#8220;.vc_custom_1725658466465{margin-top: -23px !important;}&#8220;]<\/p>\n<h3>Inklusion durch Sport<\/h3>\n<p>Im September 2019 war die thail\u00e4ndische Para-Nationalmannschaft der Leichtathletik bei uns zu Gast. Geleitet wird diese von Head Coach Tawarit Chantapan, der bereits die Stadt Mainz, den TSV Schott, sowie unsere beiden Trainer Marcos Rodriguez und Tirtha Woli kannte.<\/p>\n<p>Es gab zwei spannende Trainingseinheiten miteinander. Die Sportler\/innen aus beiden L\u00e4ndern haben super harmoniert und die sprachliche Barriere lies sich durch den Sport gut \u00fcberwinden. Die Sportler\/innen und Trainer\/innen auf beiden Seite konnten einiges von einander lernen![\/vc_column_text][\/vc_column][\/vc_row][vc_row][vc_column width=&#8220;1\/2&#8243;][vc_single_image image=&#8220;3981&#8243; img_size=&#8220;full&#8220; alignment=&#8220;center&#8220; onclick=&#8220;img_link_large&#8220; img_link_target=&#8220;_blank&#8220;][\/vc_column][vc_column width=&#8220;1\/2&#8243;][vc_column_text css=&#8220;.vc_custom_1699710339482{margin-top: -23px !important;}&#8220;]<\/p>\n<h3>Freundschaftslauf<\/h3>\n<p>Seit 2014 sind die Leichtathleten des TSV SCHOTT Mainz Partner des traditionellen Deutsch-Tunesischen Freundschaftslaufes in Kooperation mit dem Landessportbund Rheinland-Pfalz, dem Deutsch-Tunesischen Freundschaftsverein und dem Leichtathletikverein Starting Club Nabeul aus der Region Cap Bon in Tunesien. 2018 wurde bereits die 31. Auflage ausgetragen.<\/p>\n<p>Austragungen unter der Mitwirkung des TSV SCHOTT Mainz:<br \/>\n2014 Nabeul, Tunesien<br \/>\n2015 Nabeul, Tunesien<br \/>\n2016 Mainz, Deutschland<br \/>\n2017 Mainz, Deutschland<br \/>\n2018 Nabeul, Tunesien[\/vc_column_text][\/vc_column][\/vc_row][vc_row][vc_column width=&#8220;1\/2&#8243;][vc_single_image image=&#8220;3990&#8243; img_size=&#8220;full&#8220; alignment=&#8220;center&#8220; onclick=&#8220;img_link_large&#8220; img_link_target=&#8220;_blank&#8220;][\/vc_column][vc_column width=&#8220;1\/2&#8243;][vc_column_text css=&#8220;.vc_custom_1704634586434{margin-top: -23px !important;}&#8220;]<\/p>\n<h3>Sportpartnerschaft<\/h3>\n<p>Training, Kultur, Sport &#8211; Unsere Sportpartnerschaft mit Tunesien!<\/p>\n<p>Sport verbindet und f\u00fchrt Menschen weltweit \u00fcber Grenzen hinweg zusammen![\/vc_column_text][\/vc_column][\/vc_row][vc_row][vc_column][vc_empty_space height=&#8220;45px&#8220;][vc_text_separator title=&#8220;Bilder&#8220;][vc_masonry_media_grid element_width=&#8220;2&#8243; item=&#8220;mediaGrid_Default&#8220; initial_loading_animation=&#8220;none&#8220; grid_id=&#8220;vc_gid:1725658325677-ba1eec17f1ea3c7af46dd4b7925a88d9-7&#8243; include=&#8220;4004,4008,4009,4003,4080,4082,4084,3977,3995,4071,4077,4090&#8243;][vc_empty_space height=&#8220;45px&#8220;][\/vc_column][\/vc_row][vc_row][vc_column][vc_text_separator title=&#8220;Informationsmaterial&#8220;][\/vc_column][\/vc_row][vc_row][vc_column][vc_column_text]Weiter Informationen finden Sie unter: <a href=\"https:\/\/www.lsb-rlp.de\/integration-durch-sport\">Integration durch Sport | Landessportbund Rheinland-Pfalz (lsb-rlp.de)<\/a>[\/vc_column_text][vc_empty_space height=&#8220;45px&#8220;][\/vc_column][\/vc_row][vc_row][vc_column][vc_text_separator title=&#8220;Unsere Partner&#8220;][\/vc_column][\/vc_row][vc_row][vc_column width=&#8220;1\/3&#8243;][vc_empty_space height=&#8220;50px&#8220;][vc_single_image image=&#8220;3964&#8243; img_size=&#8220;large&#8220; alignment=&#8220;center&#8220;][\/vc_column][vc_column width=&#8220;1\/3&#8243;][vc_single_image image=&#8220;3973&#8243; img_size=&#8220;medium&#8220; alignment=&#8220;center&#8220;][\/vc_column][vc_column width=&#8220;1\/3&#8243;][vc_empty_space][vc_single_image image=&#8220;4039&#8243; img_size=&#8220;large&#8220; alignment=&#8220;center&#8220;][\/vc_column][\/vc_row]<\/p>\n<\/div>","protected":false},"excerpt":{"rendered":"<p>[vc_row][vc_column][vc_text_separator title=&#8220;Unser Statement&#8220;][\/vc_column][\/vc_row][vc_row][vc_column][vc_column_text css_animation=&#8220;bounceInDown&#8220; css=&#8220;.vc_custom_1699566670919{margin-top: -15px !important;}&#8220;] Vielfalt &#8230; bei uns l\u00e4uft`s! [\/vc_column_text][\/vc_column][\/vc_row][vc_row][vc_column][vc_text_separator title=&#8220;Unsere Verantwortung&#8220;][\/vc_column][\/vc_row][vc_row][vc_column][vc_column_text css=&#8220;&#8220;]Integration durch Sport bedeutet: Integration verschiedener Kulturen in das t\u00e4gliche Leben durch gemeinsame Sportaus\u00fcbung Unterst\u00fctzung und Integration von Personen mit Migrationshintergrund und Fl\u00fcchtlingen Ehrenamtliches Engagement im Verein f\u00f6rdern So vielf\u00e4ltig die Leichtathletik ist, so vielf\u00e4ltig sind die Nationalit\u00e4ten bzw. Urspr\u00fcnge [&hellip;]<\/p>\n","protected":false},"author":57,"featured_media":0,"parent":0,"menu_order":42,"comment_status":"closed","ping_status":"closed","template":"","meta":{"footnotes":""},"class_list":["post-5148","page","type-page","status-publish","hentry"],"_links":{"self":[{"href":"https:\/\/tsvschott.de\/leichtathletik\/wp-json\/wp\/v2\/pages\/5148","targetHints":{"allow":["GET"]}}],"collection":[{"href":"https:\/\/tsvschott.de\/leichtathletik\/wp-json\/wp\/v2\/pages"}],"about":[{"href":"https:\/\/tsvschott.de\/leichtathletik\/wp-json\/wp\/v2\/types\/page"}],"author":[{"embeddable":true,"href":"https:\/\/tsvschott.de\/leichtathletik\/wp-json\/wp\/v2\/users\/57"}],"replies":[{"embeddable":true,"href":"https:\/\/tsvschott.de\/leichtathletik\/wp-json\/wp\/v2\/comments?post=5148"}],"version-history":[{"count":39,"href":"https:\/\/tsvschott.de\/leichtathletik\/wp-json\/wp\/v2\/pages\/5148\/revisions"}],"predecessor-version":[{"id":6208,"href":"https:\/\/tsvschott.de\/leichtathletik\/wp-json\/wp\/v2\/pages\/5148\/revisions\/6208"}],"wp:attachment":[{"href":"https:\/\/tsvschott.de\/leichtathletik\/wp-json\/wp\/v2\/media?parent=5148"}],"curies":[{"name":"wp","href":"https:\/\/api.w.org\/{rel}","templated":true}]}}