{"id":5183,"date":"2023-08-13T22:11:39","date_gmt":"2023-08-13T20:11:39","guid":{"rendered":"https:\/\/tsvschott.de\/leichtathletik\/?page_id=5183"},"modified":"2024-12-24T16:15:58","modified_gmt":"2024-12-24T15:15:58","slug":"puma","status":"publish","type":"page","link":"https:\/\/tsvschott.de\/leichtathletik\/puma\/","title":{"rendered":"PUMA"},"content":{"rendered":"<div class=\"wpb-content-wrapper\"><p>[vc_row][vc_column width=&#8220;2\/3&#8243;][vc_text_separator title=&#8220;Deine Bestellung&#8220;][vc_column_text css=&#8220;&#8220;]Von Anfang an optimal ausgestattet beim Training, beim Aufw\u00e4rmen, im Wettkampf und bei der Siegerehrung &#8211; es gibt viele Gr\u00fcnde sich in unserem offiziellen PUMA Outfit zu pr\u00e4sentierten![\/vc_column_text][vc_column_text css=&#8220;&#8220;]<\/p>\n<ol>\n<li>W\u00e4hle deine PUMA Produkte aus unserer Kollektion aus!<\/li>\n<li>F\u00fclle das Bestellformular aus und sende es an die im Bestellformular angegebene E-Mail Adresse!<\/li>\n<li>Bezahlung (Infos dazu befinden sich in der Bestellbest\u00e4tigungs-Mail)<\/li>\n<li>Bekomme deine PUMA Produkte innerhalb von 2 Wochen direkt nach Hause geliefert!<\/li>\n<\/ol>\n<p>[\/vc_column_text][vc_row_inner][vc_column_inner width=&#8220;1\/2&#8243;][vc_btn title=&#8220;Kollektion TSV Schott Mainz&#8220; style=&#8220;classic&#8220; color=&#8220;primary&#8220; size=&#8220;lg&#8220; align=&#8220;center&#8220; i_icon_fontawesome=&#8220;fas fa-tshirt&#8220; button_block=&#8220;true&#8220; add_icon=&#8220;true&#8220; link=&#8220;url:https%3A%2F%2Ftsvschott.de%2Fleichtathletik%2Fwp-content%2Fuploads%2Fsites%2F17%2F2024%2F01%2FFlyer-2024_TSV-Schott-Mainz.pdf|target:_blank&#8220;][\/vc_column_inner][vc_column_inner width=&#8220;1\/2&#8243;][vc_btn title=&#8220;Bestellformular&#8220; style=&#8220;classic&#8220; color=&#8220;primary&#8220; size=&#8220;lg&#8220; align=&#8220;center&#8220; i_icon_fontawesome=&#8220;far fa-file-excel&#8220; css=&#8220;&#8220; button_block=&#8220;true&#8220; add_icon=&#8220;true&#8220; link=&#8220;url:https%3A%2F%2Ftsvschott.de%2Fleichtathletik%2Fwp-content%2Fuploads%2Fsites%2F17%2F2024%2F12%2FMitglieder_Bestellformular-2025_TSV-Schott-Mainz.xlsx|target:_blank&#8220;][\/vc_column_inner][\/vc_row_inner][vc_empty_space height=&#8220;60px&#8220;][\/vc_column][vc_column width=&#8220;1\/3&#8243;][vc_text_separator title=&#8220;Partner&#8220;][vc_single_image image=&#8220;4502&#8243; img_size=&#8220;medium&#8220;][vc_single_image image=&#8220;4503&#8243; img_size=&#8220;medium&#8220;][\/vc_column][\/vc_row]<\/p>\n<\/div>","protected":false},"excerpt":{"rendered":"<p>[vc_row][vc_column width=&#8220;2\/3&#8243;][vc_text_separator title=&#8220;Deine Bestellung&#8220;][vc_column_text css=&#8220;&#8220;]Von Anfang an optimal ausgestattet beim Training, beim Aufw\u00e4rmen, im Wettkampf und bei der Siegerehrung &#8211; es gibt viele Gr\u00fcnde sich in unserem offiziellen PUMA Outfit zu pr\u00e4sentierten![\/vc_column_text][vc_column_text css=&#8220;&#8220;] W\u00e4hle deine PUMA Produkte aus unserer Kollektion aus! F\u00fclle das Bestellformular aus und sende es an die im Bestellformular angegebene E-Mail Adresse! [&hellip;]<\/p>\n","protected":false},"author":57,"featured_media":0,"parent":0,"menu_order":52,"comment_status":"closed","ping_status":"closed","template":"","meta":{"footnotes":""},"class_list":["post-5183","page","type-page","status-publish","hentry"],"_links":{"self":[{"href":"https:\/\/tsvschott.de\/leichtathletik\/wp-json\/wp\/v2\/pages\/5183","targetHints":{"allow":["GET"]}}],"collection":[{"href":"https:\/\/tsvschott.de\/leichtathletik\/wp-json\/wp\/v2\/pages"}],"about":[{"href":"https:\/\/tsvschott.de\/leichtathletik\/wp-json\/wp\/v2\/types\/page"}],"author":[{"embeddable":true,"href":"https:\/\/tsvschott.de\/leichtathletik\/wp-json\/wp\/v2\/users\/57"}],"replies":[{"embeddable":true,"href":"https:\/\/tsvschott.de\/leichtathletik\/wp-json\/wp\/v2\/comments?post=5183"}],"version-history":[{"count":11,"href":"https:\/\/tsvschott.de\/leichtathletik\/wp-json\/wp\/v2\/pages\/5183\/revisions"}],"predecessor-version":[{"id":6280,"href":"https:\/\/tsvschott.de\/leichtathletik\/wp-json\/wp\/v2\/pages\/5183\/revisions\/6280"}],"wp:attachment":[{"href":"https:\/\/tsvschott.de\/leichtathletik\/wp-json\/wp\/v2\/media?parent=5183"}],"curies":[{"name":"wp","href":"https:\/\/api.w.org\/{rel}","templated":true}]}}