{"id":6046,"date":"2025-09-20T17:45:56","date_gmt":"2025-09-20T15:45:56","guid":{"rendered":"https:\/\/tsvschott.de\/leichtathletik\/?page_id=6046"},"modified":"2025-09-20T17:48:20","modified_gmt":"2025-09-20T15:48:20","slug":"erasmus-sport","status":"publish","type":"page","link":"https:\/\/tsvschott.de\/leichtathletik\/erasmus-sport\/","title":{"rendered":"Erasmus+ Sport"},"content":{"rendered":"<div class=\"wpb-content-wrapper\"><p>[vc_row][vc_column width=&#8220;2\/3&#8243;][vc_column_text css=&#8220;&#8220;]<\/p>\n<p data-start=\"141\" data-end=\"806\">Erasmus+ Sport ist ein F\u00f6rderprogramm der Europ\u00e4ischen Union, das Teil des \u00fcbergeordneten Erasmus+ Programms ist. Es unterst\u00fctzt Projekte rund um den Sport mit dem Ziel:<\/p>\n<ul>\n<li data-start=\"141\" data-end=\"806\">den Breitensport zu st\u00e4rken,<\/li>\n<li>Fachkr\u00e4fte sowie Ehrenamtliche im Sport weiterzubilden,<\/li>\n<li>Inklusion, Vielfalt, Nachhaltigkeit und europ\u00e4ischen Werten zu entwickeln,<\/li>\n<li>und internationale Zusammenarbeit zu erm\u00f6glichen.<\/li>\n<\/ul>\n<p>Damit leistet das Programm einen wichtigen Beitrag, den Sport nicht nur als Freizeit- und Gesundheitsangebot zu st\u00e4rken, sondern auch als gesellschaftliche Kraft, die Menschen verbindet.<\/p>\n<p><a href=\"https:\/\/www.erasmusplus-sport.de\/\">Weitere Informationen sind auf der offiziellen ERASMUS+ Sport Webseite zu finden.<\/a>[\/vc_column_text][\/vc_column][vc_column width=&#8220;1\/3&#8243;][vc_single_image image=&#8220;6396&#8243; img_size=&#8220;medium&#8220; alignment=&#8220;center&#8220; css=&#8220;&#8220;][vc_single_image image=&#8220;6395&#8243; img_size=&#8220;medium&#8220; alignment=&#8220;center&#8220; css=&#8220;&#8220;][\/vc_column][\/vc_row][vc_section][vc_row][vc_column][vc_empty_space height=&#8220;80px&#8220;][vc_text_separator title=&#8220;Projekt 2024\/2025&#8243; css=&#8220;&#8220;][\/vc_column][\/vc_row][vc_row][vc_column width=&#8220;1\/2&#8243;][vc_single_image image=&#8220;6399&#8243; img_size=&#8220;large&#8220; alignment=&#8220;center&#8220; css=&#8220;&#8220;][\/vc_column][vc_column width=&#8220;1\/2&#8243;][vc_column_text css=&#8220;&#8220;]<\/p>\n<h4>Die Trainer\/innen<\/h4>\n<p>Am Erasmus+ Sport-Projekt 2024\/2025 haben vier engagierte Trainerinnen und Trainer der Abteilung Leichtathletik des TSV Schott Mainz teilgenommen. Die U16-Trainer Felix Klecker und Moritz Behret verbrachten im Rahmen des Projekts insgesamt sechs Wochen bei Partnervereinen im Ausland. Die beiden U14-Trainerinnen Liliana Barros und Tabea Werner waren f\u00fcr insgesamt vier Wochen im Ausland aktiv. Alle vier nutzten die Gelegenheit, neue Ideen und Impulse f\u00fcr ihre Arbeit zu gewinnen und den internationalen Austausch im Sport aktiv mitzugestalten.[\/vc_column_text][\/vc_column][\/vc_row][vc_row][vc_column width=&#8220;1\/2&#8243;][vc_gallery interval=&#8220;3&#8243; images=&#8220;6411,6410,6415,6408,6416,6402,6412,6409,6414,6413,6407&#8243; img_size=&#8220;1600&#215;1200&#8243; onclick=&#8220;&#8220; css=&#8220;&#8220;][\/vc_column][vc_column width=&#8220;1\/2&#8243;][vc_column_text css=&#8220;&#8220;]<\/p>\n<h4>Die Projektorte<\/h4>\n<p><strong>Schweden<\/strong><\/p>\n<ul>\n<li>IFK V\u00e4xj\u00f6<\/li>\n<li>Huddinge AIS<\/li>\n<li>IF G\u00f6ta Karlstad<\/li>\n<li>Schwedischer Leichtathletik Verband<\/li>\n<li>V\u00e4ster\u00e5s Friidrott<\/li>\n<\/ul>\n<p><strong>Spanien<\/strong><\/p>\n<ul>\n<li>Barcelona Atletisme<\/li>\n<li>Club Atletismo Playas Castell\u00f3n \/&nbsp;Penyeta Roja<\/li>\n<\/ul>\n<p><strong>Portugal<\/strong><\/p>\n<ul>\n<li>Clube Desportivo e Cultural Juventude Ilha Verde<\/li>\n<\/ul>\n<p>[\/vc_column_text][\/vc_column][\/vc_row][vc_row][vc_column width=&#8220;1\/2&#8243;][vc_video link=&#8220;https:\/\/youtu.be\/VuNKk-YyN8Q?feature=shared&#8220; css=&#8220;&#8220;][\/vc_column][vc_column width=&#8220;1\/2&#8243;][vc_column_text css=&#8220;&#8220;]<\/p>\n<h4>Erfahrungen<\/h4>\n<p data-start=\"212\" data-end=\"769\">Vor Ort leiteten unsere Trainerinnen und Trainer zahlreiche Trainingseinheiten, sowohl eigenst\u00e4ndig als auch gemeinsam mit ihren Kolleginnen und Kollegen in den Gastvereinen. Dabei tauschten sie sich \u00fcber Trainingsmethoden aus und sammelten neue \u00dcbungen und Ideen. Dar\u00fcber hinaus f\u00fchrten sie viele Gespr\u00e4che mit anderen Trainerinnen und Trainern sowie Vereinsvorst\u00e4nden \u00fcber Themen wie Vereinsorganisation, die Rolle von Ehrenamtlichen und die Gewinnung von Fachkr\u00e4ften.<\/p>\n<p data-start=\"1148\" data-end=\"1614\">Neben den sportlichen Erfahrungen spielte auch der kulturelle Austausch eine gro\u00dfe Rolle. Durch den engen Kontakt mit den gastgebenden Vereinen und Familien erhielten unsere Trainerinnen und Trainer wertvolle Einblicke in andere Lebensweisen und Mentalit\u00e4ten. So hatten sie die M\u00f6glichkeit ein st\u00e4rkeres Bewusstsein f\u00fcr kulturelle Vielfalt, Nachhaltigkeit, Diversit\u00e4t und demokratische Teilhabe zu entwickeln.<\/p>\n<p>[\/vc_column_text][\/vc_column][\/vc_row][\/vc_section][vc_row][vc_column][vc_column_text css=&#8220;&#8220;]Ein besonderer Dank gilt allen Partnervereinen im Ausland f\u00fcr die herzliche Aufnahme, die wertvolle Zusammenarbeit und den offenen Austausch. Ebenso bedanken wir uns bei Erasmus+ Sport f\u00fcr die F\u00f6rderung dieses Projekts, die unseren Trainerinnen und Trainern einzigartige Erfahrungen und neue Perspektiven erm\u00f6glicht hat. Nicht zuletzt wollen wir auch dem Gesamtverein danken, ohne diesen das Projekt nicht m\u00f6glich gewesen w\u00e4re.[\/vc_column_text][\/vc_column][\/vc_row]<\/p>\n<\/div>","protected":false},"excerpt":{"rendered":"<p>[vc_row][vc_column width=&#8220;2\/3&#8243;][vc_column_text css=&#8220;&#8220;] Erasmus+ Sport ist ein F\u00f6rderprogramm der Europ\u00e4ischen Union, das Teil des \u00fcbergeordneten Erasmus+ Programms ist. Es unterst\u00fctzt Projekte rund um den Sport mit dem Ziel: den Breitensport zu st\u00e4rken, Fachkr\u00e4fte sowie Ehrenamtliche im Sport weiterzubilden, Inklusion, Vielfalt, Nachhaltigkeit und europ\u00e4ischen Werten zu entwickeln, und internationale Zusammenarbeit zu erm\u00f6glichen. Damit leistet das Programm [&hellip;]<\/p>\n","protected":false},"author":72,"featured_media":0,"parent":0,"menu_order":0,"comment_status":"closed","ping_status":"closed","template":"","meta":{"footnotes":""},"class_list":["post-6046","page","type-page","status-publish","hentry"],"_links":{"self":[{"href":"https:\/\/tsvschott.de\/leichtathletik\/wp-json\/wp\/v2\/pages\/6046","targetHints":{"allow":["GET"]}}],"collection":[{"href":"https:\/\/tsvschott.de\/leichtathletik\/wp-json\/wp\/v2\/pages"}],"about":[{"href":"https:\/\/tsvschott.de\/leichtathletik\/wp-json\/wp\/v2\/types\/page"}],"author":[{"embeddable":true,"href":"https:\/\/tsvschott.de\/leichtathletik\/wp-json\/wp\/v2\/users\/72"}],"replies":[{"embeddable":true,"href":"https:\/\/tsvschott.de\/leichtathletik\/wp-json\/wp\/v2\/comments?post=6046"}],"version-history":[{"count":22,"href":"https:\/\/tsvschott.de\/leichtathletik\/wp-json\/wp\/v2\/pages\/6046\/revisions"}],"predecessor-version":[{"id":6427,"href":"https:\/\/tsvschott.de\/leichtathletik\/wp-json\/wp\/v2\/pages\/6046\/revisions\/6427"}],"wp:attachment":[{"href":"https:\/\/tsvschott.de\/leichtathletik\/wp-json\/wp\/v2\/media?parent=6046"}],"curies":[{"name":"wp","href":"https:\/\/api.w.org\/{rel}","templated":true}]}}