{"id":2,"date":"2022-11-21T16:54:51","date_gmt":"2022-11-21T15:54:51","guid":{"rendered":"https:\/\/tsvschott.de\/roller-derby\/?page_id=2"},"modified":"2026-02-03T17:24:27","modified_gmt":"2026-02-03T16:24:27","slug":"beispiel-seite","status":"publish","type":"page","link":"https:\/\/tsvschott.de\/roller-derby\/","title":{"rendered":"Roller Derby TSV SCHOTT Mainz"},"content":{"rendered":"<div class=\"wpb-content-wrapper\"><p>[vc_row][vc_column width=&#8220;3\/4&#8243;][vc_column_text]<\/p>\n<h2>Was ist Roller Derby?<\/h2>\n<p><img loading=\"lazy\" decoding=\"async\" class=\"size-medium wp-image-5 alignright\" src=\"https:\/\/tsvschott.de\/roller-derby\/wp-content\/uploads\/sites\/28\/2022\/11\/Roller-Derby_01-b-300x191.jpg\" alt=\"Roller Derby in AKtion\" width=\"300\" height=\"191\" srcset=\"https:\/\/tsvschott.de\/roller-derby\/wp-content\/uploads\/sites\/28\/2022\/11\/Roller-Derby_01-b-300x191.jpg 300w, https:\/\/tsvschott.de\/roller-derby\/wp-content\/uploads\/sites\/28\/2022\/11\/Roller-Derby_01-b-768x488.jpg 768w, https:\/\/tsvschott.de\/roller-derby\/wp-content\/uploads\/sites\/28\/2022\/11\/Roller-Derby_01-b.jpg 1000w\" sizes=\"auto, (max-width: 300px) 100vw, 300px\" \/>Roller Derby ist eine Vollkontakt-Sportart auf Rollschuhen. Es wird auf einer ovalen Bahn gespielt, dem sogenannten \u201eTrack\u201c. Ein Spiel dauert insgesamt eine Stunde (zwei Halbzeiten \u00e0 30 Minuten) und ist nochmal in maximal zweimin\u00fctige Runden (\u201eJams\u201c) eingeteilt.<\/p>\n<p>Es treten zwei Teams gegeneinander an, die pro Jam vier Blocker*innen und eine*n Jammer*in auf den Track schicken. Jammer*innen machen die Punkte, indem sie Gegner*innen \u00fcberholen. Die Blocker*innen versuchen, sie mit vollem K\u00f6rperkontakt davon abzuhalten und gleichzeitig ihrem eigenen Teammitglied zu helfen. Geblockt werden darf dabei mit H\u00fcfte, Schultern, Hintern und dem Oberk\u00f6rper.<\/p>\n<p>Bei einem Vollkontaktsport bleiben blaue Flecken nicht aus. Deshalb sind wir gut gepolstert und tragen neben einem Helm auch Handgelenk-, Ellenbogen-, Knieschoner sowie einen Mundschutz.<\/p>\n<p>Ein Jam ist zu Ende, wenn zwei Minuten vorbei sind, oder er durch die*den Lead-Jammer*in (die Person, die als erstes an allen vorbei skatet) beendet wird. Das Team mit den meisten Punkten am Ende des Spiels gewinnt![\/vc_column_text][vc_column_text css=&#8220;&#8220;]<\/p>\n<h2><img loading=\"lazy\" decoding=\"async\" class=\"size-medium wp-image-8 alignleft\" src=\"https:\/\/tsvschott.de\/roller-derby\/wp-content\/uploads\/sites\/28\/2022\/11\/Rollerderby_02-b-284x300.jpg\" alt=\"Rollerderby 2\" width=\"284\" height=\"300\" srcset=\"https:\/\/tsvschott.de\/roller-derby\/wp-content\/uploads\/sites\/28\/2022\/11\/Rollerderby_02-b-284x300.jpg 284w, https:\/\/tsvschott.de\/roller-derby\/wp-content\/uploads\/sites\/28\/2022\/11\/Rollerderby_02-b-970x1024.jpg 970w, https:\/\/tsvschott.de\/roller-derby\/wp-content\/uploads\/sites\/28\/2022\/11\/Rollerderby_02-b-768x811.jpg 768w, https:\/\/tsvschott.de\/roller-derby\/wp-content\/uploads\/sites\/28\/2022\/11\/Rollerderby_02-b.jpg 1000w\" sizes=\"auto, (max-width: 284px) 100vw, 284px\" \/>Bock auf Roller Derby?<\/h2>\n<p>Wir sind stets auf der Suche nach neuen Skater*innen (FLINTA*) und Schiedsrichter*innen (all-gender).<\/p>\n<p>Um teilzunehmen brauchst du keine Vorerfahrungen im Skaten oder Sport. Zu gro\u00df, klein, dick oder d\u00fcnn gibt es bei uns nicht!<\/p>\n<p>Wenn Rollschuhfahren nicht so dein Ding ist, kannst du uns auch als NSO (Non-Skating-Official) unterst\u00fctzen.<\/p>\n<p>Alle wichtigen Skills und Regeln lernst du in unserem Beginner-Kurs. Dieser ist in zwei Phasen unterteilt (1. Skating Basics, 2. Blocken &amp; Kontakt) die jeweils etwa 8 Wochen dauern.<\/p>\n<p>Wann der n\u00e4chste Kurs startet, erf\u00e4hrst du \u00fcber unsere Social Media Kan\u00e4le oder per E-Mail (<a href=\"mailto:rollerderby@tsvschott.de\">rollerderby@tsvschott.de<\/a>). Schreib uns gerne eine Nachricht, um ein Schnuppertraining zu vereinbaren.<\/p>\n<p>*(offen f\u00fcr Frauen, Inter-, nicht-bin\u00e4re, Trans- und Agender Personen).[\/vc_column_text][vc_single_image image=&#8220;9&#8243; img_size=&#8220;full&#8220; alignment=&#8220;center&#8220;][\/vc_column][vc_column width=&#8220;1\/4&#8243;][vc_column_text css=&#8220;&#8220;]<\/p>\n<h3>Trainingszeiten<\/h3>\n<hr \/>\n<p><strong>Beginner<\/strong><\/p>\n<p>Mittwochs 20:00 \u2013 22:00 Uhr<br \/>\nSonntags 18:00 \u2013 20:00 Uhr<\/p>\n<p><strong>Advanced<\/strong><\/p>\n<p>Mittwochs 20:00 \u2013 22:00 Uhr<br \/>\nSonntags 16:00 \u2013 18:00 Uhr<\/p>\n<p>Erich-Schott-Halle (TSV Schott Gel\u00e4nde)<\/p>\n<h3>Kontakt<\/h3>\n<hr \/>\n<p>Anmeldungen zum Probetraining und sonstige Anfragen bitte \u00fcber die folgende E-Mail-Adresse: <a href=\"mailto:rollerderby@tsvschott.de\">rollerderby@tsvschott.de<\/a><b>\u00a0<\/b><\/p>\n<h3>Social Media<\/h3>\n<hr \/>\n<p><a href=\"https:\/\/www.facebook.com\/ManiacMonstersMainz\" target=\"_blank\" rel=\"noopener\"><img loading=\"lazy\" decoding=\"async\" class=\"alignnone size-full wp-image-12\" src=\"https:\/\/tsvschott.de\/roller-derby\/wp-content\/uploads\/sites\/28\/2022\/11\/facebook-icon.png\" alt=\"\" width=\"38\" height=\"37\" \/><\/a> \u00a0\u00a0\u00a0\u00a0\u00a0 <a href=\"https:\/\/www.instagram.com\/maniacmonstersmainz\/\" target=\"_blank\" rel=\"noopener\"><img loading=\"lazy\" decoding=\"async\" class=\"alignnone size-full wp-image-11\" src=\"https:\/\/tsvschott.de\/roller-derby\/wp-content\/uploads\/sites\/28\/2022\/11\/instagram-icon.png\" alt=\"\" width=\"38\" height=\"38\" \/><\/a><\/p>\n<h3>Ansprechpartnerinnen<\/h3>\n<hr \/>\n<p>Vorstand: <a href=\"rollerderby@tsvschott.de\"><span data-olk-copy-source=\"MessageBody\">Uta Lenn\u00e9<\/span><\/a><br \/>\nTraining: Jana Borgmann[\/vc_column_text][\/vc_column][\/vc_row]<\/p>\n<\/div>","protected":false},"excerpt":{"rendered":"<p>[vc_row][vc_column width=&#8220;3\/4&#8243;][vc_column_text] Was ist Roller Derby? Roller Derby ist eine Vollkontakt-Sportart auf Rollschuhen. Es wird auf einer ovalen Bahn gespielt, dem sogenannten \u201eTrack\u201c. Ein Spiel dauert insgesamt eine Stunde (zwei Halbzeiten \u00e0 30 Minuten) und ist nochmal in maximal zweimin\u00fctige Runden (\u201eJams\u201c) eingeteilt. Es treten zwei Teams gegeneinander an, die pro Jam vier Blocker*innen und [&hellip;]<\/p>\n","protected":false},"author":55,"featured_media":0,"parent":0,"menu_order":0,"comment_status":"closed","ping_status":"closed","template":"","meta":{"footnotes":""},"class_list":["post-2","page","type-page","status-publish","hentry"],"_links":{"self":[{"href":"https:\/\/tsvschott.de\/roller-derby\/wp-json\/wp\/v2\/pages\/2","targetHints":{"allow":["GET"]}}],"collection":[{"href":"https:\/\/tsvschott.de\/roller-derby\/wp-json\/wp\/v2\/pages"}],"about":[{"href":"https:\/\/tsvschott.de\/roller-derby\/wp-json\/wp\/v2\/types\/page"}],"author":[{"embeddable":true,"href":"https:\/\/tsvschott.de\/roller-derby\/wp-json\/wp\/v2\/users\/55"}],"replies":[{"embeddable":true,"href":"https:\/\/tsvschott.de\/roller-derby\/wp-json\/wp\/v2\/comments?post=2"}],"version-history":[{"count":17,"href":"https:\/\/tsvschott.de\/roller-derby\/wp-json\/wp\/v2\/pages\/2\/revisions"}],"predecessor-version":[{"id":64,"href":"https:\/\/tsvschott.de\/roller-derby\/wp-json\/wp\/v2\/pages\/2\/revisions\/64"}],"wp:attachment":[{"href":"https:\/\/tsvschott.de\/roller-derby\/wp-json\/wp\/v2\/media?parent=2"}],"curies":[{"name":"wp","href":"https:\/\/api.w.org\/{rel}","templated":true}]}}