{"id":2899,"date":"2015-08-17T15:11:02","date_gmt":"2015-08-17T13:11:02","guid":{"rendered":"http:\/\/tsvschott.de\/fussball\/?page_id=2899"},"modified":"2025-07-19T10:45:19","modified_gmt":"2025-07-19T08:45:19","slug":"start","status":"publish","type":"page","link":"https:\/\/tsvschott.de\/seniorensport\/","title":{"rendered":"Home"},"content":{"rendered":"<div class=\"wpb-content-wrapper\"><p>[vc_row][vc_column][vc_empty_space][vc_column_text]<\/p>\n<h1 style=\"text-align: center\">Herzlich Willkommen auf der Seite Seniorensport-Akademie<\/h1>\n<p>[\/vc_column_text][\/vc_column][\/vc_row][vc_row][vc_column][vc_separator color=&#8220;blue&#8220;][\/vc_column][\/vc_row][vc_row][vc_column][vc_single_image image=&#8220;3498&#8243; img_size=&#8220;full&#8220;][\/vc_column][\/vc_row][vc_row][vc_column][vc_column_text]<\/p>\n<h2><\/h2>\n<h3><span style=\"color: #1e73be\">Fit und aktiv bis ins hohe Alter<\/span><\/h3>\n<p><span style=\"color: #000000\">Unsere Abteilung hat sich zum Ziel gesetzt Menschen nach dem Ausscheiden aus der beruflichen T\u00e4tigkeit k\u00f6rperlich fit zu halten. Es d\u00fcrfen nat\u00fcrlich auch j\u00fcngere kommen! Jeder kann sich, seinen F\u00e4higkeiten entsprechend, in netter Gesellschaft sportlich bet\u00e4tigen.\u00a0Wir sind eine junggebliebene Sportgruppe. Die Kommunikation, der Austausch, das weitere Kn\u00fcpfen von Kontakten und das Treffen Gleichgesinnter wird auf jeden Fall im Sinne unserer Abteilungsziele unter dem Aspekt gemeinsamer Freizeitgestaltung und geselligem Beisammensein von unserer Abteilungsleitung aktiv unterst\u00fctzt.<\/span>[\/vc_column_text][vc_empty_space][vc_cta h2=&#8220;Kursplan der Seniorensport-Akademie&#8220; h4=&#8220;Wochen\u00fcbersicht&#8220; txt_align=&#8220;center&#8220; css=&#8220;&#8220;]<a href=\"https:\/\/widgets.yolawo.de\/w\/66fa739353cd9911b197918a\">Hier geht es zum Plan<\/a>[\/vc_cta][vc_raw_html css=&#8220;&#8220;]JTNDaWZyYW1lJTIwaWQlM0QlMjI2NmZhNzM5MzUzY2Q5OTExYjE5NzkxOGElMjIlMjB3aWR0aCUzRCUyMjEwMCUyNSUyMiUyMGhlaWdodCUzRCUyMjE1MCUyMiUyMGNsYXNzJTNEJTIyeW9sYXdvLXdpZGdldCUyMiUyMGFsbG93JTNEJTIycGF5bWVudCUyMiUyMHNyYyUzRCUyMmh0dHBzJTNBJTJGJTJGd2lkZ2V0cy55b2xhd28uZGUlMkZ3JTJGNjZmYTczOTM1M2NkOTkxMWIxOTc5MThhJTIyJTIwZnJhbWVib3JkZXIlM0QlMjIwJTIyJTIwZGF0YS1vZmZzZXQteCUzRCUyMjUwJTIyJTIwc2Nyb2xsaW5nJTNEJTIybm8lMjIlM0UlM0MlMkZpZnJhbWUlM0UlM0NzY3JpcHQlMjB0eXBlJTNEJTIydGV4dCUyRmphdmFzY3JpcHQlMjIlMjBzcmMlM0QlMjJodHRwcyUzQSUyRiUyRndpZGdldHMueW9sYXdvLmRlJTJGYXNzZXRzJTJGc2NyaXB0LmpzJTIyJTNFJTNDJTJGc2NyaXB0JTNF[\/vc_raw_html][\/vc_column][\/vc_row][vc_row][vc_column][vc_text_separator title=&#8220;Angebote&#8220; color=&#8220;blue&#8220;][\/vc_column][\/vc_row][vc_row][vc_column][vc_tabs interval=&#8220;0&#8243;][vc_tab title=&#8220;Funktionsgymnastik&#8220; tab_id=&#8220;aadcb2d3-b7ab-9&#8243;][vc_column_text]<span style=\"color: #000000\"><strong>abwechslungsreiche Funktionsgymnastik <\/strong><\/span><\/p>\n<p><span style=\"color: #000000\"><strong>Dienstag\u00a010:30\u201311:30 Uhr\u00a0<\/strong>\u00a0 <\/span><br \/>\n<span style=\"color: #000000\"><strong>Donnerstag 10:00\u201311:00 Uhr<\/strong><br \/>\n<\/span><\/p>\n<p><span style=\"color: #000000\">Trainerin: Annett Boller; Sportwissenschaftlerin, M.A.<\/span><\/p>\n<p><span style=\"color: #000000\">Momentan findet die Gymnastik auf der Au\u00dfenanlage (Sportfeld\/Laufbahn) statt.<\/span><\/p>\n<p><span style=\"color: #000000\">Sie sind herzlich zum Probetraining eingeladen!<\/span>[\/vc_column_text][\/vc_tab][vc_tab title=&#8220;Gymnastik, Sport &amp; Spiel&#8220; tab_id=&#8220;1649417037271-4-8&#8243;][vc_column_text]<span style=\"color: #000000\">Die Abendgruppe<strong> Gymnastik, Sport &amp; Spiel <\/strong>trifft sich auf der Bezirkssportanlage Mombach (BSA)<\/span><\/p>\n<p><span style=\"color: #000000\"><strong>Montag und Freitag jeweils von 18:00-20:00 Uhr<\/strong><\/span><\/p>\n<p><span style=\"color: #000000\">Das Training besteht aus zwei Teilen:<\/span><br \/>\n<span style=\"color: #000000\">Der 1. Teil: Allgemeine Kondition, Bewegungskoordination, Gleichgewichts\u00fcbungen,<\/span><br \/>\n<span style=\"color: #000000\">Geschicklichkeit sowie Kr\u00e4ftigung und Dehnung.<\/span><br \/>\n<span style=\"color: #000000\">Der 2. Teil: Spielelemente wie Volleyball (Beachvolleyball), Fu\u00dfballtennis u.a. Sportarten.<\/span><\/p>\n<p><span style=\"color: #000000\">Trainer: Diplomsportlehrer Gerd Plachetka<\/span><br \/>\n<span style=\"color: #000000\">Kontakt: Gerd Plachetka\u00a0\u00a0\u00a0\u00a0\u00a0 E-Mail:<\/span> <a href=\"mailto:Gerd.Plachetka@t-online.de\">Gerd.Plachetka@t-online.de<\/a>[\/vc_column_text][\/vc_tab][vc_tab title=&#8220;Nordic Walking&#8220; tab_id=&#8220;1d4c736f-fbc1-0&#8243;][vc_column_text]<span style=\"color: #000000\">Die <strong>Nordic Walking Gruppe <\/strong>trifft sich im Gonsenheimer Wald oder nach Absprache.<\/span><\/p>\n<p><span style=\"color: #000000\">Die Laufstrecke betr\u00e4gt ca. 4-6 km.<\/span><\/p>\n<p><span style=\"color: #000000\"><strong>Dienstag 09:00-10:00 Uhr<\/strong>.<\/span><\/p>\n<p><span style=\"color: #000000\">Kontakt: Peter Klecker\u00a0\u00a0\u00a0\u00a0\u00a0\u00a0\u00a0\u00a0 E-Mail: <\/span><a href=\"mailto:peter.klecker@freenet.de\">peter.klecker@freenet.de<\/a>[\/vc_column_text][\/vc_tab][vc_tab title=&#8220;Kegeln&#8220; tab_id=&#8220;1439898377428-2-4&#8243;][vc_column_text]<span style=\"color: #000000\">Die <strong>Kegelgruppe <\/strong>trifft sich auf den Kegelbahnen im Otto-Schott-Sportzentrum<\/span><\/p>\n<p><span style=\"color: #000000\"><strong>Freitag 13:30-16:00 Uhr<\/strong><\/span><\/p>\n<p><span style=\"color: #000000\">Kontakt: Gerhard Schwetje\u00a0 E-Mail:<\/span> <a href=\"mailto:gschwetje@t-online.de\">gschwetje@t-online.de<\/a>[\/vc_column_text][\/vc_tab][vc_tab title=&#8220;Wandern &amp; Radtouren&#8220; tab_id=&#8220;1439899564426-3-0&#8243;][vc_column_text]<span style=\"color: #000000\"><strong>Wander- u. Radtouren <\/strong>finden meist in der n\u00e4heren Umgebung an unregelm\u00e4\u00dfigen Terminen<\/span><br \/>\n<span style=\"color: #000000\">statt. Die Termine werden rechtzeitig \u00fcber den Nachrichtenverteiler bekannt gegeben.<\/span><br \/>\n<span style=\"color: #000000\">Gelegentlich stehen auch Tagesbesuche von kulturellen und technischen Einrichtungen<\/span><br \/>\n<span style=\"color: #000000\">mit einem Reisebus auf dem Programm.<\/span><br \/>\n<span style=\"color: #000000\">Au\u00dferdem werden St\u00e4dtetouren mit F\u00fchrungen und Museumsbesuchen etc. angeboten.<\/span><br \/>\n<span style=\"color: #000000\">Allj\u00e4hrlich wird eine einw\u00f6chige Radwandertour organisiert.<\/span><\/p>\n<p><span style=\"color: #000000\">Hinweis zur Wander- und Radtour:<\/span><br \/>\n<span style=\"color: #000000\">Mitmachen k\u00f6nnen auch Angeh\u00f6rige und G\u00e4ste nach Entrichtung der Eigenbeteiligung.<\/span>[\/vc_column_text][\/vc_tab][vc_tab title=&#8220;Ged\u00e4chtnistraining: Denken in Bewegung&#8220; tab_id=&#8220;1724762365249-5-3&#8243;][vc_column_text css=&#8220;&#8220;]Denken und Bewegen mit viel Spa\u00df<\/p>\n<p>Ein ganzheitliches Bewegungsprogramm zur F\u00f6rderung der geistigen und k\u00f6rperlichen Gesundheit ohne Leistungsdruck. Der einst\u00fcndige Kurs, ein Wechselspiel von An \u2013 und Entspannung in Anlehnung der Trainingsziele des Ganzheitlichen Ged\u00e4chtnistrainings.<\/p>\n<p>Treffpunkt: immer montags, 10 Uhr, am Service Point, Gel\u00e4nde TSV SCHOTT, Karlsbaderstr.23<\/p>\n<p>Kursleitung: Petra Senftleben, zertifizierte Ged\u00e4chtnistrainerin des BVGT e.V., Fachpr\u00e4ventologin f\u00fcr geistige Fitness.<\/p>\n<p>Infos und Anmeldung: <a href=\"mailto:senf25pet@t-online.de\">senf25pet@t-online.de<\/a> oder einfach vorbeikommen.[\/vc_column_text][\/vc_tab][vc_tab title=&#8220;Yoga&#8220; tab_id=&#8220;1724762720296-6-8&#8243;][vc_column_text css=&#8220;&#8220;]Yoga ist in jedem Alter gut. Yoga f\u00fcr alle \u00dc50 ist an die k\u00f6rperlichen, geistigen und seelischen Ver\u00e4nderungen im Alter angepasst.<\/p>\n<p>Freitags, 10:00 &#8211; 11:00 Uhr mit Anja im Gymnastikraum 2<\/p>\n<p>Da die Pl\u00e4tze nur begrenzt zur Verf\u00fcgung stehen, ist eine Anmeldung dringend erforderlich!<\/p>\n<p><a href=\"https:\/\/widgets.yolawo.de\/w\/0\/offers\/6509a3393f53d779e02269cb\">Anmeldung<\/a>[\/vc_column_text][\/vc_tab][\/vc_tabs][vc_empty_space][vc_single_image image=&#8220;4222&#8243; img_size=&#8220;medium&#8220; alignment=&#8220;center&#8220; css=&#8220;&#8220;][\/vc_column][\/vc_row][vc_row][\/vc_row][vc_row][vc_column][vc_text_separator title=&#8220;Abteilungsleitung&#8220; color=&#8220;blue&#8220;][\/vc_column][\/vc_row][vc_row][vc_column width=&#8220;1\/2&#8243;][vc_single_image image=&#8220;4306&#8243; img_size=&#8220;full&#8220; css=&#8220;&#8220;][\/vc_column][vc_column width=&#8220;1\/2&#8243;][vc_column_text css=&#8220;&#8220;]<strong><span style=\"color: #000000\">Fachbereichs- und Abteilungsleiterin:<\/span><\/strong><br \/>\n<span style=\"color: #000000\">Annett Boller<\/span><\/p>\n<p><strong><span style=\"color: #000000\">Stellv. Abteilungsleiter:<\/span><\/strong><br \/>\n<span style=\"color: #000000\">Siegfried G\u00fcnther<\/span><\/p>\n<p><strong><span style=\"color: #000000\">Kassenwartin:<\/span><\/strong><br \/>\n<span style=\"color: #000000\">Rosemarie Sellesnick<\/span><\/p>\n<p><strong><span style=\"color: #000000\">Schriftf\u00fchrer:<\/span><\/strong><br \/>\n<span style=\"color: #000000\">Dr.\u00a0Burkhard Speit<\/span><\/p>\n<p><strong><span style=\"color: #000000\">Stellv. Schriftf\u00fchrer:<\/span><\/strong><br \/>\n<span style=\"color: #000000\">Gerd Schwetje<\/span><\/p>\n<p><strong><span style=\"color: #000000\">Medien\/Website:<\/span><\/strong><br \/>\n<span style=\"color: #000000\">Peter Klecker<\/span><\/p>\n<p><strong><span style=\"color: #000000\">Trainerin + Kontakt:<\/span><\/strong><br \/>\n<span style=\"color: #000000\">Annett Boller<\/span><br \/>\n<span style=\"color: #000000\">Sportwissenschaftlerin M.A<\/span><br \/>\n<span style=\"color: #000000\">E-Mail: <a style=\"color: #000000\" href=\"mailto:annett.boller@tsvschott.de\">annett.boller@tsvschott.de<\/a><\/span>[\/vc_column_text][vc_empty_space][\/vc_column][\/vc_row][vc_row][vc_column][vc_text_separator title=&#8220;Links&#8220; color=&#8220;blue&#8220;][\/vc_column][\/vc_row][vc_row][vc_column][vc_row_inner][vc_column_inner width=&#8220;1\/3&#8243;][vc_btn title=&#8220;Chronik&#8220; color=&#8220;blue&#8220; size=&#8220;lg&#8220; align=&#8220;center&#8220; i_icon_fontawesome=&#8220;fa fa-star&#8220; css_animation=&#8220;appear&#8220; css=&#8220;.vc_custom_1532116360436{background-color: #ffffff !important;}&#8220; add_icon=&#8220;true&#8220; link=&#8220;url:https%3A%2F%2Ftsvschott.de%2Fseniorensport%2Fchronik%2F|||&#8220;][\/vc_column_inner][vc_column_inner width=&#8220;1\/3&#8243;][vc_btn title=&#8220;Bildergalerie&#8220; color=&#8220;blue&#8220; size=&#8220;lg&#8220; align=&#8220;center&#8220; i_icon_fontawesome=&#8220;&#8220; css_animation=&#8220;appear&#8220; add_icon=&#8220;true&#8220; link=&#8220;url:https%3A%2F%2Ftsvschott.de%2Fseniorensport%2Fbildergalerie%2F&#8220;][\/vc_column_inner][vc_column_inner width=&#8220;1\/3&#8243;][vc_btn title=&#8220;Facebook&#8220; color=&#8220;blue&#8220; size=&#8220;lg&#8220; align=&#8220;center&#8220; i_icon_fontawesome=&#8220;fa fa-facebook-square&#8220; css_animation=&#8220;appear&#8220; add_icon=&#8220;true&#8220; link=&#8220;url:https%3A%2F%2Fwww.facebook.com%2FSeniorensport%2F%3Fhc_ref%3DARSw4Cg5ikv8QwzqKapJcDbvtiYNUvJxcA10XqRSUFkoLGveyUa5PuiBYmevkEmWACY|title:Seniorensport%20SCHOTT-Facebook|target:%20_blank|&#8220;][\/vc_column_inner][\/vc_row_inner][vc_column_text][\/vc_column_text][vc_empty_space][\/vc_column][\/vc_row][vc_row][vc_column][vc_text_separator title=&#8220;Auszeichungen&#8220; color=&#8220;blue&#8220;][\/vc_column][\/vc_row][vc_row equal_height=&#8220;yes&#8220; css=&#8220;.vc_custom_1698500240959{margin-right: 10px !important;margin-bottom: 40px !important;}&#8220;][vc_column width=&#8220;1\/2&#8243; css=&#8220;.vc_custom_1698500877289{margin-top: 10px !important;margin-right: 10px !important;margin-bottom: 10px !important;margin-left: 10px !important;background-color: #e5eff6 !important;}&#8220;][vc_icon icon_fontawesome=&#8220;fas fa-medal&#8220; color=&#8220;custom&#8220; background_style=&#8220;rounded&#8220; background_color=&#8220;white&#8220; align=&#8220;center&#8220; custom_color=&#8220;#1e73be&#8220;][vc_column_text css=&#8220;&#8220;]2023 erhielten wir den \u201eSportPreis Mainz\u201c f\u00fcr die Neugr\u00fcndung der Seniorensport-Akademie mit au\u00dfergew\u00f6hnlichen und innovativen Angeboten.(siehe hierzu auch Bildergalerie Verleihung im Oktober 2023)[\/vc_column_text][\/vc_column][vc_column width=&#8220;1\/2&#8243; css=&#8220;.vc_custom_1698500709147{margin-top: 10px !important;margin-right: 10px !important;margin-bottom: 10px !important;margin-left: 10px !important;background-color: #e5eff6 !important;}&#8220;][vc_icon icon_fontawesome=&#8220;fas fa-award&#8220; color=&#8220;custom&#8220; background_style=&#8220;rounded&#8220; background_color=&#8220;white&#8220; align=&#8220;center&#8220; custom_color=&#8220;#1e73be&#8220;][vc_column_text css=&#8220;&#8220;]2024 wurde uns das Qualit\u00e4tssiegel<br \/>\n\u201eSeniorenfreundlicher Sportverein\u201c vom Sportbund Rheinhessen verliehen![\/vc_column_text][\/vc_column][\/vc_row][vc_row][vc_column][\/vc_column][\/vc_row]<\/p>\n<\/div>","protected":false},"excerpt":{"rendered":"<p>[vc_row][vc_column][vc_empty_space][vc_column_text] Herzlich Willkommen auf der Seite Seniorensport-Akademie [\/vc_column_text][\/vc_column][\/vc_row][vc_row][vc_column][vc_separator color=&#8220;blue&#8220;][\/vc_column][\/vc_row][vc_row][vc_column][vc_single_image image=&#8220;3498&#8243; img_size=&#8220;full&#8220;][\/vc_column][\/vc_row][vc_row][vc_column][vc_column_text] Fit und aktiv bis ins hohe Alter Unsere Abteilung hat sich zum Ziel gesetzt Menschen nach dem Ausscheiden aus der beruflichen T\u00e4tigkeit k\u00f6rperlich fit zu halten. Es d\u00fcrfen nat\u00fcrlich auch j\u00fcngere kommen! Jeder kann sich, seinen F\u00e4higkeiten entsprechend, in netter Gesellschaft sportlich bet\u00e4tigen.\u00a0Wir sind [&hellip;]<\/p>\n","protected":false},"author":12,"featured_media":0,"parent":0,"menu_order":2,"comment_status":"closed","ping_status":"closed","template":"template-blank-page.php","meta":{"footnotes":""},"class_list":["post-2899","page","type-page","status-publish","hentry"],"_links":{"self":[{"href":"https:\/\/tsvschott.de\/seniorensport\/wp-json\/wp\/v2\/pages\/2899","targetHints":{"allow":["GET"]}}],"collection":[{"href":"https:\/\/tsvschott.de\/seniorensport\/wp-json\/wp\/v2\/pages"}],"about":[{"href":"https:\/\/tsvschott.de\/seniorensport\/wp-json\/wp\/v2\/types\/page"}],"author":[{"embeddable":true,"href":"https:\/\/tsvschott.de\/seniorensport\/wp-json\/wp\/v2\/users\/12"}],"replies":[{"embeddable":true,"href":"https:\/\/tsvschott.de\/seniorensport\/wp-json\/wp\/v2\/comments?post=2899"}],"version-history":[{"count":235,"href":"https:\/\/tsvschott.de\/seniorensport\/wp-json\/wp\/v2\/pages\/2899\/revisions"}],"predecessor-version":[{"id":4308,"href":"https:\/\/tsvschott.de\/seniorensport\/wp-json\/wp\/v2\/pages\/2899\/revisions\/4308"}],"wp:attachment":[{"href":"https:\/\/tsvschott.de\/seniorensport\/wp-json\/wp\/v2\/media?parent=2899"}],"curies":[{"name":"wp","href":"https:\/\/api.w.org\/{rel}","templated":true}]}}