{"id":3584,"date":"2018-07-20T22:13:46","date_gmt":"2018-07-20T20:13:46","guid":{"rendered":"https:\/\/tsvschott.de\/seniorensport\/?page_id=3584"},"modified":"2024-08-27T15:03:35","modified_gmt":"2024-08-27T13:03:35","slug":"chronik","status":"publish","type":"page","link":"https:\/\/tsvschott.de\/seniorensport\/chronik\/","title":{"rendered":"Chronik"},"content":{"rendered":"<div class=\"wpb-content-wrapper\"><p>[vc_row][vc_column][vc_column_text][\/vc_column_text][vc_column_text css=&#8220;&#8220;]<\/p>\n<h2><\/h2>\n<h2>Entwicklung der Abteilung &#8222;Seniorensport &amp; Freizeitgestaltung&#8220; bis zur Seniorensport-Akademie<\/h2>\n<p><em>von Manfred Sellesnick, erg\u00e4nzt von Annett Boller <\/em><\/p>\n<p>Urspr\u00fcnglich war Seniorensport eine Gruppe in der Abteilung Turnen des TSV unter der Leitung von <em>Edmund Eichhorn<\/em> bis 25.04.1990. Danach durch Neuwahl <em>Georg Fraunhofer<\/em>, weil E. Eichhorn aus Krankheitsgr\u00fcnden auf eine Wiederwahl verzichtete. Georg Fraunhofer strebte aber gleich eine eigenst\u00e4ndige Abteilung \u201eSeniorensport\u201c, mit Antrag vom 16.3.1990 in der Generalversammlung des TSV Schott, an. Abstimmung dar\u00fcber erfolgte aber erst am 11.3.1992. Dabei wurde entschieden die Abteilung \u201eTurnen\u201c wird aufgeteilt:<br \/>\nin eine Abteilung: \u201eTurnen, Frauen-Kinder-Leistungsgruppe\u201c<br \/>\nund eine eigenst\u00e4ndige Abteilung: <strong><u>\u201eSeniorensport, Freizeitgestaltung, Gymnastik, Kegeln\u201c<\/u>.<\/strong><\/p>\n<h5>Damit gilt der 11. M\u00e4rz 1992 als Geburtsdatum unserer Abteilung.<\/h5>\n<p>Begr\u00fcndung: Die Abteilung kann nun den Senioren, sowohl sportlich als auch finanziell, besser gerecht werden.<br \/>\nGeorg Fraunhofer leitete die Abteilung mit einem Interimsvorstand bis zur Neuwahl am 19.2.1993.<\/p>\n<p>Vorsitzender: \u00a0\u00a0 \u00a0 \u00a0 H. Georg Fraunhofer<br \/>\nStellvertreter: \u00a0\u00a0\u00a0 \u00a0 Margot Martin\u00a0\u00a0\u00a0\u00a0\u00a0\u00a0\u00a0\u00a0\u00a0\u00a0\u00a0\u00a0\u00a0\u00a0\u00a0\u00a0 Schriftf\u00fchrerin: \u00a0\u00a0 Thea Horn<br \/>\nKassenwart:\u00a0\u00a0\u00a0\u00a0\u00a0\u00a0\u00a0\u00a0 Willi Horn\u00a0\u00a0\u00a0\u00a0\u00a0\u00a0\u00a0\u00a0\u00a0\u00a0\u00a0\u00a0\u00a0\u00a0\u00a0\u00a0\u00a0\u00a0\u00a0\u00a0\u00a0\u00a0\u00a0\u00a0Wanderwart:\u00a0\u00a0\u00a0\u00a0\u00a0\u00a0\u00a0 Franz Leukel<\/p>\n<p>Auf Wunsch von Georg Fraunhofer wurde ich 1995 sein Stellvertreter. Bei der Neuwahl 1996 trat G. Fraunhofer aus Gesundheitsgr\u00fcnden zur\u00fcck und ich wurde sein Nachfolger. In den Anfangsjahren unserer Abteilung haben wir besonderen Wert darauf gelegt, K\u00f6rper und Geist zu st\u00e4rken durch spezielle Gruppenschulungen, wie zus\u00e4tzliche R\u00fcckenschulen, Judo, Tai-Chi, Rot-Kreuz-Kurse 1. Hilfe. Auch das Zusammen\u00adgeh\u00f6rigkeitsgef\u00fchl wurde gef\u00f6rdert, besonders im Todesfall von Ehepartnern wird der Zur\u00fcckgebliebene aufgefangen. So wurden wir mehrfach von Mitgliedern als Sportfamilie angenommen. Die Wanderwochen, oft zweimal im Jahr, haben auch dazu beigetragen. Bis 2007 habe ich die Abteilung in seinem Sinne weitergef\u00fchrt. Zur Neuwahl stand ich nicht mehr zur Verf\u00fcgung, weil der Vorstand verj\u00fcngt werden sollte. Mein Vorschlag als Nachfolger war Wolfgang Kr\u00e4mer. Er wurde gew\u00e4hlt und wollte zur Neuwahl in 2016 seinen Nachfolger vorschlagen. Das war ihm leider nicht mehr m\u00f6glich.<\/p>\n<p><img loading=\"lazy\" decoding=\"async\" class=\"aligncenter wp-image-3590 size-full\" src=\"https:\/\/tsvschott.de\/seniorensport\/wp-content\/uploads\/sites\/9\/2018\/07\/Unbenannt.jpg\" alt=\"\" width=\"641\" height=\"606\" srcset=\"https:\/\/tsvschott.de\/seniorensport\/wp-content\/uploads\/sites\/9\/2018\/07\/Unbenannt.jpg 641w, https:\/\/tsvschott.de\/seniorensport\/wp-content\/uploads\/sites\/9\/2018\/07\/Unbenannt-382x361.jpg 382w\" sizes=\"auto, (max-width: 641px) 100vw, 641px\" \/><\/p>\n<hr \/>\n<h2><\/h2>\n<h2><\/h2>\n<h2 style=\"text-align: center\">Die Seniorengruppe in der Turnabteilung entwickelt sich zur eigenen Abteilung<\/h2>\n<h5 style=\"text-align: center\"><img loading=\"lazy\" decoding=\"async\" class=\"aligncenter wp-image-3603\" src=\"https:\/\/tsvschott.de\/seniorensport\/wp-content\/uploads\/sites\/9\/2018\/07\/1990_Seniorengruppe1.jpg\" alt=\"\" width=\"1200\" height=\"800\" srcset=\"https:\/\/tsvschott.de\/seniorensport\/wp-content\/uploads\/sites\/9\/2018\/07\/1990_Seniorengruppe1.jpg 1997w, https:\/\/tsvschott.de\/seniorensport\/wp-content\/uploads\/sites\/9\/2018\/07\/1990_Seniorengruppe1-382x255.jpg 382w, https:\/\/tsvschott.de\/seniorensport\/wp-content\/uploads\/sites\/9\/2018\/07\/1990_Seniorengruppe1-768x512.jpg 768w, https:\/\/tsvschott.de\/seniorensport\/wp-content\/uploads\/sites\/9\/2018\/07\/1990_Seniorengruppe1-798x532.jpg 798w\" sizes=\"auto, (max-width: 1200px) 100vw, 1200px\" \/>Bild im Jahre 1990<\/h5>\n<p>&nbsp;<\/p>\n<hr \/>\n<h2><\/h2>\n<h2 style=\"text-align: center\">Auszug aus dem TSV SCHOTT-Spiegel im Jahre 2000<\/h2>\n<p><img loading=\"lazy\" decoding=\"async\" class=\"aligncenter wp-image-3714\" src=\"https:\/\/tsvschott.de\/seniorensport\/wp-content\/uploads\/sites\/9\/2018\/08\/1-TSV_Schott-Heft2000c.jpg\" alt=\"\" width=\"900\" height=\"2000\" srcset=\"https:\/\/tsvschott.de\/seniorensport\/wp-content\/uploads\/sites\/9\/2018\/08\/1-TSV_Schott-Heft2000c.jpg 1180w, https:\/\/tsvschott.de\/seniorensport\/wp-content\/uploads\/sites\/9\/2018\/08\/1-TSV_Schott-Heft2000c-172x382.jpg 172w, https:\/\/tsvschott.de\/seniorensport\/wp-content\/uploads\/sites\/9\/2018\/08\/1-TSV_Schott-Heft2000c-768x1707.jpg 768w, https:\/\/tsvschott.de\/seniorensport\/wp-content\/uploads\/sites\/9\/2018\/08\/1-TSV_Schott-Heft2000c-359x798.jpg 359w\" sizes=\"auto, (max-width: 900px) 100vw, 900px\" \/><\/p>\n<p>&nbsp;<\/p>\n<hr \/>\n<h2><\/h2>\n<h2 style=\"text-align: center\">Die\u00a0Abteilung\u00a0&#8222;Seniorensport &amp; Freizeitgestaltung&#8220;<\/h2>\n<h2 style=\"text-align: center\">des\u00a0TSV SCHOTT feiert ihr Wanderjubil\u00e4um im Juli 2001<\/h2>\n<h2><img loading=\"lazy\" decoding=\"async\" class=\"aligncenter wp-image-3648\" src=\"https:\/\/tsvschott.de\/seniorensport\/wp-content\/uploads\/sites\/9\/2018\/07\/2001_07Wanderung2a.jpg\" alt=\"\" width=\"800\" height=\"800\" srcset=\"https:\/\/tsvschott.de\/seniorensport\/wp-content\/uploads\/sites\/9\/2018\/07\/2001_07Wanderung2a.jpg 1586w, https:\/\/tsvschott.de\/seniorensport\/wp-content\/uploads\/sites\/9\/2018\/07\/2001_07Wanderung2a-200x200.jpg 200w, https:\/\/tsvschott.de\/seniorensport\/wp-content\/uploads\/sites\/9\/2018\/07\/2001_07Wanderung2a-382x382.jpg 382w, https:\/\/tsvschott.de\/seniorensport\/wp-content\/uploads\/sites\/9\/2018\/07\/2001_07Wanderung2a-768x768.jpg 768w, https:\/\/tsvschott.de\/seniorensport\/wp-content\/uploads\/sites\/9\/2018\/07\/2001_07Wanderung2a-798x798.jpg 798w, https:\/\/tsvschott.de\/seniorensport\/wp-content\/uploads\/sites\/9\/2018\/07\/2001_07Wanderung2a-80x80.jpg 80w, https:\/\/tsvschott.de\/seniorensport\/wp-content\/uploads\/sites\/9\/2018\/07\/2001_07Wanderung2a-500x500.jpg 500w, https:\/\/tsvschott.de\/seniorensport\/wp-content\/uploads\/sites\/9\/2018\/07\/2001_07Wanderung2a-65x65.jpg 65w\" sizes=\"auto, (max-width: 800px) 100vw, 800px\" \/><\/h2>\n<hr \/>\n<h2><\/h2>\n<h2 style=\"text-align: center\">10 Jahre TSV SCHOTT &#8222;Seniorensport &amp; Freizeitgestaltung&#8220; im M\u00e4rz 2002<\/h2>\n<p><img loading=\"lazy\" decoding=\"async\" class=\"aligncenter wp-image-3628 size-full\" src=\"https:\/\/tsvschott.de\/seniorensport\/wp-content\/uploads\/sites\/9\/2018\/07\/2002_03Senioren10Ja.jpg\" alt=\"\" width=\"1624\" height=\"1118\" srcset=\"https:\/\/tsvschott.de\/seniorensport\/wp-content\/uploads\/sites\/9\/2018\/07\/2002_03Senioren10Ja.jpg 1624w, https:\/\/tsvschott.de\/seniorensport\/wp-content\/uploads\/sites\/9\/2018\/07\/2002_03Senioren10Ja-382x263.jpg 382w, https:\/\/tsvschott.de\/seniorensport\/wp-content\/uploads\/sites\/9\/2018\/07\/2002_03Senioren10Ja-768x529.jpg 768w, https:\/\/tsvschott.de\/seniorensport\/wp-content\/uploads\/sites\/9\/2018\/07\/2002_03Senioren10Ja-798x549.jpg 798w\" sizes=\"auto, (max-width: 1624px) 100vw, 1624px\" \/>[\/vc_column_text][vc_separator color=&#8220;blue&#8220;][vc_column_text css=&#8220;&#8220;]Im Jahr 2005 \u00fcbernahm Annett Boller, damals noch Studentin der Sportwissenschaften an der Uni Mainz, das Bewegungstraining der Seniorensportgruppe. Mit viel Herz leitete sie erst eine Stunde, sp\u00e4ter 2 Stunden und Nordic Walking an.<\/p>\n<p>Mit mehr Erfahrung kamen immer mehr Aktivit\u00e4ten hinzu, so dass die Abteilung wuchs und wuchs. Leider starb ihr Mentor und F\u00f6rderer Wolfgang Kr\u00e4mer unerwartet und somit gab es keine Abteilungsleitung mehr. Annett konnte sich als junge Frau durchsetzen und \u00fcbernahm 2016 das Amt der Abteilungsleitung.<\/p>\n<p>Schon lange wuchs in ihren Gedanken die Idee einer Seniorensport-Akademie heran, die die Einheit von K\u00f6rper, Geist und Seele der Senioren f\u00f6rdern soll und ihnen einen zweiten Lebensbereich anbietet.<\/p>\n<p>Nach der Pandemie setzte sie Schritt f\u00fcr Schritt mit den Kooperationspartnern BKK Linde und dem Sportwissenschaftlichen Institut der JGU Mainz ihre Idee der Seniorensport-Akademie um.[\/vc_column_text][vc_gallery type=&#8220;flexslider_slide&#8220; interval=&#8220;0&#8243; images=&#8220;3651,3631,3632,3633,3634,3635,3636,3637,3638,3639,3650,3640,3641,3642&#8243; img_size=&#8220;full&#8220; onclick=&#8220;&#8220; title=&#8220;Alte Bildersammlung&#8220;][\/vc_column][\/vc_row][vc_row][vc_column][\/vc_column][\/vc_row]<\/p>\n<\/div>","protected":false},"excerpt":{"rendered":"<p>[vc_row][vc_column][vc_column_text][\/vc_column_text][vc_column_text css=&#8220;&#8220;] Entwicklung der Abteilung &#8222;Seniorensport &amp; Freizeitgestaltung&#8220; bis zur Seniorensport-Akademie von Manfred Sellesnick, erg\u00e4nzt von Annett Boller Urspr\u00fcnglich war Seniorensport eine Gruppe in der Abteilung Turnen des TSV unter der Leitung von Edmund Eichhorn bis 25.04.1990. Danach durch Neuwahl Georg Fraunhofer, weil E. Eichhorn aus Krankheitsgr\u00fcnden auf eine Wiederwahl verzichtete. Georg Fraunhofer strebte aber [&hellip;]<\/p>\n","protected":false},"author":12,"featured_media":0,"parent":0,"menu_order":3,"comment_status":"closed","ping_status":"closed","template":"","meta":{"footnotes":""},"class_list":["post-3584","page","type-page","status-publish","hentry"],"_links":{"self":[{"href":"https:\/\/tsvschott.de\/seniorensport\/wp-json\/wp\/v2\/pages\/3584","targetHints":{"allow":["GET"]}}],"collection":[{"href":"https:\/\/tsvschott.de\/seniorensport\/wp-json\/wp\/v2\/pages"}],"about":[{"href":"https:\/\/tsvschott.de\/seniorensport\/wp-json\/wp\/v2\/types\/page"}],"author":[{"embeddable":true,"href":"https:\/\/tsvschott.de\/seniorensport\/wp-json\/wp\/v2\/users\/12"}],"replies":[{"embeddable":true,"href":"https:\/\/tsvschott.de\/seniorensport\/wp-json\/wp\/v2\/comments?post=3584"}],"version-history":[{"count":58,"href":"https:\/\/tsvschott.de\/seniorensport\/wp-json\/wp\/v2\/pages\/3584\/revisions"}],"predecessor-version":[{"id":4210,"href":"https:\/\/tsvschott.de\/seniorensport\/wp-json\/wp\/v2\/pages\/3584\/revisions\/4210"}],"wp:attachment":[{"href":"https:\/\/tsvschott.de\/seniorensport\/wp-json\/wp\/v2\/media?parent=3584"}],"curies":[{"name":"wp","href":"https:\/\/api.w.org\/{rel}","templated":true}]}}