{"id":3612,"date":"2018-07-21T14:16:15","date_gmt":"2018-07-21T12:16:15","guid":{"rendered":"https:\/\/tsvschott.de\/seniorensport\/?page_id=3612"},"modified":"2025-12-20T13:46:48","modified_gmt":"2025-12-20T12:46:48","slug":"bildergalerie","status":"publish","type":"page","link":"https:\/\/tsvschott.de\/seniorensport\/bildergalerie\/","title":{"rendered":"Bildergalerie"},"content":{"rendered":"<div class=\"wpb-content-wrapper\"><p>[vc_row][vc_column][vc_column_text]<\/p>\n<h2>Bilder von unseren sportlichen und sonstigen Aktivit\u00e4ten<\/h2>\n<p>[\/vc_column_text][vc_tta_accordion active_section=&#8220;0&#8243;][vc_tta_section title=&#8220;Weihnachtsfeier Dezember 2025&#8243; tab_id=&#8220;1766234539484-66083cb3-c57e&#8220;][vc_row_inner][vc_column_inner width=&#8220;2\/3&#8243;][vc_gallery type=&#8220;flexslider_slide&#8220; interval=&#8220;0&#8243; images=&#8220;4323,4324,4325,4326,4327,4328,4329,4330,4331,4332,4333,4334,4335,4336&#8243; img_size=&#8220;full&#8220; onclick=&#8220;&#8220; css=&#8220;&#8220;][\/vc_column_inner][vc_column_inner width=&#8220;1\/3&#8243;][\/vc_column_inner][\/vc_row_inner][\/vc_tta_section][vc_tta_section title=&#8220;Rundwanderung Lenneberg Oktober 2025&#8243; tab_id=&#8220;1763926242126-dabde73e-c63b&#8220;][vc_row_inner][vc_column_inner width=&#8220;2\/3&#8243;][vc_gallery type=&#8220;flexslider_slide&#8220; interval=&#8220;0&#8243; images=&#8220;4310,4311,4312,4313,4314,4315,4316,4317,4318,4319&#8243; img_size=&#8220;full&#8220; onclick=&#8220;&#8220; css=&#8220;&#8220;][\/vc_column_inner][vc_column_inner width=&#8220;1\/3&#8243;][\/vc_column_inner][\/vc_row_inner][\/vc_tta_section][vc_tta_section title=&#8220;SWR-Treffpunkt April 2025&#8243; tab_id=&#8220;1746906581894-2d4b8b84-889b&#8220;][vc_row_inner][vc_column_inner width=&#8220;2\/3&#8243;][vc_gallery type=&#8220;flexslider_slide&#8220; interval=&#8220;0&#8243; images=&#8220;4291,4292,4293,4294,4295,4296,4297,4298,4299,4300,4301&#8243; img_size=&#8220;full&#8220; onclick=&#8220;&#8220; css=&#8220;&#8220;][\/vc_column_inner][vc_column_inner width=&#8220;1\/3&#8243;][\/vc_column_inner][\/vc_row_inner][\/vc_tta_section][vc_tta_section title=&#8220;ZDF-Volle Kanne M\u00e4rz 2025&#8243; tab_id=&#8220;1746906582779-2c3c103f-aebb&#8220;][vc_row_inner][vc_column_inner width=&#8220;2\/3&#8243;][vc_gallery type=&#8220;flexslider_slide&#8220; interval=&#8220;0&#8243; images=&#8220;4279,4280,4281,4282,4283,4284,4285,4286,4287,4288,4289,4290&#8243; img_size=&#8220;full&#8220; onclick=&#8220;&#8220; css=&#8220;&#8220;][\/vc_column_inner][vc_column_inner width=&#8220;1\/3&#8243;][\/vc_column_inner][\/vc_row_inner][\/vc_tta_section][vc_tta_section title=&#8220;Rheinhessen-Bewegt Februar 2025&#8243; tab_id=&#8220;1746906778885-054b4935-8403&#8243;][vc_row_inner][vc_column_inner width=&#8220;2\/3&#8243;][vc_gallery type=&#8220;flexslider_slide&#8220; interval=&#8220;0&#8243; images=&#8220;4273,4274,4275,4276,4277,4278&#8243; img_size=&#8220;full&#8220; onclick=&#8220;&#8220; css=&#8220;&#8220;][\/vc_column_inner][vc_column_inner width=&#8220;1\/3&#8243;][\/vc_column_inner][\/vc_row_inner][\/vc_tta_section][vc_tta_section title=&#8220;Altweiber-Fastnacht Februar 2025&#8243; tab_id=&#8220;1741263322119-8fa4a2e5-2c91&#8243;][vc_row_inner][vc_column_inner width=&#8220;2\/3&#8243;][vc_gallery type=&#8220;flexslider_slide&#8220; interval=&#8220;0&#8243; images=&#8220;4252,4253,4254,4255,4256,4257,4258,4259&#8243; img_size=&#8220;full&#8220; onclick=&#8220;&#8220; css=&#8220;&#8220;][\/vc_column_inner][vc_column_inner width=&#8220;1\/3&#8243;][\/vc_column_inner][\/vc_row_inner][\/vc_tta_section][vc_tta_section title=&#8220;Wanderung R\u00fcsselsheim-Kostheim Februar 2025&#8243; tab_id=&#8220;1741263323085-788cebd6-09b0&#8243;][vc_row_inner][vc_column_inner width=&#8220;2\/3&#8243;][vc_gallery type=&#8220;flexslider_slide&#8220; interval=&#8220;0&#8243; images=&#8220;4261,4262,4263,4264,4265,4266,4267,4268&#8243; img_size=&#8220;full&#8220; onclick=&#8220;&#8220; css=&#8220;&#8220;][\/vc_column_inner][vc_column_inner width=&#8220;1\/3&#8243;][\/vc_column_inner][\/vc_row_inner][\/vc_tta_section][vc_tta_section title=&#8220;Weihnachtsfeier Dezember 2024&#8243; tab_id=&#8220;1736075002858-15ba0e78-3614&#8243;][vc_row_inner][vc_column_inner width=&#8220;2\/3&#8243;][vc_gallery type=&#8220;flexslider_slide&#8220; interval=&#8220;0&#8243; images=&#8220;4234,4235,4236,4237,4238,4239,4240,4241,4242,4243,4244,4245,4246&#8243; img_size=&#8220;full&#8220; onclick=&#8220;&#8220; css=&#8220;&#8220;][\/vc_column_inner][vc_column_inner width=&#8220;1\/3&#8243;][\/vc_column_inner][\/vc_row_inner][\/vc_tta_section][vc_tta_section title=&#8220;Preisverleihung Stern des Sports August 2024&#8243; tab_id=&#8220;1724962570728-db72e1b0-1022&#8243;][vc_row_inner][vc_column_inner width=&#8220;2\/3&#8243;][vc_gallery type=&#8220;flexslider_slide&#8220; interval=&#8220;0&#8243; images=&#8220;4213,4214,4215,4218,4219,4212&#8243; img_size=&#8220;full&#8220; onclick=&#8220;&#8220; css=&#8220;&#8220;][\/vc_column_inner][vc_column_inner width=&#8220;1\/3&#8243;][\/vc_column_inner][\/vc_row_inner][\/vc_tta_section][vc_tta_section title=&#8220;Wanderung Binger Wald Juni 2024&#8243; tab_id=&#8220;1723896237692-78800b98-6546&#8243;][vc_row_inner][vc_column_inner width=&#8220;2\/3&#8243;][vc_gallery type=&#8220;flexslider_slide&#8220; interval=&#8220;0&#8243; images=&#8220;4189,4190,4191,4192,4193,4194,4195,4188&#8243; img_size=&#8220;full&#8220; onclick=&#8220;&#8220; css=&#8220;&#8220;][\/vc_column_inner][vc_column_inner width=&#8220;1\/3&#8243;][\/vc_column_inner][\/vc_row_inner][\/vc_tta_section][vc_tta_section title=&#8220;Abteilungsversammlung Juni 2024&#8243; tab_id=&#8220;1723896238973-db8321e4-a5db&#8220;][vc_gallery type=&#8220;flexslider_slide&#8220; interval=&#8220;0&#8243; images=&#8220;4171,4172,4173,4174,4175,4176,4177,4170&#8243; img_size=&#8220;full&#8220; onclick=&#8220;&#8220; css=&#8220;&#8220;][\/vc_tta_section][vc_tta_section title=&#8220;Wanderung Finthen-Bretzenheim Februar 2024&#8243; tab_id=&#8220;1723896239547-cd977d0a-db96&#8243;][vc_gallery type=&#8220;flexslider_slide&#8220; interval=&#8220;0&#8243; images=&#8220;4179,4180,4181,4182,4183,4184,4185,4186,4187,4178&#8243; img_size=&#8220;full&#8220; onclick=&#8220;&#8220; css=&#8220;&#8220;][\/vc_tta_section][vc_tta_section title=&#8220;Weihnachtsfeier Dezember 2023&#8243; tab_id=&#8220;1702731434914-06095eaf-5cbf&#8220;][vc_row_inner][vc_column_inner width=&#8220;2\/3&#8243;][vc_gallery type=&#8220;flexslider_slide&#8220; interval=&#8220;0&#8243; images=&#8220;4151,4152,4153,4154,4155,4156,4157,4158,4159,4160&#8243; img_size=&#8220;large&#8220; onclick=&#8220;&#8220;][\/vc_column_inner][vc_column_inner width=&#8220;1\/3&#8243;][\/vc_column_inner][\/vc_row_inner][\/vc_tta_section][vc_tta_section title=&#8220;SportPreis Mainz 2022 &#8211; Verleihung im Oktober 2023&#8243; tab_id=&#8220;1698498693237-3a475d64-0e52&#8243;][vc_row_inner][vc_column_inner width=&#8220;2\/3&#8243;][vc_gallery type=&#8220;flexslider_slide&#8220; interval=&#8220;0&#8243; images=&#8220;4112,4113,4114,4115,4116,4117,4118,4119&#8243; img_size=&#8220;large&#8220; onclick=&#8220;&#8220;][\/vc_column_inner][vc_column_inner width=&#8220;1\/3&#8243;][\/vc_column_inner][\/vc_row_inner][\/vc_tta_section][vc_tta_section title=&#8220;Wanderung K\u00f6nigstein-Schneidhain Oktober 2023&#8243; tab_id=&#8220;1698498617026-99b67a6f-56fa&#8220;][vc_gallery type=&#8220;flexslider_slide&#8220; interval=&#8220;0&#8243; images=&#8220;4101,4102,4103,4104,4105,4106,4107,4108,4109,4110,4111&#8243; img_size=&#8220;full&#8220; onclick=&#8220;&#8220;][\/vc_tta_section][vc_tta_section title=&#8220;Wanderung Wiesbaden-Eiserne Hand August 2023&#8243; tab_id=&#8220;1698498616032-58cade66-59d3&#8243;][vc_gallery type=&#8220;flexslider_slide&#8220; interval=&#8220;0&#8243; images=&#8220;4088,4089,4090,4091,4092,4093,4094,4095,4096,4097&#8243; img_size=&#8220;full&#8220; onclick=&#8220;&#8220;][\/vc_tta_section][vc_tta_section title=&#8220;Vereinsfest 70 Jahre TSV Schott im Juni 2023&#8243; tab_id=&#8220;1698498613543-3e973c23-0ae2&#8243;][vc_gallery type=&#8220;flexslider_slide&#8220; interval=&#8220;0&#8243; images=&#8220;4085,4086,4087&#8243; img_size=&#8220;full&#8220; onclick=&#8220;&#8220;][\/vc_tta_section][vc_tta_section title=&#8220;Abteilungsversammlung Mai 2023&#8243; tab_id=&#8220;1702730491697-7bb62f5b-4471&#8243;][vc_row_inner][vc_column_inner width=&#8220;2\/3&#8243;][vc_gallery type=&#8220;flexslider_slide&#8220; interval=&#8220;0&#8243; images=&#8220;4139,4140,4141,4142,4143,4144,4145&#8243; img_size=&#8220;large&#8220; onclick=&#8220;&#8220;][\/vc_column_inner][vc_column_inner width=&#8220;1\/3&#8243;][\/vc_column_inner][\/vc_row_inner][\/vc_tta_section][vc_tta_section title=&#8220;Wanderung Hechtsheim-Ebersheim M\u00e4rz 2023&#8243; tab_id=&#8220;1677846080029-b001353b-4c5c&#8220;][vc_gallery type=&#8220;flexslider_slide&#8220; interval=&#8220;0&#8243; images=&#8220;4070,4071,4072,4073,4074,4075,4076,4077,4078,4079&#8243; img_size=&#8220;full&#8220; onclick=&#8220;&#8220;][\/vc_tta_section][vc_tta_section title=&#8220;SWR DOC Fischer \u201eSport im Winter\u201c Februar 2023&#8243; tab_id=&#8220;1677846079340-25719e12-c708&#8243;][vc_column_text]Das SWR-Fernsehteam besuchte uns in der Gymnastikstunde![\/vc_column_text][vc_gallery type=&#8220;flexslider_slide&#8220; interval=&#8220;0&#8243; images=&#8220;4061,4062,4063,4064,4065,4066,4067,4068,4069&#8243; img_size=&#8220;full&#8220; onclick=&#8220;&#8220;][\/vc_tta_section][vc_tta_section title=&#8220;Weihnachtfeier Dezember 2022&#8243; tab_id=&#8220;1670148715519-ea08005e-4489&#8243;][vc_gallery type=&#8220;flexslider_slide&#8220; interval=&#8220;0&#8243; images=&#8220;4022,4023,4024,4025,4026,4027,4028,4029,4030,4031,4032,4033,4034,4035,4036&#8243; img_size=&#8220;full&#8220; onclick=&#8220;&#8220;][\/vc_tta_section][vc_tta_section title=&#8220;SWR-Aktuell Fernsehteam Oktober 2022&#8243; tab_id=&#8220;1670156363197-ac2267f4-7c44&#8243;][vc_column_text]Das SWR-Aktuell Fernsehteam besuchte uns in der Gymnastikstunde und beim Padel-Tennis![\/vc_column_text][vc_gallery type=&#8220;flexslider_slide&#8220; interval=&#8220;0&#8243; images=&#8220;4038,4039,4040,4041,4042,4043,4044,4045,4046&#8243; img_size=&#8220;full&#8220; onclick=&#8220;&#8220;][\/vc_tta_section][vc_tta_section title=&#8220;30-j\u00e4hrige Jubil\u00e4umsfeier u. Sommerfest Juli 2022&#8243; tab_id=&#8220;1659098090491-7944d1f7-0d37&#8243;][vc_column_text]30 Jahre Seniorensport beim TSV SCHOTT in Mainz! Im Weingut Christophorus-Hof in Hechtsheim haben die Senioren ihr Jubil\u00e4um gefeiert.[\/vc_column_text][vc_gallery type=&#8220;flexslider_slide&#8220; interval=&#8220;0&#8243; images=&#8220;3973,3974,3975,3976,3977,3978,3979,3980,3981,3982,3983,3984,3985,3986,3987&#8243; img_size=&#8220;full&#8220; onclick=&#8220;&#8220;][\/vc_tta_section][vc_tta_section title=&#8220;Abteilungsversammlung Mai 2022&#8243; tab_id=&#8220;1670956225062-e622e6ff-119e&#8220;][vc_gallery type=&#8220;flexslider_slide&#8220; interval=&#8220;0&#8243; images=&#8220;4056,4050,4051,4052,4053,4054,4055&#8243; img_size=&#8220;full&#8220; onclick=&#8220;&#8220;][\/vc_tta_section][vc_tta_section title=&#8220;Bilder von der Gruppe Gymnastik, Sport &amp; Spiel&#8220; tab_id=&#8220;1649417741901-d47005e9-6a30&#8243;][vc_gallery type=&#8220;flexslider_slide&#8220; interval=&#8220;0&#8243; images=&#8220;3962,3963,3964&#8243; img_size=&#8220;full&#8220; onclick=&#8220;&#8220;][\/vc_tta_section][vc_tta_section title=&#8220;Wanderung Geisenheim September 2021&#8243; tab_id=&#8220;1632478790015-5224a17a-069d&#8220;][vc_gallery type=&#8220;flexslider_slide&#8220; interval=&#8220;0&#8243; images=&#8220;3940,3941,3942,3943,3944,3945&#8243; img_size=&#8220;full&#8220; onclick=&#8220;&#8220;][\/vc_tta_section][vc_tta_section title=&#8220;Abteilungsversammlung in Coronazeit September 2021&#8243; tab_id=&#8220;1632930161151-65590b73-50f0&#8243;][vc_gallery type=&#8220;flexslider_slide&#8220; interval=&#8220;0&#8243; images=&#8220;3951,3952,3953,3954,3950&#8243; img_size=&#8220;full&#8220; onclick=&#8220;&#8220;][\/vc_tta_section][vc_tta_section tab_id=&#8220;1632478789407-1cc50d35-ac03&#8243; title=&#8220;Online-Gymnastik\/Ged\u00e4chtnistraining Januar-Juli 2021&#8243;][vc_gallery type=&#8220;flexslider_slide&#8220; interval=&#8220;0&#8243; images=&#8220;3935,3936,3937,3938,3939&#8243; img_size=&#8220;full&#8220; onclick=&#8220;&#8220;][\/vc_tta_section][vc_tta_section title=&#8220;Wanderung Hochheim Oktober 2020&#8243; tab_id=&#8220;1632478788176-818a9894-5d9d&#8220;][vc_gallery type=&#8220;flexslider_slide&#8220; interval=&#8220;0&#8243; images=&#8220;3929,3930,3931,3932,3933&#8243; img_size=&#8220;full&#8220; onclick=&#8220;&#8220;][\/vc_tta_section][vc_tta_section title=&#8220;Home-Gymnastik von M\u00e4rz-Mai 2020&#8243; tab_id=&#8220;1595682373871-5b0a795a-27ab&#8220;][vc_column_text]<span style=\"color: #000000\">So sah das Home-Meeting mit Annett aus, um den Lockdown und die unsch\u00f6ne \u201eCorona-Zeit\u201c zu \u00fcberbr\u00fccken.<\/span><\/p>\n<p><span style=\"color: #000000\">\u2026danach starteten wir einen Neuanfang im Freien mit Hygienevorschrift und Abstandsregelung.<\/span>[\/vc_column_text][vc_gallery type=&#8220;flexslider_slide&#8220; interval=&#8220;0&#8243; images=&#8220;3906,3905,3904,3903,3907&#8243; img_size=&#8220;full&#8220; onclick=&#8220;&#8220;][\/vc_tta_section][vc_tta_section title=&#8220;Weihnachtsfeier Dezember 2019&#8243; tab_id=&#8220;1595682371246-cdd0c783-b39f&#8220;][vc_gallery type=&#8220;flexslider_slide&#8220; interval=&#8220;0&#8243; images=&#8220;3896,3897,3898,3899,3900,3901,3902&#8243; img_size=&#8220;full&#8220; onclick=&#8220;&#8220;][\/vc_tta_section][vc_tta_section title=&#8220;Weihnachtsmarkt Heidelberg Dezember 2019&#8243; tab_id=&#8220;1595682370176-a92e055c-da74&#8243;][vc_gallery type=&#8220;flexslider_slide&#8220; interval=&#8220;0&#8243; images=&#8220;3888,3889,3890,3891,3892,3893,3894,3895&#8243; img_size=&#8220;full&#8220; onclick=&#8220;&#8220;][\/vc_tta_section][vc_tta_section title=&#8220;Herbstwanderung Neubergroute-Ober Olm Oktober 2019&#8243; tab_id=&#8220;1595682369017-773e1201-9b81&#8243;][vc_gallery type=&#8220;flexslider_slide&#8220; interval=&#8220;0&#8243; images=&#8220;3884,3885,3886,3887&#8243; img_size=&#8220;full&#8220; onclick=&#8220;&#8220;][\/vc_tta_section][vc_tta_section title=&#8220;Besichtigung der Bundesbank\/Geldmuseum-Ffm September 2019&#8243; tab_id=&#8220;1595682367746-4b4e7398-8c9d&#8220;][vc_gallery type=&#8220;flexslider_slide&#8220; interval=&#8220;0&#8243; images=&#8220;3878,3879,3880,3881,3882,3883&#8243; img_size=&#8220;full&#8220; onclick=&#8220;&#8220;][\/vc_tta_section][vc_tta_section title=&#8220;Sommerfest Juli 2019&#8243; tab_id=&#8220;1595682366237-5c6f7f1f-9089&#8243;][vc_gallery type=&#8220;flexslider_slide&#8220; interval=&#8220;0&#8243; images=&#8220;3874,3875,3876,3877&#8243; img_size=&#8220;full&#8220; onclick=&#8220;&#8220;][\/vc_tta_section][vc_tta_section title=&#8220;Rundwanderung Laubenheimer-Ried April 2019&#8243; tab_id=&#8220;1595682364878-134d49be-dd4e&#8220;][vc_gallery type=&#8220;flexslider_slide&#8220; interval=&#8220;0&#8243; images=&#8220;3870,3871,3872,3873&#8243; img_size=&#8220;full&#8220; onclick=&#8220;&#8220;][\/vc_tta_section][vc_tta_section title=&#8220;Wanderung Hechtsheim-Ebersheim M\u00e4rz 2019&#8243; tab_id=&#8220;1595682362450-1253b93f-a38f&#8220;][vc_gallery type=&#8220;flexslider_slide&#8220; interval=&#8220;0&#8243; images=&#8220;3867,3868,3869&#8243; img_size=&#8220;full&#8220; onclick=&#8220;&#8220;][\/vc_tta_section][vc_tta_section title=&#8220;Wanderung Bretzenheim-Mainz Hbf Februar 2019&#8243; tab_id=&#8220;1595682325844-db981e45-925c&#8220;][vc_gallery type=&#8220;flexslider_slide&#8220; interval=&#8220;0&#8243; images=&#8220;3864,3865,3866&#8243; img_size=&#8220;full&#8220; onclick=&#8220;&#8220;][\/vc_tta_section][vc_tta_section title=&#8220;Weihnachtsfeier Dezember 2018&#8243; tab_id=&#8220;1544647546875-86eca155-2044&#8243;][vc_gallery type=&#8220;flexslider_slide&#8220; interval=&#8220;0&#8243; images=&#8220;3785,3786,3787,3788,3789,3790,3791,3792&#8243; img_size=&#8220;full&#8220; onclick=&#8220;&#8220;][\/vc_tta_section][vc_tta_section title=&#8220;Weihnachtsmarkt in R\u00fcdesheim Dezember 2018&#8243; tab_id=&#8220;1544647545629-59797611-a74b&#8220;][vc_gallery type=&#8220;flexslider_slide&#8220; interval=&#8220;0&#8243; images=&#8220;3778,3779,3780,3781,3782,3783,3784&#8243; img_size=&#8220;full&#8220; onclick=&#8220;&#8220;][\/vc_tta_section][vc_tta_section title=&#8220;Wanderung mit Ziegeleif\u00fchrung November 2018&#8243; tab_id=&#8220;1542134819294-b7a6e89b-4221&#8243;][vc_gallery type=&#8220;flexslider_slide&#8220; interval=&#8220;0&#8243; images=&#8220;3765,3767,3766,3769,3768,3770,3771,3772&#8243; img_size=&#8220;full&#8220; onclick=&#8220;&#8220;][\/vc_tta_section][vc_tta_section title=&#8220;Hechtsheimwanderung und ZDF-F\u00fchrung Oktober 2018&#8243; tab_id=&#8220;1539374044069-230d7833-c6d7&#8243;][vc_gallery interval=&#8220;0&#8243; images=&#8220;3755,3756,3757,3758,3759,3760,3761,3762&#8243; img_size=&#8220;full&#8220; onclick=&#8220;&#8220;][\/vc_tta_section][vc_tta_section title=&#8220;Weinbergfahrt in Nierstein September 2018&#8243; tab_id=&#8220;1536408894101-b5b069f8-1e21&#8243;][vc_gallery type=&#8220;flexslider_slide&#8220; interval=&#8220;0&#8243; images=&#8220;3736,3744,3730,3745,3747,3731,3732,3733,3748,3749,3740,3734,3750&#8243; img_size=&#8220;full&#8220; onclick=&#8220;&#8220;][\/vc_tta_section][vc_tta_section title=&#8220;Sommerfest Juli 2018&#8243; tab_id=&#8220;1532174736695-2ed9df7d-7eac&#8220;][vc_gallery type=&#8220;flexslider_slide&#8220; interval=&#8220;0&#8243; images=&#8220;3613,3614,3615,3616,3617,3618,3619&#8243; img_size=&#8220;full&#8220; onclick=&#8220;&#8220;][\/vc_tta_section][vc_tta_section title=&#8220;Rundwanderung Frauenstein Juli 2018&#8243; tab_id=&#8220;1531400126214-5dc94c78-e9a5&#8243;][vc_gallery type=&#8220;flexslider_slide&#8220; interval=&#8220;0&#8243; images=&#8220;3487,3488,3464&#8243; img_size=&#8220;large&#8220; onclick=&#8220;&#8220;][\/vc_tta_section][vc_tta_section title=&#8220;Landesgartenschau in Bad Schwalbach Juni 2018&#8243; tab_id=&#8220;1531400126436-912fbedf-19da&#8220;][vc_gallery type=&#8220;flexslider_slide&#8220; interval=&#8220;0&#8243; images=&#8220;3494,3495,3496,3493&#8243; img_size=&#8220;large&#8220; onclick=&#8220;&#8220;][\/vc_tta_section][vc_tta_section title=&#8220;Kirschbl\u00fctenwanderung von Wackernheim nach Ingelheim April 2018&#8243; tab_id=&#8220;1531402525094-faccc29d-049a&#8220;][vc_column_text]<\/p>\n<div id=\"js_f\" class=\"_5pbx userContent _3576\">\n<p><span style=\"color: #000000\">Bei herrlichem Wetter wanderten die Senioren Richtung Burgunderhof in Ober-Ingelheim, wo wir uns bei leckerem Essen st\u00e4rken. Danach ging es an der Selz entlang weiter bis nach Ingelheim zum Eisessen.<\/span><br \/>\n<span style=\"color: #000000\">Unterwegs trafen wir Stefan Spangenberg bei seiner Vorbereitung f\u00fcr seine Pilgerwanderung von Ingelheim nach Jersusalem zu Gunsten der Deutsche Multiple Sklerose <\/span><span style=\"color: #000000\">Gesellschaft DMSG (<a style=\"color: #000000\" href=\"http:\/\/www.dmsg-rlp.de\/\" target=\"_blank\" rel=\"nofollow noopener noreferrer\"><span style=\"color: #0000ff\">www.dmsg-rlp.de<\/span><\/a>)<\/span><br \/>\n<span style=\"color: #000000\"><a style=\"color: #000000\" href=\"https:\/\/l.facebook.com\/l.php?u=https%3A%2F%2Fmeinwegnachjerusalem.wordpress.com%2F&amp;h=AT3kEYMMdzvlAOTL6Ev6aEmMOS4YVU9k4bLZMTG-YqqynF74dEH-rhA4otxSuO3pPd1iTsG1UhxfGJ1RnbQ7Gz86gXa-6Tu6p6yRi0M0mTdUXmdsCCnicy7IjkYEGcief2zO7N_JgYq9Ad3Abp1BLljNXmyeONjDEtgPFdg\" target=\"_blank\" rel=\"nofollow noopener noreferrer\"><span style=\"color: #333399\"><span style=\"color: #0000ff\">https:\/\/meinwegnachjerusalem.wordpress.com<\/span><\/span><\/a><\/span><\/p>\n<\/div>\n<div class=\"_3x-2\">\n<div>\n<div class=\"mtm\">\n<p class=\"_2a2q\">\n<\/div>\n<\/div>\n<\/div>\n<p>[\/vc_column_text][vc_gallery type=&#8220;flexslider_slide&#8220; interval=&#8220;0&#8243; images=&#8220;3503,3504,3505,3506&#8243; img_size=&#8220;full&#8220; onclick=&#8220;&#8220;][\/vc_tta_section][vc_tta_section title=&#8220;Weihnachtsfeier Dezember 2017&#8243; tab_id=&#8220;1531403429257-a754ac0c-2e62&#8243;][vc_gallery type=&#8220;flexslider_slide&#8220; interval=&#8220;0&#8243; images=&#8220;3509,3510,3511,3512&#8243; img_size=&#8220;large&#8220; onclick=&#8220;&#8220;][\/vc_tta_section][vc_tta_section title=&#8220;Nikolausmarkt in Landau Dezember 2017&#8243; tab_id=&#8220;1531406185194-69414d0c-e949&#8243;][vc_gallery type=&#8220;flexslider_slide&#8220; interval=&#8220;0&#8243; images=&#8220;3538,3539,3540,3541&#8243; img_size=&#8220;full&#8220; onclick=&#8220;&#8220;][\/vc_tta_section][vc_tta_section title=&#8220;25-j\u00e4hrige Jubil\u00e4umsfeier August 2017&#8243; tab_id=&#8220;1531402098817-79faa7bf-1cab&#8220;][vc_column_text]25 Jahre Seniorensport beim TSV SCHOTT in Mainz! Im Weingut Hofmann in Bretzenheim haben die Senioren ihr Jubil\u00e4um gefeiert[\/vc_column_text][vc_gallery type=&#8220;flexslider_slide&#8220; interval=&#8220;0&#8243; images=&#8220;3498,3499,3500,3501&#8243; img_size=&#8220;full&#8220; onclick=&#8220;&#8220;][\/vc_tta_section][vc_tta_section title=&#8220;An der Uni-Mainz M\u00e4rz 2012&#8243; tab_id=&#8220;1532514526882-08bc9ba9-32ac&#8220;][vc_column_text]Der TSV Schott und die Johannes Gutenberg-Universit\u00e4t gehen eine Kooperation ein, um die Lehre von Sport-studenten zu unterst\u00fctzen. Zu uns werden in Zukunft Studenten kommen, die \u00fcber einen l\u00e4ngeren Zeitraum in unserer Seniorensportgruppe hospitieren, Stunden halten und mit einer Lehrprobe ihre Zeit bei uns abschlie\u00dfen. Da wir diese Leistung nicht komplett in unserer Mittwochsstunde abdecken k\u00f6nnen, haben wir nun eine zus\u00e4tzliche Stunde f\u00fcr Seniorensportler eingerichtet. Lehrprobe an der Gutenberg Universit\u00e4t<\/p>\n<p><em>\u00a0\u00a0\u00a0\u00a0\u00a0\u00a0\u00a0\u00a0\u00a0\u00a0\u00a0\u00a0\u00a0\u00a0\u00a0\u00a0\u00a0\u00a0\u00a0\u00a0\u00a0\u00a0\u00a0\u00a0\u00a0\u00a0\u00a0\u00a0\u00a0\u00a0\u00a0\u00a0\u00a0\u00a0\u00a0\u00a0\u00a0\u00a0\u00a0\u00a0\u00a0\u00a0\u00a0\u00a0\u00a0\u00a0\u00a0\u00a0\u00a0\u00a0\u00a0\u00a0\u00a0\u00a0\u00a0\u00a0\u00a0\u00a0\u00a0\u00a0 Bericht von Wolfgang Kr\u00e4mer im Jahr 2012<\/em>[\/vc_column_text][vc_gallery type=&#8220;flexslider_slide&#8220; interval=&#8220;0&#8243; images=&#8220;3692,3693,3697,3694,3695,3696&#8243; img_size=&#8220;full&#8220; onclick=&#8220;&#8220;][\/vc_tta_section][vc_tta_section title=&#8220;Berlinreise Juni 2006&#8243; tab_id=&#8220;1532521432885-19435779-8c85&#8243;][vc_gallery type=&#8220;flexslider_slide&#8220; interval=&#8220;0&#8243; images=&#8220;3699&#8243; img_size=&#8220;full&#8220; onclick=&#8220;&#8220;][\/vc_tta_section][vc_tta_section title=&#8220;Vorf\u00fchrung bei der Rheinland Pfalz-Ausstellung M\u00e4rz 2005&#8243; tab_id=&#8220;1532468048089-91de476d-9151&#8243;][vc_gallery type=&#8220;flexslider_slide&#8220; interval=&#8220;0&#8243; images=&#8220;3683,3652,3684,3685,3686&#8243; img_size=&#8220;full&#8220; onclick=&#8220;&#8220;][\/vc_tta_section][\/vc_tta_accordion][\/vc_column][\/vc_row]<\/p>\n<\/div>","protected":false},"excerpt":{"rendered":"<p>[vc_row][vc_column][vc_column_text] Bilder von unseren sportlichen und sonstigen Aktivit\u00e4ten [\/vc_column_text][vc_tta_accordion active_section=&#8220;0&#8243;][vc_tta_section title=&#8220;Weihnachtsfeier Dezember 2025&#8243; tab_id=&#8220;1766234539484-66083cb3-c57e&#8220;][vc_row_inner][vc_column_inner width=&#8220;2\/3&#8243;][vc_gallery type=&#8220;flexslider_slide&#8220; interval=&#8220;0&#8243; images=&#8220;4323,4324,4325,4326,4327,4328,4329,4330,4331,4332,4333,4334,4335,4336&#8243; img_size=&#8220;full&#8220; onclick=&#8220;&#8220; css=&#8220;&#8220;][\/vc_column_inner][vc_column_inner width=&#8220;1\/3&#8243;][\/vc_column_inner][\/vc_row_inner][\/vc_tta_section][vc_tta_section title=&#8220;Rundwanderung Lenneberg Oktober 2025&#8243; tab_id=&#8220;1763926242126-dabde73e-c63b&#8220;][vc_row_inner][vc_column_inner width=&#8220;2\/3&#8243;][vc_gallery type=&#8220;flexslider_slide&#8220; interval=&#8220;0&#8243; images=&#8220;4310,4311,4312,4313,4314,4315,4316,4317,4318,4319&#8243; img_size=&#8220;full&#8220; onclick=&#8220;&#8220; css=&#8220;&#8220;][\/vc_column_inner][vc_column_inner width=&#8220;1\/3&#8243;][\/vc_column_inner][\/vc_row_inner][\/vc_tta_section][vc_tta_section title=&#8220;SWR-Treffpunkt April 2025&#8243; tab_id=&#8220;1746906581894-2d4b8b84-889b&#8220;][vc_row_inner][vc_column_inner width=&#8220;2\/3&#8243;][vc_gallery type=&#8220;flexslider_slide&#8220; interval=&#8220;0&#8243; images=&#8220;4291,4292,4293,4294,4295,4296,4297,4298,4299,4300,4301&#8243; img_size=&#8220;full&#8220; onclick=&#8220;&#8220; css=&#8220;&#8220;][\/vc_column_inner][vc_column_inner width=&#8220;1\/3&#8243;][\/vc_column_inner][\/vc_row_inner][\/vc_tta_section][vc_tta_section title=&#8220;ZDF-Volle Kanne M\u00e4rz 2025&#8243; tab_id=&#8220;1746906582779-2c3c103f-aebb&#8220;][vc_row_inner][vc_column_inner width=&#8220;2\/3&#8243;][vc_gallery type=&#8220;flexslider_slide&#8220; interval=&#8220;0&#8243; [&hellip;]<\/p>\n","protected":false},"author":12,"featured_media":0,"parent":0,"menu_order":1,"comment_status":"closed","ping_status":"closed","template":"","meta":{"footnotes":""},"class_list":["post-3612","page","type-page","status-publish","hentry"],"_links":{"self":[{"href":"https:\/\/tsvschott.de\/seniorensport\/wp-json\/wp\/v2\/pages\/3612","targetHints":{"allow":["GET"]}}],"collection":[{"href":"https:\/\/tsvschott.de\/seniorensport\/wp-json\/wp\/v2\/pages"}],"about":[{"href":"https:\/\/tsvschott.de\/seniorensport\/wp-json\/wp\/v2\/types\/page"}],"author":[{"embeddable":true,"href":"https:\/\/tsvschott.de\/seniorensport\/wp-json\/wp\/v2\/users\/12"}],"replies":[{"embeddable":true,"href":"https:\/\/tsvschott.de\/seniorensport\/wp-json\/wp\/v2\/comments?post=3612"}],"version-history":[{"count":76,"href":"https:\/\/tsvschott.de\/seniorensport\/wp-json\/wp\/v2\/pages\/3612\/revisions"}],"predecessor-version":[{"id":4337,"href":"https:\/\/tsvschott.de\/seniorensport\/wp-json\/wp\/v2\/pages\/3612\/revisions\/4337"}],"wp:attachment":[{"href":"https:\/\/tsvschott.de\/seniorensport\/wp-json\/wp\/v2\/media?parent=3612"}],"curies":[{"name":"wp","href":"https:\/\/api.w.org\/{rel}","templated":true}]}}